{"id":7653,"date":"2024-07-26T13:34:57","date_gmt":"2024-07-26T13:34:57","guid":{"rendered":"https:\/\/alptek.com.tr\/tr\/?page_id=7653"},"modified":"2024-07-26T13:41:59","modified_gmt":"2024-07-26T13:41:59","slug":"mcc-panolari","status":"publish","type":"page","link":"https:\/\/alptek.com.tr\/tr\/insaat-teknolojileri-muhendislik\/elektrik-pano-ve-kabin-sistemleri\/mcc-panolari\/","title":{"rendered":"MCC Panolar\u0131"},"content":{"rendered":"<div id='layer_slider_1'  class='avia-layerslider main_color avia-shadow  avia-builder-el-0  el_before_av_section  avia-builder-el-first  container_wrap sidebar_right'  style='height: 666px; max-width: 1920px; margin: 0 auto;'  ><\/div>\n<div id='av_section_1'  class='avia-section av-2gwkdt-48192ee572c71ea5f6943d2c09f5452c main_color avia-section-default avia-no-border-styling  avia-builder-el-1  el_after_av_layerslider  el_before_av_section  avia-bg-style-scroll  container_wrap sidebar_right'  ><div class='container av-section-cont-open' ><div class='template-page content  av-content-small alpha units'><div class='post-entry post-entry-type-page post-entry-7653'><div class='entry-content-wrapper clearfix'>\n\n<style type=\"text\/css\" id=\"style-css-av-lrym7jeh-349b29225a89688af34c7044d8567d8b\">\n#top .av-special-heading.av-lrym7jeh-349b29225a89688af34c7044d8567d8b{\npadding-bottom:10px;\nfont-size:32px;\n}\n<\/style>\n<div  class='av-special-heading av-lrym7jeh-349b29225a89688af34c7044d8567d8b av-special-heading-h1 blockquote modern-quote modern-centered  avia-builder-el-2  el_before_av_hr  avia-builder-el-first  av-inherit-size '><h1 class='av-special-heading-tag '  itemprop=\"headline\"  >MCC PANOLARI<\/h1><div class='special-heading-border'><div class='special-heading-inner-border'><\/div><\/div><\/div>\n\n<style type=\"text\/css\" id=\"style-css-av-lrym8c56-2dbf0ecd82032c802a9b2080046ee321\">\n.hr.av-lrym8c56-2dbf0ecd82032c802a9b2080046ee321{\nmargin-top:0px;\nmargin-bottom:30px;\n}\n.hr.av-lrym8c56-2dbf0ecd82032c802a9b2080046ee321 .hr-inner{\nwidth:100px;\nborder-color:#9c9b9b;\n}\n<\/style>\n<div  class='hr av-lrym8c56-2dbf0ecd82032c802a9b2080046ee321 hr-custom  avia-builder-el-3  el_after_av_heading  el_before_av_textblock  hr-center hr-icon-no '><span class='hr-inner inner-border-av-border-fat'><span class=\"hr-inner-style\"><\/span><\/span><\/div>\n<section class=\"av_textblock_section \"  itemscope=\"itemscope\" itemtype=\"https:\/\/schema.org\/CreativeWork\" ><div class='avia_textblock  '  style='font-size:24px; '  itemprop=\"text\" ><p style=\"text-align: center;\">Pompa, so\u011futma, \u0131s\u0131tma, Havaland\u0131rma uygulamalar\u0131 gibi bir \u00e7ok benzer sekt\u00f6re ; s\u00fcr\u00fcc\u00fcl\u00fc sistemlerden, klasik yol vermeliye, otomasyona uygun en kompleks senaryolara kadar t\u00fcm motor kontrol ihtiya\u00e7lar\u0131n\u0131z\u0131 kar\u015f\u0131layacak elektrik panolar\u0131n\u0131n imalat\u0131n\u0131 yapmaktay\u0131z.<\/p>\n<\/div><\/section>\n\n<\/div><\/div><\/div><!-- close content main div --><\/div><\/div><div id='av_section_2'  class='avia-section av-3a3vlt-e24cbd49a1a0e1d428d531ed3ec8a1ce main_color avia-section-default avia-no-border-styling  avia-builder-el-5  el_after_av_section  avia-builder-el-last  avia-bg-style-scroll  container_wrap sidebar_right'  ><div class='container av-section-cont-open' ><div class='template-page content  av-content-small alpha units'><div class='post-entry post-entry-type-page post-entry-7653'><div class='entry-content-wrapper clearfix'>\n<div class='flex_column av-80fs29-facd102a698d23c25bb322373b5a5587 av_one_fifth  avia-builder-el-6  el_before_av_three_fifth  avia-builder-el-first  first flex_column_div '   ><\/div><div class='flex_column av-5q8oa9-11c3e77f00ff8d1f9704317cbdb88cab av_three_fifth  avia-builder-el-7  el_after_av_one_fifth  el_before_av_one_fifth  flex_column_div '   ><div   data-autoplay='false'  data-interval='5'  data-animation='slide'  data-show_slide_delay='30'  class='avia-content-slider-element-container avia-content-slider-element-slider avia-content-slider avia-smallarrow-slider avia-content-slider-active avia-content-slider1 avia-content-slider-odd  avia-builder-el-8  avia-builder-el-no-sibling  slider-content-arrows-nvst ' ><div class='avia-smallarrow-slider-heading  no-content-slider-heading '><div class='new-special-heading'>&nbsp;<\/div><div class='avia-slideshow-arrows avia-slideshow-controls' ><a href='#prev' class='prev-slide ' aria-hidden='true' data-av_icon='\ue87c' data-av_iconfont='entypo-fontello' aria-hidden='true' tabindex='-1'>\u00d6nceki<\/a><a href='#next' class='next-slide ' aria-hidden='true' data-av_icon='\ue87d' data-av_iconfont='entypo-fontello' aria-hidden='true' tabindex='-1'>Sonraki<\/a><\/div><\/div><div class='avia-content-slider-inner'><div class='slide-entry-wrap'><section class='slide-entry flex_column post-entry slide-entry-overview slide-loop-1 slide-parity-odd  av_fullwidth first'  itemscope=\"itemscope\" itemtype=\"https:\/\/schema.org\/CreativeWork\" ><div class='slide-entry-excerpt entry-content'  itemprop=\"text\" ><p><img loading=\"lazy\" decoding=\"async\" class=\"wp-image-7656 size-full aligncenter\" src=\"https:\/\/alptek.com.tr\/tr\/wp-content\/uploads\/2024\/07\/mcc-panolari-otomasyon-panolari-alptek.jpg\" alt=\"\" width=\"600\" height=\"650\" srcset=\"https:\/\/alptek.com.tr\/tr\/wp-content\/uploads\/2024\/07\/mcc-panolari-otomasyon-panolari-alptek.jpg 600w, https:\/\/alptek.com.tr\/tr\/wp-content\/uploads\/2024\/07\/mcc-panolari-otomasyon-panolari-alptek-277x300.jpg 277w\" sizes=\"(max-width: 600px) 100vw, 600px\" \/><\/p>\n<p><strong style=\"color: black;\">Otomasyon Panosu \u2028\u2028<\/strong><\/p>\n<p>Programlanabilir makinelerin \u00e7al\u0131\u015fmas\u0131 i\u00e7in gerekli olan enerjinin farkl\u0131 zamanlarda farkl\u0131 g\u00fc\u00e7lerde ana \u015febekeden \u00e7ekilmesi ve milisaniyelik g\u00fc\u00e7 de\u011fi\u015fikliklerinin uyarlanmas\u0131 zorunludur. \u015eebekeden gelen enerjiyi do\u011fru miktar ve zamanada kullanmak i\u00e7in otomasyon panolar\u0131na ihtiya\u00e7 vard\u0131r.<\/p>\n<\/div><\/section><\/div><div class='slide-entry-wrap'><section class='slide-entry flex_column post-entry slide-entry-overview slide-loop-2 slide-parity-odd  av_fullwidth first'  itemscope=\"itemscope\" itemtype=\"https:\/\/schema.org\/CreativeWork\" ><div class='slide-entry-excerpt entry-content'  itemprop=\"text\" ><p><img loading=\"lazy\" decoding=\"async\" class=\"wp-image-7657 size-full aligncenter\" src=\"https:\/\/alptek.com.tr\/tr\/wp-content\/uploads\/2024\/07\/mcc-panolari-suruculu-kontrol-panosu-alptek.jpg\" alt=\"\" width=\"600\" height=\"650\" srcset=\"https:\/\/alptek.com.tr\/tr\/wp-content\/uploads\/2024\/07\/mcc-panolari-suruculu-kontrol-panosu-alptek.jpg 600w, https:\/\/alptek.com.tr\/tr\/wp-content\/uploads\/2024\/07\/mcc-panolari-suruculu-kontrol-panosu-alptek-277x300.jpg 277w\" sizes=\"(max-width: 600px) 100vw, 600px\" \/><\/p>\n<p><strong style=\"color: black;\">S\u00fcr\u00fcc\u00fcl\u00fc Kontrol Panosu<\/strong><\/p>\n<p>S\u00fcr\u00fcc\u00fc, end\u00fcstride elektrik motorlar\u0131n\u0131n aktif olarak kontrol edilmelerine olanak sa\u011flayan elektronik cihazlard\u0131r. Yani, elektrik motorlar\u0131 \u00fczerinde istenildi\u011fi an h\u0131z kontrol\u00fc, y\u00f6n kontrol\u00fc, tork ve ak\u0131m kontrolleri yap\u0131lmas\u0131ndan bahsetmekteyiz.<\/p>\n<\/div><\/section><\/div><div class='slide-entry-wrap'><section class='slide-entry flex_column post-entry slide-entry-overview slide-loop-3 slide-parity-odd  post-entry-last  av_fullwidth first'  itemscope=\"itemscope\" itemtype=\"https:\/\/schema.org\/CreativeWork\" ><div class='slide-entry-excerpt entry-content'  itemprop=\"text\" ><p><img loading=\"lazy\" decoding=\"async\" class=\"wp-image-7658 size-full aligncenter\" src=\"https:\/\/alptek.com.tr\/tr\/wp-content\/uploads\/2024\/07\/mcc-panolari-yildiz-ucgen-yol-verme-panosu-alptek.jpg\" alt=\"\" width=\"600\" height=\"650\" srcset=\"https:\/\/alptek.com.tr\/tr\/wp-content\/uploads\/2024\/07\/mcc-panolari-yildiz-ucgen-yol-verme-panosu-alptek.jpg 600w, https:\/\/alptek.com.tr\/tr\/wp-content\/uploads\/2024\/07\/mcc-panolari-yildiz-ucgen-yol-verme-panosu-alptek-277x300.jpg 277w\" sizes=\"(max-width: 600px) 100vw, 600px\" \/><\/p>\n<p><strong style=\"color: black;\">Y\u0131ld\u0131z \u00dc\u00e7gen Yol Verme Panosu <\/strong><\/p>\n<p>Elektrik motorlar\u0131 ilk kalk\u0131nma an\u0131nda kendi anma ak\u0131m\u0131n\u0131n ortalama 5-7 kat\u0131 ak\u0131m \u00e7eker, b\u00fcy\u00fck g\u00fc\u00e7l\u00fc motorlar\u0131n, yol almalar\u0131 s\u0131ras\u0131nda, \u015febekeden \u00e7ektikleri kalk\u0131\u015f ak\u0131mlar\u0131 olumsuz etkilere neden olur. Bu negatif etkilerin minimuma indirilmesi i\u00e7in motorun d\u00fc\u015f\u00fck gerilim ile ba\u015flat\u0131lmas\u0131 mant\u0131kl\u0131 olacakt\u0131r. \u0130\u015fte y\u0131ld\u0131z \u00fc\u00e7gen yol verme tam da bu ama\u00e7la kullan\u0131lmaktad\u0131r.<\/p>\n<\/div><\/section><\/div><\/div><\/div><\/div><div class='flex_column av-2ctbgh-8ecfcddb4d03f312c7c132ff2ab842fb av_one_fifth  avia-builder-el-9  el_after_av_three_fifth  avia-builder-el-last  flex_column_div '   ><\/div><\/div><\/div><\/div><!-- close content main div --><\/div><\/div><div id='after_section_2'  class='main_color av_default_container_wrap container_wrap sidebar_right'  ><div class='container av-section-cont-open' ><div class='template-page content  av-content-small alpha units'><div class='post-entry post-entry-type-page post-entry-7653'><div class='entry-content-wrapper clearfix'>\n","protected":false},"excerpt":{"rendered":"","protected":false},"author":2,"featured_media":0,"parent":7546,"menu_order":0,"comment_status":"closed","ping_status":"closed","template":"","meta":{"footnotes":""},"_links":{"self":[{"href":"https:\/\/alptek.com.tr\/tr\/wp-json\/wp\/v2\/pages\/7653"}],"collection":[{"href":"https:\/\/alptek.com.tr\/tr\/wp-json\/wp\/v2\/pages"}],"about":[{"href":"https:\/\/alptek.com.tr\/tr\/wp-json\/wp\/v2\/types\/page"}],"author":[{"embeddable":true,"href":"https:\/\/alptek.com.tr\/tr\/wp-json\/wp\/v2\/users\/2"}],"replies":[{"embeddable":true,"href":"https:\/\/alptek.com.tr\/tr\/wp-json\/wp\/v2\/comments?post=7653"}],"version-history":[{"count":4,"href":"https:\/\/alptek.com.tr\/tr\/wp-json\/wp\/v2\/pages\/7653\/revisions"}],"predecessor-version":[{"id":7655,"href":"https:\/\/alptek.com.tr\/tr\/wp-json\/wp\/v2\/pages\/7653\/revisions\/7655"}],"up":[{"embeddable":true,"href":"https:\/\/alptek.com.tr\/tr\/wp-json\/wp\/v2\/pages\/7546"}],"wp:attachment":[{"href":"https:\/\/alptek.com.tr\/tr\/wp-json\/wp\/v2\/media?parent=7653"}],"curies":[{"name":"wp","href":"https:\/\/api.w.org\/{rel}","templated":true}]}}