{"id":7643,"date":"2024-07-26T13:28:29","date_gmt":"2024-07-26T13:28:29","guid":{"rendered":"https:\/\/alptek.com.tr\/tr\/?page_id=7643"},"modified":"2024-07-26T13:30:24","modified_gmt":"2024-07-26T13:30:24","slug":"asansor-panolari","status":"publish","type":"page","link":"https:\/\/alptek.com.tr\/tr\/insaat-teknolojileri-muhendislik\/elektrik-pano-ve-kabin-sistemleri\/asansor-panolari\/","title":{"rendered":"Asans\u00f6r Panolar\u0131"},"content":{"rendered":"<div id='layer_slider_1'  class='avia-layerslider main_color avia-shadow  avia-builder-el-0  el_before_av_section  avia-builder-el-first  container_wrap sidebar_right'  style='height: 666px; max-width: 1920px; margin: 0 auto;'  ><\/div>\n<div id='av_section_1'  class='avia-section av-2gwkdt-48192ee572c71ea5f6943d2c09f5452c main_color avia-section-default avia-no-border-styling  avia-builder-el-1  el_after_av_layerslider  el_before_av_section  avia-bg-style-scroll  container_wrap sidebar_right'  ><div class='container av-section-cont-open' ><div class='template-page content  av-content-small alpha units'><div class='post-entry post-entry-type-page post-entry-7643'><div class='entry-content-wrapper clearfix'>\n\n<style type=\"text\/css\" id=\"style-css-av-lrym7jeh-0131fc72a4a747061e4b9dd0c05e269b\">\n#top .av-special-heading.av-lrym7jeh-0131fc72a4a747061e4b9dd0c05e269b{\npadding-bottom:10px;\nfont-size:32px;\n}\n<\/style>\n<div  class='av-special-heading av-lrym7jeh-0131fc72a4a747061e4b9dd0c05e269b av-special-heading-h1 blockquote modern-quote modern-centered  avia-builder-el-2  el_before_av_hr  avia-builder-el-first  av-inherit-size '><h1 class='av-special-heading-tag '  itemprop=\"headline\"  >ASANS\u00d6R PANOLARI<\/h1><div class='special-heading-border'><div class='special-heading-inner-border'><\/div><\/div><\/div>\n\n<style type=\"text\/css\" id=\"style-css-av-lrym8c56-2dbf0ecd82032c802a9b2080046ee321\">\n.hr.av-lrym8c56-2dbf0ecd82032c802a9b2080046ee321{\nmargin-top:0px;\nmargin-bottom:30px;\n}\n.hr.av-lrym8c56-2dbf0ecd82032c802a9b2080046ee321 .hr-inner{\nwidth:100px;\nborder-color:#9c9b9b;\n}\n<\/style>\n<div  class='hr av-lrym8c56-2dbf0ecd82032c802a9b2080046ee321 hr-custom  avia-builder-el-3  el_after_av_heading  el_before_av_textblock  hr-center hr-icon-no '><span class='hr-inner inner-border-av-border-fat'><span class=\"hr-inner-style\"><\/span><\/span><\/div>\n<section class=\"av_textblock_section \"  itemscope=\"itemscope\" itemtype=\"https:\/\/schema.org\/CreativeWork\" ><div class='avia_textblock  '  style='font-size:24px; '  itemprop=\"text\" ><p style=\"text-align: center;\">Ana elektrik g\u00fc\u00e7 kayna\u011f\u0131 taraf\u0131ndan do\u011frudan tedarik edilen ve elektrik enerjisini t\u00fcketicilere da\u011f\u0131tmak ve kontrol etmek i\u00e7in tasarlanm\u0131\u015f \u015falt ve kontrol \u00fcnitelerinden olu\u015fan pano gruplar\u0131d\u0131r<\/p>\n<\/div><\/section>\n<\/div><\/div><\/div><!-- close content main div --><\/div><\/div><div id='av_section_2'  class='avia-section av-3a3vlt-e24cbd49a1a0e1d428d531ed3ec8a1ce main_color avia-section-default avia-no-border-styling  avia-builder-el-5  el_after_av_section  avia-builder-el-last  avia-bg-style-scroll  container_wrap sidebar_right'  ><div class='container av-section-cont-open' ><div class='template-page content  av-content-small alpha units'><div class='post-entry post-entry-type-page post-entry-7643'><div class='entry-content-wrapper clearfix'>\n<div class='flex_column av-80fs29-facd102a698d23c25bb322373b5a5587 av_one_fifth  avia-builder-el-6  el_before_av_three_fifth  avia-builder-el-first  first flex_column_div '   ><\/div><div class='flex_column av-5q8oa9-11c3e77f00ff8d1f9704317cbdb88cab av_three_fifth  avia-builder-el-7  el_after_av_one_fifth  el_before_av_one_fifth  flex_column_div '   ><div   data-autoplay='false'  data-interval='5'  data-animation='slide'  data-show_slide_delay='30'  class='avia-content-slider-element-container avia-content-slider-element-slider avia-content-slider avia-smallarrow-slider avia-content-slider-active avia-content-slider1 avia-content-slider-odd  avia-builder-el-8  avia-builder-el-no-sibling  slider-content-arrows-nvst ' ><div class='avia-smallarrow-slider-heading  no-content-slider-heading '><div class='new-special-heading'>&nbsp;<\/div><\/div><div class='avia-content-slider-inner'><div class='slide-entry-wrap'><section class='slide-entry flex_column post-entry slide-entry-overview slide-loop-1 slide-parity-odd  post-entry-last  av_fullwidth first'  itemscope=\"itemscope\" itemtype=\"https:\/\/schema.org\/CreativeWork\" ><div class='slide-entry-excerpt entry-content'  itemprop=\"text\" ><p><img loading=\"lazy\" decoding=\"async\" class=\"wp-image-7646 size-full aligncenter\" src=\"https:\/\/alptek.com.tr\/tr\/wp-content\/uploads\/2024\/07\/asansor-panolari-gorsel-alptek.jpg\" alt=\"\" width=\"600\" height=\"650\" srcset=\"https:\/\/alptek.com.tr\/tr\/wp-content\/uploads\/2024\/07\/asansor-panolari-gorsel-alptek.jpg 600w, https:\/\/alptek.com.tr\/tr\/wp-content\/uploads\/2024\/07\/asansor-panolari-gorsel-alptek-277x300.jpg 277w\" sizes=\"(max-width: 600px) 100vw, 600px\" \/><\/p>\n<\/div><\/section><\/div><\/div><\/div><\/div><div class='flex_column av-2ctbgh-8ecfcddb4d03f312c7c132ff2ab842fb av_one_fifth  avia-builder-el-9  el_after_av_three_fifth  avia-builder-el-last  flex_column_div '   ><\/div><\/div><\/div><\/div><!-- close content main div --><\/div><\/div><div id='after_section_2'  class='main_color av_default_container_wrap container_wrap sidebar_right'  ><div class='container av-section-cont-open' ><div class='template-page content  av-content-small alpha units'><div class='post-entry post-entry-type-page post-entry-7643'><div class='entry-content-wrapper clearfix'><\/p>\n","protected":false},"excerpt":{"rendered":"","protected":false},"author":2,"featured_media":0,"parent":7546,"menu_order":0,"comment_status":"closed","ping_status":"closed","template":"","meta":{"footnotes":""},"_links":{"self":[{"href":"https:\/\/alptek.com.tr\/tr\/wp-json\/wp\/v2\/pages\/7643"}],"collection":[{"href":"https:\/\/alptek.com.tr\/tr\/wp-json\/wp\/v2\/pages"}],"about":[{"href":"https:\/\/alptek.com.tr\/tr\/wp-json\/wp\/v2\/types\/page"}],"author":[{"embeddable":true,"href":"https:\/\/alptek.com.tr\/tr\/wp-json\/wp\/v2\/users\/2"}],"replies":[{"embeddable":true,"href":"https:\/\/alptek.com.tr\/tr\/wp-json\/wp\/v2\/comments?post=7643"}],"version-history":[{"count":3,"href":"https:\/\/alptek.com.tr\/tr\/wp-json\/wp\/v2\/pages\/7643\/revisions"}],"predecessor-version":[{"id":7645,"href":"https:\/\/alptek.com.tr\/tr\/wp-json\/wp\/v2\/pages\/7643\/revisions\/7645"}],"up":[{"embeddable":true,"href":"https:\/\/alptek.com.tr\/tr\/wp-json\/wp\/v2\/pages\/7546"}],"wp:attachment":[{"href":"https:\/\/alptek.com.tr\/tr\/wp-json\/wp\/v2\/media?parent=7643"}],"curies":[{"name":"wp","href":"https:\/\/api.w.org\/{rel}","templated":true}]}}