{"id":7603,"date":"2024-07-26T11:51:47","date_gmt":"2024-07-26T11:51:47","guid":{"rendered":"https:\/\/alptek.com.tr\/tr\/?page_id=7603"},"modified":"2024-07-26T13:44:27","modified_gmt":"2024-07-26T13:44:27","slug":"kompanzasyon-panolari","status":"publish","type":"page","link":"https:\/\/alptek.com.tr\/tr\/insaat-teknolojileri-muhendislik\/elektrik-pano-ve-kabin-sistemleri\/kompanzasyon-panolari\/","title":{"rendered":"Kompanzasyon Panolar\u0131"},"content":{"rendered":"<div id='layer_slider_1'  class='avia-layerslider main_color avia-shadow  avia-builder-el-0  el_before_av_section  avia-builder-el-first  container_wrap sidebar_right'  style='height: 666px; max-width: 1920px; margin: 0 auto;'  ><\/div>\n<div id='av_section_1'  class='avia-section av-2gwkdt-48192ee572c71ea5f6943d2c09f5452c main_color avia-section-default avia-no-border-styling  avia-builder-el-1  el_after_av_layerslider  el_before_av_section  avia-bg-style-scroll  container_wrap sidebar_right'  ><div class='container av-section-cont-open' ><div class='template-page content  av-content-small alpha units'><div class='post-entry post-entry-type-page post-entry-7603'><div class='entry-content-wrapper clearfix'>\n\n<style type=\"text\/css\" id=\"style-css-av-lrym7jeh-52d6237bcd02ec1809a8aae540cd7081\">\n#top .av-special-heading.av-lrym7jeh-52d6237bcd02ec1809a8aae540cd7081{\npadding-bottom:10px;\nfont-size:32px;\n}\n<\/style>\n<div  class='av-special-heading av-lrym7jeh-52d6237bcd02ec1809a8aae540cd7081 av-special-heading-h1 blockquote modern-quote modern-centered  avia-builder-el-2  el_before_av_hr  avia-builder-el-first  av-inherit-size '><h1 class='av-special-heading-tag '  itemprop=\"headline\"  >KOMPANZASYON PANOLARI<\/h1><div class='special-heading-border'><div class='special-heading-inner-border'><\/div><\/div><\/div>\n\n<style type=\"text\/css\" id=\"style-css-av-lrym8c56-2dbf0ecd82032c802a9b2080046ee321\">\n.hr.av-lrym8c56-2dbf0ecd82032c802a9b2080046ee321{\nmargin-top:0px;\nmargin-bottom:30px;\n}\n.hr.av-lrym8c56-2dbf0ecd82032c802a9b2080046ee321 .hr-inner{\nwidth:100px;\nborder-color:#9c9b9b;\n}\n<\/style>\n<div  class='hr av-lrym8c56-2dbf0ecd82032c802a9b2080046ee321 hr-custom  avia-builder-el-3  el_after_av_heading  el_before_av_textblock  hr-center hr-icon-no '><span class='hr-inner inner-border-av-border-fat'><span class=\"hr-inner-style\"><\/span><\/span><\/div>\n<section class=\"av_textblock_section \"  itemscope=\"itemscope\" itemtype=\"https:\/\/schema.org\/CreativeWork\" ><div class='avia_textblock  '  style='font-size:24px; '  itemprop=\"text\" ><p style=\"text-align: center;\">I\u015fletmenin g\u00fc\u00e7 kat say\u0131s\u0131n\u0131 d\u00fczeltmek i\u00e7in kondansat\u00f6r ve \u00f6l\u00e7\u00fc aletlerinin \u00fczerinde bulundu\u011fu panolard\u0131r. End\u00fcktif y\u00fckler (transformat\u00f6rler, balastlar, motorlar vs) reaktif g\u00fc\u00e7 de \u00e7ekerler. \u0130htiya\u00e7 duyulan yerde reaktif g\u00fc\u00e7 \u00fcretilir. Kompanzasyon, elektrik sistemlerinin iyi bir ko\u015fulda \u00e7al\u0131\u015fmalar\u0131 ve tesise ceza gelmesini \u00f6nlemek i\u00e7in kullan\u0131l\u0131r.<\/p>\n<\/div><\/section>\n\n<\/div><\/div><\/div><!-- close content main div --><\/div><\/div><div id='av_section_2'  class='avia-section av-3a3vlt-e24cbd49a1a0e1d428d531ed3ec8a1ce main_color avia-section-default avia-no-border-styling  avia-builder-el-5  el_after_av_section  avia-builder-el-last  avia-bg-style-scroll  container_wrap sidebar_right'  ><div class='container av-section-cont-open' ><div class='template-page content  av-content-small alpha units'><div class='post-entry post-entry-type-page post-entry-7603'><div class='entry-content-wrapper clearfix'>\n<div class='flex_column av-80fs29-facd102a698d23c25bb322373b5a5587 av_one_fifth  avia-builder-el-6  el_before_av_three_fifth  avia-builder-el-first  first flex_column_div '   ><\/div><div class='flex_column av-5q8oa9-11c3e77f00ff8d1f9704317cbdb88cab av_three_fifth  avia-builder-el-7  el_after_av_one_fifth  el_before_av_one_fifth  flex_column_div '   ><div   data-autoplay='false'  data-interval='5'  data-animation='slide'  data-show_slide_delay='30'  class='avia-content-slider-element-container avia-content-slider-element-slider avia-content-slider avia-smallarrow-slider avia-content-slider-active avia-content-slider1 avia-content-slider-odd  avia-builder-el-8  avia-builder-el-no-sibling  slider-content-arrows-nvst ' ><div class='avia-smallarrow-slider-heading  no-content-slider-heading '><div class='new-special-heading'>&nbsp;<\/div><div class='avia-slideshow-arrows avia-slideshow-controls' ><a href='#prev' class='prev-slide ' aria-hidden='true' data-av_icon='\ue87c' data-av_iconfont='entypo-fontello' aria-hidden='true' tabindex='-1'>\u00d6nceki<\/a><a href='#next' class='next-slide ' aria-hidden='true' data-av_icon='\ue87d' data-av_iconfont='entypo-fontello' aria-hidden='true' tabindex='-1'>Sonraki<\/a><\/div><\/div><div class='avia-content-slider-inner'><div class='slide-entry-wrap'><section class='slide-entry flex_column post-entry slide-entry-overview slide-loop-1 slide-parity-odd  av_fullwidth first'  itemscope=\"itemscope\" itemtype=\"https:\/\/schema.org\/CreativeWork\" ><div class='slide-entry-excerpt entry-content'  itemprop=\"text\" ><p><img loading=\"lazy\" decoding=\"async\" class=\"size-full wp-image-7604 aligncenter\" src=\"https:\/\/alptek.com.tr\/tr\/wp-content\/uploads\/2024\/07\/kompanzasyon-panolari-gorsel-alptek.jpg\" alt=\"\" width=\"600\" height=\"650\" srcset=\"https:\/\/alptek.com.tr\/tr\/wp-content\/uploads\/2024\/07\/kompanzasyon-panolari-gorsel-alptek.jpg 600w, https:\/\/alptek.com.tr\/tr\/wp-content\/uploads\/2024\/07\/kompanzasyon-panolari-gorsel-alptek-277x300.jpg 277w\" sizes=\"(max-width: 600px) 100vw, 600px\" \/><\/p>\n<p><strong style=\"color: black;\">SVC\u2019L\u0130 KOMPANZASYON PANOSU<\/strong><\/p>\n<p>Yeni nesil kompanzasyon olarak adland\u0131r\u0131lan SVC sistemi, dengesiz ve h\u0131zl\u0131 de\u011fi\u015fken y\u00fckl\u00fc i\u015flemelerde her ko\u015fulda sonu\u00e7 verecek \u015fekilde tasarlanm\u0131\u015ft\u0131r. Klasik kompanzasyon sistemleri ile yap\u0131lan uygulamalarda kademelerin de\u011feri sabittir ve sistemin h\u0131zl\u0131 de\u011fi\u015fen karakteristi\u011fine tepki vermekte zorluk ya\u015fanabilir. Yeni nesil SVC kompanzasyonun en b\u00fcy\u00fck avantaj\u0131 bu tarz uygulamalarda y\u00fcksek verim ve h\u0131zl\u0131 tepki vermesidir.<\/p>\n<\/div><\/section><\/div><div class='slide-entry-wrap'><section class='slide-entry flex_column post-entry slide-entry-overview slide-loop-2 slide-parity-odd  av_fullwidth first'  itemscope=\"itemscope\" itemtype=\"https:\/\/schema.org\/CreativeWork\" ><div class='slide-entry-excerpt entry-content'  itemprop=\"text\" ><p><img loading=\"lazy\" decoding=\"async\" class=\"wp-image-7607 size-full aligncenter\" src=\"https:\/\/alptek.com.tr\/tr\/wp-content\/uploads\/2024\/07\/kompanzasyon-panolari-tristorlu-kompanzasyon-panosu-alptek.jpg\" alt=\"\" width=\"600\" height=\"650\" srcset=\"https:\/\/alptek.com.tr\/tr\/wp-content\/uploads\/2024\/07\/kompanzasyon-panolari-tristorlu-kompanzasyon-panosu-alptek.jpg 600w, https:\/\/alptek.com.tr\/tr\/wp-content\/uploads\/2024\/07\/kompanzasyon-panolari-tristorlu-kompanzasyon-panosu-alptek-277x300.jpg 277w\" sizes=\"(max-width: 600px) 100vw, 600px\" \/><\/p>\n<p><strong style=\"color: black;\">TR\u0130ST\u00d6RL\u00dc KOMPANZASYON PANOSU\u2028<\/strong><\/p>\n<p>\u015eebekede harmonik kirlilik oran\u0131n\u0131n s\u0131n\u0131rlar\u0131n \u00fcst\u00fcnde ve y\u00fck de\u011fi\u015fiminin h\u0131zl\u0131 oldu\u011fu yerlerde kullan\u0131lan panolard\u0131r. Bu kompanzasyon panolar\u0131 standart olarak reakt\u00f6rl\u00fc ve trist\u00f6r anahtarlamal\u0131 imal edilmektedir.<\/p>\n<\/div><\/section><\/div><div class='slide-entry-wrap'><section class='slide-entry flex_column post-entry slide-entry-overview slide-loop-3 slide-parity-odd  post-entry-last  av_fullwidth first'  itemscope=\"itemscope\" itemtype=\"https:\/\/schema.org\/CreativeWork\" ><div class='slide-entry-excerpt entry-content'  itemprop=\"text\" ><p><img loading=\"lazy\" decoding=\"async\" class=\"size-full wp-image-7609 aligncenter\" src=\"https:\/\/alptek.com.tr\/tr\/wp-content\/uploads\/2024\/07\/kompanzasyon-panolari-harmonik-fitreli-kompanzasyon-panosu-alptek.jpg\" alt=\"\" width=\"600\" height=\"650\" srcset=\"https:\/\/alptek.com.tr\/tr\/wp-content\/uploads\/2024\/07\/kompanzasyon-panolari-harmonik-fitreli-kompanzasyon-panosu-alptek.jpg 600w, https:\/\/alptek.com.tr\/tr\/wp-content\/uploads\/2024\/07\/kompanzasyon-panolari-harmonik-fitreli-kompanzasyon-panosu-alptek-277x300.jpg 277w\" sizes=\"(max-width: 600px) 100vw, 600px\" \/><\/p>\n<p><strong style=\"color: black;\">TR\u0130ST\u00d6RL\u00dc KOMPANZASYON PANOSU\u2028\u2028<\/strong><br \/>\n\u015eebekede harmonik kirlilik oran\u0131n\u0131n s\u0131n\u0131rlar\u0131n \u00fcst\u00fcnde ve y\u00fck de\u011fi\u015fiminin h\u0131zl\u0131 oldu\u011fu yerlerde kullan\u0131lan panolard\u0131r. Bu kompanzasyon panolar\u0131 standart olarak reakt\u00f6rl\u00fc ve trist\u00f6r anahtarlamal\u0131 imal edilmektedir.<\/p>\n<\/div><\/section><\/div><\/div><\/div><\/div><div class='flex_column av-2ctbgh-8ecfcddb4d03f312c7c132ff2ab842fb av_one_fifth  avia-builder-el-9  el_after_av_three_fifth  avia-builder-el-last  flex_column_div '   ><\/div><\/div><\/div><\/div><!-- close content main div --><\/div><\/div><div id='after_section_2'  class='main_color av_default_container_wrap container_wrap sidebar_right'  ><div class='container av-section-cont-open' ><div class='template-page content  av-content-small alpha units'><div class='post-entry post-entry-type-page post-entry-7603'><div class='entry-content-wrapper clearfix'>\n","protected":false},"excerpt":{"rendered":"","protected":false},"author":2,"featured_media":0,"parent":7546,"menu_order":0,"comment_status":"closed","ping_status":"closed","template":"","meta":{"footnotes":""},"_links":{"self":[{"href":"https:\/\/alptek.com.tr\/tr\/wp-json\/wp\/v2\/pages\/7603"}],"collection":[{"href":"https:\/\/alptek.com.tr\/tr\/wp-json\/wp\/v2\/pages"}],"about":[{"href":"https:\/\/alptek.com.tr\/tr\/wp-json\/wp\/v2\/types\/page"}],"author":[{"embeddable":true,"href":"https:\/\/alptek.com.tr\/tr\/wp-json\/wp\/v2\/users\/2"}],"replies":[{"embeddable":true,"href":"https:\/\/alptek.com.tr\/tr\/wp-json\/wp\/v2\/comments?post=7603"}],"version-history":[{"count":5,"href":"https:\/\/alptek.com.tr\/tr\/wp-json\/wp\/v2\/pages\/7603\/revisions"}],"predecessor-version":[{"id":7606,"href":"https:\/\/alptek.com.tr\/tr\/wp-json\/wp\/v2\/pages\/7603\/revisions\/7606"}],"up":[{"embeddable":true,"href":"https:\/\/alptek.com.tr\/tr\/wp-json\/wp\/v2\/pages\/7546"}],"wp:attachment":[{"href":"https:\/\/alptek.com.tr\/tr\/wp-json\/wp\/v2\/media?parent=7603"}],"curies":[{"name":"wp","href":"https:\/\/api.w.org\/{rel}","templated":true}]}}