{"id":7516,"date":"2024-07-12T09:04:13","date_gmt":"2024-07-12T09:04:13","guid":{"rendered":"https:\/\/alptek.com.tr\/tr\/?page_id=7516"},"modified":"2024-11-11T13:21:50","modified_gmt":"2024-11-11T13:21:50","slug":"kimyasal-saklama-dolaplari","status":"publish","type":"page","link":"https:\/\/alptek.com.tr\/tr\/kimyasal-saklama-dolaplari\/","title":{"rendered":"Kimyasal Saklama Dolaplar\u0131"},"content":{"rendered":"<div id='layer_slider_1'  class='avia-layerslider main_color avia-shadow  avia-builder-el-0  el_before_av_one_full  avia-builder-el-first  container_wrap sidebar_right'  style='height: 921px; max-width: 1920px; margin: 0 auto;'  ><\/div><div id='after_layer_slider_1'  class='main_color av_default_container_wrap container_wrap sidebar_right'  ><div class='container av-section-cont-open' ><div class='template-page content  av-content-small alpha units'><div class='post-entry post-entry-type-page post-entry-7516'><div class='entry-content-wrapper clearfix'>\n<div class='flex_column av-1vd0ni-47d653c95245282fd0ced29803a7bff1 av_one_full  avia-builder-el-1  el_after_av_layerslider  el_before_av_one_third  avia-builder-el-first  first flex_column_div '   ><p>\n<style type=\"text\/css\" id=\"style-css-av-lyid5isg-072666bd2abee55ad13934f2575f4419\">\n#top .av-special-heading.av-lyid5isg-072666bd2abee55ad13934f2575f4419{\npadding-bottom:10px;\nfont-size:32px;\n}\n<\/style>\n<div  class='av-special-heading av-lyid5isg-072666bd2abee55ad13934f2575f4419 av-special-heading-h1 blockquote modern-quote modern-centered  avia-builder-el-2  el_before_av_hr  avia-builder-el-first  av-inherit-size '><h1 class='av-special-heading-tag '  itemprop=\"headline\"  >K\u0130MYASAL SAKLAMA DOLAPLARI<\/h1><div class='special-heading-border'><div class='special-heading-inner-border'><\/div><\/div><\/div><br \/>\n\n<style type=\"text\/css\" id=\"style-css-av-lyid6552-b5002b98de6d5ea97f8c5b5f660ec117\">\n.hr.av-lyid6552-b5002b98de6d5ea97f8c5b5f660ec117{\nmargin-bottom:30px;\n}\n.hr.av-lyid6552-b5002b98de6d5ea97f8c5b5f660ec117 .hr-inner{\nwidth:100px;\nborder-color:#9c9b9b;\n}\n<\/style>\n<div  class='hr av-lyid6552-b5002b98de6d5ea97f8c5b5f660ec117 hr-custom  avia-builder-el-3  el_after_av_heading  el_before_av_textblock  hr-center hr-icon-no '><span class='hr-inner inner-border-av-border-fat'><span class=\"hr-inner-style\"><\/span><\/span><\/div><br \/>\n<section class=\"av_textblock_section \"  itemscope=\"itemscope\" itemtype=\"https:\/\/schema.org\/CreativeWork\" ><div class='avia_textblock  '  style='font-size:24px; '  itemprop=\"text\" ><p>ALPTEK laboratuvar dolaplar\u0131, alan\u0131n\u0131za ve ihtiya\u00e7lar\u0131n\u0131za g\u00f6re uzman tasar\u0131m ekibimiz taraf\u0131ndan tasarlanmaktad\u0131r. ALPTEK laboratuvar\u0131n\u0131z\u0131n i\u015flevselli\u011fini art\u0131ran mobilyalar \u00fcretir, ALPTEK laboratuvar donan\u0131m\u0131 ve esnekli\u011fine de\u011fer odakl\u0131 bir yakla\u015f\u0131m sunar. ALPTEK, mobilya tasar\u0131m\u0131 ve imalat\u0131n\u0131n yan\u0131 s\u0131ra, t\u00fcrkiye anahtar laboratuvar hizmeti ve dan\u0131\u015fmanl\u0131k hizmeti de sunmaktad\u0131r.<\/p>\n<\/div><\/section><\/p><\/div>\n<div class='flex_column_table av-6g3vge-c35747a24c7f21f383690c3be09b19da sc-av_one_third av-equal-height-column-flextable'>\n<style type=\"text\/css\" id=\"style-css-av-6g3vge-c35747a24c7f21f383690c3be09b19da\">\n.flex_column.av-6g3vge-c35747a24c7f21f383690c3be09b19da{\npadding:2% 2% 0 2%;\n}\n<\/style>\n<div class='flex_column av-6g3vge-c35747a24c7f21f383690c3be09b19da av_one_third  avia-builder-el-5  el_after_av_one_full  el_before_av_one_third  product-box-nvst first flex_column_table_cell av-equal-height-column av-align-top avia-link-column av-column-link column-top-margin'  data-link-column-url=\"https:\/\/alptek.com.tr\/tr\/laboratuvar-sistemleri\/kimyasal-saklama-dolabi\/\"   ><a class=\"av-screen-reader-only\" href=https:\/\/alptek.com.tr\/tr\/laboratuvar-sistemleri\/kimyasal-saklama-dolabi\/ >Link to: Kimyasal Saklama Dolab\u0131<\/a><p>\n<style type=\"text\/css\" id=\"style-css-av-lvf7flxq-a0828613b8c9db05f192fe1793a6a8ee\">\n.avia-image-container.av-lvf7flxq-a0828613b8c9db05f192fe1793a6a8ee .av-image-caption-overlay-center{\ncolor:#ffffff;\n}\n<\/style>\n<div  class='avia-image-container av-lvf7flxq-a0828613b8c9db05f192fe1793a6a8ee av-styling- avia-align-center  avia-builder-el-6  el_before_av_hr  avia-builder-el-first  '  itemprop=\"image\" itemscope=\"itemscope\" itemtype=\"https:\/\/schema.org\/ImageObject\" ><div class=\"avia-image-container-inner\"><div class=\"avia-image-overlay-wrap\"><img decoding=\"async\" class='wp-image-7519 avia-img-lazy-loading-not-7519 avia_image' src=\"https:\/\/alptek.com.tr\/tr\/wp-content\/uploads\/2024\/07\/kimyasal-saklama-dolabi-alptek.jpg\" alt='' title='kimyasal-saklama-dolabi-alptek'  height=\"400\" width=\"300\"  itemprop=\"thumbnailUrl\" srcset=\"https:\/\/alptek.com.tr\/tr\/wp-content\/uploads\/2024\/07\/kimyasal-saklama-dolabi-alptek.jpg 300w, https:\/\/alptek.com.tr\/tr\/wp-content\/uploads\/2024\/07\/kimyasal-saklama-dolabi-alptek-225x300.jpg 225w\" sizes=\"(max-width: 300px) 100vw, 300px\" \/><\/div><\/div><\/div><br \/>\n\n<style type=\"text\/css\" id=\"style-css-av-lvf1ph31-8d3727c1064004b5e6198beb6b934f1e\">\n.hr.av-lvf1ph31-8d3727c1064004b5e6198beb6b934f1e{\nmargin-top:-10px;\n}\n.hr.av-lvf1ph31-8d3727c1064004b5e6198beb6b934f1e .hr-inner{\nwidth:500px;\nborder-color:#000000;\n}\n<\/style>\n<div  class='hr av-lvf1ph31-8d3727c1064004b5e6198beb6b934f1e hr-custom  avia-builder-el-7  el_after_av_image  el_before_av_textblock  hr-center hr-icon-no '><span class='hr-inner inner-border-av-border-thin'><span class=\"hr-inner-style\"><\/span><\/span><\/div><br \/>\n<section class=\"av_textblock_section \"  itemscope=\"itemscope\" itemtype=\"https:\/\/schema.org\/CreativeWork\" ><div class='avia_textblock  av_inherit_color '  style='font-size:20px; color:#404040; '  itemprop=\"text\" ><p style=\"text-align: center;\"><strong>Kimyasal Saklama Dolab\u0131<\/strong><\/p>\n<\/div><\/section><\/p><\/div>\n<div class='av-flex-placeholder'><\/div>\n<style type=\"text\/css\" id=\"style-css-av-5hypbq-7686bf91d3c30024b7b0e0833c1d96d4\">\n.flex_column.av-5hypbq-7686bf91d3c30024b7b0e0833c1d96d4{\npadding:2% 2% 0 2%;\n}\n<\/style>\n<div class='flex_column av-5hypbq-7686bf91d3c30024b7b0e0833c1d96d4 av_one_third  avia-builder-el-9  el_after_av_one_third  el_before_av_one_third  product-box-nvst flex_column_table_cell av-equal-height-column av-align-top avia-link-column av-column-link column-top-margin'  data-link-column-url=\"https:\/\/alptek.com.tr\/tr\/laboratuvar-sistemleri\/yangina-dayanikli-kimyasal-saklama-dolabi\/\"   ><a class=\"av-screen-reader-only\" href=https:\/\/alptek.com.tr\/tr\/laboratuvar-sistemleri\/yangina-dayanikli-kimyasal-saklama-dolabi\/ >Link to: Yang\u0131na Dayan\u0131kl\u0131 Kimyasal Saklama Dolab\u0131<\/a><p>\n<style type=\"text\/css\" id=\"style-css-av-389oik-5162331e2ecd9977f188eca5337a1df0\">\n.avia-image-container.av-389oik-5162331e2ecd9977f188eca5337a1df0 .av-image-caption-overlay-center{\ncolor:#ffffff;\n}\n<\/style>\n<div  class='avia-image-container av-389oik-5162331e2ecd9977f188eca5337a1df0 av-styling- avia-align-center  avia-builder-el-10  el_before_av_hr  avia-builder-el-first  '  itemprop=\"image\" itemscope=\"itemscope\" itemtype=\"https:\/\/schema.org\/ImageObject\" ><div class=\"avia-image-container-inner\"><div class=\"avia-image-overlay-wrap\"><img decoding=\"async\" class='wp-image-7520 avia-img-lazy-loading-not-7520 avia_image' src=\"https:\/\/alptek.com.tr\/tr\/wp-content\/uploads\/2024\/07\/yangina-dayanikli-kimyasal-saklama-dolabi-alptek-1.jpg\" alt='' title='yangina-dayanikli-kimyasal-saklama-dolabi-alptek'  height=\"400\" width=\"300\"  itemprop=\"thumbnailUrl\" srcset=\"https:\/\/alptek.com.tr\/tr\/wp-content\/uploads\/2024\/07\/yangina-dayanikli-kimyasal-saklama-dolabi-alptek-1.jpg 300w, https:\/\/alptek.com.tr\/tr\/wp-content\/uploads\/2024\/07\/yangina-dayanikli-kimyasal-saklama-dolabi-alptek-1-225x300.jpg 225w\" sizes=\"(max-width: 300px) 100vw, 300px\" \/><\/div><\/div><\/div><br \/>\n\n<style type=\"text\/css\" id=\"style-css-av-4jgf3q-e836c5102721469c6ba07067c03f04f0\">\n.hr.av-4jgf3q-e836c5102721469c6ba07067c03f04f0{\nmargin-top:-10px;\n}\n.hr.av-4jgf3q-e836c5102721469c6ba07067c03f04f0 .hr-inner{\nwidth:500px;\nborder-color:#000000;\n}\n<\/style>\n<div  class='hr av-4jgf3q-e836c5102721469c6ba07067c03f04f0 hr-custom  avia-builder-el-11  el_after_av_image  el_before_av_textblock  hr-center hr-icon-no '><span class='hr-inner inner-border-av-border-thin'><span class=\"hr-inner-style\"><\/span><\/span><\/div><br \/>\n<section class=\"av_textblock_section \"  itemscope=\"itemscope\" itemtype=\"https:\/\/schema.org\/CreativeWork\" ><div class='avia_textblock  av_inherit_color '  style='font-size:20px; color:#404040; '  itemprop=\"text\" ><p style=\"text-align: center;\"><strong>Yang\u0131na Dayan\u0131kl\u0131 Kimyasal Saklama Dolab\u0131<\/strong><\/p>\n<\/div><\/section><\/p><\/div>\n<div class='av-flex-placeholder'><\/div><div class='flex_column av-2lyhnq-c93bcbbcb6d2487aedb0b3c5944c7475 av_one_third  avia-builder-el-13  el_after_av_one_third  avia-builder-el-last  flex_column_table_cell av-equal-height-column av-align-top column-top-margin'   ><\/div><\/div><!--close column table wrapper. Autoclose: 1 -->\n","protected":false},"excerpt":{"rendered":"","protected":false},"author":2,"featured_media":0,"parent":0,"menu_order":0,"comment_status":"closed","ping_status":"closed","template":"","meta":{"footnotes":""},"_links":{"self":[{"href":"https:\/\/alptek.com.tr\/tr\/wp-json\/wp\/v2\/pages\/7516"}],"collection":[{"href":"https:\/\/alptek.com.tr\/tr\/wp-json\/wp\/v2\/pages"}],"about":[{"href":"https:\/\/alptek.com.tr\/tr\/wp-json\/wp\/v2\/types\/page"}],"author":[{"embeddable":true,"href":"https:\/\/alptek.com.tr\/tr\/wp-json\/wp\/v2\/users\/2"}],"replies":[{"embeddable":true,"href":"https:\/\/alptek.com.tr\/tr\/wp-json\/wp\/v2\/comments?post=7516"}],"version-history":[{"count":9,"href":"https:\/\/alptek.com.tr\/tr\/wp-json\/wp\/v2\/pages\/7516\/revisions"}],"predecessor-version":[{"id":7873,"href":"https:\/\/alptek.com.tr\/tr\/wp-json\/wp\/v2\/pages\/7516\/revisions\/7873"}],"wp:attachment":[{"href":"https:\/\/alptek.com.tr\/tr\/wp-json\/wp\/v2\/media?parent=7516"}],"curies":[{"name":"wp","href":"https:\/\/api.w.org\/{rel}","templated":true}]}}