{"id":719,"date":"2021-09-10T11:16:11","date_gmt":"2021-09-10T11:16:11","guid":{"rendered":"https:\/\/demo.novasta.com.tr\/alptek\/?page_id=719"},"modified":"2024-11-08T11:47:50","modified_gmt":"2024-11-08T11:47:50","slug":"iletisim","status":"publish","type":"page","link":"https:\/\/alptek.com.tr\/tr\/iletisim\/","title":{"rendered":"\u0130LET\u0130\u015e\u0130M"},"content":{"rendered":"<div id='av_section_1'  class='avia-section av-klt13-543e3d8d9a2294375f21e26576b2ede0 main_color avia-section-default avia-no-border-styling  avia-builder-el-0  el_before_av_section  avia-builder-el-first  avia-bg-style-scroll  container_wrap sidebar_right'  ><div class='container av-section-cont-open' ><main  role=\"main\" itemprop=\"mainContentOfPage\"  class='template-page content  av-content-small alpha units'><div class='post-entry post-entry-type-page post-entry-719'><div class='entry-content-wrapper clearfix'>\n\n<style type=\"text\/css\" id=\"style-css-av-kteatvef-6a090ec33453827fcbc7148e26ba7b4b\">\n#top .hr.hr-invisible.av-kteatvef-6a090ec33453827fcbc7148e26ba7b4b{\nheight:80px;\n}\n<\/style>\n<div  class='hr av-kteatvef-6a090ec33453827fcbc7148e26ba7b4b hr-invisible  avia-builder-el-1  el_before_av_one_full  avia-builder-el-first  '><span class='hr-inner '><span class=\"hr-inner-style\"><\/span><\/span><\/div>\n<div class='flex_column av-a6nmn-e0253e836f7f09336e1fe79b9cad0ddc av_one_full  avia-builder-el-2  el_after_av_hr  el_before_av_one_third  first flex_column_div '   ><p>\n<style type=\"text\/css\" id=\"style-css-av-kte9ip4a-5c6f61e10ceb954925ad651460e7d2c5\">\n#top .av-special-heading.av-kte9ip4a-5c6f61e10ceb954925ad651460e7d2c5{\npadding-bottom:10px;\n}\n<\/style>\n<div  class='av-special-heading av-kte9ip4a-5c6f61e10ceb954925ad651460e7d2c5 av-special-heading-h1 blockquote modern-quote modern-centered  avia-builder-el-3  el_before_av_hr  avia-builder-el-first  '><h1 class='av-special-heading-tag '  itemprop=\"headline\"  >\u0130LET\u0130\u015e\u0130M<\/h1><div class='special-heading-border'><div class='special-heading-inner-border'><\/div><\/div><\/div><br \/>\n\n<style type=\"text\/css\" id=\"style-css-av-a2ovr-b8875ee4af570edca17284cb1ccd8516\">\n.hr.av-a2ovr-b8875ee4af570edca17284cb1ccd8516{\nmargin-top:5px !important;\nmargin-bottom:0px !important;\n}\n.hr.av-a2ovr-b8875ee4af570edca17284cb1ccd8516 .hr-inner{\nwidth:100px;\nborder-color:#d2141a;\n}\n<\/style>\n<div  class='hr av-a2ovr-b8875ee4af570edca17284cb1ccd8516 hr-custom  avia-builder-el-4  el_after_av_heading  avia-builder-el-last  hr-center hr-icon-no '><span class='hr-inner inner-border-av-border-fat'><span class=\"hr-inner-style\"><\/span><\/span><\/div><\/p><\/div><div class='flex_column av-lvdgn-f1086ec2a709b10e6248a2e2854721ba av_one_third  avia-builder-el-5  el_after_av_one_full  el_before_av_one_third  first flex_column_div column-top-margin'   ><style type=\"text\/css\" id=\"style-css-av-guo27-9aed338c2434d85839a7ba01ef7270b8\">\n.iconbox.av-guo27-9aed338c2434d85839a7ba01ef7270b8 .iconbox_icon{\nborder:1px solid #ffffff;\ncolor:#d2141a;\n}\n<\/style>\n<article  class=\"iconbox iconbox_top av-guo27-9aed338c2434d85839a7ba01ef7270b8 av-no-box  avia-builder-el-6  avia-builder-el-no-sibling  \"  itemscope=\"itemscope\" itemtype=\"https:\/\/schema.org\/CreativeWork\" ><div class=\"iconbox_content\"><header class=\"entry-content-header\"><div class=\"iconbox_icon heading-color\" aria-hidden='true' data-av_icon='\ue842' data-av_iconfont='entypo-fontello'><\/div><\/header><div class='iconbox_content_container  '  itemprop=\"text\" ><p><a href=\"https:\/\/maps.app.goo.gl\/65wHV8XHy6GVKHYa8\">Tatl\u0131su, Erkaya Sk. No:1, 34774 \u00dcmraniye\/\u0130stanbul T\u00fcrkiye<\/a><\/p>\n<\/div><\/div><footer class=\"entry-footer\"><\/footer><\/article><\/div><div class='flex_column av-n686v-fb6502d4f879c158cf14330457999ccc av_one_third  avia-builder-el-7  el_after_av_one_third  el_before_av_one_third  flex_column_div column-top-margin'   ><style type=\"text\/css\" id=\"style-css-av-m35lxzkx-911b9d162451c3349e6f27bd2c8550cb\">\n.iconbox.av-m35lxzkx-911b9d162451c3349e6f27bd2c8550cb .iconbox_icon{\nborder:1px solid #ffffff;\ncolor:#d2141a;\n}\n<\/style>\n<article  class=\"iconbox iconbox_top av-m35lxzkx-911b9d162451c3349e6f27bd2c8550cb av-no-box  avia-builder-el-8  avia-builder-el-no-sibling  \"  itemscope=\"itemscope\" itemtype=\"https:\/\/schema.org\/CreativeWork\" ><div class=\"iconbox_content\"><header class=\"entry-content-header\"><div class=\"iconbox_icon heading-color\" aria-hidden='true' data-av_icon='\ue854' data-av_iconfont='entypo-fontello'><\/div><\/header><div class='iconbox_content_container  '  itemprop=\"text\" ><p><a href=\"tel:02165401772\">+90 (216) 540 17 72<\/a><\/p>\n<\/div><\/div><footer class=\"entry-footer\"><\/footer><\/article><\/div><div class='flex_column av-1m2tz-9ad973a9944bf90105f229916e86c06a av_one_third  avia-builder-el-9  el_after_av_one_third  avia-builder-el-last  flex_column_div column-top-margin'   ><style type=\"text\/css\" id=\"style-css-av-a1j7r-4b7da5d32e73eaef78476b7945aaba63\">\n.iconbox.av-a1j7r-4b7da5d32e73eaef78476b7945aaba63 .iconbox_icon{\nborder:1px solid #ffffff;\ncolor:#d2141a;\n}\n<\/style>\n<article  class=\"iconbox iconbox_top av-a1j7r-4b7da5d32e73eaef78476b7945aaba63 av-no-box  avia-builder-el-10  avia-builder-el-no-sibling  \"  itemscope=\"itemscope\" itemtype=\"https:\/\/schema.org\/CreativeWork\" ><div class=\"iconbox_content\"><header class=\"entry-content-header\"><div class=\"iconbox_icon heading-color\" aria-hidden='true' data-av_icon='\ue805' data-av_iconfont='entypo-fontello'><\/div><\/header><div class='iconbox_content_container  '  itemprop=\"text\" ><p><a href=\"mailto:info@alptek.com.tr\">info@alptek.com.tr<\/a><\/p>\n<\/div><\/div><footer class=\"entry-footer\"><\/footer><\/article><\/div><\/div><\/div><\/main><!-- close content main element --><\/div><\/div><div id='av_section_2'  class='avia-section av-d1kvj-cd605adf34d1f39ec01d971d66bdb06d main_color avia-section-default avia-no-border-styling  avia-builder-el-11  el_after_av_section  el_before_av_section  avia-bg-style-scroll  container_wrap sidebar_right'  ><div class='container av-section-cont-open' ><div class='template-page content  av-content-small alpha units'><div class='post-entry post-entry-type-page post-entry-719'><div class='entry-content-wrapper clearfix'>\n\n<\/p>\n<\/div><\/div><\/div><!-- close content main div --><\/div><\/div><div id='av_section_3'  class='avia-section av-anlyv-b0f77c3e89db651bdcc3ef97b16e3504 main_color avia-section-default avia-no-border-styling  avia-builder-el-13  el_after_av_section  avia-builder-el-last  avia-bg-style-scroll  container_wrap sidebar_right'  ><div class='container av-section-cont-open' ><div class='template-page content  av-content-small alpha units'><div class='post-entry post-entry-type-page post-entry-719'><div class='entry-content-wrapper clearfix'>\n\n<style type=\"text\/css\" id=\"style-css-av-kteamma4-989ad14626e01b6e99a6f81f2c7e45ec\">\n#top .hr.hr-invisible.av-kteamma4-989ad14626e01b6e99a6f81f2c7e45ec{\nheight:70px;\n}\n<\/style>\n<div  class='hr av-kteamma4-989ad14626e01b6e99a6f81f2c7e45ec hr-invisible  avia-builder-el-14  el_before_av_one_fifth  avia-builder-el-first  '><span class='hr-inner '><span class=\"hr-inner-style\"><\/span><\/span><\/div>\n\n<style type=\"text\/css\" id=\"style-css-av-8dbrz-13af6b18143dfba8dbf9498349f24e41\">\n.flex_column.av-8dbrz-13af6b18143dfba8dbf9498349f24e41{\npadding:50px 50px 50px 50px;\n}\n<\/style>\n<div class='flex_column av-8dbrz-13af6b18143dfba8dbf9498349f24e41 av_one_fifth  avia-builder-el-15  el_after_av_hr  el_before_av_three_fifth  first no_margin flex_column_div '   ><\/div>\n<style type=\"text\/css\" id=\"style-css-av-3p82v-0a82722403c98a92f0dc8067426d6d33\">\n.flex_column.av-3p82v-0a82722403c98a92f0dc8067426d6d33{\npadding:50px 50px 50px 50px;\nbox-shadow:0 0 20px 0 #e0e0e0;\n-webkit-box-shadow:0 0 20px 0 #e0e0e0;\n-moz-box-shadow:0 0 20px 0 #e0e0e0;\n}\n<\/style>\n<div class='flex_column av-3p82v-0a82722403c98a92f0dc8067426d6d33 av_three_fifth  avia-builder-el-16  el_after_av_one_fifth  el_before_av_one_fifth  no_margin flex_column_div '   ><p>\n<style type=\"text\/css\" id=\"style-css-av-kteaqw8z-d483da7edf0c66d1053105227d4f9a8f\">\n#top .av-special-heading.av-kteaqw8z-d483da7edf0c66d1053105227d4f9a8f{\npadding-bottom:10px;\n}\n<\/style>\n<div  class='av-special-heading av-kteaqw8z-d483da7edf0c66d1053105227d4f9a8f av-special-heading-h2 blockquote modern-quote modern-centered  avia-builder-el-17  el_before_av_hr  avia-builder-el-first  '><h2 class='av-special-heading-tag '  itemprop=\"headline\"  ><span style=\"text-transform: none; font-weight: bold;\">Bize Ula\u015f\u0131n<\/span><\/h2><div class='special-heading-border'><div class='special-heading-inner-border'><\/div><\/div><\/div><br \/>\n\n<style type=\"text\/css\" id=\"style-css-av-kte9kjv2-e75d1b6f87855f751347487c18ad95f0\">\n.hr.av-kte9kjv2-e75d1b6f87855f751347487c18ad95f0{\nmargin-top:5px !important;\nmargin-bottom:0px !important;\n}\n.hr.av-kte9kjv2-e75d1b6f87855f751347487c18ad95f0 .hr-inner{\nwidth:100px;\nborder-color:#d2141a;\n}\n<\/style>\n<div  class='hr av-kte9kjv2-e75d1b6f87855f751347487c18ad95f0 hr-custom  avia-builder-el-18  el_after_av_heading  el_before_av_contact  hr-center hr-icon-no '><span class='hr-inner inner-border-av-border-fat'><span class=\"hr-inner-style\"><\/span><\/span><\/div><br \/>\n<form action=\"https:\/\/alptek.com.tr\/tr\/iletisim\/\" method=\"post\"  class=\"avia_ajax_form av-form-labels-hidden   avia-builder-el-19  el_after_av_hr  avia-builder-el-last   \" data-avia-form-id=\"1\" data-avia-redirect='' ><h3 class=''>Bizlere Mesaj B\u0131rak\u0131n<\/h3><fieldset><p class='  first_form  form_element form_fullwidth' id='element_avia_1_1'><label for=\"avia_1_1\">Ad Soyad <abbr class=\"required\" title=\"Zorunlu\">*<\/abbr><\/label> <input name=\"avia_1_1\" class=\"text_input is_empty\" type=\"text\" id=\"avia_1_1\" value=\"\"  placeholder='Ad Soyad*'\/><\/p><p class='  first_form  form_element form_fullwidth' id='element_avia_2_1'><label for=\"avia_2_1\">E-Mail Adresi <abbr class=\"required\" title=\"Zorunlu\">*<\/abbr><\/label> <input name=\"avia_2_1\" class=\"text_input is_empty\" type=\"text\" id=\"avia_2_1\" value=\"\"  placeholder='E-Mail Adresi*'\/><\/p><p class='  first_form  form_element form_fullwidth' id='element_avia_3_1'><label for=\"avia_3_1\" class=\"textare_label hidden textare_label_avia_3_1\">Mesaj <abbr class=\"required\" title=\"Zorunlu\">*<\/abbr><\/label><textarea  placeholder='Mesaj*' name=\"avia_3_1\" class=\"text_area is_empty\" cols=\"40\" rows=\"7\" id=\"avia_3_1\" ><\/textarea><\/p><p class=\"hidden\"><input type=\"text\" name=\"avia_4_1\" class=\"hidden \" id=\"avia_4_1\" value=\"\" \/><\/p><div id='avia_5_1' class='av-recaptcha-area  first_form  form_element form_fullwidth '  data-container_class=\"\" data-custom_class=\"\" data-context=\"av_contact_form\" data-token_input=\"av_recaptcha_token\" data-version=\"avia_recaptcha_v2\" data-theme=\"light\" data-size=\"normal\" data-score=\"0.5\" data-text_to_preview=\"\" data-value=\"\"><div class=\"av-google-badge-message hidden\">This site is protected by reCAPTCHA and the Google <a href=\"https:\/\/policies.google.com\/privacy\">Privacy Policy<\/a> and <a href=\"https:\/\/policies.google.com\/terms\">Terms of Service<\/a> apply.<\/div><\/div><p class=\"form_element \"><input type=\"hidden\" value=\"1\" name=\"avia_generated_form1\" \/><input type=\"submit\" value=\"G\u00f6nder\" class=\"button\"  data-sending-label=\"G\u00f6nderiliyor\"\/><\/p><\/fieldset><div class=\"avia-disabled-form\">This contact form is deactivated because you refused to accept Google reCaptcha service which is necessary to validate any messages sent by the form.<\/div><\/form><div id=\"ajaxresponse_1\" class=\"ajaxresponse ajaxresponse_1 hidden\"><\/div><\/p><\/div>\n<style type=\"text\/css\" id=\"style-css-av-9oe7z-2769cd16bee72439bc3bcb287924bf8c\">\n.flex_column.av-9oe7z-2769cd16bee72439bc3bcb287924bf8c{\npadding:50px 50px 50px 50px;\n}\n<\/style>\n<div class='flex_column av-9oe7z-2769cd16bee72439bc3bcb287924bf8c av_one_fifth  avia-builder-el-20  el_after_av_three_fifth  el_before_av_hr  no_margin flex_column_div '   ><\/div>\n<style type=\"text\/css\" id=\"style-css-av-bmqmn-a395315343e3f26fcfec6788a149f597\">\n#top .hr.hr-invisible.av-bmqmn-a395315343e3f26fcfec6788a149f597{\nheight:120px;\n}\n<\/style>\n<div  class='hr av-bmqmn-a395315343e3f26fcfec6788a149f597 hr-invisible  avia-builder-el-21  el_after_av_one_fifth  avia-builder-el-last  '><span class='hr-inner '><span class=\"hr-inner-style\"><\/span><\/span><\/div>\n<\/div><\/div><\/div><!-- close content main div --><\/div><\/div><div id='after_section_3'  class='main_color av_default_container_wrap container_wrap sidebar_right'  ><div class='container av-section-cont-open' ><div class='template-page content  av-content-small alpha units'><div class='post-entry post-entry-type-page post-entry-719'><div class='entry-content-wrapper clearfix'>\n","protected":false},"excerpt":{"rendered":"","protected":false},"author":1,"featured_media":0,"parent":0,"menu_order":0,"comment_status":"closed","ping_status":"closed","template":"","meta":{"footnotes":""},"_links":{"self":[{"href":"https:\/\/alptek.com.tr\/tr\/wp-json\/wp\/v2\/pages\/719"}],"collection":[{"href":"https:\/\/alptek.com.tr\/tr\/wp-json\/wp\/v2\/pages"}],"about":[{"href":"https:\/\/alptek.com.tr\/tr\/wp-json\/wp\/v2\/types\/page"}],"author":[{"embeddable":true,"href":"https:\/\/alptek.com.tr\/tr\/wp-json\/wp\/v2\/users\/1"}],"replies":[{"embeddable":true,"href":"https:\/\/alptek.com.tr\/tr\/wp-json\/wp\/v2\/comments?post=719"}],"version-history":[{"count":9,"href":"https:\/\/alptek.com.tr\/tr\/wp-json\/wp\/v2\/pages\/719\/revisions"}],"predecessor-version":[{"id":7690,"href":"https:\/\/alptek.com.tr\/tr\/wp-json\/wp\/v2\/pages\/719\/revisions\/7690"}],"wp:attachment":[{"href":"https:\/\/alptek.com.tr\/tr\/wp-json\/wp\/v2\/media?parent=719"}],"curies":[{"name":"wp","href":"https:\/\/api.w.org\/{rel}","templated":true}]}}