{"id":663,"date":"2021-09-10T07:37:40","date_gmt":"2021-09-10T07:37:40","guid":{"rendered":"https:\/\/demo.novasta.com.tr\/alptek\/?page_id=663"},"modified":"2024-03-06T08:56:30","modified_gmt":"2024-03-06T08:56:30","slug":"saglik-ve-guvenlik-yonetimi","status":"publish","type":"page","link":"https:\/\/alptek.com.tr\/tr\/saglik-ve-guvenlik-yonetimi\/","title":{"rendered":"SA\u011eLIK VE G\u00dcVENL\u0130K Y\u00d6NET\u0130M\u0130"},"content":{"rendered":"<div id='layer_slider_1'  class='avia-layerslider main_color avia-shadow  avia-builder-el-0  el_before_av_section  avia-builder-el-first  container_wrap sidebar_right'  style='height: 871px; max-width: 1850px; margin: 0 auto;'  ><\/div>\n<div id='av_section_1'  class='avia-section av-b4znc-459992e32ac24e83f228cae1491d43a0 main_color avia-section-default avia-no-border-styling  avia-builder-el-1  el_after_av_layerslider  el_before_av_section  avia-bg-style-scroll  container_wrap sidebar_right'  ><div class='container av-section-cont-open' ><div class='template-page content  av-content-small alpha units'><div class='post-entry post-entry-type-page post-entry-663'><div class='entry-content-wrapper clearfix'>\n\n<style type=\"text\/css\" id=\"style-css-av-lr0kseth-9b93ebf88f4ecbe49fcd5c8dfc0d3133\">\n#top .av-special-heading.av-lr0kseth-9b93ebf88f4ecbe49fcd5c8dfc0d3133{\npadding-bottom:10px;\nfont-size:32px;\n}\n<\/style>\n<div  class='av-special-heading av-lr0kseth-9b93ebf88f4ecbe49fcd5c8dfc0d3133 av-special-heading-h1 blockquote modern-quote modern-centered  avia-builder-el-2  el_before_av_hr  avia-builder-el-first  av-inherit-size '><h1 class='av-special-heading-tag '  itemprop=\"headline\"  >SA\u011eLIK VE G\u00dcVENL\u0130K Y\u00d6NET\u0130M\u0130<\/h1><div class='special-heading-border'><div class='special-heading-inner-border'><\/div><\/div><\/div>\n\n<style type=\"text\/css\" id=\"style-css-av-lr0kt0id-2564e1ae0a0f30fd66cf674bf2eb492f\">\n.hr.av-lr0kt0id-2564e1ae0a0f30fd66cf674bf2eb492f{\nmargin-top:0px !important;\nmargin-bottom:30px;\n}\n.hr.av-lr0kt0id-2564e1ae0a0f30fd66cf674bf2eb492f .hr-inner{\nwidth:100px;\nborder-color:#9c9b9b;\n}\n<\/style>\n<div  class='hr av-lr0kt0id-2564e1ae0a0f30fd66cf674bf2eb492f hr-custom  avia-builder-el-3  el_after_av_heading  el_before_av_one_full  hr-center hr-icon-no '><span class='hr-inner inner-border-av-border-fat'><span class=\"hr-inner-style\"><\/span><\/span><\/div>\n<div class='flex_column av-2m1hqz-a35f604a311bb3f5fd77508b186e6828 av_one_full  avia-builder-el-4  el_after_av_hr  avia-builder-el-last  first flex_column_div '   ><section class=\"av_textblock_section \"  itemscope=\"itemscope\" itemtype=\"https:\/\/schema.org\/CreativeWork\" ><div class='avia_textblock  '  style='font-size:24px; '  itemprop=\"text\" ><p>ALPTEK i\u015f sa\u011fl\u0131\u011f\u0131 ve g\u00fcvenli\u011fine b\u00fcy\u00fck \u00f6nem vermektedir. ALPTEK&#8217;in sa\u011fl\u0131k ve g\u00fcvenlik y\u00f6netimi politikas\u0131, i\u015fyerlerimizde sa\u011fl\u0131k ve g\u00fcvenli\u011fi nas\u0131l y\u00f6netti\u011fimizi ortaya koymaktad\u0131r. \u0130\u015fletmemizin sa\u011fl\u0131k ve g\u00fcvenli\u011fe y\u00f6nelik tutumunu ve sa\u011fl\u0131k ve g\u00fcvenlik mevzuat\u0131na uymam\u0131z\u0131 sa\u011flamak i\u00e7in uygulad\u0131\u011f\u0131m\u0131z ad\u0131mlar\u0131, d\u00fczenlemeleri ve sistemleri g\u00f6sterir. ALPTEK, \u00e7al\u0131\u015fanlar\u0131m\u0131z\u0131n uzun vadeli sa\u011fl\u0131k ve performans\u0131n\u0131 geli\u015ftirmek i\u00e7in sorumlu davran\u0131\u015f\u0131 ve buna uygun bir \u00e7al\u0131\u015fma ortam\u0131n\u0131 te\u015fvik eder. T\u00fcm olaylar\u0131n \u00f6nlenebilir oldu\u011fu inanc\u0131n\u0131 payla\u015f\u0131yoruz ve bu inanc\u0131 kurulu\u015fumuzda ger\u00e7e\u011fe d\u00f6n\u00fc\u015ft\u00fcrmeye kararl\u0131y\u0131z.<\/p>\n<\/div><\/section><\/div><\/div><\/div><\/div><!-- close content main div --><\/div><\/div>\n<style type=\"text\/css\" id=\"style-css-av-23b723-c42cb24cdd07c39e8dbd7451013b86df\">\n.avia-section.av-23b723-c42cb24cdd07c39e8dbd7451013b86df{\nbackground-repeat:no-repeat;\nbackground-image:url(https:\/\/alptek.com.tr\/tr\/wp-content\/uploads\/2024\/01\/alptek-dalga-bg.png);\nbackground-position:bottom center;\nbackground-attachment:scroll;\n}\n<\/style>\n<div id='av_section_2'  class='avia-section av-23b723-c42cb24cdd07c39e8dbd7451013b86df main_color avia-section-default avia-no-border-styling  avia-builder-el-6  el_after_av_section  el_before_av_section  avia-bg-style-scroll  container_wrap sidebar_right'  data-section-bg-repeat='no-repeat'><div class='container av-section-cont-open' ><div class='template-page content  av-content-small alpha units'><div class='post-entry post-entry-type-page post-entry-663'><div class='entry-content-wrapper clearfix'>\n<section class=\"av_textblock_section \"  itemscope=\"itemscope\" itemtype=\"https:\/\/schema.org\/CreativeWork\" ><div class='avia_textblock  av_inherit_color '  style='font-size:30px; color:#333333; '  itemprop=\"text\" ><p style=\"text-align: center;\"><strong>ALPTEK<\/strong> olarak; <strong>insana de\u011fer veren y\u00f6netimimizle s\u0131f\u0131r kazay\u0131 ama\u00e7l\u0131yor,<\/strong> kontrol\u00fc d\u00fc\u015f\u00fcnerek hareket ediyor, g\u00fcvenli\u011fi ve sa\u011fl\u0131\u011f\u0131 \u00f6n planda tutarak hareket ediyoruz.<\/p>\n<\/div><\/section>\n<\/div><\/div><\/div><!-- close content main div --><\/div><\/div><div id='av_section_3'  class='avia-section av-678zgb-b7b89651f3ec77b59951771ccd14febe main_color avia-section-default avia-no-border-styling  avia-builder-el-8  el_after_av_section  el_before_av_layout_row  avia-bg-style-scroll  container_wrap sidebar_right'  ><div class='container av-section-cont-open' ><div class='template-page content  av-content-small alpha units'><div class='post-entry post-entry-type-page post-entry-663'><div class='entry-content-wrapper clearfix'>\n<div class='flex_column_table av-lr0lgpqn-4ae795579d200481beff7b48b74d1037 sc-av_one_half av-equal-height-column-flextable'>\n<style type=\"text\/css\" id=\"style-css-av-lr0lgpqn-4ae795579d200481beff7b48b74d1037\">\n.flex_column.av-lr0lgpqn-4ae795579d200481beff7b48b74d1037{\npadding:4% 4% 4% 4%;\nbox-shadow:0 0 15px 0 #d9d9d9;\n-webkit-box-shadow:0 0 15px 0 #d9d9d9;\n-moz-box-shadow:0 0 15px 0 #d9d9d9;\nbackground-color:#f7f7f7;\n}\n<\/style>\n<div class='flex_column av-lr0lgpqn-4ae795579d200481beff7b48b74d1037 av_one_half  avia-builder-el-9  el_before_av_one_half  avia-builder-el-first  first flex_column_table_cell av-equal-height-column av-align-top '   ><p>\n<style type=\"text\/css\" id=\"style-css-av-lr0leqnt-7ae0424f89ca5a4709ff8e7f62866834\">\n.avia-image-container.av-lr0leqnt-7ae0424f89ca5a4709ff8e7f62866834 .av-image-caption-overlay-center{\ncolor:#ffffff;\n}\n<\/style>\n<div  class='avia-image-container av-lr0leqnt-7ae0424f89ca5a4709ff8e7f62866834 av-styling- avia-align-center  avia-builder-el-10  el_before_av_hr  avia-builder-el-first  '  itemprop=\"image\" itemscope=\"itemscope\" itemtype=\"https:\/\/schema.org\/ImageObject\" ><div class=\"avia-image-container-inner\"><div class=\"avia-image-overlay-wrap\"><img decoding=\"async\" class='wp-image-3607 avia-img-lazy-loading-not-3607 avia_image' src=\"https:\/\/alptek.com.tr\/tr\/wp-content\/uploads\/2024\/01\/01-health-and-safety-management-alptek.png\" alt='' title='01-health-and-safety-management-alptek'  height=\"102\" width=\"101\"  itemprop=\"thumbnailUrl\" srcset=\"https:\/\/alptek.com.tr\/tr\/wp-content\/uploads\/2024\/01\/01-health-and-safety-management-alptek.png 101w, https:\/\/alptek.com.tr\/tr\/wp-content\/uploads\/2024\/01\/01-health-and-safety-management-alptek-80x80.png 80w, https:\/\/alptek.com.tr\/tr\/wp-content\/uploads\/2024\/01\/01-health-and-safety-management-alptek-36x36.png 36w\" sizes=\"(max-width: 101px) 100vw, 101px\" \/><\/div><\/div><\/div><br \/>\n\n<style type=\"text\/css\" id=\"style-css-av-58ozi3-c116fcdd7f238d5598cdd2d92aa65ce7\">\n#top .hr.hr-invisible.av-58ozi3-c116fcdd7f238d5598cdd2d92aa65ce7{\nheight:30px;\n}\n<\/style>\n<div  class='hr av-58ozi3-c116fcdd7f238d5598cdd2d92aa65ce7 hr-invisible  avia-builder-el-11  el_after_av_image  el_before_av_textblock  '><span class='hr-inner '><span class=\"hr-inner-style\"><\/span><\/span><\/div><br \/>\n<section class=\"av_textblock_section \"  itemscope=\"itemscope\" itemtype=\"https:\/\/schema.org\/CreativeWork\" ><div class='avia_textblock  av_inherit_color '  style='font-size:24px; color:#9c9b9b; '  itemprop=\"text\" ><p style=\"text-align: center;\">T\u00fcm \u00fcyelerimiz ve ortaklar\u0131m\u0131z dahil, i\u015f sa\u011fl\u0131\u011f\u0131 ve g\u00fcvenli\u011fi y\u00f6netimini uygulayarak i\u015f kazalar\u0131n\u0131 \u00f6nlemek i\u00e7in elimizden geleni yap\u0131yoruz.<\/p>\n<\/div><\/section><\/p><\/div><div class='av-flex-placeholder'><\/div>\n<style type=\"text\/css\" id=\"style-css-av-bfhti3-09869903bdcf00e3cae8380a315c3ebe\">\n.flex_column.av-bfhti3-09869903bdcf00e3cae8380a315c3ebe{\npadding:4% 4% 4% 4%;\nbox-shadow:0 0 15px 0 #d9d9d9;\n-webkit-box-shadow:0 0 15px 0 #d9d9d9;\n-moz-box-shadow:0 0 15px 0 #d9d9d9;\nbackground-color:#f7f7f7;\n}\n<\/style>\n<div class='flex_column av-bfhti3-09869903bdcf00e3cae8380a315c3ebe av_one_half  avia-builder-el-13  el_after_av_one_half  el_before_av_one_half  flex_column_table_cell av-equal-height-column av-align-top '   ><p>\n<style type=\"text\/css\" id=\"style-css-av-lr69p68j-43e369e344c80e623bb5d949cffd8f1b\">\n.avia-image-container.av-lr69p68j-43e369e344c80e623bb5d949cffd8f1b .av-image-caption-overlay-center{\ncolor:#ffffff;\n}\n<\/style>\n<div  class='avia-image-container av-lr69p68j-43e369e344c80e623bb5d949cffd8f1b av-styling- avia-align-center  avia-builder-el-14  el_before_av_hr  avia-builder-el-first  '  itemprop=\"image\" itemscope=\"itemscope\" itemtype=\"https:\/\/schema.org\/ImageObject\" ><div class=\"avia-image-container-inner\"><div class=\"avia-image-overlay-wrap\"><img decoding=\"async\" class='wp-image-3608 avia-img-lazy-loading-not-3608 avia_image' src=\"https:\/\/alptek.com.tr\/tr\/wp-content\/uploads\/2024\/01\/02-health-and-safety-management-alptek.png\" alt='' title='02-health-and-safety-management-alptek'  height=\"102\" width=\"101\"  itemprop=\"thumbnailUrl\" srcset=\"https:\/\/alptek.com.tr\/tr\/wp-content\/uploads\/2024\/01\/02-health-and-safety-management-alptek.png 101w, https:\/\/alptek.com.tr\/tr\/wp-content\/uploads\/2024\/01\/02-health-and-safety-management-alptek-80x80.png 80w, https:\/\/alptek.com.tr\/tr\/wp-content\/uploads\/2024\/01\/02-health-and-safety-management-alptek-36x36.png 36w\" sizes=\"(max-width: 101px) 100vw, 101px\" \/><\/div><\/div><\/div><br \/>\n\n<style type=\"text\/css\" id=\"style-css-av-4gnwcb-1215ef329b364418f1a51d6b751dde50\">\n#top .hr.hr-invisible.av-4gnwcb-1215ef329b364418f1a51d6b751dde50{\nheight:30px;\n}\n<\/style>\n<div  class='hr av-4gnwcb-1215ef329b364418f1a51d6b751dde50 hr-invisible  avia-builder-el-15  el_after_av_image  el_before_av_textblock  '><span class='hr-inner '><span class=\"hr-inner-style\"><\/span><\/span><\/div><br \/>\n<section class=\"av_textblock_section \"  itemscope=\"itemscope\" itemtype=\"https:\/\/schema.org\/CreativeWork\" ><div class='avia_textblock  av_inherit_color '  style='font-size:24px; color:#9c9b9b; '  itemprop=\"text\" ><p style=\"text-align: center;\">Her g\u00f6revi ger\u00e7ekle\u015ftirmeden \u00f6nce i\u015fin risklerini de\u011ferlendiriyor ve g\u00fcvenlik \u00f6nlemlerini olu\u015fturuyoruz.<\/p>\n<\/div><\/section><\/p><\/div><\/div><!--close column table wrapper. Autoclose: 1 --><div class='flex_column_table av-sbga3-c2af7001f30ffb3f8e7b26322a82aec2 sc-av_one_half av-equal-height-column-flextable'>\n<style type=\"text\/css\" id=\"style-css-av-sbga3-c2af7001f30ffb3f8e7b26322a82aec2\">\n.flex_column.av-sbga3-c2af7001f30ffb3f8e7b26322a82aec2{\npadding:4% 4% 4% 4%;\nbox-shadow:0 0 15px 0 #d9d9d9;\n-webkit-box-shadow:0 0 15px 0 #d9d9d9;\n-moz-box-shadow:0 0 15px 0 #d9d9d9;\nbackground-color:#f7f7f7;\n}\n<\/style>\n<div class='flex_column av-sbga3-c2af7001f30ffb3f8e7b26322a82aec2 av_one_half  avia-builder-el-17  el_after_av_one_half  el_before_av_one_half  first flex_column_table_cell av-equal-height-column av-align-top column-top-margin'   ><p>\n<style type=\"text\/css\" id=\"style-css-av-lr69pavm-5c2663d3f2d27385d03ce2bc76e78c88\">\n.avia-image-container.av-lr69pavm-5c2663d3f2d27385d03ce2bc76e78c88 .av-image-caption-overlay-center{\ncolor:#ffffff;\n}\n<\/style>\n<div  class='avia-image-container av-lr69pavm-5c2663d3f2d27385d03ce2bc76e78c88 av-styling- avia-align-center  avia-builder-el-18  el_before_av_hr  avia-builder-el-first  '  itemprop=\"image\" itemscope=\"itemscope\" itemtype=\"https:\/\/schema.org\/ImageObject\" ><div class=\"avia-image-container-inner\"><div class=\"avia-image-overlay-wrap\"><img decoding=\"async\" class='wp-image-3609 avia-img-lazy-loading-not-3609 avia_image' src=\"https:\/\/alptek.com.tr\/tr\/wp-content\/uploads\/2024\/01\/03-health-and-safety-management-alptek.png\" alt='' title='03-health-and-safety-management-alptek'  height=\"102\" width=\"101\"  itemprop=\"thumbnailUrl\" srcset=\"https:\/\/alptek.com.tr\/tr\/wp-content\/uploads\/2024\/01\/03-health-and-safety-management-alptek.png 101w, https:\/\/alptek.com.tr\/tr\/wp-content\/uploads\/2024\/01\/03-health-and-safety-management-alptek-80x80.png 80w, https:\/\/alptek.com.tr\/tr\/wp-content\/uploads\/2024\/01\/03-health-and-safety-management-alptek-36x36.png 36w\" sizes=\"(max-width: 101px) 100vw, 101px\" \/><\/div><\/div><\/div><br \/>\n\n<style type=\"text\/css\" id=\"style-css-av-lr69u1nx-3edc2e89d9353f6148fc9a78855465b2\">\n#top .hr.hr-invisible.av-lr69u1nx-3edc2e89d9353f6148fc9a78855465b2{\nheight:30px;\n}\n<\/style>\n<div  class='hr av-lr69u1nx-3edc2e89d9353f6148fc9a78855465b2 hr-invisible  avia-builder-el-19  el_after_av_image  el_before_av_textblock  '><span class='hr-inner '><span class=\"hr-inner-style\"><\/span><\/span><\/div><br \/>\n<section class=\"av_textblock_section \"  itemscope=\"itemscope\" itemtype=\"https:\/\/schema.org\/CreativeWork\" ><div class='avia_textblock  av_inherit_color '  style='font-size:24px; color:#9c9b9b; '  itemprop=\"text\" ><p style=\"text-align: center;\">Rahat bir \u00e7al\u0131\u015fma ortam\u0131 sa\u011flayarak, insan kaynaklar\u0131n\u0131 y\u00f6neterek ve tehlikeyi \u00f6nceden tahmin etmeyi al\u0131\u015fkanl\u0131k haline getirerek g\u00fcvensiz fakt\u00f6rleri en aza indiriyoruz.<\/p>\n<\/div><\/section><\/p><\/div><div class='av-flex-placeholder'><\/div>\n<style type=\"text\/css\" id=\"style-css-av-3ji1y3-407df04ddad7fdda81d6495a0e2edfe6\">\n.flex_column.av-3ji1y3-407df04ddad7fdda81d6495a0e2edfe6{\npadding:4% 4% 4% 4%;\nbox-shadow:0 0 15px 0 #d9d9d9;\n-webkit-box-shadow:0 0 15px 0 #d9d9d9;\n-moz-box-shadow:0 0 15px 0 #d9d9d9;\nbackground-color:#f7f7f7;\n}\n<\/style>\n<div class='flex_column av-3ji1y3-407df04ddad7fdda81d6495a0e2edfe6 av_one_half  avia-builder-el-21  el_after_av_one_half  avia-builder-el-last  flex_column_table_cell av-equal-height-column av-align-top column-top-margin'   ><p>\n<style type=\"text\/css\" id=\"style-css-av-lr69pf72-17e60eab14a812323f4939eb4514e06c\">\n.avia-image-container.av-lr69pf72-17e60eab14a812323f4939eb4514e06c .av-image-caption-overlay-center{\ncolor:#ffffff;\n}\n<\/style>\n<div  class='avia-image-container av-lr69pf72-17e60eab14a812323f4939eb4514e06c av-styling- avia-align-center  avia-builder-el-22  el_before_av_hr  avia-builder-el-first  '  itemprop=\"image\" itemscope=\"itemscope\" itemtype=\"https:\/\/schema.org\/ImageObject\" ><div class=\"avia-image-container-inner\"><div class=\"avia-image-overlay-wrap\"><img decoding=\"async\" class='wp-image-3610 avia-img-lazy-loading-not-3610 avia_image' src=\"https:\/\/alptek.com.tr\/tr\/wp-content\/uploads\/2024\/01\/04-health-and-safety-management-alptek.png\" alt='' title='04-health-and-safety-management-alptek'  height=\"102\" width=\"101\"  itemprop=\"thumbnailUrl\" srcset=\"https:\/\/alptek.com.tr\/tr\/wp-content\/uploads\/2024\/01\/04-health-and-safety-management-alptek.png 101w, https:\/\/alptek.com.tr\/tr\/wp-content\/uploads\/2024\/01\/04-health-and-safety-management-alptek-80x80.png 80w, https:\/\/alptek.com.tr\/tr\/wp-content\/uploads\/2024\/01\/04-health-and-safety-management-alptek-36x36.png 36w\" sizes=\"(max-width: 101px) 100vw, 101px\" \/><\/div><\/div><\/div><br \/>\n\n<style type=\"text\/css\" id=\"style-css-av-2o30cr-88a68cd737bb382a4a212852ef334918\">\n#top .hr.hr-invisible.av-2o30cr-88a68cd737bb382a4a212852ef334918{\nheight:30px;\n}\n<\/style>\n<div  class='hr av-2o30cr-88a68cd737bb382a4a212852ef334918 hr-invisible  avia-builder-el-23  el_after_av_image  el_before_av_textblock  '><span class='hr-inner '><span class=\"hr-inner-style\"><\/span><\/span><\/div><br \/>\n<section class=\"av_textblock_section \"  itemscope=\"itemscope\" itemtype=\"https:\/\/schema.org\/CreativeWork\" ><div class='avia_textblock  av_inherit_color '  style='font-size:24px; color:#9c9b9b; '  itemprop=\"text\" ><p style=\"text-align: center;\">\u0130\u015f kazas\u0131 durumunda acil \u00f6nlemleri al\u0131yor ve an\u0131nda ilk yard\u0131m sa\u011fl\u0131yoruz. Benzer veya ba\u015fka kazalar\u0131n tekrar\u0131n\u0131 \u00f6nlemek i\u00e7in sebeplerini ara\u015ft\u0131r\u0131yor ve uygun \u00f6nlemleri al\u0131yoruz.<\/p>\n<\/div><\/section><\/p><\/div><\/div><!--close column table wrapper. Autoclose: 1 --><\/div><\/div><\/div><!-- close content main div --><\/div><\/div><div id='av-layout-grid-1'  class='av-layout-grid-container entry-content-wrapper main_color av-flex-cells   av-border-top-bottom  avia-builder-el-25  el_after_av_section  el_before_av_section  submenu-not-first container_wrap sidebar_right'  >\n<div class=\"flex_cell no_margin av_one_fourth  avia-builder-el-26  el_before_av_cell_three_fourth  avia-builder-el-first   av-zero-padding \"  style='background: #f7f7f7; vertical-align:top; padding:0; background-color:#f7f7f7; ' ><div class='flex_cell_inner' ><div class='flex_column av-796q0q-23ea1296bc06c2bf50d2fc84799dc880 av_one_full  avia-builder-el-27  avia-builder-el-no-sibling  first flex_column_div '   ><style type=\"text\/css\" id=\"style-css-av-kpbcq-62a342613e6de1c10ae7992cba711c80\">\n.avia-image-container.av-kpbcq-62a342613e6de1c10ae7992cba711c80 .av-image-caption-overlay-center{\ncolor:#ffffff;\n}\n<\/style>\n<div  class='avia-image-container av-kpbcq-62a342613e6de1c10ae7992cba711c80 av-styling-no-styling avia-align-center  avia-builder-el-28  avia-builder-el-no-sibling  '  itemprop=\"image\" itemscope=\"itemscope\" itemtype=\"https:\/\/schema.org\/ImageObject\" ><div class=\"avia-image-container-inner\"><div class=\"avia-image-overlay-wrap\"><img decoding=\"async\" class='wp-image-3629 avia-img-lazy-loading-not-3629 avia_image' src=\"https:\/\/alptek.com.tr\/tr\/wp-content\/uploads\/2024\/01\/establish-safety-culture-alptek.jpg\" alt='' title='establish-safety-culture-alptek'  height=\"621\" width=\"475\"  itemprop=\"thumbnailUrl\" srcset=\"https:\/\/alptek.com.tr\/tr\/wp-content\/uploads\/2024\/01\/establish-safety-culture-alptek.jpg 475w, https:\/\/alptek.com.tr\/tr\/wp-content\/uploads\/2024\/01\/establish-safety-culture-alptek-229x300.jpg 229w\" sizes=\"(max-width: 475px) 100vw, 475px\" \/><\/div><\/div><\/div><\/div>\n<\/div><\/div><div class=\"flex_cell no_margin av_three_fourth  avia-builder-el-29  el_after_av_cell_one_fourth  avia-builder-el-last   av-zero-padding \"  style='vertical-align:top; padding:0; ' ><div class='flex_cell_inner' ><p>\n<style type=\"text\/css\" id=\"style-css-av-lqxlo5wm-98d3893015f6785aa76b5227e3ab8767\">\n.flex_column.av-lqxlo5wm-98d3893015f6785aa76b5227e3ab8767{\npadding:3% 0 3% 40px;\n}\n<\/style>\n<div class='flex_column av-lqxlo5wm-98d3893015f6785aa76b5227e3ab8767 av_one_full  avia-builder-el-30  el_before_av_one_third  avia-builder-el-first  border-header-nvst first no_margin flex_column_div '   ><style type=\"text\/css\" id=\"style-css-av-lqxljhd1-7ff9358e7847ea83efd5a558c2aa6270\">\n#top .av-special-heading.av-lqxljhd1-7ff9358e7847ea83efd5a558c2aa6270{\npadding-bottom:10px;\nfont-size:32px;\n}\n.av-special-heading.av-lqxljhd1-7ff9358e7847ea83efd5a558c2aa6270 .av-subheading{\nfont-size:15px;\n}\n<\/style>\n<div  class='av-special-heading av-lqxljhd1-7ff9358e7847ea83efd5a558c2aa6270 av-special-heading-h2 blockquote modern-quote modern-centered  avia-builder-el-31  avia-builder-el-no-sibling  av-thin-font av-inherit-size '><h2 class='av-special-heading-tag '  itemprop=\"headline\"  ><strong>G\u00fcvenlik K\u00fclt\u00fcr\u00fc Olu\u015fturun<\/strong><\/h2><div class='av-subheading av-subheading_below '><p>\u201c\u0130\u015fyeri G\u00fcvenli\u011fi\u201dni standartlarla hayata ge\u00e7irin<\/p>\n<\/div><div class='special-heading-border'><div class='special-heading-inner-border'><\/div><\/div><\/div><\/div>\n<style type=\"text\/css\" id=\"style-css-av-37t3iy-728a688d67ac187d150cb53dd6df4a31\">\n#top .flex_column.av-37t3iy-728a688d67ac187d150cb53dd6df4a31{\nmargin-top:120px;\n}\n.flex_column.av-37t3iy-728a688d67ac187d150cb53dd6df4a31{\npadding:0 0 0 40px;\n}\n<\/style>\n<div class='flex_column av-37t3iy-728a688d67ac187d150cb53dd6df4a31 av_one_third  avia-builder-el-32  el_after_av_one_full  el_before_av_one_third  first flex_column_div column-top-margin'   ><section class=\"av_textblock_section \"  itemscope=\"itemscope\" itemtype=\"https:\/\/schema.org\/CreativeWork\" ><div class='avia_textblock  '  style='font-size:18px; '  itemprop=\"text\" ><p><strong style=\"color: #000;\">G\u00fcvenlik Bilincinin Yay\u0131lmas\u0131<\/strong><\/p>\n<ul>\n<li>Kat\u0131l\u0131m\u0131 te\u015fvik edin<\/li>\n<li>E\u011fitim program\u0131n\u0131 geli\u015ftirin<\/li>\n<li>\u00c7e\u015fitli materyaller geli\u015ftirin<\/li>\n<\/ul>\n<\/div><\/section><\/div>\n<style type=\"text\/css\" id=\"style-css-av-lqxln2u4-924aec5067d71430071f4dad97320cf0\">\n#top .flex_column.av-lqxln2u4-924aec5067d71430071f4dad97320cf0{\nmargin-top:120px;\n}\n.flex_column.av-lqxln2u4-924aec5067d71430071f4dad97320cf0{\npadding:0 0 0 40px;\n}\n<\/style>\n<div class='flex_column av-lqxln2u4-924aec5067d71430071f4dad97320cf0 av_one_third  avia-builder-el-34  el_after_av_one_third  el_before_av_one_third  flex_column_div column-top-margin'   ><section class=\"av_textblock_section \"  itemscope=\"itemscope\" itemtype=\"https:\/\/schema.org\/CreativeWork\" ><div class='avia_textblock  '  style='font-size:18px; '  itemprop=\"text\" ><p><strong style=\"color: #000;\">Etkin Denetim ve \u0130yile\u015ftirme<\/strong><\/p>\n<ul>\n<li>Y\u00fcksek riskli projeleri destekleyin<\/li>\n<li>Y\u00f6netim sistemlerini geli\u015ftirin<\/li>\n<li>Faaliyetleri ve prosed\u00fcrleri iyile\u015ftirin<\/li>\n<\/ul>\n<\/div><\/section><\/div>\n<style type=\"text\/css\" id=\"style-css-av-lqxln8sh-e85d9c8a8cb69972e7f81c797ccafc03\">\n#top .flex_column.av-lqxln8sh-e85d9c8a8cb69972e7f81c797ccafc03{\nmargin-top:120px;\n}\n.flex_column.av-lqxln8sh-e85d9c8a8cb69972e7f81c797ccafc03{\npadding:0 0 0 40px;\n}\n<\/style>\n<div class='flex_column av-lqxln8sh-e85d9c8a8cb69972e7f81c797ccafc03 av_one_third  avia-builder-el-36  el_after_av_one_third  avia-builder-el-last  flex_column_div column-top-margin'   ><section class=\"av_textblock_section \"  itemscope=\"itemscope\" itemtype=\"https:\/\/schema.org\/CreativeWork\" ><div class='avia_textblock  '  style='font-size:18px; '  itemprop=\"text\" ><p><strong style=\"color: #000;\">Kurallar ve Prosed\u00fcrleri Yerine Getirin<\/strong><\/p>\n<ul>\n<li>D\u00fczenlemelere uyun<\/li>\n<li>\u0130\u015fe ba\u015flamadan \u00f6nce kontrol \u00e7al\u0131\u015fmalar\u0131 yap\u0131n<\/li>\n<li>\u0130\u015fyeri denetimine odaklan\u0131n<\/li>\n<\/ul>\n<\/div><\/section><\/div><\/p>\n<\/div><\/div><\/div>\n<style type=\"text\/css\" id=\"style-css-av-lr6btliv-f2ce789ff82b36321d27f49407e3f827\">\n.avia-section.av-lr6btliv-f2ce789ff82b36321d27f49407e3f827{\nbackground-repeat:no-repeat;\nbackground-image:url(https:\/\/alptek.com.tr\/tr\/wp-content\/uploads\/2024\/01\/safety-first-excellence-always-alptek.png);\nbackground-position:bottom center;\nbackground-attachment:scroll;\n}\n<\/style>\n<div id='av_section_4'  class='avia-section av-lr6btliv-f2ce789ff82b36321d27f49407e3f827 main_color avia-section-default avia-no-border-styling  avia-builder-el-38  el_after_av_layout_row  avia-builder-el-last  avia-bg-style-scroll  container_wrap sidebar_right'  data-section-bg-repeat='no-repeat'><div class='container av-section-cont-open' ><div class='template-page content  av-content-small alpha units'><div class='post-entry post-entry-type-page post-entry-663'><div class='entry-content-wrapper clearfix'>\n\n<style type=\"text\/css\" id=\"style-css-av-lr6buxob-74920cb13008c148809ba35b5d275ae2\">\n#top .hr.hr-invisible.av-lr6buxob-74920cb13008c148809ba35b5d275ae2{\nheight:350px;\n}\n<\/style>\n<div  class='hr av-lr6buxob-74920cb13008c148809ba35b5d275ae2 hr-invisible  avia-builder-el-39  el_before_av_textblock  avia-builder-el-first  '><span class='hr-inner '><span class=\"hr-inner-style\"><\/span><\/span><\/div>\n<section class=\"av_textblock_section \"  itemscope=\"itemscope\" itemtype=\"https:\/\/schema.org\/CreativeWork\" ><div class='avia_textblock  av_inherit_color '  style='font-size:30px; color:#333333; '  itemprop=\"text\" ><p style=\"text-align: center;\">\u2018\u2019<strong>&#8221;\u00d6nce G\u00fcvenlik, Her Zaman M\u00fckemmellik:<\/strong> Sa\u011fl\u0131kl\u0131 ve G\u00fcvenlik Y\u00f6netimi Taahh\u00fcd\u00fcm\u00fcz&#8221;<\/p>\n<\/div><\/section>\n<\/div><\/div><\/div><!-- close content main div --><\/div><\/div><div id='after_section_4'  class='main_color av_default_container_wrap container_wrap sidebar_right'  ><div class='container av-section-cont-open' ><div class='template-page content  av-content-small alpha units'><div class='post-entry post-entry-type-page post-entry-663'><div class='entry-content-wrapper clearfix'><\/p>\n","protected":false},"excerpt":{"rendered":"","protected":false},"author":1,"featured_media":0,"parent":0,"menu_order":0,"comment_status":"closed","ping_status":"closed","template":"","meta":{"footnotes":""},"_links":{"self":[{"href":"https:\/\/alptek.com.tr\/tr\/wp-json\/wp\/v2\/pages\/663"}],"collection":[{"href":"https:\/\/alptek.com.tr\/tr\/wp-json\/wp\/v2\/pages"}],"about":[{"href":"https:\/\/alptek.com.tr\/tr\/wp-json\/wp\/v2\/types\/page"}],"author":[{"embeddable":true,"href":"https:\/\/alptek.com.tr\/tr\/wp-json\/wp\/v2\/users\/1"}],"replies":[{"embeddable":true,"href":"https:\/\/alptek.com.tr\/tr\/wp-json\/wp\/v2\/comments?post=663"}],"version-history":[{"count":13,"href":"https:\/\/alptek.com.tr\/tr\/wp-json\/wp\/v2\/pages\/663\/revisions"}],"predecessor-version":[{"id":3564,"href":"https:\/\/alptek.com.tr\/tr\/wp-json\/wp\/v2\/pages\/663\/revisions\/3564"}],"wp:attachment":[{"href":"https:\/\/alptek.com.tr\/tr\/wp-json\/wp\/v2\/media?parent=663"}],"curies":[{"name":"wp","href":"https:\/\/api.w.org\/{rel}","templated":true}]}}