{"id":6437,"date":"2024-02-01T13:21:55","date_gmt":"2024-02-01T13:21:55","guid":{"rendered":"https:\/\/alptek.com.tr\/?page_id=6437"},"modified":"2024-11-08T13:19:28","modified_gmt":"2024-11-08T13:19:28","slug":"temiz-oda-gecis-kutusu","status":"publish","type":"page","link":"https:\/\/alptek.com.tr\/tr\/temiz-oda-cozumleri\/temiz-oda-gecis-kutusu\/","title":{"rendered":"Temiz Oda Ge\u00e7i\u015f Kutusu"},"content":{"rendered":"<div id='av_section_1'  class='avia-section av-397bed-48ed5a66c511a5784b49fe20ae626b3e main_color avia-section-default avia-no-border-styling  avia-builder-el-0  el_before_av_section  avia-builder-el-first  avia-bg-style-scroll  container_wrap sidebar_right'  ><div class='container av-section-cont-open' ><main  role=\"main\" itemprop=\"mainContentOfPage\"  class='template-page content  av-content-small alpha units'><div class='post-entry post-entry-type-page post-entry-6437'><div class='entry-content-wrapper clearfix'>\n\n<style type=\"text\/css\" id=\"style-css-av-ls38zrgt-c65b7184b62d31091dad665efe761e03\">\n.avia-image-container.av-ls38zrgt-c65b7184b62d31091dad665efe761e03 .av-image-caption-overlay-center{\ncolor:#ffffff;\n}\n<\/style>\n<div  class='avia-image-container av-ls38zrgt-c65b7184b62d31091dad665efe761e03 av-styling- avia-align-center  avia-builder-el-1  el_before_av_heading  avia-builder-el-first  '  itemprop=\"image\" itemscope=\"itemscope\" itemtype=\"https:\/\/schema.org\/ImageObject\" ><div class=\"avia-image-container-inner\"><div class=\"avia-image-overlay-wrap\"><img decoding=\"async\" class='wp-image-6440 avia-img-lazy-loading-not-6440 avia_image' src=\"https:\/\/alptek.com.tr\/tr\/wp-content\/uploads\/2024\/02\/cleanroom-pass-box-alptek.jpg\" alt='' title='cleanroom-pass-box-alptek'  height=\"373\" width=\"638\"  itemprop=\"thumbnailUrl\" srcset=\"https:\/\/alptek.com.tr\/tr\/wp-content\/uploads\/2024\/02\/cleanroom-pass-box-alptek.jpg 638w, https:\/\/alptek.com.tr\/tr\/wp-content\/uploads\/2024\/02\/cleanroom-pass-box-alptek-300x175.jpg 300w\" sizes=\"(max-width: 638px) 100vw, 638px\" \/><\/div><\/div><\/div>\n\n<style type=\"text\/css\" id=\"style-css-av-ls38yjto-7a396e1532b6e992d99a17ff88ba3559\">\n#top .av-special-heading.av-ls38yjto-7a396e1532b6e992d99a17ff88ba3559{\npadding-bottom:10px;\nfont-size:32px;\n}\n<\/style>\n<div  class='av-special-heading av-ls38yjto-7a396e1532b6e992d99a17ff88ba3559 av-special-heading-h1 blockquote modern-quote modern-centered  avia-builder-el-2  el_after_av_image  el_before_av_hr  av-inherit-size '><h1 class='av-special-heading-tag '  itemprop=\"headline\"  >TEM\u0130Z ODA GE\u00c7\u0130\u015e KUTUSU<\/h1><div class='special-heading-border'><div class='special-heading-inner-border'><\/div><\/div><\/div>\n\n<style type=\"text\/css\" id=\"style-css-av-ls38yz5w-9bccff63ea2426fbe7ee27e97ad92651\">\n.hr.av-ls38yz5w-9bccff63ea2426fbe7ee27e97ad92651{\nmargin-top:0px !important;\nmargin-bottom:30px;\n}\n.hr.av-ls38yz5w-9bccff63ea2426fbe7ee27e97ad92651 .hr-inner{\nwidth:100px;\nborder-color:#9c9b9b;\n}\n<\/style>\n<div  class='hr av-ls38yz5w-9bccff63ea2426fbe7ee27e97ad92651 hr-custom  avia-builder-el-3  el_after_av_heading  avia-builder-el-last  hr-center hr-icon-no '><span class='hr-inner inner-border-av-border-fat'><span class=\"hr-inner-style\"><\/span><\/span><\/div>\n\n<\/div><\/div><\/main><!-- close content main element --><\/div><\/div>\n<style type=\"text\/css\" id=\"style-css-av-38io1x-83032d75fd2d3ac1f58995f6a1e1cefa\">\n.avia-section.av-38io1x-83032d75fd2d3ac1f58995f6a1e1cefa{\nbackground-color:#f7f7f7;\n}\n<\/style>\n<div id='av_section_2'  class='avia-section av-38io1x-83032d75fd2d3ac1f58995f6a1e1cefa main_color avia-section-default avia-no-border-styling  avia-builder-el-4  el_after_av_section  el_before_av_section  avia-bg-style-scroll  container_wrap sidebar_right'  ><div class='container av-section-cont-open' ><div class='template-page content  av-content-small alpha units'><div class='post-entry post-entry-type-page post-entry-6437'><div class='entry-content-wrapper clearfix'>\n\n<style type=\"text\/css\" id=\"style-css-av-ls391rga-fe21f85a47e49a6b495b68a9d0dd7cd9\">\n.avia-image-container.av-ls391rga-fe21f85a47e49a6b495b68a9d0dd7cd9 .av-image-caption-overlay-center{\ncolor:#ffffff;\n}\n<\/style>\n<div  class='avia-image-container av-ls391rga-fe21f85a47e49a6b495b68a9d0dd7cd9 av-styling- avia-align-center  avia-builder-el-5  el_before_av_textblock  avia-builder-el-first  '  itemprop=\"image\" itemscope=\"itemscope\" itemtype=\"https:\/\/schema.org\/ImageObject\" ><div class=\"avia-image-container-inner\"><div class=\"avia-image-overlay-wrap\"><img decoding=\"async\" class='wp-image-6645 avia-img-lazy-loading-not-6645 avia_image' src=\"https:\/\/alptek.com.tr\/tr\/wp-content\/uploads\/2024\/02\/static-or-passive-pass-box-alptek.png\" alt='' title='static-or-passive-pass-box-alptek'  height=\"370\" width=\"450\"  itemprop=\"thumbnailUrl\" srcset=\"https:\/\/alptek.com.tr\/tr\/wp-content\/uploads\/2024\/02\/static-or-passive-pass-box-alptek.png 450w, https:\/\/alptek.com.tr\/tr\/wp-content\/uploads\/2024\/02\/static-or-passive-pass-box-alptek-300x247.png 300w\" sizes=\"(max-width: 450px) 100vw, 450px\" \/><\/div><\/div><\/div>\n<section class=\"av_textblock_section \"  itemscope=\"itemscope\" itemtype=\"https:\/\/schema.org\/CreativeWork\" ><div class='avia_textblock  av_inherit_color '  style='font-size:18px; color:#000000; '  itemprop=\"text\" ><p><strong style=\"font-size: 24px;\">Statik veya Pasif Ge\u00e7i\u015f Kutusu<\/strong><\/p>\n<p>Statik Ge\u00e7i\u015f Kutusu, temiz odalarda ve benzeri kontroll\u00fc ortamlarda kullan\u0131lan bir ekipmand\u0131r. Bu kutu, malzeme aktar\u0131m\u0131 s\u0131ras\u0131nda ortamdaki partik\u00fcl ve kirlili\u011fin d\u00fc\u015f\u00fck seviyede tutulmas\u0131 i\u00e7in tasarlanm\u0131\u015ft\u0131r. &#8220;Statik&#8221; terimi, aktar\u0131m s\u0131ras\u0131nda kutu i\u00e7indeki havan\u0131n ve di\u011fer ko\u015fullar\u0131n sabit kald\u0131\u011f\u0131n\u0131 ifade eder.<\/p>\n<\/div><\/section>\n\n<\/div><\/div><\/div><!-- close content main div --><\/div><\/div><div id='av_section_3'  class='avia-section av-5g5tn9-ea88e89872c03bdc1bec0da8a93b6546 main_color avia-section-default avia-no-border-styling  avia-builder-el-7  el_after_av_section  el_before_av_postcontent  avia-bg-style-scroll  container_wrap sidebar_right'  ><div class='container av-section-cont-open' ><div class='template-page content  av-content-small alpha units'><div class='post-entry post-entry-type-page post-entry-6437'><div class='entry-content-wrapper clearfix'>\n\n<style type=\"text\/css\" id=\"style-css-av-4g10xx-41f07951929b2cc87137053947d392a1\">\n.avia-image-container.av-4g10xx-41f07951929b2cc87137053947d392a1 .av-image-caption-overlay-center{\ncolor:#ffffff;\n}\n<\/style>\n<div  class='avia-image-container av-4g10xx-41f07951929b2cc87137053947d392a1 av-styling- avia-align-center  avia-builder-el-8  el_before_av_textblock  avia-builder-el-first  '  itemprop=\"image\" itemscope=\"itemscope\" itemtype=\"https:\/\/schema.org\/ImageObject\" ><div class=\"avia-image-container-inner\"><div class=\"avia-image-overlay-wrap\"><img decoding=\"async\" class='wp-image-6647 avia-img-lazy-loading-not-6647 avia_image' src=\"https:\/\/alptek.com.tr\/tr\/wp-content\/uploads\/2024\/02\/dynamic-pass-box-alptek.png\" alt='' title='dynamic-pass-box-alptek'  height=\"412\" width=\"344\"  itemprop=\"thumbnailUrl\" srcset=\"https:\/\/alptek.com.tr\/tr\/wp-content\/uploads\/2024\/02\/dynamic-pass-box-alptek.png 344w, https:\/\/alptek.com.tr\/tr\/wp-content\/uploads\/2024\/02\/dynamic-pass-box-alptek-250x300.png 250w\" sizes=\"(max-width: 344px) 100vw, 344px\" \/><\/div><\/div><\/div>\n<section class=\"av_textblock_section \"  itemscope=\"itemscope\" itemtype=\"https:\/\/schema.org\/CreativeWork\" ><div class='avia_textblock  av_inherit_color '  style='font-size:18px; color:#000000; '  itemprop=\"text\" ><p><strong style=\"font-size: 24px;\">Dinamik Ge\u00e7i\u015f Kutusu<\/strong><\/p>\n<p>&#8220;Dinamik Ge\u00e7i\u015f Kutusu&#8221;, temiz odalar gibi kontroll\u00fc ortamlarda kullan\u0131lan bir aparatt\u0131r. Bu tip ge\u00e7i\u015f kutusu, malzeme aktar\u0131m\u0131 s\u0131ras\u0131nda ortamdaki partik\u00fcl ve kirlilik seviyelerini en aza indirecek \u015fekilde tasarlanm\u0131\u015ft\u0131r. &#8220;Dinamik&#8221; terimi, aktarma i\u015flemi s\u0131ras\u0131nda bu kutunun i\u00e7indeki havan\u0131n ve di\u011fer ko\u015fullar\u0131n de\u011fi\u015febilece\u011fini belirtir. Dinamik Ge\u00e7i\u015f Kutular\u0131, mikroelektronik \u00fcretimi, laboratuvar ara\u015ft\u0131rmas\u0131, farmas\u00f6tik \u00fcretim gibi d\u00fc\u015f\u00fck kontaminasyon seviyelerinin korunmas\u0131n\u0131n \u00e7ok \u00f6nemli oldu\u011fu hassas ortamlarda kullan\u0131l\u0131r. Bu kutular malzeme aktar\u0131m\u0131 s\u0131ras\u0131nda \u00e7evre kirlili\u011fini en aza indirmek ve \u00e7al\u0131\u015fma ortam\u0131n\u0131n temizli\u011fini korumak i\u00e7in \u00f6zel olarak tasarlanm\u0131\u015ft\u0131r.<\/p>\n<\/div><\/section>\n\n[av_section min_height='' min_height_pc='25' min_height_px='500px' padding='default' margin='' custom_margin='0px' svg_div_top='' svg_div_top_color='#333333' svg_div_top_width='100' svg_div_top_height='50' svg_div_top_max_height='none' svg_div_top_flip='' svg_div_top_invert='' svg_div_top_front='' svg_div_top_opacity='' svg_div_top_preview='' svg_div_bottom='' svg_div_bottom_color='#333333' svg_div_bottom_width='100' svg_div_bottom_height='50' svg_div_bottom_max_height='none' svg_div_bottom_flip='' svg_div_bottom_invert='' svg_div_bottom_front='' svg_div_bottom_opacity='' svg_div_bottom_preview='' color='main_color' background='bg_color' custom_bg='' background_gradient_direction='vertical' background_gradient_color1='#000000' background_gradient_color2='#ffffff' background_gradient_color3='' src='' attach='scroll' position='top left' repeat='no-repeat' video='' video_ratio='16:9' video_mobile_disabled='' overlay_enable='' overlay_opacity='0.5' overlay_color='' overlay_pattern='' overlay_custom_pattern='' shadow='no-border-styling' bottom_border='no-border-styling' bottom_border_diagonal_color='#333333' bottom_border_diagonal_direction='' bottom_border_style='' scroll_down='' custom_arrow_bg='' av-desktop-hide='' av-medium-hide='' av-small-hide='' av-mini-hide='' id='' custom_class='' template_class='' aria_label='' av_element_hidden_in_editor='0' av_uid='av-6x4clf' sc_version='1.0']\r\n\r\n[av_one_half first min_height='' vertical_alignment='av-align-top' space='' row_boxshadow='' row_boxshadow_color='' row_boxshadow_width='10' custom_margin='' margin='0px' mobile_breaking='' min_col_height='' padding='' svg_div_top='' svg_div_top_color='#333333' svg_div_top_width='100' svg_div_top_height='50' svg_div_top_max_height='none' svg_div_top_flip='' svg_div_top_invert='' svg_div_top_front='' svg_div_top_opacity='' svg_div_top_preview='' svg_div_bottom='' svg_div_bottom_color='#333333' svg_div_bottom_width='100' svg_div_bottom_height='50' svg_div_bottom_max_height='none' svg_div_bottom_flip='' svg_div_bottom_invert='' svg_div_bottom_front='' svg_div_bottom_opacity='' svg_div_bottom_preview='' border='' border_style='solid' border_color='' radius='' column_boxshadow='' column_boxshadow_color='' column_boxshadow_width='10' background='bg_color' background_color='' background_gradient_direction='vertical' background_gradient_color1='#000000' background_gradient_color2='#ffffff' background_gradient_color3='' src='' background_position='top left' background_repeat='no-repeat' highlight='' highlight_size='' animation='' link='' linktarget='' link_hover='' title_attr='' alt_attr='' mobile_display='' id='' custom_class='' template_class='' aria_label='' av_uid='av-57iewz' sc_version='1.0']\r\n\r\n[av_icon_box icon='ue854' font='entypo-fontello' title='TELEFON' position='top' icon_style='' boxed='' font_color='' custom_title='' custom_content='' color='' custom_bg='' custom_font='' custom_border='' custom_title_size='' av-medium-font-size-title='' av-small-font-size-title='' av-mini-font-size-title='' custom_content_size='' av-medium-font-size='' av-small-font-size='' av-mini-font-size='' heading_tag='' heading_class='' link='manually,tel:02165401772' linktarget='' linkelement='both' id='' custom_class='' template_class='' av_uid='av-3tsi6r' sc_version='1.0' admin_preview_bg='']\r\n<a href=\"tel:02165401772\">+90 (216) 540 17 72<\/a>\r\n[\/av_icon_box]\r\n\r\n[\/av_one_half][av_one_half min_height='' vertical_alignment='av-align-top' space='' row_boxshadow='' row_boxshadow_color='' row_boxshadow_width='10' custom_margin='' margin='0px' mobile_breaking='' min_col_height='' padding='' svg_div_top='' svg_div_top_color='#333333' svg_div_top_width='100' svg_div_top_height='50' svg_div_top_max_height='none' svg_div_top_flip='' svg_div_top_invert='' svg_div_top_front='' svg_div_top_opacity='' svg_div_top_preview='' svg_div_bottom='' svg_div_bottom_color='#333333' svg_div_bottom_width='100' svg_div_bottom_height='50' svg_div_bottom_max_height='none' svg_div_bottom_flip='' svg_div_bottom_invert='' svg_div_bottom_front='' svg_div_bottom_opacity='' svg_div_bottom_preview='' border='' border_style='solid' border_color='' radius='' column_boxshadow='' column_boxshadow_color='' column_boxshadow_width='10' background='bg_color' background_color='' background_gradient_direction='vertical' background_gradient_color1='#000000' background_gradient_color2='#ffffff' background_gradient_color3='' src='' background_position='top left' background_repeat='no-repeat' highlight='' highlight_size='' animation='' link='' linktarget='' link_hover='' title_attr='' alt_attr='' mobile_display='' id='' custom_class='' template_class='' aria_label='' av_uid='av-2fqt2r' sc_version='1.0']\r\n\r\n[av_icon_box icon='ue805' font='entypo-fontello' title='TEKL\u0130F AL' position='top' icon_style='' boxed='' font_color='' custom_title='' custom_content='' color='' custom_bg='' custom_font='' custom_border='' custom_title_size='' av-medium-font-size-title='' av-small-font-size-title='' av-mini-font-size-title='' custom_content_size='' av-medium-font-size='' av-small-font-size='' av-mini-font-size='' heading_tag='' heading_class='' link='manually,https:\/\/alptek.com.tr\/tr\/contactform\/?iframe=true' linktarget='' linkelement='both' id='' custom_class='' template_class='' av_uid='av-m3700cyk' sc_version='1.0' admin_preview_bg='']\r\n<a href=\"https:\/\/alptek.com.tr\/tr\/contactform\/?iframe=true\">B\u0130ZE ULA\u015eIN<\/a>\r\n[\/av_icon_box]\r\n\r\n[\/av_one_half][\/av_section]\n","protected":false},"excerpt":{"rendered":"","protected":false},"author":2,"featured_media":0,"parent":3417,"menu_order":0,"comment_status":"closed","ping_status":"closed","template":"","meta":{"footnotes":""},"_links":{"self":[{"href":"https:\/\/alptek.com.tr\/tr\/wp-json\/wp\/v2\/pages\/6437"}],"collection":[{"href":"https:\/\/alptek.com.tr\/tr\/wp-json\/wp\/v2\/pages"}],"about":[{"href":"https:\/\/alptek.com.tr\/tr\/wp-json\/wp\/v2\/types\/page"}],"author":[{"embeddable":true,"href":"https:\/\/alptek.com.tr\/tr\/wp-json\/wp\/v2\/users\/2"}],"replies":[{"embeddable":true,"href":"https:\/\/alptek.com.tr\/tr\/wp-json\/wp\/v2\/comments?post=6437"}],"version-history":[{"count":17,"href":"https:\/\/alptek.com.tr\/tr\/wp-json\/wp\/v2\/pages\/6437\/revisions"}],"predecessor-version":[{"id":7751,"href":"https:\/\/alptek.com.tr\/tr\/wp-json\/wp\/v2\/pages\/6437\/revisions\/7751"}],"up":[{"embeddable":true,"href":"https:\/\/alptek.com.tr\/tr\/wp-json\/wp\/v2\/pages\/3417"}],"wp:attachment":[{"href":"https:\/\/alptek.com.tr\/tr\/wp-json\/wp\/v2\/media?parent=6437"}],"curies":[{"name":"wp","href":"https:\/\/api.w.org\/{rel}","templated":true}]}}