{"id":6410,"date":"2024-02-01T13:11:16","date_gmt":"2024-02-01T13:11:16","guid":{"rendered":"https:\/\/alptek.com.tr\/?page_id=6410"},"modified":"2024-11-08T13:18:35","modified_gmt":"2024-11-08T13:18:35","slug":"temiz-oda-tavan-sistemleri","status":"publish","type":"page","link":"https:\/\/alptek.com.tr\/tr\/temiz-oda-cozumleri\/temiz-oda-tavan-sistemleri\/","title":{"rendered":"Temiz Oda Tavan Sistemleri"},"content":{"rendered":"<div id='layer_slider_1'  class='avia-layerslider main_color avia-shadow  avia-builder-el-0  el_before_av_section  avia-builder-el-first  container_wrap sidebar_right'  style='height: 666px; max-width: 1920px; margin: 0 auto;'  ><\/div>\n<div id='av_section_1'  class='avia-section av-2wgfbe-96194a48f8a70e8816c024e403168d64 main_color avia-section-default avia-no-border-styling  avia-builder-el-1  el_after_av_layerslider  el_before_av_section  avia-bg-style-scroll  container_wrap sidebar_right'  ><div class='container av-section-cont-open' ><div class='template-page content  av-content-small alpha units'><div class='post-entry post-entry-type-page post-entry-6410'><div class='entry-content-wrapper clearfix'>\n\n<style type=\"text\/css\" id=\"style-css-av-ls38n2bx-6cb9499d78cc5c36003e8d2de355c242\">\n#top .av-special-heading.av-ls38n2bx-6cb9499d78cc5c36003e8d2de355c242{\npadding-bottom:10px;\nfont-size:32px;\n}\n<\/style>\n<div  class='av-special-heading av-ls38n2bx-6cb9499d78cc5c36003e8d2de355c242 av-special-heading-h1 blockquote modern-quote modern-centered  avia-builder-el-2  el_before_av_hr  avia-builder-el-first  av-inherit-size '><h1 class='av-special-heading-tag '  itemprop=\"headline\"  >TEM\u0130Z ODA TAVAN S\u0130STEMLER\u0130<\/h1><div class='special-heading-border'><div class='special-heading-inner-border'><\/div><\/div><\/div>\n\n<style type=\"text\/css\" id=\"style-css-av-ls38nk22-beac32f21adf3fd26deb640534dcc1c4\">\n.hr.av-ls38nk22-beac32f21adf3fd26deb640534dcc1c4{\nmargin-top:0px !important;\nmargin-bottom:30px;\n}\n.hr.av-ls38nk22-beac32f21adf3fd26deb640534dcc1c4 .hr-inner{\nwidth:100px;\nborder-color:#9c9b9b;\n}\n<\/style>\n<div  class='hr av-ls38nk22-beac32f21adf3fd26deb640534dcc1c4 hr-custom  avia-builder-el-3  el_after_av_heading  avia-builder-el-last  hr-center hr-icon-no '><span class='hr-inner inner-border-av-border-fat'><span class=\"hr-inner-style\"><\/span><\/span><\/div>\n\n<\/div><\/div><\/div><!-- close content main div --><\/div><\/div>\n<style type=\"text\/css\" id=\"style-css-av-333epm-0543a490c2c4eb8cb30138b92f01ecea\">\n.avia-section.av-333epm-0543a490c2c4eb8cb30138b92f01ecea{\nbackground-color:#f7f7f7;\n}\n<\/style>\n<div id='av_section_2'  class='avia-section av-333epm-0543a490c2c4eb8cb30138b92f01ecea main_color avia-section-default avia-no-border-styling  avia-builder-el-4  el_after_av_section  el_before_av_section  avia-bg-style-scroll  container_wrap sidebar_right'  ><div class='container av-section-cont-open' ><div class='template-page content  av-content-small alpha units'><div class='post-entry post-entry-type-page post-entry-6410'><div class='entry-content-wrapper clearfix'>\n\n<style type=\"text\/css\" id=\"style-css-av-ls38qh6i-bbac15a6d380ff1df3dfe25fe01372b9\">\n.avia-image-container.av-ls38qh6i-bbac15a6d380ff1df3dfe25fe01372b9 .av-image-caption-overlay-center{\ncolor:#ffffff;\n}\n<\/style>\n<div  class='avia-image-container av-ls38qh6i-bbac15a6d380ff1df3dfe25fe01372b9 av-styling- avia-align-center  avia-builder-el-5  el_before_av_heading  avia-builder-el-first  '  itemprop=\"image\" itemscope=\"itemscope\" itemtype=\"https:\/\/schema.org\/ImageObject\" ><div class=\"avia-image-container-inner\"><div class=\"avia-image-overlay-wrap\"><img decoding=\"async\" class='wp-image-6433 avia-img-lazy-loading-not-6433 avia_image' src=\"https:\/\/alptek.com.tr\/tr\/wp-content\/uploads\/2024\/02\/hygienic-walk-in-ceilings-alptek.jpg\" alt='' title='hygienic-walk-in-ceilings-alptek'  height=\"313\" width=\"605\"  itemprop=\"thumbnailUrl\" srcset=\"https:\/\/alptek.com.tr\/tr\/wp-content\/uploads\/2024\/02\/hygienic-walk-in-ceilings-alptek.jpg 605w, https:\/\/alptek.com.tr\/tr\/wp-content\/uploads\/2024\/02\/hygienic-walk-in-ceilings-alptek-300x155.jpg 300w\" sizes=\"(max-width: 605px) 100vw, 605px\" \/><\/div><\/div><\/div>\n\n<style type=\"text\/css\" id=\"style-css-av-ls38qom4-03a8f915072a37472cb879df689cd06b\">\n#top .av-special-heading.av-ls38qom4-03a8f915072a37472cb879df689cd06b{\npadding-bottom:10px;\nfont-size:24px;\n}\n<\/style>\n<div  class='av-special-heading av-ls38qom4-03a8f915072a37472cb879df689cd06b av-special-heading-h2 blockquote modern-quote  avia-builder-el-6  el_after_av_image  el_before_av_textblock  av-inherit-size '><h2 class='av-special-heading-tag '  itemprop=\"headline\"  >Hijyenik Walk-In Tavanlar<\/h2><div class='special-heading-border'><div class='special-heading-inner-border'><\/div><\/div><\/div>\n<section class=\"av_textblock_section \"  itemscope=\"itemscope\" itemtype=\"https:\/\/schema.org\/CreativeWork\" ><div class='avia_textblock  '  style='font-size:18px; '  itemprop=\"text\" ><p>Temiz Oda ve GMP standartlar\u0131na uygun olarak tasarlanm\u0131\u015f, y\u00fcr\u00fcnebilir b\u00f6lme panelleri ile asma tavan yap\u0131m\u0131 amac\u0131yla kritik hijyen g\u00fcvenli\u011fi gerektiren alanlara y\u00f6nelik tavan b\u00f6l\u00fcmleri geli\u015ftirilmi\u015ftir. B\u00f6lme panelleri ile olu\u015fturulan y\u00fcr\u00fcnebilir tavanlar, binan\u0131n mevcut tavan veya \u00e7at\u0131 b\u00f6l\u00fcmlerine \u00f6zel ask\u0131 ba\u011flant\u0131 par\u00e7alar\u0131 ve destekleyici profil sistemi kullan\u0131larak tutturulur. Bu sayede \u00fcretim s\u00fcre\u00e7lerini aksatmadan asma tavan \u00fczerinde y\u00fcr\u00fcyerek mekanik ve elektrik sistemlere eri\u015fim sa\u011flanabilmektedir. B\u00f6lme panellerinin her iki y\u00fczeyi de p\u00fcr\u00fczs\u00fcz ve d\u00fcz olup, anti-bakteriyel \u00f6zelliklere sahip Y\u00fcksek Bas\u0131n\u00e7l\u0131 Laminat (HPL) levhalarla kaplanm\u0131\u015ft\u0131r. Ayr\u0131ca m\u00fc\u015fteri tercihine g\u00f6re panel y\u00fczeylerinde Galvaniz, Al\u00fcminyum veya Cam Elyaf Takviyeli Polyester gibi farkl\u0131 malzemeler de tercih edilebilmektedir. B\u00f6lme panelleri y\u00fcksek izolasyonlu izolat\u00f6rler (EPS, Ta\u015f Y\u00fcn\u00fc vb.) i\u00e7eren kompozit bir yap\u0131ya sahiptir. Birlikte kullan\u0131lan di\u011fer t\u00fcm paneller, destek profilleri, armat\u00fcrler ve HEPA filtre kutular\u0131 ile uyumlu olarak tasarlanm\u0131\u015ft\u0131r.<\/p>\n<\/div><\/section>\n\n<\/div><\/div><\/div><!-- close content main div --><\/div><\/div><div id='av_section_3'  class='avia-section av-2dl75m-0d65ed81875a2a4cbe9e70294fbfc7f1 main_color avia-section-default avia-no-border-styling  avia-builder-el-8  el_after_av_section  el_before_av_postcontent  avia-bg-style-scroll  container_wrap sidebar_right'  ><div class='container av-section-cont-open' ><div class='template-page content  av-content-small alpha units'><div class='post-entry post-entry-type-page post-entry-6410'><div class='entry-content-wrapper clearfix'>\n\n<style type=\"text\/css\" id=\"style-css-av-ls38tnvu-658d13572b34804cb4a22ed8e759953e\">\n.avia-image-container.av-ls38tnvu-658d13572b34804cb4a22ed8e759953e .av-image-caption-overlay-center{\ncolor:#ffffff;\n}\n<\/style>\n<div  class='avia-image-container av-ls38tnvu-658d13572b34804cb4a22ed8e759953e av-styling- avia-align-center  avia-builder-el-9  el_before_av_heading  avia-builder-el-first  '  itemprop=\"image\" itemscope=\"itemscope\" itemtype=\"https:\/\/schema.org\/ImageObject\" ><div class=\"avia-image-container-inner\"><div class=\"avia-image-overlay-wrap\"><img decoding=\"async\" class='wp-image-6435 avia-img-lazy-loading-not-6435 avia_image' src=\"https:\/\/alptek.com.tr\/tr\/wp-content\/uploads\/2024\/02\/hygienic-ceilings-cleanroom-ceilings-systems-alptek.jpg\" alt='' title='hygienic-ceilings-cleanroom-ceilings-systems-alptek'  height=\"326\" width=\"712\"  itemprop=\"thumbnailUrl\" srcset=\"https:\/\/alptek.com.tr\/tr\/wp-content\/uploads\/2024\/02\/hygienic-ceilings-cleanroom-ceilings-systems-alptek.jpg 712w, https:\/\/alptek.com.tr\/tr\/wp-content\/uploads\/2024\/02\/hygienic-ceilings-cleanroom-ceilings-systems-alptek-300x137.jpg 300w, https:\/\/alptek.com.tr\/tr\/wp-content\/uploads\/2024\/02\/hygienic-ceilings-cleanroom-ceilings-systems-alptek-710x326.jpg 710w, https:\/\/alptek.com.tr\/tr\/wp-content\/uploads\/2024\/02\/hygienic-ceilings-cleanroom-ceilings-systems-alptek-705x323.jpg 705w\" sizes=\"(max-width: 712px) 100vw, 712px\" \/><\/div><\/div><\/div>\n\n<style type=\"text\/css\" id=\"style-css-av-ls38tur1-ba17552a2c7551b991998e342395f840\">\n#top .av-special-heading.av-ls38tur1-ba17552a2c7551b991998e342395f840{\npadding-bottom:10px;\nfont-size:24px;\n}\n<\/style>\n<div  class='av-special-heading av-ls38tur1-ba17552a2c7551b991998e342395f840 av-special-heading-h2 blockquote modern-quote  avia-builder-el-10  el_after_av_image  el_before_av_textblock  av-inherit-size '><h2 class='av-special-heading-tag '  itemprop=\"headline\"  >Hijyenik Tavanlar<\/h2><div class='special-heading-border'><div class='special-heading-inner-border'><\/div><\/div><\/div>\n<section class=\"av_textblock_section \"  itemscope=\"itemscope\" itemtype=\"https:\/\/schema.org\/CreativeWork\" ><div class='avia_textblock  '  style='font-size:18px; '  itemprop=\"text\" ><p>GMP standartlar\u0131na uygun olarak \u00fcretilen hijyenik tavan sistemi, temiz oda asma tavan sistemleri, hem 600x600mm hem de 600x1200mm panel ebatlar\u0131nda armat\u00fcr ve HEPA filtre boyutlar\u0131na uyacak \u015fekilde tasarlanm\u0131\u015ft\u0131r. Her bir panel kolayl\u0131kla yerinden \u00e7\u0131kar\u0131labildi\u011finden, elektrik ve mekanik tesisatlara ili\u015fkin bak\u0131m ve onar\u0131m m\u00fcdahaleleri temiz oda alanlar\u0131 i\u00e7erisinden kolayl\u0131kla ger\u00e7ekle\u015ftirilebilmektedir.<\/p>\n<\/div><\/section>\n\n[av_section min_height='' min_height_pc='25' min_height_px='500px' padding='default' margin='' custom_margin='0px' svg_div_top='' svg_div_top_color='#333333' svg_div_top_width='100' svg_div_top_height='50' svg_div_top_max_height='none' svg_div_top_flip='' svg_div_top_invert='' svg_div_top_front='' svg_div_top_opacity='' svg_div_top_preview='' svg_div_bottom='' svg_div_bottom_color='#333333' svg_div_bottom_width='100' svg_div_bottom_height='50' svg_div_bottom_max_height='none' svg_div_bottom_flip='' svg_div_bottom_invert='' svg_div_bottom_front='' svg_div_bottom_opacity='' svg_div_bottom_preview='' color='main_color' background='bg_color' custom_bg='' background_gradient_direction='vertical' background_gradient_color1='#000000' background_gradient_color2='#ffffff' background_gradient_color3='' src='' attach='scroll' position='top left' repeat='no-repeat' video='' video_ratio='16:9' video_mobile_disabled='' overlay_enable='' overlay_opacity='0.5' overlay_color='' overlay_pattern='' overlay_custom_pattern='' shadow='no-border-styling' bottom_border='no-border-styling' bottom_border_diagonal_color='#333333' bottom_border_diagonal_direction='' bottom_border_style='' scroll_down='' custom_arrow_bg='' av-desktop-hide='' av-medium-hide='' av-small-hide='' av-mini-hide='' id='' custom_class='' template_class='' aria_label='' av_element_hidden_in_editor='0' av_uid='av-6x4clf' sc_version='1.0']\r\n\r\n[av_one_half first min_height='' vertical_alignment='av-align-top' space='' row_boxshadow='' row_boxshadow_color='' row_boxshadow_width='10' custom_margin='' margin='0px' mobile_breaking='' min_col_height='' padding='' svg_div_top='' svg_div_top_color='#333333' svg_div_top_width='100' svg_div_top_height='50' svg_div_top_max_height='none' svg_div_top_flip='' svg_div_top_invert='' svg_div_top_front='' svg_div_top_opacity='' svg_div_top_preview='' svg_div_bottom='' svg_div_bottom_color='#333333' svg_div_bottom_width='100' svg_div_bottom_height='50' svg_div_bottom_max_height='none' svg_div_bottom_flip='' svg_div_bottom_invert='' svg_div_bottom_front='' svg_div_bottom_opacity='' svg_div_bottom_preview='' border='' border_style='solid' border_color='' radius='' column_boxshadow='' column_boxshadow_color='' column_boxshadow_width='10' background='bg_color' background_color='' background_gradient_direction='vertical' background_gradient_color1='#000000' background_gradient_color2='#ffffff' background_gradient_color3='' src='' background_position='top left' background_repeat='no-repeat' highlight='' highlight_size='' animation='' link='' linktarget='' link_hover='' title_attr='' alt_attr='' mobile_display='' id='' custom_class='' template_class='' aria_label='' av_uid='av-57iewz' sc_version='1.0']\r\n\r\n[av_icon_box icon='ue854' font='entypo-fontello' title='TELEFON' position='top' icon_style='' boxed='' font_color='' custom_title='' custom_content='' color='' custom_bg='' custom_font='' custom_border='' custom_title_size='' av-medium-font-size-title='' av-small-font-size-title='' av-mini-font-size-title='' custom_content_size='' av-medium-font-size='' av-small-font-size='' av-mini-font-size='' heading_tag='' heading_class='' link='manually,tel:02165401772' linktarget='' linkelement='both' id='' custom_class='' template_class='' av_uid='av-3tsi6r' sc_version='1.0' admin_preview_bg='']\r\n<a href=\"tel:02165401772\">+90 (216) 540 17 72<\/a>\r\n[\/av_icon_box]\r\n\r\n[\/av_one_half][av_one_half min_height='' vertical_alignment='av-align-top' space='' row_boxshadow='' row_boxshadow_color='' row_boxshadow_width='10' custom_margin='' margin='0px' mobile_breaking='' min_col_height='' padding='' svg_div_top='' svg_div_top_color='#333333' svg_div_top_width='100' svg_div_top_height='50' svg_div_top_max_height='none' svg_div_top_flip='' svg_div_top_invert='' svg_div_top_front='' svg_div_top_opacity='' svg_div_top_preview='' svg_div_bottom='' svg_div_bottom_color='#333333' svg_div_bottom_width='100' svg_div_bottom_height='50' svg_div_bottom_max_height='none' svg_div_bottom_flip='' svg_div_bottom_invert='' svg_div_bottom_front='' svg_div_bottom_opacity='' svg_div_bottom_preview='' border='' border_style='solid' border_color='' radius='' column_boxshadow='' column_boxshadow_color='' column_boxshadow_width='10' background='bg_color' background_color='' background_gradient_direction='vertical' background_gradient_color1='#000000' background_gradient_color2='#ffffff' background_gradient_color3='' src='' background_position='top left' background_repeat='no-repeat' highlight='' highlight_size='' animation='' link='' linktarget='' link_hover='' title_attr='' alt_attr='' mobile_display='' id='' custom_class='' template_class='' aria_label='' av_uid='av-2fqt2r' sc_version='1.0']\r\n\r\n[av_icon_box icon='ue805' font='entypo-fontello' title='TEKL\u0130F AL' position='top' icon_style='' boxed='' font_color='' custom_title='' custom_content='' color='' custom_bg='' custom_font='' custom_border='' custom_title_size='' av-medium-font-size-title='' av-small-font-size-title='' av-mini-font-size-title='' custom_content_size='' av-medium-font-size='' av-small-font-size='' av-mini-font-size='' heading_tag='' heading_class='' link='manually,https:\/\/alptek.com.tr\/tr\/contactform\/?iframe=true' linktarget='' linkelement='both' id='' custom_class='' template_class='' av_uid='av-m3700cyk' sc_version='1.0' admin_preview_bg='']\r\n<a href=\"https:\/\/alptek.com.tr\/tr\/contactform\/?iframe=true\">B\u0130ZE ULA\u015eIN<\/a>\r\n[\/av_icon_box]\r\n\r\n[\/av_one_half][\/av_section]\n","protected":false},"excerpt":{"rendered":"","protected":false},"author":2,"featured_media":0,"parent":3417,"menu_order":0,"comment_status":"closed","ping_status":"closed","template":"","meta":{"footnotes":""},"_links":{"self":[{"href":"https:\/\/alptek.com.tr\/tr\/wp-json\/wp\/v2\/pages\/6410"}],"collection":[{"href":"https:\/\/alptek.com.tr\/tr\/wp-json\/wp\/v2\/pages"}],"about":[{"href":"https:\/\/alptek.com.tr\/tr\/wp-json\/wp\/v2\/types\/page"}],"author":[{"embeddable":true,"href":"https:\/\/alptek.com.tr\/tr\/wp-json\/wp\/v2\/users\/2"}],"replies":[{"embeddable":true,"href":"https:\/\/alptek.com.tr\/tr\/wp-json\/wp\/v2\/comments?post=6410"}],"version-history":[{"count":12,"href":"https:\/\/alptek.com.tr\/tr\/wp-json\/wp\/v2\/pages\/6410\/revisions"}],"predecessor-version":[{"id":7750,"href":"https:\/\/alptek.com.tr\/tr\/wp-json\/wp\/v2\/pages\/6410\/revisions\/7750"}],"up":[{"embeddable":true,"href":"https:\/\/alptek.com.tr\/tr\/wp-json\/wp\/v2\/pages\/3417"}],"wp:attachment":[{"href":"https:\/\/alptek.com.tr\/tr\/wp-json\/wp\/v2\/media?parent=6410"}],"curies":[{"name":"wp","href":"https:\/\/api.w.org\/{rel}","templated":true}]}}