{"id":6390,"date":"2024-02-01T12:45:07","date_gmt":"2024-02-01T12:45:07","guid":{"rendered":"https:\/\/alptek.com.tr\/?page_id=6390"},"modified":"2024-11-08T13:15:06","modified_gmt":"2024-11-08T13:15:06","slug":"temiz-oda-kapi-sistemleri","status":"publish","type":"page","link":"https:\/\/alptek.com.tr\/tr\/temiz-oda-cozumleri\/temiz-oda-kapi-sistemleri\/","title":{"rendered":"Temiz Oda Kap\u0131 Sistemleri"},"content":{"rendered":"<div id='layer_slider_1'  class='avia-layerslider main_color avia-shadow  avia-builder-el-0  el_before_av_section  avia-builder-el-first  container_wrap sidebar_right'  style='height: 666px; max-width: 1920px; margin: 0 auto;'  ><\/div>\n<div id='av_section_1'  class='avia-section av-5em3fq-14a41db0af17ac2ee28a9ffd0a2ab399 main_color avia-section-default avia-no-border-styling  avia-builder-el-1  el_after_av_layerslider  el_before_av_section  avia-bg-style-scroll  container_wrap sidebar_right'  ><div class='container av-section-cont-open' ><div class='template-page content  av-content-small alpha units'><div class='post-entry post-entry-type-page post-entry-6390'><div class='entry-content-wrapper clearfix'>\n\n<style type=\"text\/css\" id=\"style-css-av-ls37mq86-d08c3a2c0da16505ab20906cf4b504f5\">\n#top .av-special-heading.av-ls37mq86-d08c3a2c0da16505ab20906cf4b504f5{\npadding-bottom:10px;\nfont-size:32px;\n}\n<\/style>\n<div  class='av-special-heading av-ls37mq86-d08c3a2c0da16505ab20906cf4b504f5 av-special-heading-h1 blockquote modern-quote modern-centered  avia-builder-el-2  el_before_av_hr  avia-builder-el-first  av-inherit-size '><h1 class='av-special-heading-tag '  itemprop=\"headline\"  >TEM\u0130Z ODA KAPI S\u0130STEMLER\u0130<\/h1><div class='special-heading-border'><div class='special-heading-inner-border'><\/div><\/div><\/div>\n\n<style type=\"text\/css\" id=\"style-css-av-ls37n32l-6679263d24012d9f1da04db86c319da6\">\n.hr.av-ls37n32l-6679263d24012d9f1da04db86c319da6{\nmargin-top:0px !important;\nmargin-bottom:30px;\n}\n.hr.av-ls37n32l-6679263d24012d9f1da04db86c319da6 .hr-inner{\nwidth:100px;\nborder-color:#9c9b9b;\n}\n<\/style>\n<div  class='hr av-ls37n32l-6679263d24012d9f1da04db86c319da6 hr-custom  avia-builder-el-3  el_after_av_heading  el_before_av_one_half  hr-center hr-icon-no '><span class='hr-inner inner-border-av-border-fat'><span class=\"hr-inner-style\"><\/span><\/span><\/div>\n<div class='flex_column_table av-4xg62e-82c99edc32f2518fa7528dbbc0e7faa2 sc-av_one_half av-equal-height-column-flextable'>\n<style type=\"text\/css\" id=\"style-css-av-4xg62e-82c99edc32f2518fa7528dbbc0e7faa2\">\n.flex_column.av-4xg62e-82c99edc32f2518fa7528dbbc0e7faa2{\npadding:2% 2% 2% 2%;\nbackground-color:#f7f7f7;\n}\n<\/style>\n<div class='flex_column av-4xg62e-82c99edc32f2518fa7528dbbc0e7faa2 av_one_half  avia-builder-el-4  el_after_av_hr  el_before_av_one_half  first no_margin flex_column_table_cell av-equal-height-column av-align-top '   ><style type=\"text\/css\" id=\"style-css-av-ls37p84n-12d1b3c845c1a86ecbf25d87fe0adc20\">\n.avia-image-container.av-ls37p84n-12d1b3c845c1a86ecbf25d87fe0adc20 .av-image-caption-overlay-center{\ncolor:#ffffff;\n}\n<\/style>\n<div  class='avia-image-container av-ls37p84n-12d1b3c845c1a86ecbf25d87fe0adc20 av-styling- avia-align-center  avia-builder-el-5  avia-builder-el-no-sibling  '  itemprop=\"image\" itemscope=\"itemscope\" itemtype=\"https:\/\/schema.org\/ImageObject\" ><div class=\"avia-image-container-inner\"><div class=\"avia-image-overlay-wrap\"><img decoding=\"async\" class='wp-image-6394 avia-img-lazy-loading-not-6394 avia_image' src=\"https:\/\/alptek.com.tr\/tr\/wp-content\/uploads\/2024\/02\/cleanroom-door-systemes-double-leaf-clean-room-doors.jpg\" alt='' title='cleanroom-door-systemes-double-leaf-clean-room-doors-alptek'  height=\"513\" width=\"444\"  itemprop=\"thumbnailUrl\" srcset=\"https:\/\/alptek.com.tr\/tr\/wp-content\/uploads\/2024\/02\/cleanroom-door-systemes-double-leaf-clean-room-doors.jpg 444w, https:\/\/alptek.com.tr\/tr\/wp-content\/uploads\/2024\/02\/cleanroom-door-systemes-double-leaf-clean-room-doors-260x300.jpg 260w\" sizes=\"(max-width: 444px) 100vw, 444px\" \/><\/div><\/div><\/div><\/div>\n<style type=\"text\/css\" id=\"style-css-av-1ui1hi-c45f8208640a811b70cf6557f7c0e74e\">\n.flex_column.av-1ui1hi-c45f8208640a811b70cf6557f7c0e74e{\npadding:2% 2% 2% 2%;\nbackground-color:#f7f7f7;\n}\n<\/style>\n<div class='flex_column av-1ui1hi-c45f8208640a811b70cf6557f7c0e74e av_one_half  avia-builder-el-6  el_after_av_one_half  avia-builder-el-last  no_margin flex_column_table_cell av-equal-height-column av-align-top '   ><p>\n<style type=\"text\/css\" id=\"style-css-av-ls4a4pmr-783f6661006cb8069d52c05dde99f9ce\">\n#top .av-special-heading.av-ls4a4pmr-783f6661006cb8069d52c05dde99f9ce{\npadding-bottom:10px;\nfont-size:24px;\n}\n<\/style>\n<div  class='av-special-heading av-ls4a4pmr-783f6661006cb8069d52c05dde99f9ce av-special-heading-h2 blockquote modern-quote  avia-builder-el-7  el_before_av_textblock  avia-builder-el-first  av-inherit-size '><h2 class='av-special-heading-tag '  itemprop=\"headline\"  >\u00c7ift Kanatl\u0131 Temiz Oda Kap\u0131lar\u0131<\/h2><div class='special-heading-border'><div class='special-heading-inner-border'><\/div><\/div><\/div><br \/>\n<section class=\"av_textblock_section \"  itemscope=\"itemscope\" itemtype=\"https:\/\/schema.org\/CreativeWork\" ><div class='avia_textblock  av_inherit_color '  style='font-size:18px; color:#000000; '  itemprop=\"text\" ><ul>\n<li>Temiz oda kap\u0131lar\u0131, \u00e7a\u011fda\u015f tasar\u0131m ve esteti\u011fi y\u00fcksek akustik ve termal performansla birle\u015ftiren, hava ge\u00e7irmez, g\u0131daya uygun kap\u0131lard\u0131r.<\/li>\n<li><strong>Uygulamalar:<\/strong> \u0130la\u00e7 end\u00fcstrisi, hastaneler, klinikler, temiz odalar, muayenehaneler, g\u0131da haz\u0131rlama alanlar\u0131.<\/li>\n<\/ul>\n<\/div><\/section><\/p><\/div><\/div><!--close column table wrapper. Autoclose: 1 -->\n\n<\/div><\/div><\/div><!-- close content main div --><\/div><\/div><div id='av_section_2'  class='avia-section av-ar9bna-ed09866ea90f468627843ea458f2f3b6 main_color avia-section-default avia-no-border-styling  avia-builder-el-9  el_after_av_section  el_before_av_section  avia-bg-style-scroll  container_wrap sidebar_right'  ><div class='container av-section-cont-open' ><div class='template-page content  av-content-small alpha units'><div class='post-entry post-entry-type-page post-entry-6390'><div class='entry-content-wrapper clearfix'>\n<div class='flex_column av-9dn9t2-af60acb05b7935ac004e12442aad3512 av_one_half  avia-builder-el-10  el_before_av_one_half  avia-builder-el-first  first flex_column_div '   ><p>\n<style type=\"text\/css\" id=\"style-css-av-ls4a5tmv-e03c65ff4282f84f4209c78e5a877908\">\n#top .av-special-heading.av-ls4a5tmv-e03c65ff4282f84f4209c78e5a877908{\npadding-bottom:10px;\nfont-size:24px;\n}\n<\/style>\n<div  class='av-special-heading av-ls4a5tmv-e03c65ff4282f84f4209c78e5a877908 av-special-heading-h2 blockquote modern-quote  avia-builder-el-11  el_before_av_textblock  avia-builder-el-first  av-inherit-size '><h2 class='av-special-heading-tag '  itemprop=\"headline\"  >Tek Kanatl\u0131 Temiz Oda Kap\u0131lar\u0131<\/h2><div class='special-heading-border'><div class='special-heading-inner-border'><\/div><\/div><\/div><br \/>\n<section class=\"av_textblock_section \"  itemscope=\"itemscope\" itemtype=\"https:\/\/schema.org\/CreativeWork\" ><div class='avia_textblock  av_inherit_color '  style='font-size:18px; color:#000000; '  itemprop=\"text\" ><ul>\n<li>Temiz oda kap\u0131lar\u0131, \u00e7a\u011fda\u015f tasar\u0131m ve esteti\u011fi y\u00fcksek akustik ve termal performansla birle\u015ftiren, hava ge\u00e7irmez, g\u0131daya uygun kap\u0131lard\u0131r.<\/li>\n<li><strong>Uygulamalar:<\/strong> \u0130la\u00e7 end\u00fcstrisi, hastaneler, klinikler, temiz odalar, muayenehaneler, g\u0131da haz\u0131rlama alanlar\u0131.<\/li>\n<\/ul>\n<\/div><\/section><\/p><\/div><div class='flex_column av-7vzwhi-5bf53fdb4ac8babf8656a6602d15cc30 av_one_half  avia-builder-el-13  el_after_av_one_half  avia-builder-el-last  flex_column_div '   ><style type=\"text\/css\" id=\"style-css-av-ls382fiw-79ce7cefb0801f9527f476b9df0794a5\">\n.avia-image-container.av-ls382fiw-79ce7cefb0801f9527f476b9df0794a5 .av-image-caption-overlay-center{\ncolor:#ffffff;\n}\n<\/style>\n<div  class='avia-image-container av-ls382fiw-79ce7cefb0801f9527f476b9df0794a5 av-styling- avia-align-center  avia-builder-el-14  avia-builder-el-no-sibling  '  itemprop=\"image\" itemscope=\"itemscope\" itemtype=\"https:\/\/schema.org\/ImageObject\" ><div class=\"avia-image-container-inner\"><div class=\"avia-image-overlay-wrap\"><img decoding=\"async\" class='wp-image-6400 avia-img-lazy-loading-not-6400 avia_image' src=\"https:\/\/alptek.com.tr\/tr\/wp-content\/uploads\/2024\/02\/single-leaf-clean-room-doors.jpg\" alt='' title='single-leaf-clean-room-doors-alptek'  height=\"513\" width=\"444\"  itemprop=\"thumbnailUrl\" srcset=\"https:\/\/alptek.com.tr\/tr\/wp-content\/uploads\/2024\/02\/single-leaf-clean-room-doors.jpg 444w, https:\/\/alptek.com.tr\/tr\/wp-content\/uploads\/2024\/02\/single-leaf-clean-room-doors-260x300.jpg 260w\" sizes=\"(max-width: 444px) 100vw, 444px\" \/><\/div><\/div><\/div><\/div>\n\n<\/div><\/div><\/div><!-- close content main div --><\/div><\/div><div id='av_section_3'  class='avia-section av-55k3bq-02e85b7033571b8f04a164e950fd217c main_color avia-section-default avia-no-border-styling  avia-builder-el-15  el_after_av_section  el_before_av_postcontent  avia-bg-style-scroll  container_wrap sidebar_right'  ><div class='container av-section-cont-open' ><div class='template-page content  av-content-small alpha units'><div class='post-entry post-entry-type-page post-entry-6390'><div class='entry-content-wrapper clearfix'>\n<div class='flex_column_table av-402lw6-8428e43c1ba6c79a648687bc975d8731 sc-av_one_half av-equal-height-column-flextable'>\n<style type=\"text\/css\" id=\"style-css-av-402lw6-8428e43c1ba6c79a648687bc975d8731\">\n.flex_column.av-402lw6-8428e43c1ba6c79a648687bc975d8731{\npadding:2% 2% 2% 2%;\nbackground-color:#f7f7f7;\n}\n<\/style>\n<div class='flex_column av-402lw6-8428e43c1ba6c79a648687bc975d8731 av_one_half  avia-builder-el-16  el_before_av_one_half  avia-builder-el-first  first no_margin flex_column_table_cell av-equal-height-column av-align-top '   ><style type=\"text\/css\" id=\"style-css-av-ls3846xa-3100c61fafa1444847be43f5d4cd2376\">\n.avia-image-container.av-ls3846xa-3100c61fafa1444847be43f5d4cd2376 .av-image-caption-overlay-center{\ncolor:#ffffff;\n}\n<\/style>\n<div  class='avia-image-container av-ls3846xa-3100c61fafa1444847be43f5d4cd2376 av-styling- avia-align-center  avia-builder-el-17  avia-builder-el-no-sibling  '  itemprop=\"image\" itemscope=\"itemscope\" itemtype=\"https:\/\/schema.org\/ImageObject\" ><div class=\"avia-image-container-inner\"><div class=\"avia-image-overlay-wrap\"><img decoding=\"async\" class='wp-image-6401 avia-img-lazy-loading-not-6401 avia_image' src=\"https:\/\/alptek.com.tr\/tr\/wp-content\/uploads\/2024\/02\/sliding-doors-hermetic-alptek.jpg\" alt='' title='sliding-doors-hermetic-alptek'  height=\"513\" width=\"433\"  itemprop=\"thumbnailUrl\" srcset=\"https:\/\/alptek.com.tr\/tr\/wp-content\/uploads\/2024\/02\/sliding-doors-hermetic-alptek.jpg 433w, https:\/\/alptek.com.tr\/tr\/wp-content\/uploads\/2024\/02\/sliding-doors-hermetic-alptek-253x300.jpg 253w\" sizes=\"(max-width: 433px) 100vw, 433px\" \/><\/div><\/div><\/div><\/div>\n<style type=\"text\/css\" id=\"style-css-av-23kh12-62797d20a10bdc860646aa34c9fba3e9\">\n.flex_column.av-23kh12-62797d20a10bdc860646aa34c9fba3e9{\npadding:2% 2% 2% 2%;\nbackground-color:#f7f7f7;\n}\n<\/style>\n<div class='flex_column av-23kh12-62797d20a10bdc860646aa34c9fba3e9 av_one_half  avia-builder-el-18  el_after_av_one_half  avia-builder-el-last  no_margin flex_column_table_cell av-equal-height-column av-align-top '   ><p>\n<style type=\"text\/css\" id=\"style-css-av-ls4a6lt9-87e3d388fe6a1451586c58e7688a5cf0\">\n#top .av-special-heading.av-ls4a6lt9-87e3d388fe6a1451586c58e7688a5cf0{\npadding-bottom:10px;\nfont-size:24px;\n}\n<\/style>\n<div  class='av-special-heading av-ls4a6lt9-87e3d388fe6a1451586c58e7688a5cf0 av-special-heading-h2 blockquote modern-quote  avia-builder-el-19  el_before_av_textblock  avia-builder-el-first  av-inherit-size '><h2 class='av-special-heading-tag '  itemprop=\"headline\"  >S\u00fcrg\u00fcl\u00fc Kap\u0131lar-Hermetik<\/h2><div class='special-heading-border'><div class='special-heading-inner-border'><\/div><\/div><\/div><br \/>\n<section class=\"av_textblock_section \"  itemscope=\"itemscope\" itemtype=\"https:\/\/schema.org\/CreativeWork\" ><div class='avia_textblock  av_inherit_color '  style='font-size:18px; color:#000000; '  itemprop=\"text\" ><ul>\n<li>Kritik hijyen g\u00fcvenli\u011fi gerektiren alanlar\u0131n kontrol\u00fc i\u00e7in geli\u015ftirilen \u00f6zel tasar\u0131ml\u0131, y\u00fcksek s\u0131zd\u0131rmazl\u0131k seviyesine sahip kayar kap\u0131lar, Temiz Oda ve GMP standartlar\u0131na uygundur.<\/li>\n<li>Al\u00fcminyum \u00e7er\u00e7eveli Hermetik Kap\u0131lar\u0131n y\u00fczeyleri d\u00fcz ve p\u00fcr\u00fczs\u00fcz olup, antibakteriyel \u00f6zelli\u011fe sahip Y\u00fcksek Bas\u0131n\u00e7l\u0131 Laminat (HPL) levhalarla kaplanm\u0131\u015ft\u0131r.<\/li>\n<li>Hermetik Kap\u0131lar, k\u00f6\u015feleri yuvarlat\u0131lm\u0131\u015f, toz ve bakteri birikimini \u00f6nleyen eloksall\u0131 al\u00fcminyum kap\u0131 \u00e7er\u00e7evesi, titizlikle tasarlanm\u0131\u015f \u00e7er\u00e7eve detaylar\u0131 ve farkl\u0131 duvar kal\u0131nl\u0131klar\u0131na g\u00f6re ayarlanabilen montaj profillerine sahiptir. Farkl\u0131 kal\u0131nl\u0131ktaki duvarlara kolayl\u0131kla monte edilebilirler.<\/li>\n<\/ul>\n<\/div><\/section><\/p><\/div><\/div><!--close column table wrapper. Autoclose: 1 -->\n\n[av_section min_height='' min_height_pc='25' min_height_px='500px' padding='default' margin='' custom_margin='0px' svg_div_top='' svg_div_top_color='#333333' svg_div_top_width='100' svg_div_top_height='50' svg_div_top_max_height='none' svg_div_top_flip='' svg_div_top_invert='' svg_div_top_front='' svg_div_top_opacity='' svg_div_top_preview='' svg_div_bottom='' svg_div_bottom_color='#333333' svg_div_bottom_width='100' svg_div_bottom_height='50' svg_div_bottom_max_height='none' svg_div_bottom_flip='' svg_div_bottom_invert='' svg_div_bottom_front='' svg_div_bottom_opacity='' svg_div_bottom_preview='' color='main_color' background='bg_color' custom_bg='' background_gradient_direction='vertical' background_gradient_color1='#000000' background_gradient_color2='#ffffff' background_gradient_color3='' src='' attach='scroll' position='top left' repeat='no-repeat' video='' video_ratio='16:9' video_mobile_disabled='' overlay_enable='' overlay_opacity='0.5' overlay_color='' overlay_pattern='' overlay_custom_pattern='' shadow='no-border-styling' bottom_border='no-border-styling' bottom_border_diagonal_color='#333333' bottom_border_diagonal_direction='' bottom_border_style='' scroll_down='' custom_arrow_bg='' av-desktop-hide='' av-medium-hide='' av-small-hide='' av-mini-hide='' id='' custom_class='' template_class='' aria_label='' av_element_hidden_in_editor='0' av_uid='av-6x4clf' sc_version='1.0']\r\n\r\n[av_one_half first min_height='' vertical_alignment='av-align-top' space='' row_boxshadow='' row_boxshadow_color='' row_boxshadow_width='10' custom_margin='' margin='0px' mobile_breaking='' min_col_height='' padding='' svg_div_top='' svg_div_top_color='#333333' svg_div_top_width='100' svg_div_top_height='50' svg_div_top_max_height='none' svg_div_top_flip='' svg_div_top_invert='' svg_div_top_front='' svg_div_top_opacity='' svg_div_top_preview='' svg_div_bottom='' svg_div_bottom_color='#333333' svg_div_bottom_width='100' svg_div_bottom_height='50' svg_div_bottom_max_height='none' svg_div_bottom_flip='' svg_div_bottom_invert='' svg_div_bottom_front='' svg_div_bottom_opacity='' svg_div_bottom_preview='' border='' border_style='solid' border_color='' radius='' column_boxshadow='' column_boxshadow_color='' column_boxshadow_width='10' background='bg_color' background_color='' background_gradient_direction='vertical' background_gradient_color1='#000000' background_gradient_color2='#ffffff' background_gradient_color3='' src='' background_position='top left' background_repeat='no-repeat' highlight='' highlight_size='' animation='' link='' linktarget='' link_hover='' title_attr='' alt_attr='' mobile_display='' id='' custom_class='' template_class='' aria_label='' av_uid='av-57iewz' sc_version='1.0']\r\n\r\n[av_icon_box icon='ue854' font='entypo-fontello' title='TELEFON' position='top' icon_style='' boxed='' font_color='' custom_title='' custom_content='' color='' custom_bg='' custom_font='' custom_border='' custom_title_size='' av-medium-font-size-title='' av-small-font-size-title='' av-mini-font-size-title='' custom_content_size='' av-medium-font-size='' av-small-font-size='' av-mini-font-size='' heading_tag='' heading_class='' link='manually,tel:02165401772' linktarget='' linkelement='both' id='' custom_class='' template_class='' av_uid='av-3tsi6r' sc_version='1.0' admin_preview_bg='']\r\n<a href=\"tel:02165401772\">+90 (216) 540 17 72<\/a>\r\n[\/av_icon_box]\r\n\r\n[\/av_one_half][av_one_half min_height='' vertical_alignment='av-align-top' space='' row_boxshadow='' row_boxshadow_color='' row_boxshadow_width='10' custom_margin='' margin='0px' mobile_breaking='' min_col_height='' padding='' svg_div_top='' svg_div_top_color='#333333' svg_div_top_width='100' svg_div_top_height='50' svg_div_top_max_height='none' svg_div_top_flip='' svg_div_top_invert='' svg_div_top_front='' svg_div_top_opacity='' svg_div_top_preview='' svg_div_bottom='' svg_div_bottom_color='#333333' svg_div_bottom_width='100' svg_div_bottom_height='50' svg_div_bottom_max_height='none' svg_div_bottom_flip='' svg_div_bottom_invert='' svg_div_bottom_front='' svg_div_bottom_opacity='' svg_div_bottom_preview='' border='' border_style='solid' border_color='' radius='' column_boxshadow='' column_boxshadow_color='' column_boxshadow_width='10' background='bg_color' background_color='' background_gradient_direction='vertical' background_gradient_color1='#000000' background_gradient_color2='#ffffff' background_gradient_color3='' src='' background_position='top left' background_repeat='no-repeat' highlight='' highlight_size='' animation='' link='' linktarget='' link_hover='' title_attr='' alt_attr='' mobile_display='' id='' custom_class='' template_class='' aria_label='' av_uid='av-2fqt2r' sc_version='1.0']\r\n\r\n[av_icon_box icon='ue805' font='entypo-fontello' title='TEKL\u0130F AL' position='top' icon_style='' boxed='' font_color='' custom_title='' custom_content='' color='' custom_bg='' custom_font='' custom_border='' custom_title_size='' av-medium-font-size-title='' av-small-font-size-title='' av-mini-font-size-title='' custom_content_size='' av-medium-font-size='' av-small-font-size='' av-mini-font-size='' heading_tag='' heading_class='' link='manually,https:\/\/alptek.com.tr\/tr\/contactform\/?iframe=true' linktarget='' linkelement='both' id='' custom_class='' template_class='' av_uid='av-m3700cyk' sc_version='1.0' admin_preview_bg='']\r\n<a href=\"https:\/\/alptek.com.tr\/tr\/contactform\/?iframe=true\">B\u0130ZE ULA\u015eIN<\/a>\r\n[\/av_icon_box]\r\n\r\n[\/av_one_half][\/av_section]\n","protected":false},"excerpt":{"rendered":"","protected":false},"author":2,"featured_media":0,"parent":3417,"menu_order":0,"comment_status":"closed","ping_status":"closed","template":"","meta":{"footnotes":""},"_links":{"self":[{"href":"https:\/\/alptek.com.tr\/tr\/wp-json\/wp\/v2\/pages\/6390"}],"collection":[{"href":"https:\/\/alptek.com.tr\/tr\/wp-json\/wp\/v2\/pages"}],"about":[{"href":"https:\/\/alptek.com.tr\/tr\/wp-json\/wp\/v2\/types\/page"}],"author":[{"embeddable":true,"href":"https:\/\/alptek.com.tr\/tr\/wp-json\/wp\/v2\/users\/2"}],"replies":[{"embeddable":true,"href":"https:\/\/alptek.com.tr\/tr\/wp-json\/wp\/v2\/comments?post=6390"}],"version-history":[{"count":20,"href":"https:\/\/alptek.com.tr\/tr\/wp-json\/wp\/v2\/pages\/6390\/revisions"}],"predecessor-version":[{"id":7747,"href":"https:\/\/alptek.com.tr\/tr\/wp-json\/wp\/v2\/pages\/6390\/revisions\/7747"}],"up":[{"embeddable":true,"href":"https:\/\/alptek.com.tr\/tr\/wp-json\/wp\/v2\/pages\/3417"}],"wp:attachment":[{"href":"https:\/\/alptek.com.tr\/tr\/wp-json\/wp\/v2\/media?parent=6390"}],"curies":[{"name":"wp","href":"https:\/\/api.w.org\/{rel}","templated":true}]}}