{"id":6370,"date":"2024-02-01T12:27:46","date_gmt":"2024-02-01T12:27:46","guid":{"rendered":"https:\/\/alptek.com.tr\/?page_id=6370"},"modified":"2024-11-08T13:12:59","modified_gmt":"2024-11-08T13:12:59","slug":"temiz-oda-bms-sistemi","status":"publish","type":"page","link":"https:\/\/alptek.com.tr\/tr\/temiz-oda-cozumleri\/temiz-oda-bms-sistemi\/","title":{"rendered":"Temiz Oda Bms Sistemi"},"content":{"rendered":"<div id='layer_slider_1'  class='avia-layerslider main_color avia-shadow  avia-builder-el-0  el_before_av_section  avia-builder-el-first  container_wrap sidebar_right'  style='height: 666px; max-width: 1920px; margin: 0 auto;'  ><\/div>\n<div id='av_section_1'  class='avia-section av-288xtu-fd67be1e820fb2ebe597694cd0aa0a6a main_color avia-section-default avia-no-border-styling  avia-builder-el-1  el_after_av_layerslider  el_before_av_section  avia-bg-style-scroll  container_wrap sidebar_right'  ><div class='container av-section-cont-open' ><div class='template-page content  av-content-small alpha units'><div class='post-entry post-entry-type-page post-entry-6370'><div class='entry-content-wrapper clearfix'>\n\n<style type=\"text\/css\" id=\"style-css-av-ls3743om-53907d4e6831c76c548d8b783ea55f4a\">\n#top .av-special-heading.av-ls3743om-53907d4e6831c76c548d8b783ea55f4a{\npadding-bottom:10px;\nfont-size:32px;\n}\n<\/style>\n<div  class='av-special-heading av-ls3743om-53907d4e6831c76c548d8b783ea55f4a av-special-heading-h1 blockquote modern-quote modern-centered  avia-builder-el-2  el_before_av_hr  avia-builder-el-first  av-inherit-size '><h1 class='av-special-heading-tag '  itemprop=\"headline\"  >TEM\u0130Z ODA BMS S\u0130STEM\u0130<\/h1><div class='special-heading-border'><div class='special-heading-inner-border'><\/div><\/div><\/div>\n\n<style type=\"text\/css\" id=\"style-css-av-ls374oh7-e49dc0ae6088f05c1222f35f3a2a3fce\">\n.hr.av-ls374oh7-e49dc0ae6088f05c1222f35f3a2a3fce{\nmargin-top:0px;\nmargin-bottom:30px;\n}\n.hr.av-ls374oh7-e49dc0ae6088f05c1222f35f3a2a3fce .hr-inner{\nwidth:100px;\nborder-color:#9c9b9b;\n}\n<\/style>\n<div  class='hr av-ls374oh7-e49dc0ae6088f05c1222f35f3a2a3fce hr-custom  avia-builder-el-3  el_after_av_heading  el_before_av_textblock  hr-center hr-icon-no '><span class='hr-inner inner-border-av-border-fat'><span class=\"hr-inner-style\"><\/span><\/span><\/div>\n<section class=\"av_textblock_section \"  itemscope=\"itemscope\" itemtype=\"https:\/\/schema.org\/CreativeWork\" ><div class='avia_textblock  '  style='font-size:24px; '  itemprop=\"text\" ><p>Temizodalar end\u00fcstriyel ve bilimsel uygulamalarda \u00f6nemi y\u00fcksek kritik ortamlard\u0131r ve bu ortamlar\u0131n ba\u015far\u0131l\u0131 bir \u015fekilde \u00e7al\u0131\u015fmas\u0131 tam entegre ve \u00f6zel olarak tasarlanm\u0131\u015f BMS (Bina Y\u00f6netim Sistemi) sistemleri ile m\u00fcmk\u00fcn olmaktad\u0131r. Alptek&#8217;te uzman ekibimiz, m\u00fc\u015fterilerimizin benzersiz ihtiya\u00e7lar\u0131n\u0131 kar\u015f\u0131lamak i\u00e7in \u00f6zel temiz oda BMS (Bina Y\u00f6netim Sistemi) tasar\u0131m \u00e7\u00f6z\u00fcmleri ve dan\u0131\u015fmanl\u0131k hizmetleri sa\u011flama konusunda uzmanla\u015fm\u0131\u015ft\u0131r. Temiz oda BMS sistemlerinde kapsaml\u0131 uzmanl\u0131k sunarak, \u00f6zellikle m\u00fc\u015fteri gereksinimlerine uygun birinci s\u0131n\u0131f \u00e7\u00f6z\u00fcmler sa\u011fl\u0131yoruz.<\/p>\n<\/div><\/section>\n\n<\/div><\/div><\/div><!-- close content main div --><\/div><\/div><div id='av_section_2'  class='avia-section av-mz95e-e567d989d56bc566e65235d9c4c04198 main_color avia-section-default avia-no-border-styling  avia-builder-el-5  el_after_av_section  el_before_av_section  avia-bg-style-scroll  container_wrap sidebar_right'  ><div class='container av-section-cont-open' ><div class='template-page content  av-content-small alpha units'><div class='post-entry post-entry-type-page post-entry-6370'><div class='entry-content-wrapper clearfix'>\n\n<style type=\"text\/css\" id=\"style-css-av-ls378q7n-11d709f116c14b87b34fa4a9a3703a29\">\n.avia-image-container.av-ls378q7n-11d709f116c14b87b34fa4a9a3703a29 .av-image-caption-overlay-center{\ncolor:#ffffff;\n}\n<\/style>\n<div  class='avia-image-container av-ls378q7n-11d709f116c14b87b34fa4a9a3703a29 av-styling- avia-align-center  avia-builder-el-6  avia-builder-el-no-sibling  '  itemprop=\"image\" itemscope=\"itemscope\" itemtype=\"https:\/\/schema.org\/ImageObject\" ><div class=\"avia-image-container-inner\"><div class=\"avia-image-overlay-wrap\"><img decoding=\"async\" class='wp-image-6384 avia-img-lazy-loading-not-6384 avia_image' src=\"https:\/\/alptek.com.tr\/tr\/wp-content\/uploads\/2024\/02\/cleanroom-bms-system-alptek.jpg\" alt='' title='cleanroom-bms-system-alptek'  height=\"570\" width=\"940\"  itemprop=\"thumbnailUrl\" srcset=\"https:\/\/alptek.com.tr\/tr\/wp-content\/uploads\/2024\/02\/cleanroom-bms-system-alptek.jpg 940w, https:\/\/alptek.com.tr\/tr\/wp-content\/uploads\/2024\/02\/cleanroom-bms-system-alptek-300x182.jpg 300w, https:\/\/alptek.com.tr\/tr\/wp-content\/uploads\/2024\/02\/cleanroom-bms-system-alptek-768x466.jpg 768w, https:\/\/alptek.com.tr\/tr\/wp-content\/uploads\/2024\/02\/cleanroom-bms-system-alptek-705x428.jpg 705w\" sizes=\"(max-width: 940px) 100vw, 940px\" \/><\/div><\/div><\/div>\n\n<\/div><\/div><\/div><!-- close content main div --><\/div><\/div><div id='av_section_3'  class='avia-section av-499jgi-af3adb5b9101e330e51061e85c7a2e63 main_color avia-section-default avia-no-border-styling  avia-builder-el-7  el_after_av_section  el_before_av_postcontent  avia-bg-style-scroll  container_wrap sidebar_right'  ><div class='container av-section-cont-open' ><div class='template-page content  av-content-small alpha units'><div class='post-entry post-entry-type-page post-entry-6370'><div class='entry-content-wrapper clearfix'>\n\n<style type=\"text\/css\" id=\"style-css-av-ls379dxf-6aeb6ef546cff0c419c8b13da1c7e180\">\n#top .av-special-heading.av-ls379dxf-6aeb6ef546cff0c419c8b13da1c7e180{\npadding-bottom:10px;\ncolor:#333333;\nfont-size:32px;\n}\n.av-special-heading.av-ls379dxf-6aeb6ef546cff0c419c8b13da1c7e180 .special-heading-inner-border{\nborder-color:#333333;\n}\n<\/style>\n<div  class='av-special-heading av-ls379dxf-6aeb6ef546cff0c419c8b13da1c7e180 av-special-heading-h2 custom-color-heading blockquote modern-quote  avia-builder-el-8  el_before_av_hr  avia-builder-el-first  av-inherit-size '><h2 class='av-special-heading-tag '  itemprop=\"headline\"  >Temiz Oda BMS Sistemlerinin Temel Avantajlar\u0131<\/h2><div class='special-heading-border'><div class='special-heading-inner-border'><\/div><\/div><\/div>\n\n<style type=\"text\/css\" id=\"style-css-av-ls379tws-f48cce1f42a8f270cf881875361e26c0\">\n.hr.av-ls379tws-f48cce1f42a8f270cf881875361e26c0{\nmargin-top:0px !important;\nmargin-bottom:30px;\n}\n.hr.av-ls379tws-f48cce1f42a8f270cf881875361e26c0 .hr-inner{\nwidth:200px ;\nborder-color:#9c9b9b;\n}\n<\/style>\n<div  class='hr av-ls379tws-f48cce1f42a8f270cf881875361e26c0 hr-custom  avia-builder-el-9  el_after_av_heading  el_before_av_image  hr-left hr-icon-no '><span class='hr-inner inner-border-av-border-fat'><span class=\"hr-inner-style\"><\/span><\/span><\/div>\n\n<style type=\"text\/css\" id=\"style-css-av-2iqlia-12bf2cafd681b8cae65fa3abc5d7a8af\">\n.avia-image-container.av-2iqlia-12bf2cafd681b8cae65fa3abc5d7a8af .av-image-caption-overlay-center{\ncolor:#ffffff;\n}\n<\/style>\n<div  class='avia-image-container av-2iqlia-12bf2cafd681b8cae65fa3abc5d7a8af av-styling- avia-align-center  avia-builder-el-10  el_after_av_hr  avia-builder-el-last  '  itemprop=\"image\" itemscope=\"itemscope\" itemtype=\"https:\/\/schema.org\/ImageObject\" ><div class=\"avia-image-container-inner\"><div class=\"avia-image-overlay-wrap\"><img decoding=\"async\" class='wp-image-7254 avia-img-lazy-loading-not-7254 avia_image' src=\"https:\/\/alptek.com.tr\/tr\/wp-content\/uploads\/2024\/03\/temiz-oda-bms-sistemi-kutular-alptek.png\" alt='' title='temiz-oda-bms-sistemi-kutular-alptek'  height=\"325\" width=\"1400\"  itemprop=\"thumbnailUrl\" srcset=\"https:\/\/alptek.com.tr\/tr\/wp-content\/uploads\/2024\/03\/temiz-oda-bms-sistemi-kutular-alptek.png 1400w, https:\/\/alptek.com.tr\/tr\/wp-content\/uploads\/2024\/03\/temiz-oda-bms-sistemi-kutular-alptek-300x70.png 300w, https:\/\/alptek.com.tr\/tr\/wp-content\/uploads\/2024\/03\/temiz-oda-bms-sistemi-kutular-alptek-1030x239.png 1030w, https:\/\/alptek.com.tr\/tr\/wp-content\/uploads\/2024\/03\/temiz-oda-bms-sistemi-kutular-alptek-768x178.png 768w, https:\/\/alptek.com.tr\/tr\/wp-content\/uploads\/2024\/03\/temiz-oda-bms-sistemi-kutular-alptek-705x164.png 705w\" sizes=\"(max-width: 1400px) 100vw, 1400px\" \/><\/div><\/div><\/div>\n\n[av_section min_height='' min_height_pc='25' min_height_px='500px' padding='default' margin='' custom_margin='0px' svg_div_top='' svg_div_top_color='#333333' svg_div_top_width='100' svg_div_top_height='50' svg_div_top_max_height='none' svg_div_top_flip='' svg_div_top_invert='' svg_div_top_front='' svg_div_top_opacity='' svg_div_top_preview='' svg_div_bottom='' svg_div_bottom_color='#333333' svg_div_bottom_width='100' svg_div_bottom_height='50' svg_div_bottom_max_height='none' svg_div_bottom_flip='' svg_div_bottom_invert='' svg_div_bottom_front='' svg_div_bottom_opacity='' svg_div_bottom_preview='' color='main_color' background='bg_color' custom_bg='' background_gradient_direction='vertical' background_gradient_color1='#000000' background_gradient_color2='#ffffff' background_gradient_color3='' src='' attach='scroll' position='top left' repeat='no-repeat' video='' video_ratio='16:9' video_mobile_disabled='' overlay_enable='' overlay_opacity='0.5' overlay_color='' overlay_pattern='' overlay_custom_pattern='' shadow='no-border-styling' bottom_border='no-border-styling' bottom_border_diagonal_color='#333333' bottom_border_diagonal_direction='' bottom_border_style='' scroll_down='' custom_arrow_bg='' av-desktop-hide='' av-medium-hide='' av-small-hide='' av-mini-hide='' id='' custom_class='' template_class='' aria_label='' av_element_hidden_in_editor='0' av_uid='av-6x4clf' sc_version='1.0']\r\n\r\n[av_one_half first min_height='' vertical_alignment='av-align-top' space='' row_boxshadow='' row_boxshadow_color='' row_boxshadow_width='10' custom_margin='' margin='0px' mobile_breaking='' min_col_height='' padding='' svg_div_top='' svg_div_top_color='#333333' svg_div_top_width='100' svg_div_top_height='50' svg_div_top_max_height='none' svg_div_top_flip='' svg_div_top_invert='' svg_div_top_front='' svg_div_top_opacity='' svg_div_top_preview='' svg_div_bottom='' svg_div_bottom_color='#333333' svg_div_bottom_width='100' svg_div_bottom_height='50' svg_div_bottom_max_height='none' svg_div_bottom_flip='' svg_div_bottom_invert='' svg_div_bottom_front='' svg_div_bottom_opacity='' svg_div_bottom_preview='' border='' border_style='solid' border_color='' radius='' column_boxshadow='' column_boxshadow_color='' column_boxshadow_width='10' background='bg_color' background_color='' background_gradient_direction='vertical' background_gradient_color1='#000000' background_gradient_color2='#ffffff' background_gradient_color3='' src='' background_position='top left' background_repeat='no-repeat' highlight='' highlight_size='' animation='' link='' linktarget='' link_hover='' title_attr='' alt_attr='' mobile_display='' id='' custom_class='' template_class='' aria_label='' av_uid='av-57iewz' sc_version='1.0']\r\n\r\n[av_icon_box icon='ue854' font='entypo-fontello' title='TELEFON' position='top' icon_style='' boxed='' font_color='' custom_title='' custom_content='' color='' custom_bg='' custom_font='' custom_border='' custom_title_size='' av-medium-font-size-title='' av-small-font-size-title='' av-mini-font-size-title='' custom_content_size='' av-medium-font-size='' av-small-font-size='' av-mini-font-size='' heading_tag='' heading_class='' link='manually,tel:02165401772' linktarget='' linkelement='both' id='' custom_class='' template_class='' av_uid='av-3tsi6r' sc_version='1.0' admin_preview_bg='']\r\n<a href=\"tel:02165401772\">+90 (216) 540 17 72<\/a>\r\n[\/av_icon_box]\r\n\r\n[\/av_one_half][av_one_half min_height='' vertical_alignment='av-align-top' space='' row_boxshadow='' row_boxshadow_color='' row_boxshadow_width='10' custom_margin='' margin='0px' mobile_breaking='' min_col_height='' padding='' svg_div_top='' svg_div_top_color='#333333' svg_div_top_width='100' svg_div_top_height='50' svg_div_top_max_height='none' svg_div_top_flip='' svg_div_top_invert='' svg_div_top_front='' svg_div_top_opacity='' svg_div_top_preview='' svg_div_bottom='' svg_div_bottom_color='#333333' svg_div_bottom_width='100' svg_div_bottom_height='50' svg_div_bottom_max_height='none' svg_div_bottom_flip='' svg_div_bottom_invert='' svg_div_bottom_front='' svg_div_bottom_opacity='' svg_div_bottom_preview='' border='' border_style='solid' border_color='' radius='' column_boxshadow='' column_boxshadow_color='' column_boxshadow_width='10' background='bg_color' background_color='' background_gradient_direction='vertical' background_gradient_color1='#000000' background_gradient_color2='#ffffff' background_gradient_color3='' src='' background_position='top left' background_repeat='no-repeat' highlight='' highlight_size='' animation='' link='' linktarget='' link_hover='' title_attr='' alt_attr='' mobile_display='' id='' custom_class='' template_class='' aria_label='' av_uid='av-2fqt2r' sc_version='1.0']\r\n\r\n[av_icon_box icon='ue805' font='entypo-fontello' title='TEKL\u0130F AL' position='top' icon_style='' boxed='' font_color='' custom_title='' custom_content='' color='' custom_bg='' custom_font='' custom_border='' custom_title_size='' av-medium-font-size-title='' av-small-font-size-title='' av-mini-font-size-title='' custom_content_size='' av-medium-font-size='' av-small-font-size='' av-mini-font-size='' heading_tag='' heading_class='' link='manually,https:\/\/alptek.com.tr\/tr\/contactform\/?iframe=true' linktarget='' linkelement='both' id='' custom_class='' template_class='' av_uid='av-m3700cyk' sc_version='1.0' admin_preview_bg='']\r\n<a href=\"https:\/\/alptek.com.tr\/tr\/contactform\/?iframe=true\">B\u0130ZE ULA\u015eIN<\/a>\r\n[\/av_icon_box]\r\n\r\n[\/av_one_half][\/av_section]\n","protected":false},"excerpt":{"rendered":"","protected":false},"author":2,"featured_media":0,"parent":3417,"menu_order":0,"comment_status":"closed","ping_status":"closed","template":"","meta":{"footnotes":""},"_links":{"self":[{"href":"https:\/\/alptek.com.tr\/tr\/wp-json\/wp\/v2\/pages\/6370"}],"collection":[{"href":"https:\/\/alptek.com.tr\/tr\/wp-json\/wp\/v2\/pages"}],"about":[{"href":"https:\/\/alptek.com.tr\/tr\/wp-json\/wp\/v2\/types\/page"}],"author":[{"embeddable":true,"href":"https:\/\/alptek.com.tr\/tr\/wp-json\/wp\/v2\/users\/2"}],"replies":[{"embeddable":true,"href":"https:\/\/alptek.com.tr\/tr\/wp-json\/wp\/v2\/comments?post=6370"}],"version-history":[{"count":15,"href":"https:\/\/alptek.com.tr\/tr\/wp-json\/wp\/v2\/pages\/6370\/revisions"}],"predecessor-version":[{"id":7746,"href":"https:\/\/alptek.com.tr\/tr\/wp-json\/wp\/v2\/pages\/6370\/revisions\/7746"}],"up":[{"embeddable":true,"href":"https:\/\/alptek.com.tr\/tr\/wp-json\/wp\/v2\/pages\/3417"}],"wp:attachment":[{"href":"https:\/\/alptek.com.tr\/tr\/wp-json\/wp\/v2\/media?parent=6370"}],"curies":[{"name":"wp","href":"https:\/\/api.w.org\/{rel}","templated":true}]}}