{"id":6345,"date":"2024-02-01T12:14:57","date_gmt":"2024-02-01T12:14:57","guid":{"rendered":"https:\/\/alptek.com.tr\/?page_id=6345"},"modified":"2024-11-08T13:10:53","modified_gmt":"2024-11-08T13:10:53","slug":"temiz-oda-iklimlendirme-sistemleri","status":"publish","type":"page","link":"https:\/\/alptek.com.tr\/tr\/temiz-oda-cozumleri\/temiz-oda-iklimlendirme-sistemleri\/","title":{"rendered":"Temiz Oda \u0130klimlendirme Sistemleri"},"content":{"rendered":"<div id='layer_slider_1'  class='avia-layerslider main_color avia-shadow  avia-builder-el-0  el_before_av_section  avia-builder-el-first  container_wrap sidebar_right'  style='height: 666px; max-width: 1920px; margin: 0 auto;'  ><\/div>\n<div id='av_section_1'  class='avia-section av-406gqx-0b4ecf0530fe46005c6ff6e6dc08f7b8 main_color avia-section-default avia-no-border-styling  avia-builder-el-1  el_after_av_layerslider  el_before_av_section  avia-bg-style-scroll  container_wrap sidebar_right'  ><div class='container av-section-cont-open' ><div class='template-page content  av-content-small alpha units'><div class='post-entry post-entry-type-page post-entry-6345'><div class='entry-content-wrapper clearfix'>\n\n<style type=\"text\/css\" id=\"style-css-av-ls36qdg8-5fa43d4360ed32c23df1f325956376cc\">\n#top .av-special-heading.av-ls36qdg8-5fa43d4360ed32c23df1f325956376cc{\npadding-bottom:10px;\nfont-size:32px;\n}\n<\/style>\n<div  class='av-special-heading av-ls36qdg8-5fa43d4360ed32c23df1f325956376cc av-special-heading-h1 blockquote modern-quote modern-centered  avia-builder-el-2  el_before_av_hr  avia-builder-el-first  av-inherit-size '><h1 class='av-special-heading-tag '  itemprop=\"headline\"  >TEM\u0130Z ODA \u0130KL\u0130MLEND\u0130RME S\u0130STEMLER\u0130<\/h1><div class='special-heading-border'><div class='special-heading-inner-border'><\/div><\/div><\/div>\n\n<style type=\"text\/css\" id=\"style-css-av-ls36qql6-c96c81fce74484eb6bed1160a57fd49a\">\n.hr.av-ls36qql6-c96c81fce74484eb6bed1160a57fd49a{\nmargin-top:0px;\nmargin-bottom:30px;\n}\n.hr.av-ls36qql6-c96c81fce74484eb6bed1160a57fd49a .hr-inner{\nwidth:100px;\nborder-color:#9c9b9b;\n}\n<\/style>\n<div  class='hr av-ls36qql6-c96c81fce74484eb6bed1160a57fd49a hr-custom  avia-builder-el-3  el_after_av_heading  el_before_av_textblock  hr-center hr-icon-no '><span class='hr-inner inner-border-av-border-fat'><span class=\"hr-inner-style\"><\/span><\/span><\/div>\n<section class=\"av_textblock_section \"  itemscope=\"itemscope\" itemtype=\"https:\/\/schema.org\/CreativeWork\" ><div class='avia_textblock  '  style='font-size:24px; '  itemprop=\"text\" ><p>Temiz odalar bir\u00e7ok end\u00fcstri ve uygulama i\u00e7in kritik \u00f6neme sahiptir ve bu \u00f6zel ortamlar i\u00e7in tasarlanan iklimlendirme sistemleri, bunlar\u0131n ba\u015far\u0131l\u0131 bir \u015fekilde i\u015fletilmesinde hayati bir rol oynamaktad\u0131r. Temiz odalarda kullan\u0131lan iklimlendirme sistemleri, m\u00fckemmel hava kalitesi ve kontrol\u00fc sa\u011flayacak \u015fekilde \u00f6zel olarak tasarland\u0131klar\u0131 i\u00e7in standart ticari binalardakilerden farkl\u0131d\u0131r.<\/p>\n<\/div><\/section>\n\n<\/div><\/div><\/div><!-- close content main div --><\/div><\/div><div id='av_section_2'  class='avia-section av-1un6mx-d22bcfaecbb7a87c858b2167243b3aa0 main_color avia-section-default avia-no-border-styling  avia-builder-el-5  el_after_av_section  el_before_av_section  avia-bg-style-scroll  container_wrap sidebar_right'  ><div class='container av-section-cont-open' ><div class='template-page content  av-content-small alpha units'><div class='post-entry post-entry-type-page post-entry-6345'><div class='entry-content-wrapper clearfix'>\n\n<style type=\"text\/css\" id=\"style-css-av-ls36slc9-536fb713c2ba4235494cc3d0a2b65be9\">\n.avia-image-container.av-ls36slc9-536fb713c2ba4235494cc3d0a2b65be9 .av-image-caption-overlay-center{\ncolor:#ffffff;\n}\n<\/style>\n<div  class='avia-image-container av-ls36slc9-536fb713c2ba4235494cc3d0a2b65be9 av-styling- avia-align-center  avia-builder-el-6  avia-builder-el-no-sibling  '  itemprop=\"image\" itemscope=\"itemscope\" itemtype=\"https:\/\/schema.org\/ImageObject\" ><div class=\"avia-image-container-inner\"><div class=\"avia-image-overlay-wrap\"><img decoding=\"async\" class='wp-image-6655 avia-img-lazy-loading-not-6655 avia_image' src=\"https:\/\/alptek.com.tr\/tr\/wp-content\/uploads\/2024\/02\/cleanroom-air-conditioning-systems-alptek-1.jpg\" alt='' title='cleanroom-air-conditioning-systems-alptek'  height=\"846\" width=\"1200\"  itemprop=\"thumbnailUrl\" srcset=\"https:\/\/alptek.com.tr\/tr\/wp-content\/uploads\/2024\/02\/cleanroom-air-conditioning-systems-alptek-1.jpg 1200w, https:\/\/alptek.com.tr\/tr\/wp-content\/uploads\/2024\/02\/cleanroom-air-conditioning-systems-alptek-1-300x212.jpg 300w, https:\/\/alptek.com.tr\/tr\/wp-content\/uploads\/2024\/02\/cleanroom-air-conditioning-systems-alptek-1-1030x726.jpg 1030w, https:\/\/alptek.com.tr\/tr\/wp-content\/uploads\/2024\/02\/cleanroom-air-conditioning-systems-alptek-1-768x541.jpg 768w, https:\/\/alptek.com.tr\/tr\/wp-content\/uploads\/2024\/02\/cleanroom-air-conditioning-systems-alptek-1-705x497.jpg 705w\" sizes=\"(max-width: 1200px) 100vw, 1200px\" \/><\/div><\/div><\/div>\n\n<\/div><\/div><\/div><!-- close content main div --><\/div><\/div><div id='av_section_3'  class='avia-section av-2knec9-b549c125833fe17093a8274e229f86c8 main_color avia-section-default avia-no-border-styling  avia-builder-el-7  el_after_av_section  el_before_av_postcontent  avia-bg-style-scroll  container_wrap sidebar_right'  ><div class='container av-section-cont-open' ><div class='template-page content  av-content-small alpha units'><div class='post-entry post-entry-type-page post-entry-6345'><div class='entry-content-wrapper clearfix'>\n\n<style type=\"text\/css\" id=\"style-css-av-ls36tz26-020655fb89117337c83cdd8bde01c8d3\">\n#top .av-special-heading.av-ls36tz26-020655fb89117337c83cdd8bde01c8d3{\npadding-bottom:10px;\nfont-size:32px;\n}\n<\/style>\n<div  class='av-special-heading av-ls36tz26-020655fb89117337c83cdd8bde01c8d3 av-special-heading-h2 blockquote modern-quote  avia-builder-el-8  el_before_av_hr  avia-builder-el-first  av-inherit-size '><h2 class='av-special-heading-tag '  itemprop=\"headline\"  >Temiz Oda \u0130klimlendirme Sistemlerinin Temel \u00d6zellikleri<\/h2><div class='special-heading-border'><div class='special-heading-inner-border'><\/div><\/div><\/div>\n\n<style type=\"text\/css\" id=\"style-css-av-ls36uhgk-bc0cde8a9bd536c54023a89f8512b153\">\n.hr.av-ls36uhgk-bc0cde8a9bd536c54023a89f8512b153{\nmargin-top:0px;\nmargin-bottom:30px;\n}\n.hr.av-ls36uhgk-bc0cde8a9bd536c54023a89f8512b153 .hr-inner{\nwidth:200px;\nborder-color:#9c9b9b;\n}\n<\/style>\n<div  class='hr av-ls36uhgk-bc0cde8a9bd536c54023a89f8512b153 hr-custom  avia-builder-el-9  el_after_av_heading  el_before_av_image  hr-left hr-icon-no '><span class='hr-inner inner-border-av-border-fat'><span class=\"hr-inner-style\"><\/span><\/span><\/div>\n\n<style type=\"text\/css\" id=\"style-css-av-ls36wep6-2933cc233412a802ecb1a6811c5acd53\">\n.avia-image-container.av-ls36wep6-2933cc233412a802ecb1a6811c5acd53 .av-image-caption-overlay-center{\ncolor:#ffffff;\n}\n<\/style>\n<div  class='avia-image-container av-ls36wep6-2933cc233412a802ecb1a6811c5acd53 av-styling- avia-align-center  avia-builder-el-10  el_after_av_hr  avia-builder-el-last  '  itemprop=\"image\" itemscope=\"itemscope\" itemtype=\"https:\/\/schema.org\/ImageObject\" ><div class=\"avia-image-container-inner\"><div class=\"avia-image-overlay-wrap\"><img decoding=\"async\" class='wp-image-7250 avia-img-lazy-loading-not-7250 avia_image' src=\"https:\/\/alptek.com.tr\/tr\/wp-content\/uploads\/2024\/03\/temiz-oda-iklimlendirme-sistemleri-kutular-alptek.png\" alt='' title='temiz-oda-iklimlendirme-sistemleri-kutular-alptek'  height=\"325\" width=\"1320\"  itemprop=\"thumbnailUrl\" srcset=\"https:\/\/alptek.com.tr\/tr\/wp-content\/uploads\/2024\/03\/temiz-oda-iklimlendirme-sistemleri-kutular-alptek.png 1320w, https:\/\/alptek.com.tr\/tr\/wp-content\/uploads\/2024\/03\/temiz-oda-iklimlendirme-sistemleri-kutular-alptek-300x74.png 300w, https:\/\/alptek.com.tr\/tr\/wp-content\/uploads\/2024\/03\/temiz-oda-iklimlendirme-sistemleri-kutular-alptek-1030x254.png 1030w, https:\/\/alptek.com.tr\/tr\/wp-content\/uploads\/2024\/03\/temiz-oda-iklimlendirme-sistemleri-kutular-alptek-768x189.png 768w, https:\/\/alptek.com.tr\/tr\/wp-content\/uploads\/2024\/03\/temiz-oda-iklimlendirme-sistemleri-kutular-alptek-705x174.png 705w\" sizes=\"(max-width: 1320px) 100vw, 1320px\" \/><\/div><\/div><\/div>\n\n[av_section min_height='' min_height_pc='25' min_height_px='500px' padding='default' margin='' custom_margin='0px' svg_div_top='' svg_div_top_color='#333333' svg_div_top_width='100' svg_div_top_height='50' svg_div_top_max_height='none' svg_div_top_flip='' svg_div_top_invert='' svg_div_top_front='' svg_div_top_opacity='' svg_div_top_preview='' svg_div_bottom='' svg_div_bottom_color='#333333' svg_div_bottom_width='100' svg_div_bottom_height='50' svg_div_bottom_max_height='none' svg_div_bottom_flip='' svg_div_bottom_invert='' svg_div_bottom_front='' svg_div_bottom_opacity='' svg_div_bottom_preview='' color='main_color' background='bg_color' custom_bg='' background_gradient_direction='vertical' background_gradient_color1='#000000' background_gradient_color2='#ffffff' background_gradient_color3='' src='' attach='scroll' position='top left' repeat='no-repeat' video='' video_ratio='16:9' video_mobile_disabled='' overlay_enable='' overlay_opacity='0.5' overlay_color='' overlay_pattern='' overlay_custom_pattern='' shadow='no-border-styling' bottom_border='no-border-styling' bottom_border_diagonal_color='#333333' bottom_border_diagonal_direction='' bottom_border_style='' scroll_down='' custom_arrow_bg='' av-desktop-hide='' av-medium-hide='' av-small-hide='' av-mini-hide='' id='' custom_class='' template_class='' aria_label='' av_element_hidden_in_editor='0' av_uid='av-6x4clf' sc_version='1.0']\r\n\r\n[av_one_half first min_height='' vertical_alignment='av-align-top' space='' row_boxshadow='' row_boxshadow_color='' row_boxshadow_width='10' custom_margin='' margin='0px' mobile_breaking='' min_col_height='' padding='' svg_div_top='' svg_div_top_color='#333333' svg_div_top_width='100' svg_div_top_height='50' svg_div_top_max_height='none' svg_div_top_flip='' svg_div_top_invert='' svg_div_top_front='' svg_div_top_opacity='' svg_div_top_preview='' svg_div_bottom='' svg_div_bottom_color='#333333' svg_div_bottom_width='100' svg_div_bottom_height='50' svg_div_bottom_max_height='none' svg_div_bottom_flip='' svg_div_bottom_invert='' svg_div_bottom_front='' svg_div_bottom_opacity='' svg_div_bottom_preview='' border='' border_style='solid' border_color='' radius='' column_boxshadow='' column_boxshadow_color='' column_boxshadow_width='10' background='bg_color' background_color='' background_gradient_direction='vertical' background_gradient_color1='#000000' background_gradient_color2='#ffffff' background_gradient_color3='' src='' background_position='top left' background_repeat='no-repeat' highlight='' highlight_size='' animation='' link='' linktarget='' link_hover='' title_attr='' alt_attr='' mobile_display='' id='' custom_class='' template_class='' aria_label='' av_uid='av-57iewz' sc_version='1.0']\r\n\r\n[av_icon_box icon='ue854' font='entypo-fontello' title='TELEFON' position='top' icon_style='' boxed='' font_color='' custom_title='' custom_content='' color='' custom_bg='' custom_font='' custom_border='' custom_title_size='' av-medium-font-size-title='' av-small-font-size-title='' av-mini-font-size-title='' custom_content_size='' av-medium-font-size='' av-small-font-size='' av-mini-font-size='' heading_tag='' heading_class='' link='manually,tel:02165401772' linktarget='' linkelement='both' id='' custom_class='' template_class='' av_uid='av-3tsi6r' sc_version='1.0' admin_preview_bg='']\r\n<a href=\"tel:02165401772\">+90 (216) 540 17 72<\/a>\r\n[\/av_icon_box]\r\n\r\n[\/av_one_half][av_one_half min_height='' vertical_alignment='av-align-top' space='' row_boxshadow='' row_boxshadow_color='' row_boxshadow_width='10' custom_margin='' margin='0px' mobile_breaking='' min_col_height='' padding='' svg_div_top='' svg_div_top_color='#333333' svg_div_top_width='100' svg_div_top_height='50' svg_div_top_max_height='none' svg_div_top_flip='' svg_div_top_invert='' svg_div_top_front='' svg_div_top_opacity='' svg_div_top_preview='' svg_div_bottom='' svg_div_bottom_color='#333333' svg_div_bottom_width='100' svg_div_bottom_height='50' svg_div_bottom_max_height='none' svg_div_bottom_flip='' svg_div_bottom_invert='' svg_div_bottom_front='' svg_div_bottom_opacity='' svg_div_bottom_preview='' border='' border_style='solid' border_color='' radius='' column_boxshadow='' column_boxshadow_color='' column_boxshadow_width='10' background='bg_color' background_color='' background_gradient_direction='vertical' background_gradient_color1='#000000' background_gradient_color2='#ffffff' background_gradient_color3='' src='' background_position='top left' background_repeat='no-repeat' highlight='' highlight_size='' animation='' link='' linktarget='' link_hover='' title_attr='' alt_attr='' mobile_display='' id='' custom_class='' template_class='' aria_label='' av_uid='av-2fqt2r' sc_version='1.0']\r\n\r\n[av_icon_box icon='ue805' font='entypo-fontello' title='TEKL\u0130F AL' position='top' icon_style='' boxed='' font_color='' custom_title='' custom_content='' color='' custom_bg='' custom_font='' custom_border='' custom_title_size='' av-medium-font-size-title='' av-small-font-size-title='' av-mini-font-size-title='' custom_content_size='' av-medium-font-size='' av-small-font-size='' av-mini-font-size='' heading_tag='' heading_class='' link='manually,https:\/\/alptek.com.tr\/tr\/contactform\/?iframe=true' linktarget='' linkelement='both' id='' custom_class='' template_class='' av_uid='av-m3700cyk' sc_version='1.0' admin_preview_bg='']\r\n<a href=\"https:\/\/alptek.com.tr\/tr\/contactform\/?iframe=true\">B\u0130ZE ULA\u015eIN<\/a>\r\n[\/av_icon_box]\r\n\r\n[\/av_one_half][\/av_section]\n","protected":false},"excerpt":{"rendered":"","protected":false},"author":2,"featured_media":0,"parent":3417,"menu_order":0,"comment_status":"closed","ping_status":"closed","template":"","meta":{"footnotes":""},"_links":{"self":[{"href":"https:\/\/alptek.com.tr\/tr\/wp-json\/wp\/v2\/pages\/6345"}],"collection":[{"href":"https:\/\/alptek.com.tr\/tr\/wp-json\/wp\/v2\/pages"}],"about":[{"href":"https:\/\/alptek.com.tr\/tr\/wp-json\/wp\/v2\/types\/page"}],"author":[{"embeddable":true,"href":"https:\/\/alptek.com.tr\/tr\/wp-json\/wp\/v2\/users\/2"}],"replies":[{"embeddable":true,"href":"https:\/\/alptek.com.tr\/tr\/wp-json\/wp\/v2\/comments?post=6345"}],"version-history":[{"count":11,"href":"https:\/\/alptek.com.tr\/tr\/wp-json\/wp\/v2\/pages\/6345\/revisions"}],"predecessor-version":[{"id":7743,"href":"https:\/\/alptek.com.tr\/tr\/wp-json\/wp\/v2\/pages\/6345\/revisions\/7743"}],"up":[{"embeddable":true,"href":"https:\/\/alptek.com.tr\/tr\/wp-json\/wp\/v2\/pages\/3417"}],"wp:attachment":[{"href":"https:\/\/alptek.com.tr\/tr\/wp-json\/wp\/v2\/media?parent=6345"}],"curies":[{"name":"wp","href":"https:\/\/api.w.org\/{rel}","templated":true}]}}