{"id":6174,"date":"2024-02-01T07:35:39","date_gmt":"2024-02-01T07:35:39","guid":{"rendered":"https:\/\/alptek.com.tr\/?page_id=6174"},"modified":"2024-11-08T13:40:10","modified_gmt":"2024-11-08T13:40:10","slug":"otomasyon-bhs","status":"publish","type":"page","link":"https:\/\/alptek.com.tr\/tr\/vivaryum-ekipmanlari\/otomasyon-bhs\/","title":{"rendered":"Otomasyon Bhs"},"content":{"rendered":"<div id='layer_slider_1'  class='avia-layerslider main_color avia-shadow  avia-builder-el-0  el_before_av_section  avia-builder-el-first  container_wrap sidebar_right'  style='height: 921px; max-width: 1920px; margin: 0 auto;'  ><\/div>\n<div id='av_section_1'  class='avia-section av-17opd4-97d1190a422096211bb63ca67a3575f2 main_color avia-section-default avia-no-border-styling  avia-builder-el-1  el_after_av_layerslider  el_before_av_postcontent  avia-bg-style-scroll  container_wrap sidebar_right'  ><div class='container av-section-cont-open' ><div class='template-page content  av-content-small alpha units'><div class='post-entry post-entry-type-page post-entry-6174'><div class='entry-content-wrapper clearfix'>\n\n<style type=\"text\/css\" id=\"style-css-av-ls1x080o-36693db2b9f78d7c3794a080bf1e4c1b\">\n#top .av-special-heading.av-ls1x080o-36693db2b9f78d7c3794a080bf1e4c1b{\npadding-bottom:10px;\nfont-size:32px;\n}\n<\/style>\n<div  class='av-special-heading av-ls1x080o-36693db2b9f78d7c3794a080bf1e4c1b av-special-heading-h1 blockquote modern-quote modern-centered  avia-builder-el-2  el_before_av_hr  avia-builder-el-first  av-inherit-size '><h1 class='av-special-heading-tag '  itemprop=\"headline\"  >OTOMASYON BHS<\/h1><div class='special-heading-border'><div class='special-heading-inner-border'><\/div><\/div><\/div>\n\n<style type=\"text\/css\" id=\"style-css-av-ls1x0kkp-107bd9d5d2b45a1a373ce45b62e4369d\">\n.hr.av-ls1x0kkp-107bd9d5d2b45a1a373ce45b62e4369d{\nmargin-top:0px;\nmargin-bottom:30px;\n}\n.hr.av-ls1x0kkp-107bd9d5d2b45a1a373ce45b62e4369d .hr-inner{\nwidth:100px;\nborder-color:#9c9b9b;\n}\n<\/style>\n<div  class='hr av-ls1x0kkp-107bd9d5d2b45a1a373ce45b62e4369d hr-custom  avia-builder-el-3  el_after_av_heading  el_before_av_one_fifth  hr-center hr-icon-no '><span class='hr-inner inner-border-av-border-fat'><span class=\"hr-inner-style\"><\/span><\/span><\/div>\n<div class='flex_column av-b956fs-8ce4a7783f5e1f75016c1ee7e94acece av_one_fifth  avia-builder-el-4  el_after_av_hr  el_before_av_three_fifth  first flex_column_div '   ><\/div><div class='flex_column av-9n8zko-761a0ecfd89243bc178f770b859c3abf av_three_fifth  avia-builder-el-5  el_after_av_one_fifth  el_before_av_one_fifth  flex_column_div '   ><div   data-size='featured'  data-lightbox_size='large'  data-animation='slide'  data-conditional_play=''  data-ids='6177,6178,6179'  data-video_counter='0'  data-autoplay='false'  data-bg_slider='false'  data-slide_height=''  data-handle='av_slideshow'  data-interval='5'  data-class=' avia-builder-el-6  avia-builder-el-no-sibling  '  data-el_id=''  data-css_id=''  data-scroll_down=''  data-control_layout='av-control-default'  data-custom_markup=''  data-perma_caption=''  data-autoplay_stopper=''  data-image_attachment=''  data-min_height='0px'  data-lazy_loading='disabled'  data-default-height='28.666666666667'  class='avia-slideshow avia-slideshow-1  av-control-default av-default-height-applied avia-slideshow-featured av_slideshow  avia-builder-el-6  avia-builder-el-no-sibling   avia-slide-slider '  itemprop=\"image\" itemscope=\"itemscope\" itemtype=\"https:\/\/schema.org\/ImageObject\" ><ul class='avia-slideshow-inner ' style='padding-bottom: 76.51376146789%;' ><li  class=' slide-1 ' ><div data-rel='slideshow-1' class='avia-slide-wrap '   ><img decoding=\"async\" class=\"wp-image-6177 avia-img-lazy-loading-not-6177\"  src=\"https:\/\/alptek.com.tr\/tr\/wp-content\/uploads\/2024\/02\/automation-bhs-1-alptek.jpg\" width=\"545\" height=\"417\" title='automation-bhs-1-alptek' alt=''  itemprop=\"thumbnailUrl\" srcset=\"https:\/\/alptek.com.tr\/tr\/wp-content\/uploads\/2024\/02\/automation-bhs-1-alptek.jpg 545w, https:\/\/alptek.com.tr\/tr\/wp-content\/uploads\/2024\/02\/automation-bhs-1-alptek-300x230.jpg 300w\" sizes=\"(max-width: 545px) 100vw, 545px\" \/><\/div><\/li><li  class=' slide-2 ' ><div data-rel='slideshow-1' class='avia-slide-wrap '   ><img decoding=\"async\" class=\"wp-image-6178 avia-img-lazy-loading-not-6178\"  src=\"https:\/\/alptek.com.tr\/tr\/wp-content\/uploads\/2024\/02\/automation-bhs-2-alptek.jpg\" width=\"545\" height=\"417\" title='automation-bhs-2-alptek' alt=''  itemprop=\"thumbnailUrl\" srcset=\"https:\/\/alptek.com.tr\/tr\/wp-content\/uploads\/2024\/02\/automation-bhs-2-alptek.jpg 545w, https:\/\/alptek.com.tr\/tr\/wp-content\/uploads\/2024\/02\/automation-bhs-2-alptek-300x230.jpg 300w\" sizes=\"(max-width: 545px) 100vw, 545px\" \/><\/div><\/li><li  class=' slide-3 ' ><div data-rel='slideshow-1' class='avia-slide-wrap '   ><img decoding=\"async\" class=\"wp-image-6179 avia-img-lazy-loading-not-6179\"  src=\"https:\/\/alptek.com.tr\/tr\/wp-content\/uploads\/2024\/02\/automation-bhs-3-alptek.jpg\" width=\"545\" height=\"417\" title='automation-bhs-3-alptek' alt=''  itemprop=\"thumbnailUrl\" srcset=\"https:\/\/alptek.com.tr\/tr\/wp-content\/uploads\/2024\/02\/automation-bhs-3-alptek.jpg 545w, https:\/\/alptek.com.tr\/tr\/wp-content\/uploads\/2024\/02\/automation-bhs-3-alptek-300x230.jpg 300w\" sizes=\"(max-width: 545px) 100vw, 545px\" \/><\/div><\/li><\/ul><div class='avia-slideshow-arrows avia-slideshow-controls' ><a href='#prev' class='prev-slide ' aria-hidden='true' data-av_icon='\ue87c' data-av_iconfont='entypo-fontello' aria-hidden='true' tabindex='-1'>\u00d6nceki<\/a><a href='#next' class='next-slide ' aria-hidden='true' data-av_icon='\ue87d' data-av_iconfont='entypo-fontello' aria-hidden='true' tabindex='-1'>Sonraki<\/a><\/div><div class='avia-slideshow-dots avia-slideshow-controls'><a href='#1' class='goto-slide active' >1<\/a><a href='#2' class='goto-slide ' >2<\/a><a href='#3' class='goto-slide ' >3<\/a><\/div><\/div><\/div><div class='flex_column av-6v1b14-690d3006e053847cdc75d4b5414ceb1a av_one_fifth  avia-builder-el-7  el_after_av_three_fifth  el_before_av_one_fifth  flex_column_div '   ><\/div><div class='flex_column av-6a0pdk-6f0be625469061a374c6380143678f52 av_one_fifth  avia-builder-el-8  el_after_av_one_fifth  el_before_av_three_fifth  first flex_column_div column-top-margin'   ><\/div><div class='flex_column av-4jjh5k-3075ad43899e7872b14c033844aa374b av_three_fifth  avia-builder-el-9  el_after_av_one_fifth  el_before_av_one_fifth  flex_column_div column-top-margin'   ><section class=\"av_textblock_section \"  itemscope=\"itemscope\" itemtype=\"https:\/\/schema.org\/CreativeWork\" ><div class='avia_textblock  av_inherit_color '  style='color:#000000; '  itemprop=\"text\" ><ul>\n<li>Herhangi bir mekanik ta\u015f\u0131may\u0131 \u00f6nleyen malzeme hareketi i\u00e7in yenilik\u00e7i bir elektrikli kald\u0131rma sistemi kullanan, malzeme depolama i\u00e7in tek bir silo rezervuar\u0131yla donat\u0131lm\u0131\u015f ba\u011f\u0131ms\u0131z yataklama da\u011f\u0131t\u0131m sistemi: orijinal yataklama malzemesi kalitesi bak\u0131m\u0131, d\u00fc\u015f\u00fck g\u00fcr\u00fclt\u00fc \u00e7\u00f6z\u00fcm\u00fc ve tamamen ayarlanabilir operat\u00f6r \u00e7al\u0131\u015fma y\u00fcksekli\u011fi.<\/li>\n<li>\u0130ki farkl\u0131 yataklama malzemesini ayn\u0131 anda i\u015flemek i\u00e7in benzersiz bir olanak: \u00e7ok \u00e7e\u015fitli yataklama t\u00fcrleri ve \u00f6zellikle hafif yataklama malzemeleri dahil olmak \u00fczere bir dizi se\u00e7ilmi\u015f \u00e7evresel zenginle\u015ftirme i\u015flenebilir.<\/li>\n<li>\u00c7ok dar alanlara kurulabilmesi i\u00e7in minimum ayak izi ve y\u00fcksek manevra kabiliyetine sahip hafif tasar\u0131m ve kompakt boyutlar.<\/li>\n<li>Tak ve \u00c7al\u0131\u015ft\u0131r sistemi, bas\u0131n\u00e7l\u0131 havaya ihtiya\u00e7 duymaz ancak yaln\u0131zca normal bir tek fazl\u0131 elektrik prizine tak\u0131lmas\u0131 yeterlidir.<\/li>\n<li>T\u00fcm i\u015flemler s\u0131ras\u0131nda \u00fcst d\u00fczey operat\u00f6r g\u00fcvenli\u011fi: emme halkas\u0131 teknolojisi, \u00e7ift seviyeli filtreler (G4-F7), verimli hava ak\u0131\u015f\u0131, otomatik \u00e7arp\u0131\u015fma \u00f6nleme sistemi.<\/li>\n<\/ul>\n<\/div><\/section><\/div><div class='flex_column av-bnsqg-5d7062cea11b470536ea3bc7aae43b72 av_one_fifth  avia-builder-el-11  el_after_av_three_fifth  avia-builder-el-last  flex_column_div column-top-margin'   ><\/div>\n\n[av_section min_height='' min_height_pc='25' min_height_px='500px' padding='default' margin='' custom_margin='0px' svg_div_top='' svg_div_top_color='#333333' svg_div_top_width='100' svg_div_top_height='50' svg_div_top_max_height='none' svg_div_top_flip='' svg_div_top_invert='' svg_div_top_front='' svg_div_top_opacity='' svg_div_top_preview='' svg_div_bottom='' svg_div_bottom_color='#333333' svg_div_bottom_width='100' svg_div_bottom_height='50' svg_div_bottom_max_height='none' svg_div_bottom_flip='' svg_div_bottom_invert='' svg_div_bottom_front='' svg_div_bottom_opacity='' svg_div_bottom_preview='' color='main_color' background='bg_color' custom_bg='' background_gradient_direction='vertical' background_gradient_color1='#000000' background_gradient_color2='#ffffff' background_gradient_color3='' src='' attach='scroll' position='top left' repeat='no-repeat' video='' video_ratio='16:9' video_mobile_disabled='' overlay_enable='' overlay_opacity='0.5' overlay_color='' overlay_pattern='' overlay_custom_pattern='' shadow='no-border-styling' bottom_border='no-border-styling' bottom_border_diagonal_color='#333333' bottom_border_diagonal_direction='' bottom_border_style='' scroll_down='' custom_arrow_bg='' av-desktop-hide='' av-medium-hide='' av-small-hide='' av-mini-hide='' id='' custom_class='' template_class='' aria_label='' av_element_hidden_in_editor='0' av_uid='av-6x4clf' sc_version='1.0']\r\n\r\n[av_one_half first min_height='' vertical_alignment='av-align-top' space='' row_boxshadow='' row_boxshadow_color='' row_boxshadow_width='10' custom_margin='' margin='0px' mobile_breaking='' min_col_height='' padding='' svg_div_top='' svg_div_top_color='#333333' svg_div_top_width='100' svg_div_top_height='50' svg_div_top_max_height='none' svg_div_top_flip='' svg_div_top_invert='' svg_div_top_front='' svg_div_top_opacity='' svg_div_top_preview='' svg_div_bottom='' svg_div_bottom_color='#333333' svg_div_bottom_width='100' svg_div_bottom_height='50' svg_div_bottom_max_height='none' svg_div_bottom_flip='' svg_div_bottom_invert='' svg_div_bottom_front='' svg_div_bottom_opacity='' svg_div_bottom_preview='' border='' border_style='solid' border_color='' radius='' column_boxshadow='' column_boxshadow_color='' column_boxshadow_width='10' background='bg_color' background_color='' background_gradient_direction='vertical' background_gradient_color1='#000000' background_gradient_color2='#ffffff' background_gradient_color3='' src='' background_position='top left' background_repeat='no-repeat' highlight='' highlight_size='' animation='' link='' linktarget='' link_hover='' title_attr='' alt_attr='' mobile_display='' id='' custom_class='' template_class='' aria_label='' av_uid='av-57iewz' sc_version='1.0']\r\n\r\n[av_icon_box icon='ue854' font='entypo-fontello' title='TELEFON' position='top' icon_style='' boxed='' font_color='' custom_title='' custom_content='' color='' custom_bg='' custom_font='' custom_border='' custom_title_size='' av-medium-font-size-title='' av-small-font-size-title='' av-mini-font-size-title='' custom_content_size='' av-medium-font-size='' av-small-font-size='' av-mini-font-size='' heading_tag='' heading_class='' link='manually,tel:02165401772' linktarget='' linkelement='both' id='' custom_class='' template_class='' av_uid='av-3tsi6r' sc_version='1.0' admin_preview_bg='']\r\n<a href=\"tel:02165401772\">+90 (216) 540 17 72<\/a>\r\n[\/av_icon_box]\r\n\r\n[\/av_one_half][av_one_half min_height='' vertical_alignment='av-align-top' space='' row_boxshadow='' row_boxshadow_color='' row_boxshadow_width='10' custom_margin='' margin='0px' mobile_breaking='' min_col_height='' padding='' svg_div_top='' svg_div_top_color='#333333' svg_div_top_width='100' svg_div_top_height='50' svg_div_top_max_height='none' svg_div_top_flip='' svg_div_top_invert='' svg_div_top_front='' svg_div_top_opacity='' svg_div_top_preview='' svg_div_bottom='' svg_div_bottom_color='#333333' svg_div_bottom_width='100' svg_div_bottom_height='50' svg_div_bottom_max_height='none' svg_div_bottom_flip='' svg_div_bottom_invert='' svg_div_bottom_front='' svg_div_bottom_opacity='' svg_div_bottom_preview='' border='' border_style='solid' border_color='' radius='' column_boxshadow='' column_boxshadow_color='' column_boxshadow_width='10' background='bg_color' background_color='' background_gradient_direction='vertical' background_gradient_color1='#000000' background_gradient_color2='#ffffff' background_gradient_color3='' src='' background_position='top left' background_repeat='no-repeat' highlight='' highlight_size='' animation='' link='' linktarget='' link_hover='' title_attr='' alt_attr='' mobile_display='' id='' custom_class='' template_class='' aria_label='' av_uid='av-2fqt2r' sc_version='1.0']\r\n\r\n[av_icon_box icon='ue805' font='entypo-fontello' title='TEKL\u0130F AL' position='top' icon_style='' boxed='' font_color='' custom_title='' custom_content='' color='' custom_bg='' custom_font='' custom_border='' custom_title_size='' av-medium-font-size-title='' av-small-font-size-title='' av-mini-font-size-title='' custom_content_size='' av-medium-font-size='' av-small-font-size='' av-mini-font-size='' heading_tag='' heading_class='' link='manually,https:\/\/alptek.com.tr\/tr\/contactform\/?iframe=true' linktarget='' linkelement='both' id='' custom_class='' template_class='' av_uid='av-m3700cyk' sc_version='1.0' admin_preview_bg='']\r\n<a href=\"https:\/\/alptek.com.tr\/tr\/contactform\/?iframe=true\">B\u0130ZE ULA\u015eIN<\/a>\r\n[\/av_icon_box]\r\n\r\n[\/av_one_half][\/av_section]\n","protected":false},"excerpt":{"rendered":"","protected":false},"author":2,"featured_media":0,"parent":3151,"menu_order":0,"comment_status":"closed","ping_status":"closed","template":"","meta":{"footnotes":""},"_links":{"self":[{"href":"https:\/\/alptek.com.tr\/tr\/wp-json\/wp\/v2\/pages\/6174"}],"collection":[{"href":"https:\/\/alptek.com.tr\/tr\/wp-json\/wp\/v2\/pages"}],"about":[{"href":"https:\/\/alptek.com.tr\/tr\/wp-json\/wp\/v2\/types\/page"}],"author":[{"embeddable":true,"href":"https:\/\/alptek.com.tr\/tr\/wp-json\/wp\/v2\/users\/2"}],"replies":[{"embeddable":true,"href":"https:\/\/alptek.com.tr\/tr\/wp-json\/wp\/v2\/comments?post=6174"}],"version-history":[{"count":6,"href":"https:\/\/alptek.com.tr\/tr\/wp-json\/wp\/v2\/pages\/6174\/revisions"}],"predecessor-version":[{"id":7773,"href":"https:\/\/alptek.com.tr\/tr\/wp-json\/wp\/v2\/pages\/6174\/revisions\/7773"}],"up":[{"embeddable":true,"href":"https:\/\/alptek.com.tr\/tr\/wp-json\/wp\/v2\/pages\/3151"}],"wp:attachment":[{"href":"https:\/\/alptek.com.tr\/tr\/wp-json\/wp\/v2\/media?parent=6174"}],"curies":[{"name":"wp","href":"https:\/\/api.w.org\/{rel}","templated":true}]}}