{"id":6161,"date":"2024-02-01T07:19:36","date_gmt":"2024-02-01T07:19:36","guid":{"rendered":"https:\/\/alptek.com.tr\/?page_id=6161"},"modified":"2024-11-08T13:38:37","modified_gmt":"2024-11-08T13:38:37","slug":"otamasyon-robotlari","status":"publish","type":"page","link":"https:\/\/alptek.com.tr\/tr\/vivaryum-ekipmanlari\/otamasyon-robotlari\/","title":{"rendered":"Otamasyon Robotlar\u0131"},"content":{"rendered":"<div id='layer_slider_1'  class='avia-layerslider main_color avia-shadow  avia-builder-el-0  el_before_av_section  avia-builder-el-first  container_wrap sidebar_right'  style='height: 921px; max-width: 1920px; margin: 0 auto;'  ><\/div>\n<div id='av_section_1'  class='avia-section av-17opd4-97d1190a422096211bb63ca67a3575f2 main_color avia-section-default avia-no-border-styling  avia-builder-el-1  el_after_av_layerslider  el_before_av_postcontent  avia-bg-style-scroll  container_wrap sidebar_right'  ><div class='container av-section-cont-open' ><div class='template-page content  av-content-small alpha units'><div class='post-entry post-entry-type-page post-entry-6161'><div class='entry-content-wrapper clearfix'>\n\n<style type=\"text\/css\" id=\"style-css-av-ls1x080o-2f774812925891c1ff425560fbccc3ec\">\n#top .av-special-heading.av-ls1x080o-2f774812925891c1ff425560fbccc3ec{\npadding-bottom:10px;\nfont-size:32px;\n}\n<\/style>\n<div  class='av-special-heading av-ls1x080o-2f774812925891c1ff425560fbccc3ec av-special-heading-h1 blockquote modern-quote modern-centered  avia-builder-el-2  el_before_av_hr  avia-builder-el-first  av-inherit-size '><h1 class='av-special-heading-tag '  itemprop=\"headline\"  >OTOMASYON ROBOTLARI<\/h1><div class='special-heading-border'><div class='special-heading-inner-border'><\/div><\/div><\/div>\n\n<style type=\"text\/css\" id=\"style-css-av-ls1x0kkp-107bd9d5d2b45a1a373ce45b62e4369d\">\n.hr.av-ls1x0kkp-107bd9d5d2b45a1a373ce45b62e4369d{\nmargin-top:0px;\nmargin-bottom:30px;\n}\n.hr.av-ls1x0kkp-107bd9d5d2b45a1a373ce45b62e4369d .hr-inner{\nwidth:100px;\nborder-color:#9c9b9b;\n}\n<\/style>\n<div  class='hr av-ls1x0kkp-107bd9d5d2b45a1a373ce45b62e4369d hr-custom  avia-builder-el-3  el_after_av_heading  el_before_av_one_fifth  hr-center hr-icon-no '><span class='hr-inner inner-border-av-border-fat'><span class=\"hr-inner-style\"><\/span><\/span><\/div>\n<div class='flex_column av-b956fs-8ce4a7783f5e1f75016c1ee7e94acece av_one_fifth  avia-builder-el-4  el_after_av_hr  el_before_av_three_fifth  first flex_column_div '   ><\/div><div class='flex_column av-9n8zko-761a0ecfd89243bc178f770b859c3abf av_three_fifth  avia-builder-el-5  el_after_av_one_fifth  el_before_av_one_fifth  flex_column_div '   ><div   data-size='featured'  data-lightbox_size='large'  data-animation='slide'  data-conditional_play=''  data-ids='6168,6169,6170,6171'  data-video_counter='0'  data-autoplay='false'  data-bg_slider='false'  data-slide_height=''  data-handle='av_slideshow'  data-interval='5'  data-class=' avia-builder-el-6  avia-builder-el-no-sibling  '  data-el_id=''  data-css_id=''  data-scroll_down=''  data-control_layout='av-control-default'  data-custom_markup=''  data-perma_caption=''  data-autoplay_stopper=''  data-image_attachment=''  data-min_height='0px'  data-lazy_loading='disabled'  data-default-height='28.666666666667'  class='avia-slideshow avia-slideshow-1  av-control-default av-default-height-applied avia-slideshow-featured av_slideshow  avia-builder-el-6  avia-builder-el-no-sibling   avia-slide-slider '  itemprop=\"image\" itemscope=\"itemscope\" itemtype=\"https:\/\/schema.org\/ImageObject\" ><ul class='avia-slideshow-inner ' style='padding-bottom: 76.51376146789%;' ><li  class=' slide-1 ' ><div data-rel='slideshow-1' class='avia-slide-wrap '   ><img decoding=\"async\" class=\"wp-image-6168 avia-img-lazy-loading-not-6168\"  src=\"https:\/\/alptek.com.tr\/tr\/wp-content\/uploads\/2024\/02\/automation-robots-1-alptek.jpg\" width=\"545\" height=\"417\" title='automation-robots-1-alptek' alt=''  itemprop=\"thumbnailUrl\" srcset=\"https:\/\/alptek.com.tr\/tr\/wp-content\/uploads\/2024\/02\/automation-robots-1-alptek.jpg 545w, https:\/\/alptek.com.tr\/tr\/wp-content\/uploads\/2024\/02\/automation-robots-1-alptek-300x230.jpg 300w\" sizes=\"(max-width: 545px) 100vw, 545px\" \/><\/div><\/li><li  class=' slide-2 ' ><div data-rel='slideshow-1' class='avia-slide-wrap '   ><img decoding=\"async\" class=\"wp-image-6169 avia-img-lazy-loading-not-6169\"  src=\"https:\/\/alptek.com.tr\/tr\/wp-content\/uploads\/2024\/02\/automation-robots-2-alptek.jpg\" width=\"545\" height=\"417\" title='automation-robots-2-alptek' alt=''  itemprop=\"thumbnailUrl\" srcset=\"https:\/\/alptek.com.tr\/tr\/wp-content\/uploads\/2024\/02\/automation-robots-2-alptek.jpg 545w, https:\/\/alptek.com.tr\/tr\/wp-content\/uploads\/2024\/02\/automation-robots-2-alptek-300x230.jpg 300w\" sizes=\"(max-width: 545px) 100vw, 545px\" \/><\/div><\/li><li  class=' slide-3 ' ><div data-rel='slideshow-1' class='avia-slide-wrap '   ><img decoding=\"async\" class=\"wp-image-6170 avia-img-lazy-loading-not-6170\"  src=\"https:\/\/alptek.com.tr\/tr\/wp-content\/uploads\/2024\/02\/automation-robots-3-alptek.jpg\" width=\"545\" height=\"417\" title='automation-robots-3-alptek' alt=''  itemprop=\"thumbnailUrl\" srcset=\"https:\/\/alptek.com.tr\/tr\/wp-content\/uploads\/2024\/02\/automation-robots-3-alptek.jpg 545w, https:\/\/alptek.com.tr\/tr\/wp-content\/uploads\/2024\/02\/automation-robots-3-alptek-300x230.jpg 300w\" sizes=\"(max-width: 545px) 100vw, 545px\" \/><\/div><\/li><li  class=' slide-4 ' ><div data-rel='slideshow-1' class='avia-slide-wrap '   ><img decoding=\"async\" class=\"wp-image-6171 avia-img-lazy-loading-not-6171\"  src=\"https:\/\/alptek.com.tr\/tr\/wp-content\/uploads\/2024\/02\/automation-robots-4-alptek.jpg\" width=\"545\" height=\"417\" title='automation-robots-4-alptek' alt=''  itemprop=\"thumbnailUrl\" srcset=\"https:\/\/alptek.com.tr\/tr\/wp-content\/uploads\/2024\/02\/automation-robots-4-alptek.jpg 545w, https:\/\/alptek.com.tr\/tr\/wp-content\/uploads\/2024\/02\/automation-robots-4-alptek-300x230.jpg 300w\" sizes=\"(max-width: 545px) 100vw, 545px\" \/><\/div><\/li><\/ul><div class='avia-slideshow-arrows avia-slideshow-controls' ><a href='#prev' class='prev-slide ' aria-hidden='true' data-av_icon='\ue87c' data-av_iconfont='entypo-fontello' aria-hidden='true' tabindex='-1'>\u00d6nceki<\/a><a href='#next' class='next-slide ' aria-hidden='true' data-av_icon='\ue87d' data-av_iconfont='entypo-fontello' aria-hidden='true' tabindex='-1'>Sonraki<\/a><\/div><div class='avia-slideshow-dots avia-slideshow-controls'><a href='#1' class='goto-slide active' >1<\/a><a href='#2' class='goto-slide ' >2<\/a><a href='#3' class='goto-slide ' >3<\/a><a href='#4' class='goto-slide ' >4<\/a><\/div><\/div><\/div><div class='flex_column av-6v1b14-690d3006e053847cdc75d4b5414ceb1a av_one_fifth  avia-builder-el-7  el_after_av_three_fifth  el_before_av_one_fifth  flex_column_div '   ><\/div><div class='flex_column av-6a0pdk-6f0be625469061a374c6380143678f52 av_one_fifth  avia-builder-el-8  el_after_av_one_fifth  el_before_av_three_fifth  first flex_column_div column-top-margin'   ><\/div><div class='flex_column av-4jjh5k-3075ad43899e7872b14c033844aa374b av_three_fifth  avia-builder-el-9  el_after_av_one_fifth  el_before_av_one_fifth  flex_column_div column-top-margin'   ><section class=\"av_textblock_section \"  itemscope=\"itemscope\" itemtype=\"https:\/\/schema.org\/CreativeWork\" ><div class='avia_textblock  av_inherit_color '  style='color:#000000; '  itemprop=\"text\" ><ul>\n<li>P-line \u015fi\u015fe y\u0131kay\u0131c\u0131yla birlikte \u00e7al\u0131\u015fan tam otomatik sistem<\/li>\n<li>Poseidon ve P-line, ergonomiyi en \u00fcst d\u00fczeye \u00e7\u0131karmak ve operasyonel verimlili\u011fi art\u0131rmak i\u00e7in ola\u011fan\u00fcst\u00fc bir kombinasyondur<\/li>\n<li>Ta\u015f\u0131ma arabalar\u0131 ile \u00e7ama\u015f\u0131r makinesi aras\u0131nda \u015fi\u015fe kasalar\u0131n\u0131n otomatik olarak ta\u015f\u0131nmas\u0131 i\u00e7in hem kirli hem de temiz yan uygulamalara y\u00f6nelik mod\u00fcler \u00e7\u00f6z\u00fcm<\/li>\n<li>Minimum 20 dakikal\u0131k ara bellekle m\u00fckemmel \u00f6zerklik<\/li>\n<li>Her g\u00fcvenlik h\u00fccresi i\u00e7in yaln\u0131zca 4m\u00b2 \u2013 43ft\u00b2 ile \u00e7ok kompakt ayak izi<\/li>\n<\/ul>\n<\/div><\/section><\/div><div class='flex_column av-bnsqg-5d7062cea11b470536ea3bc7aae43b72 av_one_fifth  avia-builder-el-11  el_after_av_three_fifth  avia-builder-el-last  flex_column_div column-top-margin'   ><\/div>\n\n[av_section min_height='' min_height_pc='25' min_height_px='500px' padding='default' margin='' custom_margin='0px' svg_div_top='' svg_div_top_color='#333333' svg_div_top_width='100' svg_div_top_height='50' svg_div_top_max_height='none' svg_div_top_flip='' svg_div_top_invert='' svg_div_top_front='' svg_div_top_opacity='' svg_div_top_preview='' svg_div_bottom='' svg_div_bottom_color='#333333' svg_div_bottom_width='100' svg_div_bottom_height='50' svg_div_bottom_max_height='none' svg_div_bottom_flip='' svg_div_bottom_invert='' svg_div_bottom_front='' svg_div_bottom_opacity='' svg_div_bottom_preview='' color='main_color' background='bg_color' custom_bg='' background_gradient_direction='vertical' background_gradient_color1='#000000' background_gradient_color2='#ffffff' background_gradient_color3='' src='' attach='scroll' position='top left' repeat='no-repeat' video='' video_ratio='16:9' video_mobile_disabled='' overlay_enable='' overlay_opacity='0.5' overlay_color='' overlay_pattern='' overlay_custom_pattern='' shadow='no-border-styling' bottom_border='no-border-styling' bottom_border_diagonal_color='#333333' bottom_border_diagonal_direction='' bottom_border_style='' scroll_down='' custom_arrow_bg='' av-desktop-hide='' av-medium-hide='' av-small-hide='' av-mini-hide='' id='' custom_class='' template_class='' aria_label='' av_element_hidden_in_editor='0' av_uid='av-6x4clf' sc_version='1.0']\r\n\r\n[av_one_half first min_height='' vertical_alignment='av-align-top' space='' row_boxshadow='' row_boxshadow_color='' row_boxshadow_width='10' custom_margin='' margin='0px' mobile_breaking='' min_col_height='' padding='' svg_div_top='' svg_div_top_color='#333333' svg_div_top_width='100' svg_div_top_height='50' svg_div_top_max_height='none' svg_div_top_flip='' svg_div_top_invert='' svg_div_top_front='' svg_div_top_opacity='' svg_div_top_preview='' svg_div_bottom='' svg_div_bottom_color='#333333' svg_div_bottom_width='100' svg_div_bottom_height='50' svg_div_bottom_max_height='none' svg_div_bottom_flip='' svg_div_bottom_invert='' svg_div_bottom_front='' svg_div_bottom_opacity='' svg_div_bottom_preview='' border='' border_style='solid' border_color='' radius='' column_boxshadow='' column_boxshadow_color='' column_boxshadow_width='10' background='bg_color' background_color='' background_gradient_direction='vertical' background_gradient_color1='#000000' background_gradient_color2='#ffffff' background_gradient_color3='' src='' background_position='top left' background_repeat='no-repeat' highlight='' highlight_size='' animation='' link='' linktarget='' link_hover='' title_attr='' alt_attr='' mobile_display='' id='' custom_class='' template_class='' aria_label='' av_uid='av-57iewz' sc_version='1.0']\r\n\r\n[av_icon_box icon='ue854' font='entypo-fontello' title='TELEFON' position='top' icon_style='' boxed='' font_color='' custom_title='' custom_content='' color='' custom_bg='' custom_font='' custom_border='' custom_title_size='' av-medium-font-size-title='' av-small-font-size-title='' av-mini-font-size-title='' custom_content_size='' av-medium-font-size='' av-small-font-size='' av-mini-font-size='' heading_tag='' heading_class='' link='manually,tel:02165401772' linktarget='' linkelement='both' id='' custom_class='' template_class='' av_uid='av-3tsi6r' sc_version='1.0' admin_preview_bg='']\r\n<a href=\"tel:02165401772\">+90 (216) 540 17 72<\/a>\r\n[\/av_icon_box]\r\n\r\n[\/av_one_half][av_one_half min_height='' vertical_alignment='av-align-top' space='' row_boxshadow='' row_boxshadow_color='' row_boxshadow_width='10' custom_margin='' margin='0px' mobile_breaking='' min_col_height='' padding='' svg_div_top='' svg_div_top_color='#333333' svg_div_top_width='100' svg_div_top_height='50' svg_div_top_max_height='none' svg_div_top_flip='' svg_div_top_invert='' svg_div_top_front='' svg_div_top_opacity='' svg_div_top_preview='' svg_div_bottom='' svg_div_bottom_color='#333333' svg_div_bottom_width='100' svg_div_bottom_height='50' svg_div_bottom_max_height='none' svg_div_bottom_flip='' svg_div_bottom_invert='' svg_div_bottom_front='' svg_div_bottom_opacity='' svg_div_bottom_preview='' border='' border_style='solid' border_color='' radius='' column_boxshadow='' column_boxshadow_color='' column_boxshadow_width='10' background='bg_color' background_color='' background_gradient_direction='vertical' background_gradient_color1='#000000' background_gradient_color2='#ffffff' background_gradient_color3='' src='' background_position='top left' background_repeat='no-repeat' highlight='' highlight_size='' animation='' link='' linktarget='' link_hover='' title_attr='' alt_attr='' mobile_display='' id='' custom_class='' template_class='' aria_label='' av_uid='av-2fqt2r' sc_version='1.0']\r\n\r\n[av_icon_box icon='ue805' font='entypo-fontello' title='TEKL\u0130F AL' position='top' icon_style='' boxed='' font_color='' custom_title='' custom_content='' color='' custom_bg='' custom_font='' custom_border='' custom_title_size='' av-medium-font-size-title='' av-small-font-size-title='' av-mini-font-size-title='' custom_content_size='' av-medium-font-size='' av-small-font-size='' av-mini-font-size='' heading_tag='' heading_class='' link='manually,https:\/\/alptek.com.tr\/tr\/contactform\/?iframe=true' linktarget='' linkelement='both' id='' custom_class='' template_class='' av_uid='av-m3700cyk' sc_version='1.0' admin_preview_bg='']\r\n<a href=\"https:\/\/alptek.com.tr\/tr\/contactform\/?iframe=true\">B\u0130ZE ULA\u015eIN<\/a>\r\n[\/av_icon_box]\r\n\r\n[\/av_one_half][\/av_section]\n","protected":false},"excerpt":{"rendered":"","protected":false},"author":2,"featured_media":0,"parent":3151,"menu_order":0,"comment_status":"closed","ping_status":"closed","template":"","meta":{"footnotes":""},"_links":{"self":[{"href":"https:\/\/alptek.com.tr\/tr\/wp-json\/wp\/v2\/pages\/6161"}],"collection":[{"href":"https:\/\/alptek.com.tr\/tr\/wp-json\/wp\/v2\/pages"}],"about":[{"href":"https:\/\/alptek.com.tr\/tr\/wp-json\/wp\/v2\/types\/page"}],"author":[{"embeddable":true,"href":"https:\/\/alptek.com.tr\/tr\/wp-json\/wp\/v2\/users\/2"}],"replies":[{"embeddable":true,"href":"https:\/\/alptek.com.tr\/tr\/wp-json\/wp\/v2\/comments?post=6161"}],"version-history":[{"count":7,"href":"https:\/\/alptek.com.tr\/tr\/wp-json\/wp\/v2\/pages\/6161\/revisions"}],"predecessor-version":[{"id":7772,"href":"https:\/\/alptek.com.tr\/tr\/wp-json\/wp\/v2\/pages\/6161\/revisions\/7772"}],"up":[{"embeddable":true,"href":"https:\/\/alptek.com.tr\/tr\/wp-json\/wp\/v2\/pages\/3151"}],"wp:attachment":[{"href":"https:\/\/alptek.com.tr\/tr\/wp-json\/wp\/v2\/media?parent=6161"}],"curies":[{"name":"wp","href":"https:\/\/api.w.org\/{rel}","templated":true}]}}