{"id":600,"date":"2021-09-09T10:47:32","date_gmt":"2021-09-09T10:47:32","guid":{"rendered":"https:\/\/demo.novasta.com.tr\/alptek\/?page_id=600"},"modified":"2024-03-14T11:13:13","modified_gmt":"2024-03-14T11:13:13","slug":"davranis-ilkeleri","status":"publish","type":"page","link":"https:\/\/alptek.com.tr\/tr\/davranis-ilkeleri\/","title":{"rendered":"DAVRANI\u015e \u0130LKELER\u0130"},"content":{"rendered":"<div id='layer_slider_1'  class='avia-layerslider main_color avia-shadow  avia-builder-el-0  el_before_av_section  avia-builder-el-first  container_wrap sidebar_right'  style='height: 601px; max-width: 1850px; margin: 0 auto;'  ><\/div>\n<div id='av_section_1'  class='avia-section av-95egb-c101bfbe451a5a64e192b9e87dbacd5f main_color avia-section-default avia-no-border-styling  avia-builder-el-1  el_after_av_layerslider  el_before_av_section  avia-bg-style-scroll  container_wrap sidebar_right'  ><div class='container av-section-cont-open' ><div class='template-page content  av-content-small alpha units'><div class='post-entry post-entry-type-page post-entry-600'><div class='entry-content-wrapper clearfix'>\n<div class='flex_column av-etpe3-eb4a7764b619338376cf5000f4fc975c av_one_full  avia-builder-el-2  el_before_av_one_full  avia-builder-el-first  first flex_column_div '   ><p>\n<style type=\"text\/css\" id=\"style-css-av-ktcq469f-3ea70a16149d96ebf5900c2f30c7bb94\">\n#top .av-special-heading.av-ktcq469f-3ea70a16149d96ebf5900c2f30c7bb94{\npadding-bottom:0px;\nfont-size:32px;\n}\n<\/style>\n<div  class='av-special-heading av-ktcq469f-3ea70a16149d96ebf5900c2f30c7bb94 av-special-heading-h1 blockquote modern-quote modern-centered  avia-builder-el-3  el_before_av_hr  avia-builder-el-first  av-inherit-size '><h1 class='av-special-heading-tag '  itemprop=\"headline\"  >DAVRANI\u015e \u0130LKELER\u0130<\/h1><div class='special-heading-border'><div class='special-heading-inner-border'><\/div><\/div><\/div><br \/>\n\n<style type=\"text\/css\" id=\"style-css-av-429f-1f359ab6b5045760cabb0a56f6088786\">\n.hr.av-429f-1f359ab6b5045760cabb0a56f6088786{\nmargin-top:5px !important;\nmargin-bottom:0px !important;\n}\n.hr.av-429f-1f359ab6b5045760cabb0a56f6088786 .hr-inner{\nwidth:100px;\nborder-color:#9c9b9b;\n}\n<\/style>\n<div  class='hr av-429f-1f359ab6b5045760cabb0a56f6088786 hr-custom  avia-builder-el-4  el_after_av_heading  avia-builder-el-last  hr-center hr-icon-no '><span class='hr-inner inner-border-av-border-fat'><span class=\"hr-inner-style\"><\/span><\/span><\/div><\/p><\/div><div class='flex_column av-8pfjz-f888f25e675fd0c18e4f44d8f17fab8f av_one_full  avia-builder-el-5  el_after_av_one_full  avia-builder-el-last  first flex_column_div column-top-margin'   ><section class=\"av_textblock_section \"  itemscope=\"itemscope\" itemtype=\"https:\/\/schema.org\/CreativeWork\" ><div class='avia_textblock  av_inherit_color '  style='font-size:24px; color:#000000; '  itemprop=\"text\" ><p><strong>ALPTEK<\/strong> Davran\u0131\u015f Kurallar\u0131, bir dizi \u00f6nemli davran\u0131\u015f kurallar\u0131 i\u00e7ermekte olup, <strong>ALPTEK&#8217;in<\/strong> t\u00fcm i\u015f ortaklar\u0131, m\u00fc\u015fterileri ve \u00e7al\u0131\u015fanlar\u0131 i\u00e7in, <strong>ALPTEK&#8217;in<\/strong> g\u00fcnl\u00fck i\u015flerinin yan\u0131 s\u0131ra stratejik planlama ve karar verme s\u00fcre\u00e7lerinde de bir rehber olmay\u0131 ama\u00e7lamaktad\u0131r. Uygun oldu\u011fu durumlarda, <strong>ALPTEK&#8217;in<\/strong> Davran\u0131\u015f Kurallar\u0131 yerel yasa ve standartlara g\u00f6re de\u011fi\u015ftirilecektir.<\/p>\n<p>\u0130\u015f yerindeki bireysel eylemler, d\u00fcnyan\u0131n ve ortaklar\u0131m\u0131z\u0131n <strong>ALPTEK&#8217;i<\/strong> nas\u0131l alg\u0131lad\u0131\u011f\u0131n\u0131 \u015fekillendirir; bu nedenle her \u00e7al\u0131\u015fan\u0131n <strong>ALPTEK&#8217;in<\/strong> misyonunun sorumlulu\u011funu almas\u0131 ve her durumda etik davranmas\u0131 \u00e7ok \u00f6nemlidir.<\/p>\n<\/div><\/section><\/div><\/div><\/div><\/div><!-- close content main div --><\/div><\/div><div id='av_section_2'  class='avia-section av-2ls9y8-92f68b76417e039b6152eebff11d805d main_color avia-section-default avia-no-border-styling  avia-builder-el-7  el_after_av_section  el_before_av_section  avia-bg-style-scroll  container_wrap sidebar_right'  ><div class='container av-section-cont-open' ><div class='template-page content  av-content-small alpha units'><div class='post-entry post-entry-type-page post-entry-600'><div class='entry-content-wrapper clearfix'>\n\n<style type=\"text\/css\" id=\"style-css-av-lqzaouh4-20b81344f0b583a5f4829f029ee469a3\">\n.avia-image-container.av-lqzaouh4-20b81344f0b583a5f4829f029ee469a3 .av-image-caption-overlay-center{\ncolor:#ffffff;\n}\n<\/style>\n<div  class='avia-image-container av-lqzaouh4-20b81344f0b583a5f4829f029ee469a3 av-styling- avia-align-center  avia-builder-el-8  avia-builder-el-no-sibling  '  itemprop=\"image\" itemscope=\"itemscope\" itemtype=\"https:\/\/schema.org\/ImageObject\" ><div class=\"avia-image-container-inner\"><div class=\"avia-image-overlay-wrap\"><img decoding=\"async\" class='wp-image-3560 avia-img-lazy-loading-not-3560 avia_image' src=\"https:\/\/alptek.com.tr\/tr\/wp-content\/uploads\/2024\/01\/code-of-concurd-alptek-2.jpg\" alt='' title='code-of-concurd-alptek-2'  height=\"897\" width=\"1100\"  itemprop=\"thumbnailUrl\" srcset=\"https:\/\/alptek.com.tr\/tr\/wp-content\/uploads\/2024\/01\/code-of-concurd-alptek-2.jpg 1100w, https:\/\/alptek.com.tr\/tr\/wp-content\/uploads\/2024\/01\/code-of-concurd-alptek-2-300x245.jpg 300w, https:\/\/alptek.com.tr\/tr\/wp-content\/uploads\/2024\/01\/code-of-concurd-alptek-2-1030x840.jpg 1030w, https:\/\/alptek.com.tr\/tr\/wp-content\/uploads\/2024\/01\/code-of-concurd-alptek-2-768x626.jpg 768w, https:\/\/alptek.com.tr\/tr\/wp-content\/uploads\/2024\/01\/code-of-concurd-alptek-2-705x575.jpg 705w\" sizes=\"(max-width: 1100px) 100vw, 1100px\" \/><\/div><\/div><\/div>\n<\/p>\n<\/div><\/div><\/div><!-- close content main div --><\/div><\/div><div id='av_section_3'  class='avia-section av-hrnfk-b191adabf24eba060aa0c55c3f8ba5f7 main_color avia-section-default avia-no-border-styling  avia-builder-el-9  el_after_av_section  avia-builder-el-last  avia-bg-style-scroll  container_wrap sidebar_right'  ><div class='container av-section-cont-open' ><div class='template-page content  av-content-small alpha units'><div class='post-entry post-entry-type-page post-entry-600'><div class='entry-content-wrapper clearfix'>\n<div class='flex_column av-23bmhc-3539f00e3c5a7c504e00d560047b2b9d av_one_full  avia-builder-el-10  avia-builder-el-no-sibling  first flex_column_div '   ><\/div>\n<\/div><\/div><\/div><!-- close content main div --><\/div><\/div><div id='after_section_3'  class='main_color av_default_container_wrap container_wrap sidebar_right'  ><div class='container av-section-cont-open' ><div class='template-page content  av-content-small alpha units'><div class='post-entry post-entry-type-page post-entry-600'><div class='entry-content-wrapper clearfix'>\n","protected":false},"excerpt":{"rendered":"","protected":false},"author":1,"featured_media":0,"parent":0,"menu_order":0,"comment_status":"closed","ping_status":"closed","template":"","meta":{"footnotes":""},"_links":{"self":[{"href":"https:\/\/alptek.com.tr\/tr\/wp-json\/wp\/v2\/pages\/600"}],"collection":[{"href":"https:\/\/alptek.com.tr\/tr\/wp-json\/wp\/v2\/pages"}],"about":[{"href":"https:\/\/alptek.com.tr\/tr\/wp-json\/wp\/v2\/types\/page"}],"author":[{"embeddable":true,"href":"https:\/\/alptek.com.tr\/tr\/wp-json\/wp\/v2\/users\/1"}],"replies":[{"embeddable":true,"href":"https:\/\/alptek.com.tr\/tr\/wp-json\/wp\/v2\/comments?post=600"}],"version-history":[{"count":6,"href":"https:\/\/alptek.com.tr\/tr\/wp-json\/wp\/v2\/pages\/600\/revisions"}],"predecessor-version":[{"id":7057,"href":"https:\/\/alptek.com.tr\/tr\/wp-json\/wp\/v2\/pages\/600\/revisions\/7057"}],"wp:attachment":[{"href":"https:\/\/alptek.com.tr\/tr\/wp-json\/wp\/v2\/media?parent=600"}],"curies":[{"name":"wp","href":"https:\/\/api.w.org\/{rel}","templated":true}]}}