{"id":555,"date":"2021-09-09T08:42:51","date_gmt":"2021-09-09T08:42:51","guid":{"rendered":"https:\/\/demo.novasta.com.tr\/alptek\/?page_id=555"},"modified":"2024-04-15T13:50:33","modified_gmt":"2024-04-15T13:50:33","slug":"surdurulebilirlik","status":"publish","type":"page","link":"https:\/\/alptek.com.tr\/tr\/surdurulebilirlik\/","title":{"rendered":"S\u00dcRD\u00dcR\u00dcLEB\u0130L\u0130RL\u0130K"},"content":{"rendered":"<div id='layer_slider_1'  class='avia-layerslider main_color avia-shadow  avia-builder-el-0  el_before_av_section  avia-builder-el-first  container_wrap sidebar_right'  style='height: 601px; max-width: 1850px; margin: 0 auto;'  ><\/div>\n<div id='av_section_1'  class='avia-section av-95egb-c101bfbe451a5a64e192b9e87dbacd5f main_color avia-section-default avia-no-border-styling  avia-builder-el-1  el_after_av_layerslider  el_before_av_section  avia-bg-style-scroll  container_wrap sidebar_right'  ><div class='container av-section-cont-open' ><div class='template-page content  av-content-small alpha units'><div class='post-entry post-entry-type-page post-entry-555'><div class='entry-content-wrapper clearfix'>\n<div class='flex_column av-etpe3-eb4a7764b619338376cf5000f4fc975c av_one_full  avia-builder-el-2  el_before_av_one_full  avia-builder-el-first  first flex_column_div '   ><p>\n<style type=\"text\/css\" id=\"style-css-av-ktcq469f-7069b74ed36f5934c8938d15f8d4a2c9\">\n#top .av-special-heading.av-ktcq469f-7069b74ed36f5934c8938d15f8d4a2c9{\npadding-bottom:0px;\nfont-size:32px;\n}\n<\/style>\n<div  class='av-special-heading av-ktcq469f-7069b74ed36f5934c8938d15f8d4a2c9 av-special-heading-h1 blockquote modern-quote modern-centered  avia-builder-el-3  el_before_av_hr  avia-builder-el-first  av-inherit-size '><h1 class='av-special-heading-tag '  itemprop=\"headline\"  >S\u00dcRD\u00dcR\u00dcLEB\u0130L\u0130RL\u0130K<\/h1><div class='special-heading-border'><div class='special-heading-inner-border'><\/div><\/div><\/div><br \/>\n\n<style type=\"text\/css\" id=\"style-css-av-429f-b652dd24ead3981949abdfd709eaceae\">\n.hr.av-429f-b652dd24ead3981949abdfd709eaceae{\nmargin-top:5px !important;\nmargin-bottom:0px !important;\n}\n.hr.av-429f-b652dd24ead3981949abdfd709eaceae .hr-inner{\nwidth:100px;\nborder-color:#266829;\n}\n<\/style>\n<div  class='hr av-429f-b652dd24ead3981949abdfd709eaceae hr-custom  avia-builder-el-4  el_after_av_heading  avia-builder-el-last  hr-center hr-icon-no '><span class='hr-inner inner-border-av-border-fat'><span class=\"hr-inner-style\"><\/span><\/span><\/div><\/p><\/div><div class='flex_column av-8pfjz-f888f25e675fd0c18e4f44d8f17fab8f av_one_full  avia-builder-el-5  el_after_av_one_full  avia-builder-el-last  first flex_column_div column-top-margin'   ><section class=\"av_textblock_section \"  itemscope=\"itemscope\" itemtype=\"https:\/\/schema.org\/CreativeWork\" ><div class='avia_textblock  '  style='font-size:24px; '  itemprop=\"text\" ><p>ALPTEK, faaliyetlerini s\u00fcrd\u00fcr\u00fclebilirlik ilkesi do\u011frultusunda y\u00fcr\u00fctmektedir. ALPTEK, kaliteye, ekolojiye, enerji verimlili\u011fine ve g\u00fcvenli\u011fe olan ba\u011fl\u0131l\u0131\u011f\u0131yla, ilgili \u00e7e\u015fitli taraflara kar\u015f\u0131 sorumlulu\u011funu yerine getirmekte ve m\u00fc\u015fteri memnuniyeti ve uzun vadeli ekonomik ba\u015far\u0131 ko\u015fullar\u0131n\u0131 optimize etmektedir.<\/p>\n<p>ALPTEK olarak do\u011fay\u0131 korumakla y\u00fck\u00fcml\u00fcy\u00fcz. Bu sorumlulu\u011fun bir k\u0131sm\u0131 s\u00fct end\u00fcstrisinin daha s\u00fcrd\u00fcr\u00fclebilir bir \u015fekilde faaliyet g\u00f6stermesine aittir. ALPTEK i\u00e7in daha s\u00fcrd\u00fcr\u00fclebilir i\u015f yapmak, \u015firketin gelece\u011fe y\u00f6n verecek ekolojik, ekonomik ve sosyal zorluklar\u0131 kar\u015f\u0131lamas\u0131 anlam\u0131na geliyor.<\/p>\n<\/div><\/section><\/div><\/div><\/div><\/div><!-- close content main div --><\/div><\/div>\n<style type=\"text\/css\" id=\"style-css-av-ktcr0mrd-0c79411d516eb963fc4d61db3402c18a\">\n.avia-section.av-ktcr0mrd-0c79411d516eb963fc4d61db3402c18a{\nbackground-repeat:no-repeat;\nbackground-image:url(https:\/\/alptek.com.tr\/tr\/wp-content\/uploads\/2024\/01\/susability-alptek-4.jpg);\nbackground-position:center center;\nbackground-attachment:scroll;\n}\n<\/style>\n<div id='av_section_2'  class='avia-section av-ktcr0mrd-0c79411d516eb963fc4d61db3402c18a main_color avia-section-default avia-no-border-styling  avia-builder-el-7  el_after_av_section  el_before_av_section  avia-full-stretch avia-bg-style-scroll  av-minimum-height av-minimum-height-50  container_wrap sidebar_right'  data-section-bg-repeat='stretch' data-av_minimum_height_pc='50'><div class='container av-section-cont-open' ><div class='template-page content  av-content-small alpha units'><div class='post-entry post-entry-type-page post-entry-555'><div class='entry-content-wrapper clearfix'>\n<div class='flex_column av-a20u3-a29f7489b16d140c87472458b03a4bda av_one_full  avia-builder-el-8  avia-builder-el-no-sibling  first flex_column_div '   ><p>\n<style type=\"text\/css\" id=\"style-css-av-lqz6f7or-7a8022b8ee2e56f20b639e936542f828\">\n.avia-image-container.av-lqz6f7or-7a8022b8ee2e56f20b639e936542f828 .av-image-caption-overlay-center{\ncolor:#ffffff;\n}\n<\/style>\n<div  class='avia-image-container av-lqz6f7or-7a8022b8ee2e56f20b639e936542f828 av-styling- avia-align-center  avia-builder-el-9  el_before_av_textblock  avia-builder-el-first  '  itemprop=\"image\" itemscope=\"itemscope\" itemtype=\"https:\/\/schema.org\/ImageObject\" ><div class=\"avia-image-container-inner\"><div class=\"avia-image-overlay-wrap\"><img decoding=\"async\" class='wp-image-3511 avia-img-lazy-loading-not-3511 avia_image' src=\"https:\/\/alptek.com.tr\/tr\/wp-content\/uploads\/2024\/01\/alptek.png\" alt='' title='alptek'  height=\"110\" width=\"94\"  itemprop=\"thumbnailUrl\"  \/><\/div><\/div><\/div><br \/>\n<section class=\"av_textblock_section \"  itemscope=\"itemscope\" itemtype=\"https:\/\/schema.org\/CreativeWork\" ><div class='avia_textblock  '   itemprop=\"text\" ><h2 style=\"font-size: 56px; text-transform: none; text-align: center; color: #9c9b9b;\">D\u00fcnyam\u0131z\u0131 koru!<\/h2>\n<\/div><\/section><br \/>\n\n<style type=\"text\/css\" id=\"style-css-av-lr0p6tad-78d74bf76e3a345de151253f4ba08546\">\n#top .hr.hr-invisible.av-lr0p6tad-78d74bf76e3a345de151253f4ba08546{\nheight:30px;\n}\n<\/style>\n<div  class='hr av-lr0p6tad-78d74bf76e3a345de151253f4ba08546 hr-invisible  avia-builder-el-11  el_after_av_textblock  el_before_av_textblock  '><span class='hr-inner '><span class=\"hr-inner-style\"><\/span><\/span><\/div><br \/>\n<section class=\"av_textblock_section \"  itemscope=\"itemscope\" itemtype=\"https:\/\/schema.org\/CreativeWork\" ><div class='avia_textblock  '   itemprop=\"text\" ><p style=\"color: #358c38; font-size: 22px; text-align: center;\">ALPTEK gelirinin belli bir k\u0131sm\u0131n\u0131 d\u00fcnyay\u0131 korumak i\u00e7in ba\u011f\u0131\u015fl\u0131yor.<\/p>\n<\/div><\/section><\/p><\/div>\n<\/p>\n<\/div><\/div><\/div><!-- close content main div --><\/div><\/div><div id='av_section_3'  class='avia-section av-2uuhq7-95ad978d37906814f559b67bda1d5522 main_color avia-section-default avia-no-border-styling  avia-builder-el-13  el_after_av_section  el_before_av_layout_row  avia-bg-style-scroll  container_wrap sidebar_right'  ><div class='container av-section-cont-open' ><div class='template-page content  av-content-small alpha units'><div class='post-entry post-entry-type-page post-entry-555'><div class='entry-content-wrapper clearfix'>\n<\/div><\/div><\/div><!-- close content main div --><\/div><\/div><div id='av-layout-grid-1'  class='av-layout-grid-container entry-content-wrapper main_color av-flex-cells     avia-builder-el-14  el_after_av_section  avia-builder-el-last  submenu-not-first container_wrap sidebar_right'  >\n<div class=\"flex_cell no_margin av_one_half  avia-builder-el-15  el_before_av_cell_one_half  avia-builder-el-first   av-zero-padding \"  style='height:50px; min-height:50px;vertical-align:middle; padding:0px; ' ><div class='flex_cell_inner' >\n<style type=\"text\/css\" id=\"style-css-av-lqz71n4m-5a81c32a52c41a7a5e102a1cd2e19ef6\">\n.avia-image-container.av-lqz71n4m-5a81c32a52c41a7a5e102a1cd2e19ef6 .av-image-caption-overlay-center{\ncolor:#ffffff;\n}\n<\/style>\n<div  class='avia-image-container av-lqz71n4m-5a81c32a52c41a7a5e102a1cd2e19ef6 av-styling-no-styling avia-align-left  avia-builder-el-16  avia-builder-el-no-sibling  '  itemprop=\"image\" itemscope=\"itemscope\" itemtype=\"https:\/\/schema.org\/ImageObject\" ><div class=\"avia-image-container-inner\"><div class=\"avia-image-overlay-wrap\"><img decoding=\"async\" class='wp-image-3547 avia-img-lazy-loading-not-3547 avia_image' src=\"https:\/\/alptek.com.tr\/tr\/wp-content\/uploads\/2024\/01\/production-alptek.jpg\" alt='' title='production-alptek'  height=\"418\" width=\"900\"  itemprop=\"thumbnailUrl\" srcset=\"https:\/\/alptek.com.tr\/tr\/wp-content\/uploads\/2024\/01\/production-alptek.jpg 900w, https:\/\/alptek.com.tr\/tr\/wp-content\/uploads\/2024\/01\/production-alptek-300x139.jpg 300w, https:\/\/alptek.com.tr\/tr\/wp-content\/uploads\/2024\/01\/production-alptek-768x357.jpg 768w, https:\/\/alptek.com.tr\/tr\/wp-content\/uploads\/2024\/01\/production-alptek-705x327.jpg 705w\" sizes=\"(max-width: 900px) 100vw, 900px\" \/><\/div><\/div><\/div>\n<\/div><\/div><div class=\"flex_cell no_margin av_one_half  avia-builder-el-17  el_after_av_cell_one_half  avia-builder-el-last   \"  style='height:50px; min-height:50px;vertical-align:middle; padding:30px; ' ><div class='flex_cell_inner' ><p>\n<style type=\"text\/css\" id=\"style-css-av-lqz6yp0o-f2ff2e35e98769ee41fdba254b00143d\">\n#top .av-special-heading.av-lqz6yp0o-f2ff2e35e98769ee41fdba254b00143d{\npadding-bottom:10px;\nfont-size:32px;\n}\n<\/style>\n<div  class='av-special-heading av-lqz6yp0o-f2ff2e35e98769ee41fdba254b00143d av-special-heading-h2 blockquote modern-quote  avia-builder-el-18  el_before_av_hr  avia-builder-el-first  av-inherit-size '><h2 class='av-special-heading-tag '  itemprop=\"headline\"  >S\u00fcrd\u00fcr\u00fclebilir \u00dcretim<\/h2><div class='special-heading-border'><div class='special-heading-inner-border'><\/div><\/div><\/div><br \/>\n\n<style type=\"text\/css\" id=\"style-css-av-lqz739e0-505136b0091fb46851a56691519b1706\">\n.hr.av-lqz739e0-505136b0091fb46851a56691519b1706{\nmargin-top:0px !important;\nmargin-bottom:30px;\n}\n.hr.av-lqz739e0-505136b0091fb46851a56691519b1706 .hr-inner{\nwidth:100px ;\nborder-color:#9c9b9b;\n}\n<\/style>\n<div  class='hr av-lqz739e0-505136b0091fb46851a56691519b1706 hr-custom  avia-builder-el-19  el_after_av_heading  el_before_av_textblock  hr-left hr-icon-no '><span class='hr-inner inner-border-av-border-fat'><span class=\"hr-inner-style\"><\/span><\/span><\/div><br \/>\n<section class=\"av_textblock_section \"  itemscope=\"itemscope\" itemtype=\"https:\/\/schema.org\/CreativeWork\" ><div class='avia_textblock  av_inherit_color '  style='color:#000000; '  itemprop=\"text\" ><p><strong>ALPTEK&#8217;in<\/strong> verimli ve \u015feffaf s\u00fcre\u00e7lerle ekonomik \u00e7al\u0131\u015fma \u00e7abalar\u0131, \u00e7evre ve enerji kaynaklar\u0131n\u0131n dikkatli ve s\u00fcrd\u00fcr\u00fclebilir kullan\u0131m\u0131n\u0131 i\u00e7ermektedir. Uzun vadeli optimizasyon hedefine ula\u015fmak i\u00e7in, \u00e7evre koruma, gereksiz \u00e7evre kirlili\u011fi ve kaynaklar\u0131n s\u00fcrd\u00fcr\u00fclebilir hedefli kullan\u0131m\u0131 hususlar\u0131, stratejik planlama ve geli\u015ftirme a\u015famalar\u0131 kadar erken bir zamanda dikkate al\u0131n\u0131r.<\/p>\n<\/div><\/section><\/p>\n<\/div><\/div>\n<\/div>\n","protected":false},"excerpt":{"rendered":"","protected":false},"author":1,"featured_media":0,"parent":0,"menu_order":0,"comment_status":"closed","ping_status":"closed","template":"","meta":{"footnotes":""},"_links":{"self":[{"href":"https:\/\/alptek.com.tr\/tr\/wp-json\/wp\/v2\/pages\/555"}],"collection":[{"href":"https:\/\/alptek.com.tr\/tr\/wp-json\/wp\/v2\/pages"}],"about":[{"href":"https:\/\/alptek.com.tr\/tr\/wp-json\/wp\/v2\/types\/page"}],"author":[{"embeddable":true,"href":"https:\/\/alptek.com.tr\/tr\/wp-json\/wp\/v2\/users\/1"}],"replies":[{"embeddable":true,"href":"https:\/\/alptek.com.tr\/tr\/wp-json\/wp\/v2\/comments?post=555"}],"version-history":[{"count":8,"href":"https:\/\/alptek.com.tr\/tr\/wp-json\/wp\/v2\/pages\/555\/revisions"}],"predecessor-version":[{"id":7475,"href":"https:\/\/alptek.com.tr\/tr\/wp-json\/wp\/v2\/pages\/555\/revisions\/7475"}],"wp:attachment":[{"href":"https:\/\/alptek.com.tr\/tr\/wp-json\/wp\/v2\/media?parent=555"}],"curies":[{"name":"wp","href":"https:\/\/api.w.org\/{rel}","templated":true}]}}