{"id":4811,"date":"2024-01-19T10:06:19","date_gmt":"2024-01-19T10:06:19","guid":{"rendered":"https:\/\/alptek.com.tr\/?page_id=4811"},"modified":"2024-03-14T07:54:23","modified_gmt":"2024-03-14T07:54:23","slug":"kan-bankasi-buzdolaplari","status":"publish","type":"page","link":"https:\/\/alptek.com.tr\/tr\/yasam-bilimi-ekipmanlari\/kan-bankasi-buzdolaplari\/","title":{"rendered":"KAN BANKASI BUZDOLAPLARI"},"content":{"rendered":"<div id='layer_slider_1'  class='avia-layerslider main_color avia-shadow  avia-builder-el-0  el_before_av_section  avia-builder-el-first  container_wrap sidebar_right'  style='height: 921px; max-width: 1920px; margin: 0 auto;'  ><\/div>\n<div id='av_section_1'  class='avia-section av-4ibi8w-fae85daebb6d4714b19f076660e2de9c main_color avia-section-default avia-no-border-styling  avia-builder-el-1  el_after_av_layerslider  el_before_av_section  avia-bg-style-scroll  container_wrap sidebar_right'  ><div class='container av-section-cont-open' ><div class='template-page content  av-content-small alpha units'><div class='post-entry post-entry-type-page post-entry-4811'><div class='entry-content-wrapper clearfix'>\n<div class='flex_column av-292wr4-b286ed98b0bf945db13432c9bfccfbd1 av_one_full  avia-builder-el-2  avia-builder-el-no-sibling  first flex_column_div '   ><p>\n<style type=\"text\/css\" id=\"style-css-av-lrj9nijd-207af4f637810fd85115980bff0afd32\">\n#top .av-special-heading.av-lrj9nijd-207af4f637810fd85115980bff0afd32{\npadding-bottom:10px;\nfont-size:32px;\n}\n<\/style>\n<div  class='av-special-heading av-lrj9nijd-207af4f637810fd85115980bff0afd32 av-special-heading-h1 blockquote modern-quote modern-centered  avia-builder-el-3  el_before_av_hr  avia-builder-el-first  av-inherit-size '><h1 class='av-special-heading-tag '  itemprop=\"headline\"  >KAN BANKASI BUZDOLAPLARI<\/h1><div class='special-heading-border'><div class='special-heading-inner-border'><\/div><\/div><\/div><br \/>\n\n<style type=\"text\/css\" id=\"style-css-av-lrj9o8fj-87d4dfef2e4e20b7369f1818efbf4225\">\n.hr.av-lrj9o8fj-87d4dfef2e4e20b7369f1818efbf4225{\nmargin-top:-10px !important;\nmargin-bottom:30px;\n}\n.hr.av-lrj9o8fj-87d4dfef2e4e20b7369f1818efbf4225 .hr-inner{\nwidth:100px;\nborder-color:#9c9b9b;\n}\n<\/style>\n<div  class='hr av-lrj9o8fj-87d4dfef2e4e20b7369f1818efbf4225 hr-custom  avia-builder-el-4  el_after_av_heading  avia-builder-el-last  hr-center hr-icon-no '><span class='hr-inner inner-border-av-border-fat'><span class=\"hr-inner-style\"><\/span><\/span><\/div><\/p><\/div><\/div><\/div><\/div><!-- close content main div --><\/div><\/div><div id='av_section_2'  class='avia-section av-c39w8w-b6cbdc6e8984a2915ca17eae4413b5df main_color avia-section-default avia-no-border-styling  avia-builder-el-5  el_after_av_section  avia-builder-el-last  avia-bg-style-scroll  container_wrap sidebar_right'  ><div class='container av-section-cont-open' ><div class='template-page content  av-content-small alpha units'><div class='post-entry post-entry-type-page post-entry-4811'><div class='entry-content-wrapper clearfix'>\n\n<style type=\"text\/css\" id=\"style-css-av-13b4y8-62a6e27e9d66af1121f1d0c54b2f97de\">\n.flex_column.av-13b4y8-62a6e27e9d66af1121f1d0c54b2f97de{\nborder-width:1px;\nborder-color:#9c9b9b;\nborder-style:solid;\npadding:5px 5px 5px 5px;\n}\n<\/style>\n<div class='flex_column av-13b4y8-62a6e27e9d66af1121f1d0c54b2f97de av_one_third  avia-builder-el-6  el_before_av_one_third  avia-builder-el-first  first flex_column_div avia-link-column av-column-link '  data-link-column-url=\"https:\/\/alptek.com.tr\/tr\/yasam-bilimi-ekipmanlari\/kan-bankasi-buzdolaplari\/kan-bankasi-buzdolaplari-1\/\"   ><a class=\"av-screen-reader-only\" href=https:\/\/alptek.com.tr\/tr\/yasam-bilimi-ekipmanlari\/kan-bankasi-buzdolaplari\/kan-bankasi-buzdolaplari-1\/ >Link to: Kan Bankas\u0131 Buzdolaplar\u0131 1<\/a><style type=\"text\/css\" id=\"style-css-av-lrjarjg3-aaf364d4db3214e9cea96fb38899312c\">\n.avia-image-container.av-lrjarjg3-aaf364d4db3214e9cea96fb38899312c .av-image-caption-overlay-center{\ncolor:#ffffff;\n}\n<\/style>\n<div  class='avia-image-container av-lrjarjg3-aaf364d4db3214e9cea96fb38899312c av-styling- avia-align-center  avia-builder-el-7  avia-builder-el-no-sibling  '  itemprop=\"image\" itemscope=\"itemscope\" itemtype=\"https:\/\/schema.org\/ImageObject\" ><div class=\"avia-image-container-inner\"><div class=\"avia-image-overlay-wrap\"><img decoding=\"async\" class='wp-image-4821 avia-img-lazy-loading-not-4821 avia_image' src=\"https:\/\/alptek.com.tr\/tr\/wp-content\/uploads\/2024\/01\/ice-lined-refrigerator-alptek.jpg\" alt='' title='ice-lined-refrigerator-alptek'  height=\"700\" width=\"600\"  itemprop=\"thumbnailUrl\" srcset=\"https:\/\/alptek.com.tr\/tr\/wp-content\/uploads\/2024\/01\/ice-lined-refrigerator-alptek.jpg 600w, https:\/\/alptek.com.tr\/tr\/wp-content\/uploads\/2024\/01\/ice-lined-refrigerator-alptek-257x300.jpg 257w\" sizes=\"(max-width: 600px) 100vw, 600px\" \/><\/div><\/div><\/div><\/div>\n<style type=\"text\/css\" id=\"style-css-av-9lc5ls-b555a541eeb6536a8f1a205e8c5b61ab\">\n.flex_column.av-9lc5ls-b555a541eeb6536a8f1a205e8c5b61ab{\nborder-width:1px;\nborder-color:#9c9b9b;\nborder-style:solid;\npadding:5px 5px 5px 5px;\n}\n<\/style>\n<div class='flex_column av-9lc5ls-b555a541eeb6536a8f1a205e8c5b61ab av_one_third  avia-builder-el-8  el_after_av_one_third  el_before_av_one_third  flex_column_div avia-link-column av-column-link '  data-link-column-url=\"https:\/\/alptek.com.tr\/tr\/yasam-bilimi-ekipmanlari\/kan-bankasi-buzdolaplari\/kan-bankasi-buzdolaplari-2\/\"   ><a class=\"av-screen-reader-only\" href=https:\/\/alptek.com.tr\/tr\/yasam-bilimi-ekipmanlari\/kan-bankasi-buzdolaplari\/kan-bankasi-buzdolaplari-2\/ >Link to: Kan Bankas\u0131 Buzdolaplar\u0131 2<\/a><style type=\"text\/css\" id=\"style-css-av-lrjarqgs-22e04a1bd602e879e3bbc986fd9a1184\">\n.avia-image-container.av-lrjarqgs-22e04a1bd602e879e3bbc986fd9a1184 .av-image-caption-overlay-center{\ncolor:#ffffff;\n}\n<\/style>\n<div  class='avia-image-container av-lrjarqgs-22e04a1bd602e879e3bbc986fd9a1184 av-styling- avia-align-center  avia-builder-el-9  avia-builder-el-no-sibling  '  itemprop=\"image\" itemscope=\"itemscope\" itemtype=\"https:\/\/schema.org\/ImageObject\" ><div class=\"avia-image-container-inner\"><div class=\"avia-image-overlay-wrap\"><img decoding=\"async\" class='wp-image-4823 avia-img-lazy-loading-not-4823 avia_image' src=\"https:\/\/alptek.com.tr\/tr\/wp-content\/uploads\/2024\/01\/ice-lined-refrigerator-2-alptek.jpg\" alt='' title='ice-lined-refrigerator-2-alptek'  height=\"700\" width=\"600\"  itemprop=\"thumbnailUrl\" srcset=\"https:\/\/alptek.com.tr\/tr\/wp-content\/uploads\/2024\/01\/ice-lined-refrigerator-2-alptek.jpg 600w, https:\/\/alptek.com.tr\/tr\/wp-content\/uploads\/2024\/01\/ice-lined-refrigerator-2-alptek-257x300.jpg 257w\" sizes=\"(max-width: 600px) 100vw, 600px\" \/><\/div><\/div><\/div><\/div>\n<style type=\"text\/css\" id=\"style-css-av-7hg14g-50b382d5e1ae43f2c869b6629eee5847\">\n.flex_column.av-7hg14g-50b382d5e1ae43f2c869b6629eee5847{\nborder-width:1px;\nborder-color:#9c9b9b;\nborder-style:solid;\npadding:5px 5px 5px 5px;\n}\n<\/style>\n<div class='flex_column av-7hg14g-50b382d5e1ae43f2c869b6629eee5847 av_one_third  avia-builder-el-10  el_after_av_one_third  el_before_av_one_third  flex_column_div avia-link-column av-column-link '  data-link-column-url=\"https:\/\/alptek.com.tr\/tr\/yasam-bilimi-ekipmanlari\/kan-bankasi-buzdolaplari\/kan-bankasi-buzdolaplari-3\/\"   ><a class=\"av-screen-reader-only\" href=https:\/\/alptek.com.tr\/tr\/yasam-bilimi-ekipmanlari\/kan-bankasi-buzdolaplari\/kan-bankasi-buzdolaplari-3\/ >Link to: Kan Bankas\u0131 Buzdolaplar\u0131 3<\/a><style type=\"text\/css\" id=\"style-css-av-lrjarzuy-b2f96035592c8c29e33f763b887ebd3c\">\n.avia-image-container.av-lrjarzuy-b2f96035592c8c29e33f763b887ebd3c .av-image-caption-overlay-center{\ncolor:#ffffff;\n}\n<\/style>\n<div  class='avia-image-container av-lrjarzuy-b2f96035592c8c29e33f763b887ebd3c av-styling- avia-align-center  avia-builder-el-11  avia-builder-el-no-sibling  '  itemprop=\"image\" itemscope=\"itemscope\" itemtype=\"https:\/\/schema.org\/ImageObject\" ><div class=\"avia-image-container-inner\"><div class=\"avia-image-overlay-wrap\"><img decoding=\"async\" class='wp-image-4825 avia-img-lazy-loading-not-4825 avia_image' src=\"https:\/\/alptek.com.tr\/tr\/wp-content\/uploads\/2024\/01\/ice-lined-refrigerator-3-alptek.jpg\" alt='' title='ice-lined-refrigerator-3-alptek'  height=\"700\" width=\"600\"  itemprop=\"thumbnailUrl\" srcset=\"https:\/\/alptek.com.tr\/tr\/wp-content\/uploads\/2024\/01\/ice-lined-refrigerator-3-alptek.jpg 600w, https:\/\/alptek.com.tr\/tr\/wp-content\/uploads\/2024\/01\/ice-lined-refrigerator-3-alptek-257x300.jpg 257w\" sizes=\"(max-width: 600px) 100vw, 600px\" \/><\/div><\/div><\/div><\/div>\n<style type=\"text\/css\" id=\"style-css-av-682sts-65d3c145a9fa0659b2df7837bbd1ffda\">\n#top .flex_column.av-682sts-65d3c145a9fa0659b2df7837bbd1ffda{\nmargin-top:0px;\nmargin-bottom:0px;\n}\n<\/style>\n<div class='flex_column av-682sts-65d3c145a9fa0659b2df7837bbd1ffda av_one_third  avia-builder-el-12  el_after_av_one_third  el_before_av_one_third  first flex_column_div column-top-margin'   ><section class=\"av_textblock_section \"  itemscope=\"itemscope\" itemtype=\"https:\/\/schema.org\/CreativeWork\" ><div class='avia_textblock  '  style='font-size:12px; '  itemprop=\"text\" ><p style=\"text-align: center;\">4\u2103 Kan Bankas\u0131 Buzdolab\u0131<\/p>\n<\/div><\/section><\/div>\n<style type=\"text\/css\" id=\"style-css-av-3qdf40-2213665a10f3769a3f6d3215482eed90\">\n#top .flex_column.av-3qdf40-2213665a10f3769a3f6d3215482eed90{\nmargin-top:0px;\nmargin-bottom:0px;\n}\n<\/style>\n<div class='flex_column av-3qdf40-2213665a10f3769a3f6d3215482eed90 av_one_third  avia-builder-el-14  el_after_av_one_third  el_before_av_one_third  flex_column_div column-top-margin'   ><section class=\"av_textblock_section \"  itemscope=\"itemscope\" itemtype=\"https:\/\/schema.org\/CreativeWork\" ><div class='avia_textblock  '  style='font-size:12px; '  itemprop=\"text\" ><p style=\"text-align: center;\">4\u2103 Y\u00fcksek Performans Kan Bankas\u0131 Buzdolab\u0131<\/p>\n<\/div><\/section><\/div>\n<style type=\"text\/css\" id=\"style-css-av-35413k-fde17682ead5cc006497282091438569\">\n#top .flex_column.av-35413k-fde17682ead5cc006497282091438569{\nmargin-top:0px;\nmargin-bottom:0px;\n}\n<\/style>\n<div class='flex_column av-35413k-fde17682ead5cc006497282091438569 av_one_third  avia-builder-el-16  el_after_av_one_third  avia-builder-el-last  flex_column_div column-top-margin'   ><section class=\"av_textblock_section \"  itemscope=\"itemscope\" itemtype=\"https:\/\/schema.org\/CreativeWork\" ><div class='avia_textblock  '  style='font-size:12px; '  itemprop=\"text\" ><p style=\"text-align: center;\">+4\u2103 +22\u2103 Kan Nakil Kutusu<\/p>\n<\/div><\/section><\/div><\/div><\/div><\/div><!-- close content main div --><\/div><\/div><div id='after_section_2'  class='main_color av_default_container_wrap container_wrap sidebar_right'  ><div class='container av-section-cont-open' ><div class='template-page content  av-content-small alpha units'><div class='post-entry post-entry-type-page post-entry-4811'><div class='entry-content-wrapper clearfix'><\/p>\n","protected":false},"excerpt":{"rendered":"","protected":false},"author":2,"featured_media":0,"parent":4598,"menu_order":0,"comment_status":"closed","ping_status":"closed","template":"","meta":{"footnotes":""},"_links":{"self":[{"href":"https:\/\/alptek.com.tr\/tr\/wp-json\/wp\/v2\/pages\/4811"}],"collection":[{"href":"https:\/\/alptek.com.tr\/tr\/wp-json\/wp\/v2\/pages"}],"about":[{"href":"https:\/\/alptek.com.tr\/tr\/wp-json\/wp\/v2\/types\/page"}],"author":[{"embeddable":true,"href":"https:\/\/alptek.com.tr\/tr\/wp-json\/wp\/v2\/users\/2"}],"replies":[{"embeddable":true,"href":"https:\/\/alptek.com.tr\/tr\/wp-json\/wp\/v2\/comments?post=4811"}],"version-history":[{"count":14,"href":"https:\/\/alptek.com.tr\/tr\/wp-json\/wp\/v2\/pages\/4811\/revisions"}],"predecessor-version":[{"id":5423,"href":"https:\/\/alptek.com.tr\/tr\/wp-json\/wp\/v2\/pages\/4811\/revisions\/5423"}],"up":[{"embeddable":true,"href":"https:\/\/alptek.com.tr\/tr\/wp-json\/wp\/v2\/pages\/4598"}],"wp:attachment":[{"href":"https:\/\/alptek.com.tr\/tr\/wp-json\/wp\/v2\/media?parent=4811"}],"curies":[{"name":"wp","href":"https:\/\/api.w.org\/{rel}","templated":true}]}}