{"id":4798,"date":"2024-01-19T09:54:57","date_gmt":"2024-01-19T09:54:57","guid":{"rendered":"https:\/\/alptek.com.tr\/?page_id=4798"},"modified":"2024-03-14T07:51:35","modified_gmt":"2024-03-14T07:51:35","slug":"buzlu-buzdolabi","status":"publish","type":"page","link":"https:\/\/alptek.com.tr\/tr\/yasam-bilimi-ekipmanlari\/buzlu-buzdolabi\/","title":{"rendered":"BUZLU BUZDOLABI"},"content":{"rendered":"<div id='layer_slider_1'  class='avia-layerslider main_color avia-shadow  avia-builder-el-0  el_before_av_section  avia-builder-el-first  container_wrap sidebar_right'  style='height: 921px; max-width: 1920px; margin: 0 auto;'  ><\/div>\n<div id='av_section_1'  class='avia-section av-4ibi8w-fae85daebb6d4714b19f076660e2de9c main_color avia-section-default avia-no-border-styling  avia-builder-el-1  el_after_av_layerslider  el_before_av_section  avia-bg-style-scroll  container_wrap sidebar_right'  ><div class='container av-section-cont-open' ><div class='template-page content  av-content-small alpha units'><div class='post-entry post-entry-type-page post-entry-4798'><div class='entry-content-wrapper clearfix'>\n<div class='flex_column av-292wr4-b286ed98b0bf945db13432c9bfccfbd1 av_one_full  avia-builder-el-2  avia-builder-el-no-sibling  first flex_column_div '   ><p>\n<style type=\"text\/css\" id=\"style-css-av-lrj9nijd-2674d56de2873f088894e8d6ecf63e1d\">\n#top .av-special-heading.av-lrj9nijd-2674d56de2873f088894e8d6ecf63e1d{\npadding-bottom:10px;\nfont-size:32px;\n}\n<\/style>\n<div  class='av-special-heading av-lrj9nijd-2674d56de2873f088894e8d6ecf63e1d av-special-heading-h1 blockquote modern-quote modern-centered  avia-builder-el-3  el_before_av_hr  avia-builder-el-first  av-inherit-size '><h1 class='av-special-heading-tag '  itemprop=\"headline\"  >BUZLU BUZDOLABI<\/h1><div class='special-heading-border'><div class='special-heading-inner-border'><\/div><\/div><\/div><br \/>\n\n<style type=\"text\/css\" id=\"style-css-av-lrj9o8fj-87d4dfef2e4e20b7369f1818efbf4225\">\n.hr.av-lrj9o8fj-87d4dfef2e4e20b7369f1818efbf4225{\nmargin-top:-10px !important;\nmargin-bottom:30px;\n}\n.hr.av-lrj9o8fj-87d4dfef2e4e20b7369f1818efbf4225 .hr-inner{\nwidth:100px;\nborder-color:#9c9b9b;\n}\n<\/style>\n<div  class='hr av-lrj9o8fj-87d4dfef2e4e20b7369f1818efbf4225 hr-custom  avia-builder-el-4  el_after_av_heading  avia-builder-el-last  hr-center hr-icon-no '><span class='hr-inner inner-border-av-border-fat'><span class=\"hr-inner-style\"><\/span><\/span><\/div><\/p><\/div><\/div><\/div><\/div><!-- close content main div --><\/div><\/div><div id='av_section_2'  class='avia-section av-c39w8w-b6cbdc6e8984a2915ca17eae4413b5df main_color avia-section-default avia-no-border-styling  avia-builder-el-5  el_after_av_section  avia-builder-el-last  avia-bg-style-scroll  container_wrap sidebar_right'  ><div class='container av-section-cont-open' ><div class='template-page content  av-content-small alpha units'><div class='post-entry post-entry-type-page post-entry-4798'><div class='entry-content-wrapper clearfix'>\n\n<style type=\"text\/css\" id=\"style-css-av-13b4y8-d19d32ba0af33bfb228e532471e68534\">\n.flex_column.av-13b4y8-d19d32ba0af33bfb228e532471e68534{\nborder-width:1px;\nborder-color:#9c9b9b;\nborder-style:solid;\npadding:5px 5px 5px 5px;\n}\n<\/style>\n<div class='flex_column av-13b4y8-d19d32ba0af33bfb228e532471e68534 av_one_third  avia-builder-el-6  el_before_av_one_third  avia-builder-el-first  first flex_column_div avia-link-column av-column-link '  data-link-column-url=\"https:\/\/alptek.com.tr\/tr\/yasam-bilimi-ekipmanlari\/buzlu-buzdolabi\/buzlu-buzdolabi-1\/\"   ><a class=\"av-screen-reader-only\" href=https:\/\/alptek.com.tr\/tr\/yasam-bilimi-ekipmanlari\/buzlu-buzdolabi\/buzlu-buzdolabi-1\/ >Link to: Buzlu Buzdolab\u0131 1<\/a><style type=\"text\/css\" id=\"style-css-av-lrjarjg3-63922739a31704ad3748119e8d808998\">\n.avia-image-container.av-lrjarjg3-63922739a31704ad3748119e8d808998 .av-image-caption-overlay-center{\ncolor:#ffffff;\n}\n<\/style>\n<div  class='avia-image-container av-lrjarjg3-63922739a31704ad3748119e8d808998 av-styling- avia-align-center  avia-builder-el-7  avia-builder-el-no-sibling  '  itemprop=\"image\" itemscope=\"itemscope\" itemtype=\"https:\/\/schema.org\/ImageObject\" ><div class=\"avia-image-container-inner\"><div class=\"avia-image-overlay-wrap\"><img decoding=\"async\" class='wp-image-4805 avia-img-lazy-loading-not-4805 avia_image' src=\"https:\/\/alptek.com.tr\/tr\/wp-content\/uploads\/2024\/01\/ice-lined-alptek.jpg\" alt='' title='ice-lined-alptek'  height=\"700\" width=\"600\"  itemprop=\"thumbnailUrl\" srcset=\"https:\/\/alptek.com.tr\/tr\/wp-content\/uploads\/2024\/01\/ice-lined-alptek.jpg 600w, https:\/\/alptek.com.tr\/tr\/wp-content\/uploads\/2024\/01\/ice-lined-alptek-257x300.jpg 257w\" sizes=\"(max-width: 600px) 100vw, 600px\" \/><\/div><\/div><\/div><\/div>\n<style type=\"text\/css\" id=\"style-css-av-49oq32-b783fcbe104f86821ed2dfa7eac7861e\">\n.flex_column.av-49oq32-b783fcbe104f86821ed2dfa7eac7861e{\npadding:5px 5px 5px 5px;\n}\n<\/style>\n<div class='flex_column av-49oq32-b783fcbe104f86821ed2dfa7eac7861e av_one_third  avia-builder-el-8  el_after_av_one_third  el_before_av_one_third  flex_column_div '   ><\/div>\n<style type=\"text\/css\" id=\"style-css-av-31vfoe-034ee930cd0effba1b45c4f1da89ca27\">\n.flex_column.av-31vfoe-034ee930cd0effba1b45c4f1da89ca27{\npadding:5px 5px 5px 5px;\n}\n<\/style>\n<div class='flex_column av-31vfoe-034ee930cd0effba1b45c4f1da89ca27 av_one_third  avia-builder-el-9  el_after_av_one_third  el_before_av_one_third  flex_column_div '   ><\/div>\n<style type=\"text\/css\" id=\"style-css-av-lrjbb1tr-b015c717ed3cab5f90b94309c63f4086\">\n#top .flex_column.av-lrjbb1tr-b015c717ed3cab5f90b94309c63f4086{\nmargin-top:0px;\nmargin-bottom:0px;\n}\n<\/style>\n<div class='flex_column av-lrjbb1tr-b015c717ed3cab5f90b94309c63f4086 av_one_third  avia-builder-el-10  el_after_av_one_third  avia-builder-el-last  first flex_column_div column-top-margin'   ><section class=\"av_textblock_section \"  itemscope=\"itemscope\" itemtype=\"https:\/\/schema.org\/CreativeWork\" ><div class='avia_textblock  '  style='font-size:12px; '  itemprop=\"text\" ><p style=\"text-align: center;\">2\u00b0~8\u00b0 Buz Kaplamal\u0131 Buzdolab\u0131 T\u0131bbi Buzdolab\u0131<\/p>\n<\/div><\/section><\/div><\/div><\/div><\/div><!-- close content main div --><\/div><\/div><div id='after_section_2'  class='main_color av_default_container_wrap container_wrap sidebar_right'  ><div class='container av-section-cont-open' ><div class='template-page content  av-content-small alpha units'><div class='post-entry post-entry-type-page post-entry-4798'><div class='entry-content-wrapper clearfix'><\/p>\n","protected":false},"excerpt":{"rendered":"","protected":false},"author":2,"featured_media":0,"parent":4598,"menu_order":0,"comment_status":"closed","ping_status":"closed","template":"","meta":{"footnotes":""},"_links":{"self":[{"href":"https:\/\/alptek.com.tr\/tr\/wp-json\/wp\/v2\/pages\/4798"}],"collection":[{"href":"https:\/\/alptek.com.tr\/tr\/wp-json\/wp\/v2\/pages"}],"about":[{"href":"https:\/\/alptek.com.tr\/tr\/wp-json\/wp\/v2\/types\/page"}],"author":[{"embeddable":true,"href":"https:\/\/alptek.com.tr\/tr\/wp-json\/wp\/v2\/users\/2"}],"replies":[{"embeddable":true,"href":"https:\/\/alptek.com.tr\/tr\/wp-json\/wp\/v2\/comments?post=4798"}],"version-history":[{"count":14,"href":"https:\/\/alptek.com.tr\/tr\/wp-json\/wp\/v2\/pages\/4798\/revisions"}],"predecessor-version":[{"id":7397,"href":"https:\/\/alptek.com.tr\/tr\/wp-json\/wp\/v2\/pages\/4798\/revisions\/7397"}],"up":[{"embeddable":true,"href":"https:\/\/alptek.com.tr\/tr\/wp-json\/wp\/v2\/pages\/4598"}],"wp:attachment":[{"href":"https:\/\/alptek.com.tr\/tr\/wp-json\/wp\/v2\/media?parent=4798"}],"curies":[{"name":"wp","href":"https:\/\/api.w.org\/{rel}","templated":true}]}}