{"id":4719,"date":"2024-01-18T14:58:05","date_gmt":"2024-01-18T14:58:05","guid":{"rendered":"https:\/\/alptek.com.tr\/?page_id=4719"},"modified":"2024-11-08T13:49:31","modified_gmt":"2024-11-08T13:49:31","slug":"ilac-buzdolaplari-3","status":"publish","type":"page","link":"https:\/\/alptek.com.tr\/tr\/yasam-bilimi-ekipmanlari\/ilac-buzdolaplari\/ilac-buzdolaplari-3\/","title":{"rendered":"\u0130la\u00e7 Buzdolaplar\u0131 3"},"content":{"rendered":"<div id='layer_slider_1'  class='avia-layerslider main_color avia-shadow  avia-builder-el-0  el_before_av_section  avia-builder-el-first  container_wrap sidebar_right'  style='height: 921px; max-width: 1920px; margin: 0 auto;'  ><\/div>\n<div id='av_section_1'  class='avia-section av-4ibi8w-fae85daebb6d4714b19f076660e2de9c main_color avia-section-default avia-no-border-styling  avia-builder-el-1  el_after_av_layerslider  el_before_av_section  avia-bg-style-scroll  container_wrap sidebar_right'  ><div class='container av-section-cont-open' ><div class='template-page content  av-content-small alpha units'><div class='post-entry post-entry-type-page post-entry-4719'><div class='entry-content-wrapper clearfix'>\n<div class='flex_column av-292wr4-b286ed98b0bf945db13432c9bfccfbd1 av_one_full  avia-builder-el-2  avia-builder-el-no-sibling  first flex_column_div '   ><p>\n<style type=\"text\/css\" id=\"style-css-av-lrj9nijd-7cb2162afeed0b3efc15a641e7a02b5e\">\n#top .av-special-heading.av-lrj9nijd-7cb2162afeed0b3efc15a641e7a02b5e{\npadding-bottom:10px;\nfont-size:32px;\n}\n<\/style>\n<div  class='av-special-heading av-lrj9nijd-7cb2162afeed0b3efc15a641e7a02b5e av-special-heading-h1 blockquote modern-quote modern-centered  avia-builder-el-3  el_before_av_hr  avia-builder-el-first  av-inherit-size '><h1 class='av-special-heading-tag '  itemprop=\"headline\"  >\u0130LA\u00c7 BUZDOLAPLARI<\/h1><div class='special-heading-border'><div class='special-heading-inner-border'><\/div><\/div><\/div><br \/>\n\n<style type=\"text\/css\" id=\"style-css-av-lrj9o8fj-87d4dfef2e4e20b7369f1818efbf4225\">\n.hr.av-lrj9o8fj-87d4dfef2e4e20b7369f1818efbf4225{\nmargin-top:-10px !important;\nmargin-bottom:30px;\n}\n.hr.av-lrj9o8fj-87d4dfef2e4e20b7369f1818efbf4225 .hr-inner{\nwidth:100px;\nborder-color:#9c9b9b;\n}\n<\/style>\n<div  class='hr av-lrj9o8fj-87d4dfef2e4e20b7369f1818efbf4225 hr-custom  avia-builder-el-4  el_after_av_heading  avia-builder-el-last  hr-center hr-icon-no '><span class='hr-inner inner-border-av-border-fat'><span class=\"hr-inner-style\"><\/span><\/span><\/div><\/p><\/div>\n\n<\/div><\/div><\/div><!-- close content main div --><\/div><\/div><div id='av_section_2'  class='avia-section av-apihjg-e9b90b847815304c52f2388dda0f6c98 main_color avia-section-default avia-no-border-styling  avia-builder-el-5  el_after_av_section  el_before_av_postcontent  avia-bg-style-scroll  container_wrap sidebar_right'  ><div class='container av-section-cont-open' ><div class='template-page content  av-content-small alpha units'><div class='post-entry post-entry-type-page post-entry-4719'><div class='entry-content-wrapper clearfix'>\n\n<style type=\"text\/css\" id=\"style-css-av-8oh8rg-3ae5eca2d2411ff2b912bbe50a3487bc\">\n.flex_column.av-8oh8rg-3ae5eca2d2411ff2b912bbe50a3487bc{\nborder-width:1px;\nborder-color:#9c9b9b;\nborder-style:solid;\n}\n<\/style>\n<div class='flex_column av-8oh8rg-3ae5eca2d2411ff2b912bbe50a3487bc av_one_full  avia-builder-el-6  el_before_av_one_fifth  avia-builder-el-first  first flex_column_div '   ><style type=\"text\/css\" id=\"style-css-av-lrjbrtug-44324bf225ac20a72b15d6b92e5668ee\">\n.avia-image-container.av-lrjbrtug-44324bf225ac20a72b15d6b92e5668ee .av-image-caption-overlay-center{\ncolor:#ffffff;\n}\n<\/style>\n<div  class='avia-image-container av-lrjbrtug-44324bf225ac20a72b15d6b92e5668ee av-styling- avia-align-center  avia-builder-el-7  avia-builder-el-no-sibling  '  itemprop=\"image\" itemscope=\"itemscope\" itemtype=\"https:\/\/schema.org\/ImageObject\" ><div class=\"avia-image-container-inner\"><div class=\"avia-image-overlay-wrap\"><img decoding=\"async\" class='wp-image-4676 avia-img-lazy-loading-not-4676 avia_image' src=\"https:\/\/alptek.com.tr\/tr\/wp-content\/uploads\/2024\/01\/pharmacy-refrigerators-3-alptek.jpg\" alt='' title='pharmacy-refrigerators-3-alptek'  height=\"700\" width=\"600\"  itemprop=\"thumbnailUrl\" srcset=\"https:\/\/alptek.com.tr\/tr\/wp-content\/uploads\/2024\/01\/pharmacy-refrigerators-3-alptek.jpg 600w, https:\/\/alptek.com.tr\/tr\/wp-content\/uploads\/2024\/01\/pharmacy-refrigerators-3-alptek-257x300.jpg 257w\" sizes=\"(max-width: 600px) 100vw, 600px\" \/><\/div><\/div><\/div><\/div><div class='flex_column av-1ukkrw-b2dc0b038f63c273dcc232a5de908012 av_one_fifth  avia-builder-el-8  el_after_av_one_full  el_before_av_three_fifth  first flex_column_div column-top-margin'   ><\/div><div class='flex_column av-448tjg-4d08c4658b39fd853ca12399f3edc695 av_three_fifth  avia-builder-el-9  el_after_av_one_fifth  el_before_av_one_fifth  flex_column_div column-top-margin'   ><section class=\"av_textblock_section \"  itemscope=\"itemscope\" itemtype=\"https:\/\/schema.org\/CreativeWork\" ><div class='avia_textblock  '  style='font-size:12px; '  itemprop=\"text\" ><p style=\"text-align: center;\">\u0130LA\u00c7 ve Laboratuar \u0130\u00e7in 2\u00b0~8\u00b0 \u0130LA\u00c7\/A\u015f\u0131 Buzdolab\u0131<\/p>\n<\/div><\/section><br \/>\n<section class=\"av_textblock_section \"  itemscope=\"itemscope\" itemtype=\"https:\/\/schema.org\/CreativeWork\" ><div class='avia_textblock  '  style='font-size:16px; '  itemprop=\"text\" ><ul>\n<li>2\u00b0C ila 8\u00b0C \u0130la\u00e7 buzdolaplar\u0131 olarak da bilinen t\u0131bbi s\u0131n\u0131f buzdolaplar\u0131, eczanelerde, doktor muayenehanelerinde, laboratuvarlarda, kliniklerde ve bilimsel enstit\u00fclerde hassas \u00fcr\u00fcnleri depolamak i\u00e7in kullan\u0131l\u0131r. Laboratuvar ve t\u0131bbi s\u0131n\u0131f \u00fcr\u00fcnler i\u00e7in gereken kat\u0131 spesifikasyonlara ba\u011fl\u0131 kalarak, kalite ve dayan\u0131kl\u0131l\u0131k g\u00f6z \u00f6n\u00fcnde bulundurularak \u00fcretilmi\u015ftir.<\/li>\n<li>Biyolojik materyaller, a\u015f\u0131lar, ila\u00e7lar, reaktifler ve daha fazlas\u0131n\u0131n t\u00fcm\u00fc bu 2\u00b0C ila 18\u00b0C aras\u0131 eczane\/t\u0131bbi buzdolab\u0131nda saklanabilir. Laboratuvar\/ila\u00e7 buzdolab\u0131 kliniklerde, hastanelerde, ila\u00e7 \u00fcreticilerinde, hastal\u0131k \u00f6nleme ve kontrol merkezlerinde ve di\u011fer kurulu\u015flarda kullan\u0131labilir.<\/li>\n<\/ul>\n<\/div><\/section><\/p><\/div><div class='flex_column av-lrjc061l-b05b97df047e36c3893eb77cd58c0952 av_one_fifth  avia-builder-el-12  el_after_av_three_fifth  avia-builder-el-last  flex_column_div column-top-margin'   ><\/div>\n\n[av_section min_height='' min_height_pc='25' min_height_px='500px' padding='default' margin='' custom_margin='0px' svg_div_top='' svg_div_top_color='#333333' svg_div_top_width='100' svg_div_top_height='50' svg_div_top_max_height='none' svg_div_top_flip='' svg_div_top_invert='' svg_div_top_front='' svg_div_top_opacity='' svg_div_top_preview='' svg_div_bottom='' svg_div_bottom_color='#333333' svg_div_bottom_width='100' svg_div_bottom_height='50' svg_div_bottom_max_height='none' svg_div_bottom_flip='' svg_div_bottom_invert='' svg_div_bottom_front='' svg_div_bottom_opacity='' svg_div_bottom_preview='' color='main_color' background='bg_color' custom_bg='' background_gradient_direction='vertical' background_gradient_color1='#000000' background_gradient_color2='#ffffff' background_gradient_color3='' src='' attach='scroll' position='top left' repeat='no-repeat' video='' video_ratio='16:9' video_mobile_disabled='' overlay_enable='' overlay_opacity='0.5' overlay_color='' overlay_pattern='' overlay_custom_pattern='' shadow='no-border-styling' bottom_border='no-border-styling' bottom_border_diagonal_color='#333333' bottom_border_diagonal_direction='' bottom_border_style='' scroll_down='' custom_arrow_bg='' av-desktop-hide='' av-medium-hide='' av-small-hide='' av-mini-hide='' id='' custom_class='' template_class='' aria_label='' av_element_hidden_in_editor='0' av_uid='av-6x4clf' sc_version='1.0']\r\n\r\n[av_one_half first min_height='' vertical_alignment='av-align-top' space='' row_boxshadow='' row_boxshadow_color='' row_boxshadow_width='10' custom_margin='' margin='0px' mobile_breaking='' min_col_height='' padding='' svg_div_top='' svg_div_top_color='#333333' svg_div_top_width='100' svg_div_top_height='50' svg_div_top_max_height='none' svg_div_top_flip='' svg_div_top_invert='' svg_div_top_front='' svg_div_top_opacity='' svg_div_top_preview='' svg_div_bottom='' svg_div_bottom_color='#333333' svg_div_bottom_width='100' svg_div_bottom_height='50' svg_div_bottom_max_height='none' svg_div_bottom_flip='' svg_div_bottom_invert='' svg_div_bottom_front='' svg_div_bottom_opacity='' svg_div_bottom_preview='' border='' border_style='solid' border_color='' radius='' column_boxshadow='' column_boxshadow_color='' column_boxshadow_width='10' background='bg_color' background_color='' background_gradient_direction='vertical' background_gradient_color1='#000000' background_gradient_color2='#ffffff' background_gradient_color3='' src='' background_position='top left' background_repeat='no-repeat' highlight='' highlight_size='' animation='' link='' linktarget='' link_hover='' title_attr='' alt_attr='' mobile_display='' id='' custom_class='' template_class='' aria_label='' av_uid='av-57iewz' sc_version='1.0']\r\n\r\n[av_icon_box icon='ue854' font='entypo-fontello' title='TELEFON' position='top' icon_style='' boxed='' font_color='' custom_title='' custom_content='' color='' custom_bg='' custom_font='' custom_border='' custom_title_size='' av-medium-font-size-title='' av-small-font-size-title='' av-mini-font-size-title='' custom_content_size='' av-medium-font-size='' av-small-font-size='' av-mini-font-size='' heading_tag='' heading_class='' link='manually,tel:02165401772' linktarget='' linkelement='both' id='' custom_class='' template_class='' av_uid='av-3tsi6r' sc_version='1.0' admin_preview_bg='']\r\n<a href=\"tel:02165401772\">+90 (216) 540 17 72<\/a>\r\n[\/av_icon_box]\r\n\r\n[\/av_one_half][av_one_half min_height='' vertical_alignment='av-align-top' space='' row_boxshadow='' row_boxshadow_color='' row_boxshadow_width='10' custom_margin='' margin='0px' mobile_breaking='' min_col_height='' padding='' svg_div_top='' svg_div_top_color='#333333' svg_div_top_width='100' svg_div_top_height='50' svg_div_top_max_height='none' svg_div_top_flip='' svg_div_top_invert='' svg_div_top_front='' svg_div_top_opacity='' svg_div_top_preview='' svg_div_bottom='' svg_div_bottom_color='#333333' svg_div_bottom_width='100' svg_div_bottom_height='50' svg_div_bottom_max_height='none' svg_div_bottom_flip='' svg_div_bottom_invert='' svg_div_bottom_front='' svg_div_bottom_opacity='' svg_div_bottom_preview='' border='' border_style='solid' border_color='' radius='' column_boxshadow='' column_boxshadow_color='' column_boxshadow_width='10' background='bg_color' background_color='' background_gradient_direction='vertical' background_gradient_color1='#000000' background_gradient_color2='#ffffff' background_gradient_color3='' src='' background_position='top left' background_repeat='no-repeat' highlight='' highlight_size='' animation='' link='' linktarget='' link_hover='' title_attr='' alt_attr='' mobile_display='' id='' custom_class='' template_class='' aria_label='' av_uid='av-2fqt2r' sc_version='1.0']\r\n\r\n[av_icon_box icon='ue805' font='entypo-fontello' title='TEKL\u0130F AL' position='top' icon_style='' boxed='' font_color='' custom_title='' custom_content='' color='' custom_bg='' custom_font='' custom_border='' custom_title_size='' av-medium-font-size-title='' av-small-font-size-title='' av-mini-font-size-title='' custom_content_size='' av-medium-font-size='' av-small-font-size='' av-mini-font-size='' heading_tag='' heading_class='' link='manually,https:\/\/alptek.com.tr\/tr\/contactform\/?iframe=true' linktarget='' linkelement='both' id='' custom_class='' template_class='' av_uid='av-m3700cyk' sc_version='1.0' admin_preview_bg='']\r\n<a href=\"https:\/\/alptek.com.tr\/tr\/contactform\/?iframe=true\">B\u0130ZE ULA\u015eIN<\/a>\r\n[\/av_icon_box]\r\n\r\n[\/av_one_half][\/av_section]\n","protected":false},"excerpt":{"rendered":"","protected":false},"author":2,"featured_media":0,"parent":4656,"menu_order":0,"comment_status":"closed","ping_status":"closed","template":"","meta":{"footnotes":""},"_links":{"self":[{"href":"https:\/\/alptek.com.tr\/tr\/wp-json\/wp\/v2\/pages\/4719"}],"collection":[{"href":"https:\/\/alptek.com.tr\/tr\/wp-json\/wp\/v2\/pages"}],"about":[{"href":"https:\/\/alptek.com.tr\/tr\/wp-json\/wp\/v2\/types\/page"}],"author":[{"embeddable":true,"href":"https:\/\/alptek.com.tr\/tr\/wp-json\/wp\/v2\/users\/2"}],"replies":[{"embeddable":true,"href":"https:\/\/alptek.com.tr\/tr\/wp-json\/wp\/v2\/comments?post=4719"}],"version-history":[{"count":8,"href":"https:\/\/alptek.com.tr\/tr\/wp-json\/wp\/v2\/pages\/4719\/revisions"}],"predecessor-version":[{"id":7786,"href":"https:\/\/alptek.com.tr\/tr\/wp-json\/wp\/v2\/pages\/4719\/revisions\/7786"}],"up":[{"embeddable":true,"href":"https:\/\/alptek.com.tr\/tr\/wp-json\/wp\/v2\/pages\/4656"}],"wp:attachment":[{"href":"https:\/\/alptek.com.tr\/tr\/wp-json\/wp\/v2\/media?parent=4719"}],"curies":[{"name":"wp","href":"https:\/\/api.w.org\/{rel}","templated":true}]}}