{"id":4610,"date":"2024-01-18T11:41:56","date_gmt":"2024-01-18T11:41:56","guid":{"rendered":"https:\/\/alptek.com.tr\/?page_id=4610"},"modified":"2024-11-08T13:42:03","modified_gmt":"2024-11-08T13:42:03","slug":"biyoguvenlik-dolabi","status":"publish","type":"page","link":"https:\/\/alptek.com.tr\/tr\/yasam-bilimi-ekipmanlari\/biyoguvenlik-dolabi\/","title":{"rendered":"B\u0130YOG\u00dcVENL\u0130K DOLABI"},"content":{"rendered":"<div id='layer_slider_1'  class='avia-layerslider main_color avia-shadow  avia-builder-el-0  el_before_av_section  avia-builder-el-first  container_wrap sidebar_right'  style='height: 921px; max-width: 1920px; margin: 0 auto;'  ><\/div>\n<div id='av_section_1'  class='avia-section av-20bmeq-a91eb040be4fdbaace387078e0ff95a3 main_color avia-section-default avia-no-border-styling  avia-builder-el-1  el_after_av_layerslider  el_before_av_section  avia-bg-style-scroll  container_wrap sidebar_right'  ><div class='container av-section-cont-open' ><div class='template-page content  av-content-small alpha units'><div class='post-entry post-entry-type-page post-entry-4610'><div class='entry-content-wrapper clearfix'>\n\n<style type=\"text\/css\" id=\"style-css-av-lrj58tnn-dff1c95c2947f8fb87af436597a029b3\">\n#top .av-special-heading.av-lrj58tnn-dff1c95c2947f8fb87af436597a029b3{\npadding-bottom:10px;\nfont-size:32px;\n}\n<\/style>\n<div  class='av-special-heading av-lrj58tnn-dff1c95c2947f8fb87af436597a029b3 av-special-heading-h1 blockquote modern-quote modern-centered  avia-builder-el-2  el_before_av_hr  avia-builder-el-first  av-inherit-size '><h1 class='av-special-heading-tag '  itemprop=\"headline\"  >B\u0130YOG\u00dcVENL\u0130K DOLABI<\/h1><div class='special-heading-border'><div class='special-heading-inner-border'><\/div><\/div><\/div>\n\n<style type=\"text\/css\" id=\"style-css-av-lrj599pk-06c1df6a931d171d7abb031253d70322\">\n.hr.av-lrj599pk-06c1df6a931d171d7abb031253d70322{\nmargin-top:0px;\nmargin-bottom:30px;\n}\n.hr.av-lrj599pk-06c1df6a931d171d7abb031253d70322 .hr-inner{\nwidth:100px;\nborder-color:#9c9b9b;\n}\n<\/style>\n<div  class='hr av-lrj599pk-06c1df6a931d171d7abb031253d70322 hr-custom  avia-builder-el-3  el_after_av_heading  el_before_av_textblock  hr-center hr-icon-no '><span class='hr-inner inner-border-av-border-fat'><span class=\"hr-inner-style\"><\/span><\/span><\/div>\n<section class=\"av_textblock_section \"  itemscope=\"itemscope\" itemtype=\"https:\/\/schema.org\/CreativeWork\" ><div class='avia_textblock  '  style='font-size:24px; '  itemprop=\"text\" ><p>Biyog\u00fcvenlik kabinleri, biyolojik olarak tehlikeli miktarda gaz, duman, partik\u00fcl ve s\u0131v\u0131 maddelerin bulundu\u011fu laboratuvar \u00e7al\u0131\u015fmalar\u0131n\u0131n g\u00fcvenli\u011fine y\u00f6nelik sistemlerdir. ALPTEK Biyog\u00fcvenlik Kabinleri Seviye \u2013 II, biyolojik olarak tehlikeli ortamlar\u0131n ergonomik kullan\u0131m ihtiya\u00e7lar\u0131na g\u00f6re tasarlanm\u0131\u015ft\u0131r. ALPTEK biyog\u00fcvenlik kabinleri performans\u0131 art\u0131rmak ve sa\u011fl\u0131k g\u00fcvenli\u011fini sa\u011flamak amac\u0131yla EN 14175 AB standartlar\u0131na uygun olarak \u00fcretilmektedir. Kullan\u0131c\u0131 ve \u00e7evre g\u00fcvenli\u011fine y\u00f6nelik CE sertifikas\u0131na sahiptir. Drenaj y\u00f6netim sistemi opsiyonel olarak sunulmaktad\u0131r.<\/p>\n<\/div><\/section>\n\n<style type=\"text\/css\" id=\"style-css-av-lrj5bpmy-4e3cd7773f2b9136342c0b5bad583df2\">\n#top .hr.hr-invisible.av-lrj5bpmy-4e3cd7773f2b9136342c0b5bad583df2{\nheight:50px;\n}\n<\/style>\n<div  class='hr av-lrj5bpmy-4e3cd7773f2b9136342c0b5bad583df2 hr-invisible  avia-builder-el-5  el_after_av_textblock  avia-builder-el-last  '><span class='hr-inner '><span class=\"hr-inner-style\"><\/span><\/span><\/div>\n\n<\/div><\/div><\/div><!-- close content main div --><\/div><\/div><div id='av_section_2'  class='avia-section av-77nnwi-a805b9a995ff6f10f885574787185202 main_color avia-section-default avia-no-border-styling  avia-builder-el-6  el_after_av_section  el_before_av_section  avia-bg-style-scroll  container_wrap sidebar_right'  ><div class='container av-section-cont-open' ><div class='template-page content  av-content-small alpha units'><div class='post-entry post-entry-type-page post-entry-4610'><div class='entry-content-wrapper clearfix'>\n\n<style type=\"text\/css\" id=\"style-css-av-lrj5ma61-4c4c56ebe4141d98b60b4a0af022911b\">\n#top .av-special-heading.av-lrj5ma61-4c4c56ebe4141d98b60b4a0af022911b{\npadding-bottom:10px;\nfont-size:18px;\n}\n<\/style>\n<div  class='av-special-heading av-lrj5ma61-4c4c56ebe4141d98b60b4a0af022911b av-special-heading-h2 blockquote modern-quote  avia-builder-el-7  el_before_av_hr  avia-builder-el-first  av-thin-font av-inherit-size '><h2 class='av-special-heading-tag '  itemprop=\"headline\"  ><strong>\u00dcR\u00dcNLER<\/strong><\/h2><div class='special-heading-border'><div class='special-heading-inner-border'><\/div><\/div><\/div>\n\n<style type=\"text\/css\" id=\"style-css-av-lrj5mw4w-e32257f7383c2769cc41004ecbe0e88d\">\n.hr.av-lrj5mw4w-e32257f7383c2769cc41004ecbe0e88d{\nmargin-top:0px;\nmargin-bottom:0px;\n}\n.hr.av-lrj5mw4w-e32257f7383c2769cc41004ecbe0e88d .hr-inner{\nwidth:50px;\nborder-color:#9c9b9b;\n}\n<\/style>\n<div  class='hr av-lrj5mw4w-e32257f7383c2769cc41004ecbe0e88d hr-custom  avia-builder-el-8  el_after_av_heading  el_before_av_hr  hr-left hr-icon-no '><span class='hr-inner inner-border-av-border-fat'><span class=\"hr-inner-style\"><\/span><\/span><\/div>\n\n<style type=\"text\/css\" id=\"style-css-av-lrj5ryre-0a9046c7a943ffa8518b24cb85abf704\">\n#top .hr.hr-invisible.av-lrj5ryre-0a9046c7a943ffa8518b24cb85abf704{\nheight:100px;\n}\n<\/style>\n<div  class='hr av-lrj5ryre-0a9046c7a943ffa8518b24cb85abf704 hr-invisible  avia-builder-el-9  el_after_av_hr  el_before_av_one_full  '><span class='hr-inner '><span class=\"hr-inner-style\"><\/span><\/span><\/div>\n<div class='flex_column av-5chjfm-513b8fd88c5dbbeb2f634c932e05db3d av_one_full  avia-builder-el-10  el_after_av_hr  avia-builder-el-last  first flex_column_div '   ><style type=\"text\/css\" id=\"style-css-av-4ul8zm-4edea45650e94a2118ba23515e66ff7b\">\n.avia-image-container.av-4ul8zm-4edea45650e94a2118ba23515e66ff7b .av-image-caption-overlay-center{\ncolor:#ffffff;\n}\n<\/style>\n<div  class='avia-image-container av-4ul8zm-4edea45650e94a2118ba23515e66ff7b av-styling- avia-align-center  avia-builder-el-11  avia-builder-el-no-sibling  '  itemprop=\"image\" itemscope=\"itemscope\" itemtype=\"https:\/\/schema.org\/ImageObject\" ><div class=\"avia-image-container-inner\"><div class=\"avia-image-overlay-wrap\"><img decoding=\"async\" class='wp-image-4650 avia-img-lazy-loading-not-4650 avia_image' src=\"https:\/\/alptek.com.tr\/tr\/wp-content\/uploads\/2024\/01\/biosafety-cabinet-alptek-2.jpg\" alt='' title='biosafety-cabinet-alptek-2'  height=\"1080\" width=\"1920\"  itemprop=\"thumbnailUrl\" srcset=\"https:\/\/alptek.com.tr\/tr\/wp-content\/uploads\/2024\/01\/biosafety-cabinet-alptek-2.jpg 1920w, https:\/\/alptek.com.tr\/tr\/wp-content\/uploads\/2024\/01\/biosafety-cabinet-alptek-2-300x169.jpg 300w, https:\/\/alptek.com.tr\/tr\/wp-content\/uploads\/2024\/01\/biosafety-cabinet-alptek-2-1030x579.jpg 1030w, https:\/\/alptek.com.tr\/tr\/wp-content\/uploads\/2024\/01\/biosafety-cabinet-alptek-2-768x432.jpg 768w, https:\/\/alptek.com.tr\/tr\/wp-content\/uploads\/2024\/01\/biosafety-cabinet-alptek-2-1536x864.jpg 1536w, https:\/\/alptek.com.tr\/tr\/wp-content\/uploads\/2024\/01\/biosafety-cabinet-alptek-2-1500x844.jpg 1500w, https:\/\/alptek.com.tr\/tr\/wp-content\/uploads\/2024\/01\/biosafety-cabinet-alptek-2-705x397.jpg 705w\" sizes=\"(max-width: 1920px) 100vw, 1920px\" \/><\/div><\/div><\/div><\/div>\n\n<\/div><\/div><\/div><!-- close content main div --><\/div><\/div><div id='av_section_3'  class='avia-section av-5ermoi-9e0dfa116bd65cb35c332be1408f8700 main_color avia-section-default avia-no-border-styling  avia-builder-el-12  el_after_av_section  el_before_av_section  avia-bg-style-scroll  container_wrap sidebar_right'  ><div class='container av-section-cont-open' ><div class='template-page content  av-content-small alpha units'><div class='post-entry post-entry-type-page post-entry-4610'><div class='entry-content-wrapper clearfix'>\n\n<style type=\"text\/css\" id=\"style-css-av-lrj655de-68b6167b338db85fecd4ce5420b8c3e9\">\n#top .av-special-heading.av-lrj655de-68b6167b338db85fecd4ce5420b8c3e9{\npadding-bottom:10px;\nfont-size:18px;\n}\n<\/style>\n<div  class='av-special-heading av-lrj655de-68b6167b338db85fecd4ce5420b8c3e9 av-special-heading-h2 blockquote modern-quote  avia-builder-el-13  el_before_av_hr  avia-builder-el-first  av-thin-font av-inherit-size '><h2 class='av-special-heading-tag '  itemprop=\"headline\"  ><strong>\u00d6ZELL\u0130KLER<\/strong><\/h2><div class='special-heading-border'><div class='special-heading-inner-border'><\/div><\/div><\/div>\n\n<style type=\"text\/css\" id=\"style-css-av-3wc6k2-81c7081c7b43e3764abcc8f5b2050dbb\">\n.hr.av-3wc6k2-81c7081c7b43e3764abcc8f5b2050dbb{\nmargin-top:0px;\nmargin-bottom:0px;\n}\n.hr.av-3wc6k2-81c7081c7b43e3764abcc8f5b2050dbb .hr-inner{\nwidth:50px;\nborder-color:#9c9b9b;\n}\n<\/style>\n<div  class='hr av-3wc6k2-81c7081c7b43e3764abcc8f5b2050dbb hr-custom  avia-builder-el-14  el_after_av_heading  el_before_av_one_full  hr-left hr-icon-no '><span class='hr-inner inner-border-av-border-fat'><span class=\"hr-inner-style\"><\/span><\/span><\/div>\n<div class='flex_column av-b6u0i-d4060b88cd010d563d77ede5b291594c av_one_full  avia-builder-el-15  el_after_av_hr  el_before_av_one_half  first flex_column_div '   ><style type=\"text\/css\" id=\"style-css-av-lrj6438l-84ffc6ccab7f65c7607602512b161af8\">\n.avia-image-container.av-lrj6438l-84ffc6ccab7f65c7607602512b161af8 .av-image-caption-overlay-center{\ncolor:#ffffff;\n}\n<\/style>\n<div  class='avia-image-container av-lrj6438l-84ffc6ccab7f65c7607602512b161af8 av-styling- avia-align-center  avia-builder-el-16  avia-builder-el-no-sibling  '  itemprop=\"image\" itemscope=\"itemscope\" itemtype=\"https:\/\/schema.org\/ImageObject\" ><div class=\"avia-image-container-inner\"><div class=\"avia-image-overlay-wrap\"><img decoding=\"async\" class='wp-image-4652 avia-img-lazy-loading-not-4652 avia_image' src=\"https:\/\/alptek.com.tr\/tr\/wp-content\/uploads\/2024\/01\/biosafety-cabinet-cizim-alptek.jpg\" alt='' title='biosafety-cabinet-cizim-alptek'  height=\"1080\" width=\"1920\"  itemprop=\"thumbnailUrl\" srcset=\"https:\/\/alptek.com.tr\/tr\/wp-content\/uploads\/2024\/01\/biosafety-cabinet-cizim-alptek.jpg 1920w, https:\/\/alptek.com.tr\/tr\/wp-content\/uploads\/2024\/01\/biosafety-cabinet-cizim-alptek-300x169.jpg 300w, https:\/\/alptek.com.tr\/tr\/wp-content\/uploads\/2024\/01\/biosafety-cabinet-cizim-alptek-1030x579.jpg 1030w, https:\/\/alptek.com.tr\/tr\/wp-content\/uploads\/2024\/01\/biosafety-cabinet-cizim-alptek-768x432.jpg 768w, https:\/\/alptek.com.tr\/tr\/wp-content\/uploads\/2024\/01\/biosafety-cabinet-cizim-alptek-1536x864.jpg 1536w, https:\/\/alptek.com.tr\/tr\/wp-content\/uploads\/2024\/01\/biosafety-cabinet-cizim-alptek-1500x844.jpg 1500w, https:\/\/alptek.com.tr\/tr\/wp-content\/uploads\/2024\/01\/biosafety-cabinet-cizim-alptek-705x397.jpg 705w\" sizes=\"(max-width: 1920px) 100vw, 1920px\" \/><\/div><\/div><\/div><\/div><div class='flex_column av-1awra3m-372142c5c000426a87d09c4b753f4bd0 av_one_half  avia-builder-el-17  el_after_av_one_full  el_before_av_one_half  first flex_column_div column-top-margin'   ><div class='avia-data-table-wrap av-196lmjm-0735364a4b763fe1f3d2ee8e3db1aa2c avia_responsive_table avia-table-1 '><table  class='avia-table avia-data-table avia_pricing_default  avia-builder-el-18  avia-builder-el-no-sibling  nvst-table'  itemscope=\"itemscope\" itemtype=\"https:\/\/schema.org\/Table\" ><tbody><tr class='avia-heading-row'><th class=''>\u00d6L\u00c7\u00dcLER<\/th><th class=''>(mm)<\/th><\/tr><tr class=''><td class=''>Geni\u015flik (W)<\/td><td class=''>750 \/ 900<\/td><\/tr><tr class=''><td class=''>Derinlik<\/td><td class=''> 750 \/ 900<\/td><\/tr><tr class=''><td class=''>Y\u00fckseklik<\/td><td class=''>750 \/ 900<\/td><\/tr><\/tbody><\/table><\/div><style type='text\/css'>.avia-table-1 td:nth-of-type(1):before { content: '\u00d6L\u00c7\u00dcLER'; } .avia-table-1 td:nth-of-type(2):before { content: '(mm)'; } <\/style><\/div><div class='flex_column av-t0orle-b22d5c7245a8210ba17709e1d191f8ae av_one_half  avia-builder-el-19  el_after_av_one_half  avia-builder-el-last  flex_column_div column-top-margin'   ><div class='avia-data-table-wrap av-rl6rrm-892431de0c5310de5ef0b00a8daff306 avia_responsive_table avia-table-2 '><table  class='avia-table avia-data-table avia_pricing_default  avia-builder-el-20  avia-builder-el-no-sibling  nvst-table'  itemscope=\"itemscope\" itemtype=\"https:\/\/schema.org\/Table\" ><tbody><tr class='avia-heading-row'><th class=''>\u00d6ZELL\u0130KLER<\/th><th class=''><\/th><\/tr><tr class=''><td class=''>Yap\u0131 Tipi<\/td><td class=''>TS-EN 10305-5 Standard\u0131na uygundur<\/td><\/tr><tr class=''><td class=''>Yap\u0131 Malzemesi<\/td><td class=''>\u00c7elik<\/td><\/tr><tr class=''><td class=''>Boya<\/td><td class=''>Elektrostatik Toz Boya<\/td><\/tr><tr class=''><td class=''>\u00c7al\u0131\u015fma Y\u00fczeyi<\/td><td class=''>End\u00fcstriyel Seramik<br \/>\nKompakt Laminat<br \/>\nEpoksi Re\u00e7ine<br \/>\nPaslanmaz \u00c7elik<\/td><\/tr><tr class=''><td class=''>Ayaklar<\/td><td class=''>Zemin e\u011fimlerine kar\u015f\u0131 koyabilecek kimyasallara dayan\u0131kl\u0131 ayak<\/td><\/tr><\/tbody><\/table><\/div><style type='text\/css'>.avia-table-2 td:nth-of-type(1):before { content: '\u00d6ZELL\u0130KLER'; } .avia-table-2 td:nth-of-type(2):before { content: ''; } <\/style><\/div>\n\n<\/div><\/div><\/div><!-- close content main div --><\/div><\/div><div id='av_section_4'  class='avia-section av-40ffhe-261a83cd8a035072b37ca2c2bb75e50f main_color avia-section-default avia-no-border-styling  avia-builder-el-21  el_after_av_section  el_before_av_postcontent  avia-bg-style-scroll  container_wrap sidebar_right'  ><div class='container av-section-cont-open' ><div class='template-page content  av-content-small alpha units'><div class='post-entry post-entry-type-page post-entry-4610'><div class='entry-content-wrapper clearfix'>\n\n<style type=\"text\/css\" id=\"style-css-av-lrj6mqf2-35f6a935a5a2b2aa48c9c00f3caca032\">\n#top .av-special-heading.av-lrj6mqf2-35f6a935a5a2b2aa48c9c00f3caca032{\npadding-bottom:10px;\nfont-size:18px;\n}\n<\/style>\n<div  class='av-special-heading av-lrj6mqf2-35f6a935a5a2b2aa48c9c00f3caca032 av-special-heading-h2 blockquote modern-quote  avia-builder-el-22  el_before_av_hr  avia-builder-el-first  av-thin-font av-inherit-size '><h2 class='av-special-heading-tag '  itemprop=\"headline\"  ><strong>TEZGAH MALZEMES\u0130 SE\u00c7ENEKLER\u0130<\/strong><\/h2><div class='special-heading-border'><div class='special-heading-inner-border'><\/div><\/div><\/div>\n\n<style type=\"text\/css\" id=\"style-css-av-2vs60i-9e00617b99a3cb9b2b06963563415e47\">\n.hr.av-2vs60i-9e00617b99a3cb9b2b06963563415e47{\nmargin-top:0px;\nmargin-bottom:0px;\n}\n.hr.av-2vs60i-9e00617b99a3cb9b2b06963563415e47 .hr-inner{\nwidth:50px;\nborder-color:#9c9b9b;\n}\n<\/style>\n<div  class='hr av-2vs60i-9e00617b99a3cb9b2b06963563415e47 hr-custom  avia-builder-el-23  el_after_av_heading  el_before_av_hr  hr-left hr-icon-no '><span class='hr-inner inner-border-av-border-fat'><span class=\"hr-inner-style\"><\/span><\/span><\/div>\n\n<style type=\"text\/css\" id=\"style-css-av-lrj6s4uj-c2bc2c1f7dfdabd36f103b1f9b8dacc1\">\n#top .hr.hr-invisible.av-lrj6s4uj-c2bc2c1f7dfdabd36f103b1f9b8dacc1{\nheight:100px;\n}\n<\/style>\n<div  class='hr av-lrj6s4uj-c2bc2c1f7dfdabd36f103b1f9b8dacc1 hr-invisible  avia-builder-el-24  el_after_av_hr  el_before_av_codeblock  '><span class='hr-inner '><span class=\"hr-inner-style\"><\/span><\/span><\/div>\n\n\n[av_section min_height='' min_height_pc='25' min_height_px='500px' padding='default' margin='' custom_margin='0px' svg_div_top='' svg_div_top_color='#333333' svg_div_top_width='100' svg_div_top_height='50' svg_div_top_max_height='none' svg_div_top_flip='' svg_div_top_invert='' svg_div_top_front='' svg_div_top_opacity='' svg_div_top_preview='' svg_div_bottom='' svg_div_bottom_color='#333333' svg_div_bottom_width='100' svg_div_bottom_height='50' svg_div_bottom_max_height='none' svg_div_bottom_flip='' svg_div_bottom_invert='' svg_div_bottom_front='' svg_div_bottom_opacity='' svg_div_bottom_preview='' color='main_color' background='bg_color' custom_bg='' background_gradient_direction='vertical' background_gradient_color1='#000000' background_gradient_color2='#ffffff' background_gradient_color3='' src='' attach='scroll' position='top left' repeat='no-repeat' video='' video_ratio='16:9' video_mobile_disabled='' overlay_enable='' overlay_opacity='0.5' overlay_color='' overlay_pattern='' overlay_custom_pattern='' shadow='no-border-styling' bottom_border='no-border-styling' bottom_border_diagonal_color='#333333' bottom_border_diagonal_direction='' bottom_border_style='' scroll_down='' custom_arrow_bg='' av-desktop-hide='' av-medium-hide='' av-small-hide='' av-mini-hide='' id='' custom_class='' template_class='' aria_label='' av_element_hidden_in_editor='0' av_uid='av-6x4clf' sc_version='1.0']\r\n\r\n[av_one_half first min_height='' vertical_alignment='av-align-top' space='' row_boxshadow='' row_boxshadow_color='' row_boxshadow_width='10' custom_margin='' margin='0px' mobile_breaking='' min_col_height='' padding='' svg_div_top='' svg_div_top_color='#333333' svg_div_top_width='100' svg_div_top_height='50' svg_div_top_max_height='none' svg_div_top_flip='' svg_div_top_invert='' svg_div_top_front='' svg_div_top_opacity='' svg_div_top_preview='' svg_div_bottom='' svg_div_bottom_color='#333333' svg_div_bottom_width='100' svg_div_bottom_height='50' svg_div_bottom_max_height='none' svg_div_bottom_flip='' svg_div_bottom_invert='' svg_div_bottom_front='' svg_div_bottom_opacity='' svg_div_bottom_preview='' border='' border_style='solid' border_color='' radius='' column_boxshadow='' column_boxshadow_color='' column_boxshadow_width='10' background='bg_color' background_color='' background_gradient_direction='vertical' background_gradient_color1='#000000' background_gradient_color2='#ffffff' background_gradient_color3='' src='' background_position='top left' background_repeat='no-repeat' highlight='' highlight_size='' animation='' link='' linktarget='' link_hover='' title_attr='' alt_attr='' mobile_display='' id='' custom_class='' template_class='' aria_label='' av_uid='av-57iewz' sc_version='1.0']\r\n\r\n[av_icon_box icon='ue854' font='entypo-fontello' title='TELEFON' position='top' icon_style='' boxed='' font_color='' custom_title='' custom_content='' color='' custom_bg='' custom_font='' custom_border='' custom_title_size='' av-medium-font-size-title='' av-small-font-size-title='' av-mini-font-size-title='' custom_content_size='' av-medium-font-size='' av-small-font-size='' av-mini-font-size='' heading_tag='' heading_class='' link='manually,tel:02165401772' linktarget='' linkelement='both' id='' custom_class='' template_class='' av_uid='av-3tsi6r' sc_version='1.0' admin_preview_bg='']\r\n<a href=\"tel:02165401772\">+90 (216) 540 17 72<\/a>\r\n[\/av_icon_box]\r\n\r\n[\/av_one_half][av_one_half min_height='' vertical_alignment='av-align-top' space='' row_boxshadow='' row_boxshadow_color='' row_boxshadow_width='10' custom_margin='' margin='0px' mobile_breaking='' min_col_height='' padding='' svg_div_top='' svg_div_top_color='#333333' svg_div_top_width='100' svg_div_top_height='50' svg_div_top_max_height='none' svg_div_top_flip='' svg_div_top_invert='' svg_div_top_front='' svg_div_top_opacity='' svg_div_top_preview='' svg_div_bottom='' svg_div_bottom_color='#333333' svg_div_bottom_width='100' svg_div_bottom_height='50' svg_div_bottom_max_height='none' svg_div_bottom_flip='' svg_div_bottom_invert='' svg_div_bottom_front='' svg_div_bottom_opacity='' svg_div_bottom_preview='' border='' border_style='solid' border_color='' radius='' column_boxshadow='' column_boxshadow_color='' column_boxshadow_width='10' background='bg_color' background_color='' background_gradient_direction='vertical' background_gradient_color1='#000000' background_gradient_color2='#ffffff' background_gradient_color3='' src='' background_position='top left' background_repeat='no-repeat' highlight='' highlight_size='' animation='' link='' linktarget='' link_hover='' title_attr='' alt_attr='' mobile_display='' id='' custom_class='' template_class='' aria_label='' av_uid='av-2fqt2r' sc_version='1.0']\r\n\r\n[av_icon_box icon='ue805' font='entypo-fontello' title='TEKL\u0130F AL' position='top' icon_style='' boxed='' font_color='' custom_title='' custom_content='' color='' custom_bg='' custom_font='' custom_border='' custom_title_size='' av-medium-font-size-title='' av-small-font-size-title='' av-mini-font-size-title='' custom_content_size='' av-medium-font-size='' av-small-font-size='' av-mini-font-size='' heading_tag='' heading_class='' link='manually,https:\/\/alptek.com.tr\/tr\/contactform\/?iframe=true' linktarget='' linkelement='both' id='' custom_class='' template_class='' av_uid='av-m3700cyk' sc_version='1.0' admin_preview_bg='']\r\n<a href=\"https:\/\/alptek.com.tr\/tr\/contactform\/?iframe=true\">B\u0130ZE ULA\u015eIN<\/a>\r\n[\/av_icon_box]\r\n\r\n[\/av_one_half][\/av_section]\n","protected":false},"excerpt":{"rendered":"","protected":false},"author":2,"featured_media":0,"parent":4598,"menu_order":0,"comment_status":"closed","ping_status":"closed","template":"","meta":{"footnotes":""},"_links":{"self":[{"href":"https:\/\/alptek.com.tr\/tr\/wp-json\/wp\/v2\/pages\/4610"}],"collection":[{"href":"https:\/\/alptek.com.tr\/tr\/wp-json\/wp\/v2\/pages"}],"about":[{"href":"https:\/\/alptek.com.tr\/tr\/wp-json\/wp\/v2\/types\/page"}],"author":[{"embeddable":true,"href":"https:\/\/alptek.com.tr\/tr\/wp-json\/wp\/v2\/users\/2"}],"replies":[{"embeddable":true,"href":"https:\/\/alptek.com.tr\/tr\/wp-json\/wp\/v2\/comments?post=4610"}],"version-history":[{"count":40,"href":"https:\/\/alptek.com.tr\/tr\/wp-json\/wp\/v2\/pages\/4610\/revisions"}],"predecessor-version":[{"id":7777,"href":"https:\/\/alptek.com.tr\/tr\/wp-json\/wp\/v2\/pages\/4610\/revisions\/7777"}],"up":[{"embeddable":true,"href":"https:\/\/alptek.com.tr\/tr\/wp-json\/wp\/v2\/pages\/4598"}],"wp:attachment":[{"href":"https:\/\/alptek.com.tr\/tr\/wp-json\/wp\/v2\/media?parent=4610"}],"curies":[{"name":"wp","href":"https:\/\/api.w.org\/{rel}","templated":true}]}}