{"id":4598,"date":"2024-01-18T11:18:22","date_gmt":"2024-01-18T11:18:22","guid":{"rendered":"https:\/\/alptek.com.tr\/?page_id=4598"},"modified":"2024-03-14T08:41:55","modified_gmt":"2024-03-14T08:41:55","slug":"yasam-bilimi-ekipmanlari","status":"publish","type":"page","link":"https:\/\/alptek.com.tr\/tr\/yasam-bilimi-ekipmanlari\/","title":{"rendered":"YA\u015eAM B\u0130L\u0130M\u0130 EK\u0130PMANLARI"},"content":{"rendered":"<div id='layer_slider_1'  class='avia-layerslider main_color avia-shadow  avia-builder-el-0  el_before_av_section  avia-builder-el-first  container_wrap sidebar_right'  style='height: 871px; max-width: 1920px; margin: 0 auto;'  ><\/div>\n<div id='av_section_1'  class='avia-section av-2dd89i-cd8bea6fc765549fada74d03f0bcedf1 main_color avia-section-default avia-no-border-styling  avia-builder-el-1  el_after_av_layerslider  el_before_av_section  avia-bg-style-scroll  container_wrap sidebar_right'  ><div class='container av-section-cont-open' ><div class='template-page content  av-content-small alpha units'><div class='post-entry post-entry-type-page post-entry-4598'><div class='entry-content-wrapper clearfix'>\n\n<style type=\"text\/css\" id=\"style-css-av-lrj4hwjd-8afc30842dbd309826cf3ed8611714b1\">\n#top .av-special-heading.av-lrj4hwjd-8afc30842dbd309826cf3ed8611714b1{\npadding-bottom:10px;\nfont-size:32px;\n}\n<\/style>\n<div  class='av-special-heading av-lrj4hwjd-8afc30842dbd309826cf3ed8611714b1 av-special-heading-h1 blockquote modern-quote modern-centered  avia-builder-el-2  el_before_av_hr  avia-builder-el-first  av-inherit-size '><h1 class='av-special-heading-tag '  itemprop=\"headline\"  >YA\u015eAM B\u0130L\u0130M\u0130 EK\u0130PMANLARI<\/h1><div class='special-heading-border'><div class='special-heading-inner-border'><\/div><\/div><\/div>\n\n<style type=\"text\/css\" id=\"style-css-av-lrj4idvb-508d2fafa901036c67b11556c4508970\">\n.hr.av-lrj4idvb-508d2fafa901036c67b11556c4508970{\nmargin-top:0px;\nmargin-bottom:30px;\n}\n.hr.av-lrj4idvb-508d2fafa901036c67b11556c4508970 .hr-inner{\nwidth:100px;\nborder-color:#9c9b9b;\n}\n<\/style>\n<div  class='hr av-lrj4idvb-508d2fafa901036c67b11556c4508970 hr-custom  avia-builder-el-3  el_after_av_heading  el_before_av_textblock  hr-center hr-icon-no '><span class='hr-inner inner-border-av-border-fat'><span class=\"hr-inner-style\"><\/span><\/span><\/div>\n<section class=\"av_textblock_section \"  itemscope=\"itemscope\" itemtype=\"https:\/\/schema.org\/CreativeWork\" ><div class='avia_textblock  '  style='font-size:24px; '  itemprop=\"text\" ><p>Biyoloji ve ya\u015fam bilimleri alan\u0131nda kullan\u0131lan ekipmanlar genellikle biyolojik ara\u015ft\u0131rma, analizler ve deneyler i\u00e7in tasarlanm\u0131\u015f ve s\u0131kl\u0131kla laboratuvar ortamlar\u0131nda kullan\u0131lan \u00f6zel cihazlar\u0131 ifade eder. Bu ekipman par\u00e7alar\u0131 biyolojik numunelerin incelenmesi, manip\u00fclasyonu, analizi ve i\u015flenmesi gibi \u00e7e\u015fitli uygulamalar\u0131 kapsar.<\/p>\n<\/div><\/section>\n\n<\/div><\/div><\/div><!-- close content main div --><\/div><\/div><div id='av_section_2'  class='avia-section av-eifk6-999eb019612aff49a32e4bbd349b3730 main_color avia-section-default avia-no-border-styling  avia-builder-el-5  el_after_av_section  avia-builder-el-last  avia-bg-style-scroll  container_wrap sidebar_right'  ><div class='container av-section-cont-open' ><div class='template-page content  av-content-small alpha units'><div class='post-entry post-entry-type-page post-entry-4598'><div class='entry-content-wrapper clearfix'>\n<div class='flex_column av-2ikziu-a6da4c342bb7aa621b8972c5a1ab27dc av_one_full  avia-builder-el-6  avia-builder-el-no-sibling  first flex_column_div '   ><\/div><\/div><\/div><\/div><!-- close content main div --><\/div><\/div><div id='after_section_2'  class='main_color av_default_container_wrap container_wrap sidebar_right'  ><div class='container av-section-cont-open' ><div class='template-page content  av-content-small alpha units'><div class='post-entry post-entry-type-page post-entry-4598'><div class='entry-content-wrapper clearfix'>\n<\/div>\n","protected":false},"excerpt":{"rendered":"","protected":false},"author":2,"featured_media":0,"parent":0,"menu_order":0,"comment_status":"closed","ping_status":"closed","template":"","meta":{"footnotes":""},"_links":{"self":[{"href":"https:\/\/alptek.com.tr\/tr\/wp-json\/wp\/v2\/pages\/4598"}],"collection":[{"href":"https:\/\/alptek.com.tr\/tr\/wp-json\/wp\/v2\/pages"}],"about":[{"href":"https:\/\/alptek.com.tr\/tr\/wp-json\/wp\/v2\/types\/page"}],"author":[{"embeddable":true,"href":"https:\/\/alptek.com.tr\/tr\/wp-json\/wp\/v2\/users\/2"}],"replies":[{"embeddable":true,"href":"https:\/\/alptek.com.tr\/tr\/wp-json\/wp\/v2\/comments?post=4598"}],"version-history":[{"count":34,"href":"https:\/\/alptek.com.tr\/tr\/wp-json\/wp\/v2\/pages\/4598\/revisions"}],"predecessor-version":[{"id":7419,"href":"https:\/\/alptek.com.tr\/tr\/wp-json\/wp\/v2\/pages\/4598\/revisions\/7419"}],"wp:attachment":[{"href":"https:\/\/alptek.com.tr\/tr\/wp-json\/wp\/v2\/media?parent=4598"}],"curies":[{"name":"wp","href":"https:\/\/api.w.org\/{rel}","templated":true}]}}