{"id":3417,"date":"2023-11-01T07:02:51","date_gmt":"2023-11-01T07:02:51","guid":{"rendered":"https:\/\/alptek.com.tr\/?page_id=3417"},"modified":"2024-03-13T11:11:46","modified_gmt":"2024-03-13T11:11:46","slug":"temiz-oda-cozumleri","status":"publish","type":"page","link":"https:\/\/alptek.com.tr\/tr\/temiz-oda-cozumleri\/","title":{"rendered":"TEM\u0130Z ODA \u00c7\u00d6Z\u00dcMLER\u0130"},"content":{"rendered":"<div id='layer_slider_1'  class='avia-layerslider main_color avia-shadow  avia-builder-el-0  el_before_av_section  avia-builder-el-first  container_wrap sidebar_right'  style='height: 666px; max-width: 1920px; margin: 0 auto;'  ><\/div>\n<div id='av_section_1'  class='avia-section av-317gmd-7ba2f10ac5c89140a92baa1bc35d0e10 main_color avia-section-default avia-no-border-styling  avia-builder-el-1  el_after_av_layerslider  el_before_av_section  avia-bg-style-scroll  container_wrap sidebar_right'  ><div class='container av-section-cont-open' ><div class='template-page content  av-content-small alpha units'><div class='post-entry post-entry-type-page post-entry-3417'><div class='entry-content-wrapper clearfix'>\n\n<style type=\"text\/css\" id=\"style-css-av-ls345xs9-14afebe594358cf104388e7cbc9b8767\">\n#top .av-special-heading.av-ls345xs9-14afebe594358cf104388e7cbc9b8767{\npadding-bottom:10px;\nfont-size:32px;\n}\n<\/style>\n<div  class='av-special-heading av-ls345xs9-14afebe594358cf104388e7cbc9b8767 av-special-heading-h1 blockquote modern-quote modern-centered  avia-builder-el-2  el_before_av_hr  avia-builder-el-first  av-inherit-size '><h1 class='av-special-heading-tag '  itemprop=\"headline\"  >TEM\u0130Z ODA \u00c7\u00d6Z\u00dcMLER\u0130<\/h1><div class='special-heading-border'><div class='special-heading-inner-border'><\/div><\/div><\/div>\n\n<style type=\"text\/css\" id=\"style-css-av-ls346auj-8e5a3c900a11047b4dc27271faed1e49\">\n.hr.av-ls346auj-8e5a3c900a11047b4dc27271faed1e49{\nmargin-top:0px;\nmargin-bottom:30px;\n}\n.hr.av-ls346auj-8e5a3c900a11047b4dc27271faed1e49 .hr-inner{\nwidth:100px;\nborder-color:#9c9b9b;\n}\n<\/style>\n<div  class='hr av-ls346auj-8e5a3c900a11047b4dc27271faed1e49 hr-custom  avia-builder-el-3  el_after_av_heading  el_before_av_textblock  hr-center hr-icon-no '><span class='hr-inner inner-border-av-border-fat'><span class=\"hr-inner-style\"><\/span><\/span><\/div>\n<section class=\"av_textblock_section \"  itemscope=\"itemscope\" itemtype=\"https:\/\/schema.org\/CreativeWork\" ><div class='avia_textblock  '  style='font-size:24px; '  itemprop=\"text\" ><p>Temiz oda, belirli par\u00e7ac\u0131k seviyelerinin, s\u0131cakl\u0131\u011f\u0131n, nemin ve di\u011fer \u00e7evresel ko\u015fullar\u0131n s\u0131k\u0131 bir \u015fekilde kontrol edildi\u011fi \u00f6zel bir ortamd\u0131r. ALPTEK, temiz oda konseptini ba\u015far\u0131yla uygulayarak m\u00fc\u015fterilerine end\u00fcstri standartlar\u0131n\u0131 a\u015fan temiz, g\u00fcvenilir ve d\u00fc\u015f\u00fck kirlilik i\u00e7eren ortamlar sunmaktad\u0131r. ALPTEK, temiz oda tasar\u0131m\u0131 ve kurulumu konusunda uzmanla\u015fm\u0131\u015f lider bir \u015firkettir. Do\u011frulama da dahil olmak \u00fczere tasar\u0131m ve in\u015faat hizmetleri sunan \u015firket, en y\u00fcksek hijyen ve kontroll\u00fc ortam standartlar\u0131na ula\u015fmay\u0131 ama\u00e7lamaktad\u0131r.<\/p>\n<\/div><\/section>\n\n<\/div><\/div><\/div><!-- close content main div --><\/div><\/div><div id='av_section_2'  class='avia-section av-3ao1f9-8affc6f26cdf2735edc1ae9034589985 main_color avia-section-default avia-no-border-styling  avia-builder-el-5  el_after_av_section  el_before_av_section  avia-bg-style-scroll  container_wrap sidebar_right'  ><div class='container av-section-cont-open' ><div class='template-page content  av-content-small alpha units'><div class='post-entry post-entry-type-page post-entry-3417'><div class='entry-content-wrapper clearfix'>\n\n<style type=\"text\/css\" id=\"style-css-av-ls3482ir-07e0579734930e682cf06289566e2803\">\n#top .av-special-heading.av-ls3482ir-07e0579734930e682cf06289566e2803{\npadding-bottom:10px;\nfont-size:32px;\n}\n<\/style>\n<div  class='av-special-heading av-ls3482ir-07e0579734930e682cf06289566e2803 av-special-heading-h2 blockquote modern-quote  avia-builder-el-6  el_before_av_hr  avia-builder-el-first  av-inherit-size '><h2 class='av-special-heading-tag '  itemprop=\"headline\"  >Ne sunuyoruz?<\/h2><div class='special-heading-border'><div class='special-heading-inner-border'><\/div><\/div><\/div>\n\n<style type=\"text\/css\" id=\"style-css-av-ls348sgn-2778d8a7ea528bb2ea27faccc8f0c2ec\">\n.hr.av-ls348sgn-2778d8a7ea528bb2ea27faccc8f0c2ec{\nmargin-top:0px !important;\nmargin-bottom:30px;\n}\n.hr.av-ls348sgn-2778d8a7ea528bb2ea27faccc8f0c2ec .hr-inner{\nwidth:50px;\nborder-color:#9c9b9b;\n}\n<\/style>\n<div  class='hr av-ls348sgn-2778d8a7ea528bb2ea27faccc8f0c2ec hr-custom  avia-builder-el-7  el_after_av_heading  el_before_av_textblock  hr-left hr-icon-no '><span class='hr-inner inner-border-av-border-fat'><span class=\"hr-inner-style\"><\/span><\/span><\/div>\n<section class=\"av_textblock_section \"  itemscope=\"itemscope\" itemtype=\"https:\/\/schema.org\/CreativeWork\" ><div class='avia_textblock  '  style='font-size:24px; '  itemprop=\"text\" ><p>ALPTEK&#8217;in Temiz Oda \u00c7\u00f6z\u00fcmleri: ALPTEK, temiz oda projelerine kapsaml\u0131 bir yakla\u015f\u0131m benimseyerek m\u00fc\u015fteri ihtiya\u00e7lar\u0131n\u0131 kar\u015f\u0131lamak i\u00e7in \u00f6zel \u00e7\u00f6z\u00fcmler sunar. \u015eirketin temiz oda hizmetleri \u015funlar\u0131 i\u00e7erir:<\/p>\n<\/div><\/section>\n\n<style type=\"text\/css\" id=\"style-css-av-lsbxcsh5-4de4492c51bffced095f4408c9aca269\">\n#top .hr.hr-invisible.av-lsbxcsh5-4de4492c51bffced095f4408c9aca269{\nheight:50px;\n}\n<\/style>\n<div  class='hr av-lsbxcsh5-4de4492c51bffced095f4408c9aca269 hr-invisible  avia-builder-el-9  el_after_av_textblock  el_before_av_image  '><span class='hr-inner '><span class=\"hr-inner-style\"><\/span><\/span><\/div>\n\n<style type=\"text\/css\" id=\"style-css-av-ls34atug-58edb42c1c0bba45f44b3626e96a08fb\">\n.avia-image-container.av-ls34atug-58edb42c1c0bba45f44b3626e96a08fb .av-image-caption-overlay-center{\ncolor:#ffffff;\n}\n<\/style>\n<div  class='avia-image-container av-ls34atug-58edb42c1c0bba45f44b3626e96a08fb av-styling- avia-align-center  avia-builder-el-10  el_after_av_hr  el_before_av_hr  '  itemprop=\"image\" itemscope=\"itemscope\" itemtype=\"https:\/\/schema.org\/ImageObject\" ><div class=\"avia-image-container-inner\"><div class=\"avia-image-overlay-wrap\"><img decoding=\"async\" class='wp-image-7240 avia-img-lazy-loading-not-7240 avia_image' src=\"https:\/\/alptek.com.tr\/tr\/wp-content\/uploads\/2024\/03\/temiz-oda-cozumleri-kutular-alptek-2.png\" alt='' title='temiz-oda-cozumleri-kutular-alptek-2'  height=\"268\" width=\"1175\"  itemprop=\"thumbnailUrl\" srcset=\"https:\/\/alptek.com.tr\/tr\/wp-content\/uploads\/2024\/03\/temiz-oda-cozumleri-kutular-alptek-2.png 1175w, https:\/\/alptek.com.tr\/tr\/wp-content\/uploads\/2024\/03\/temiz-oda-cozumleri-kutular-alptek-2-300x68.png 300w, https:\/\/alptek.com.tr\/tr\/wp-content\/uploads\/2024\/03\/temiz-oda-cozumleri-kutular-alptek-2-1030x235.png 1030w, https:\/\/alptek.com.tr\/tr\/wp-content\/uploads\/2024\/03\/temiz-oda-cozumleri-kutular-alptek-2-768x175.png 768w, https:\/\/alptek.com.tr\/tr\/wp-content\/uploads\/2024\/03\/temiz-oda-cozumleri-kutular-alptek-2-705x161.png 705w\" sizes=\"(max-width: 1175px) 100vw, 1175px\" \/><\/div><\/div><\/div>\n\n<style type=\"text\/css\" id=\"style-css-av-b8itl-a94a701c705ea65946ac29f39f3f6c8b\">\n#top .hr.hr-invisible.av-b8itl-a94a701c705ea65946ac29f39f3f6c8b{\nheight:50px;\n}\n<\/style>\n<div  class='hr av-b8itl-a94a701c705ea65946ac29f39f3f6c8b hr-invisible  avia-builder-el-11  el_after_av_image  el_before_av_textblock  '><span class='hr-inner '><span class=\"hr-inner-style\"><\/span><\/span><\/div>\n<section class=\"av_textblock_section \"  itemscope=\"itemscope\" itemtype=\"https:\/\/schema.org\/CreativeWork\" ><div class='avia_textblock  '  style='font-size:24px; '  itemprop=\"text\" ><p>ALPTEK, temiz oda \u00e7\u00f6z\u00fcmlerindeki deneyimi ve m\u00fckemmelli\u011fiyle m\u00fc\u015fterilerine g\u00fcvenilir ve y\u00fcksek kalitede kontroll\u00fc ortamlar sunmaya devam ediyor. Temiz oda ihtiya\u00e7lar\u0131n\u0131za \u00f6zel \u00e7\u00f6z\u00fcmler i\u00e7in ALPTEK ile ileti\u015fime ge\u00e7in ve end\u00fcstri standartlar\u0131n\u0131n \u00f6tesinde temizli\u011fi deneyimleyin.<\/p>\n<\/div><\/section>\n\n<\/div><\/div><\/div><!-- close content main div --><\/div><\/div><div id='av_section_3'  class='avia-section av-2dhjvp-1a404d90d697aacee9cccb930e6a618b main_color avia-section-default avia-no-border-styling  avia-builder-el-13  el_after_av_section  avia-builder-el-last  avia-bg-style-scroll  container_wrap sidebar_right'  ><div class='container av-section-cont-open' ><div class='template-page content  av-content-small alpha units'><div class='post-entry post-entry-type-page post-entry-3417'><div class='entry-content-wrapper clearfix'>\n\n<\/div><\/div><\/div><!-- close content main div --><\/div><\/div><div id='after_section_3'  class='main_color av_default_container_wrap container_wrap sidebar_right'  ><div class='container av-section-cont-open' ><div class='template-page content  av-content-small alpha units'><div class='post-entry post-entry-type-page post-entry-3417'><div class='entry-content-wrapper clearfix'>\n<\/div>\n","protected":false},"excerpt":{"rendered":"","protected":false},"author":1,"featured_media":0,"parent":0,"menu_order":0,"comment_status":"closed","ping_status":"closed","template":"","meta":{"footnotes":""},"_links":{"self":[{"href":"https:\/\/alptek.com.tr\/tr\/wp-json\/wp\/v2\/pages\/3417"}],"collection":[{"href":"https:\/\/alptek.com.tr\/tr\/wp-json\/wp\/v2\/pages"}],"about":[{"href":"https:\/\/alptek.com.tr\/tr\/wp-json\/wp\/v2\/types\/page"}],"author":[{"embeddable":true,"href":"https:\/\/alptek.com.tr\/tr\/wp-json\/wp\/v2\/users\/1"}],"replies":[{"embeddable":true,"href":"https:\/\/alptek.com.tr\/tr\/wp-json\/wp\/v2\/comments?post=3417"}],"version-history":[{"count":13,"href":"https:\/\/alptek.com.tr\/tr\/wp-json\/wp\/v2\/pages\/3417\/revisions"}],"predecessor-version":[{"id":7262,"href":"https:\/\/alptek.com.tr\/tr\/wp-json\/wp\/v2\/pages\/3417\/revisions\/7262"}],"wp:attachment":[{"href":"https:\/\/alptek.com.tr\/tr\/wp-json\/wp\/v2\/media?parent=3417"}],"curies":[{"name":"wp","href":"https:\/\/api.w.org\/{rel}","templated":true}]}}