{"id":339,"date":"2021-09-02T13:13:47","date_gmt":"2021-09-02T13:13:47","guid":{"rendered":"https:\/\/demo.novasta.com.tr\/alptek\/?page_id=339"},"modified":"2024-03-15T09:56:08","modified_gmt":"2024-03-15T09:56:08","slug":"biz-kimiz","status":"publish","type":"page","link":"https:\/\/alptek.com.tr\/tr\/biz-kimiz\/","title":{"rendered":"B\u0130Z K\u0130M\u0130Z"},"content":{"rendered":"<div id='layer_slider_1'  class='avia-layerslider main_color avia-shadow  avia-builder-el-0  el_before_av_section  avia-builder-el-first  container_wrap sidebar_right'  style='height: 601px; max-width: 1850px; margin: 0 auto;'  ><\/div>\n<div id='av_section_1'  class='avia-section av-s4lv-84dd3caa16faacbf639ffad910215e0e main_color avia-section-default avia-no-border-styling  avia-builder-el-1  el_after_av_layerslider  el_before_av_layout_row  avia-bg-style-scroll  container_wrap sidebar_right'  ><div class='container av-section-cont-open' ><div class='template-page content  av-content-small alpha units'><div class='post-entry post-entry-type-page post-entry-339'><div class='entry-content-wrapper clearfix'>\n<div class='flex_column av-8d6ur-517377fc8744195faf05f338794e52f5 av_one_full  avia-builder-el-2  avia-builder-el-no-sibling  first flex_column_div '   ><p>\n<style type=\"text\/css\" id=\"style-css-av-kt4fjsvo-a72df4cfc1e6885ae70b3f7590f81718\">\n#top .av-special-heading.av-kt4fjsvo-a72df4cfc1e6885ae70b3f7590f81718{\npadding-bottom:0px;\nfont-size:32px;\n}\n<\/style>\n<div  class='av-special-heading av-kt4fjsvo-a72df4cfc1e6885ae70b3f7590f81718 av-special-heading-h1 blockquote modern-quote modern-centered  avia-builder-el-3  el_before_av_hr  avia-builder-el-first  av-inherit-size '><h1 class='av-special-heading-tag '  itemprop=\"headline\"  >B\u0130Z K\u0130M\u0130Z<\/h1><div class='special-heading-border'><div class='special-heading-inner-border'><\/div><\/div><\/div><br \/>\n\n<style type=\"text\/css\" id=\"style-css-av-kt4fl4r5-08d6db8ff8b22d48098840c013e65be9\">\n.hr.av-kt4fl4r5-08d6db8ff8b22d48098840c013e65be9{\nmargin-top:5px !important;\nmargin-bottom:40px !important;\n}\n.hr.av-kt4fl4r5-08d6db8ff8b22d48098840c013e65be9 .hr-inner{\nwidth:80px;\nborder-color:#9b9c9c;\n}\n<\/style>\n<div  class='hr av-kt4fl4r5-08d6db8ff8b22d48098840c013e65be9 hr-custom  avia-builder-el-4  el_after_av_heading  el_before_av_textblock  hr-center hr-icon-no '><span class='hr-inner inner-border-av-border-fat'><span class=\"hr-inner-style\"><\/span><\/span><\/div><br \/>\n<section class=\"av_textblock_section \"  itemscope=\"itemscope\" itemtype=\"https:\/\/schema.org\/CreativeWork\" ><div class='avia_textblock  av_inherit_color '  style='color:#333333; '  itemprop=\"text\" ><p style=\"text-align: left;\">2006 y\u0131l\u0131nda kurulan <strong>ALPTEK<\/strong>, uzun y\u0131llara dayanan geni\u015f laboratuvar ve uluslararas\u0131 proje y\u00f6netimi tecr\u00fcbesiyle, hem T\u00fcrkiye&#8217;de hem de uluslararas\u0131 alanda \u00e7ok say\u0131da anahtar teslimi laboratuvar kurulum projesini ba\u015far\u0131yla \u00fcstlenmi\u015ftir.<strong> Amac\u0131m\u0131z, \u00e7e\u015fitli end\u00fcstriyel sekt\u00f6rlere (kimya, g\u0131da, ila\u00e7, mikrobiyoloji, otomotiv vb.) ve bilimsel ara\u015ft\u0131rma laboratuvarlar\u0131na laboratuvar sistem ve teknolojilerinde en \u00e7a\u011fda\u015f ve bilimsel \u00e7\u00f6z\u00fcmleri sunarak projeden uygulamaya anahtar teslim laboratuvar kurulumlar\u0131 ger\u00e7ekle\u015ftirmektir. Alptek,<\/strong> laboratuvar akreditasyon \u015fartlar\u0131na uygun, analiz cihazlar\u0131n\u0131, analiz y\u00f6ntemlerini, gerekli t\u00fcm ekipmanlar\u0131, t\u00fcm laboratuvar altyap\u0131 ve sistemlerini kapsayan laboratuvar projeleri tasarlar ve uygular. <strong>Alptek<\/strong>, uzman ekibiyle projelendirme a\u015famas\u0131ndan kurulum a\u015famas\u0131na kadar etkin \u00e7\u00f6z\u00fcmler sunmakta, sonras\u0131nda e\u011fitim ve teknik destek sunmaktad\u0131r.<\/p>\n<\/div><\/section><\/p><\/div>\n\n<\/div><\/div><\/div><!-- close content main div --><\/div><\/div><div id='av-layout-grid-1'  class='av-layout-grid-container entry-content-wrapper main_color av-flex-cells     avia-builder-el-6  el_after_av_section  el_before_av_section  submenu-not-first container_wrap sidebar_right'  >\n<div class=\"flex_cell no_margin av_one_full  avia-builder-el-7  avia-builder-el-no-sibling   av-zero-padding \"  style='vertical-align:top; padding:0; ' ><div class='flex_cell_inner' ><p>\n<style type=\"text\/css\" id=\"style-css-av-lsbf67p7-e3104f701ac528ad5a74eb57d6a3c417\">\n#top .av-special-heading.av-lsbf67p7-e3104f701ac528ad5a74eb57d6a3c417{\npadding-bottom:0px;\nfont-size:32px;\n}\n<\/style>\n<div  class='av-special-heading av-lsbf67p7-e3104f701ac528ad5a74eb57d6a3c417 av-special-heading-h2 blockquote modern-quote modern-centered  avia-builder-el-8  el_before_av_hr  avia-builder-el-first  av-inherit-size '><h2 class='av-special-heading-tag '  itemprop=\"headline\"  >Ne Sunuyoruz<\/h2><div class='special-heading-border'><div class='special-heading-inner-border'><\/div><\/div><\/div><br \/>\n\n<style type=\"text\/css\" id=\"style-css-av-6o28j-5cea7063c2b284efc28daea3f331712a\">\n.hr.av-6o28j-5cea7063c2b284efc28daea3f331712a{\nmargin-top:5px !important;\nmargin-bottom:40px !important;\n}\n.hr.av-6o28j-5cea7063c2b284efc28daea3f331712a .hr-inner{\nwidth:80px;\nborder-color:#9b9c9c;\n}\n<\/style>\n<div  class='hr av-6o28j-5cea7063c2b284efc28daea3f331712a hr-custom  avia-builder-el-9  el_after_av_heading  el_before_av_image  hr-center hr-icon-no '><span class='hr-inner inner-border-av-border-fat'><span class=\"hr-inner-style\"><\/span><\/span><\/div><br \/>\n\n<style type=\"text\/css\" id=\"style-css-av-lr6f6l1t-7c2d7dd44132770f3e70ebfd40a41b98\">\n.avia-image-container.av-lr6f6l1t-7c2d7dd44132770f3e70ebfd40a41b98 .av-image-caption-overlay-center{\ncolor:#ffffff;\n}\n<\/style>\n<div  class='avia-image-container av-lr6f6l1t-7c2d7dd44132770f3e70ebfd40a41b98 av-styling- avia-align-center  avia-builder-el-10  el_after_av_hr  avia-builder-el-last  '  itemprop=\"image\" itemscope=\"itemscope\" itemtype=\"https:\/\/schema.org\/ImageObject\" ><div class=\"avia-image-container-inner\"><div class=\"avia-image-overlay-wrap\"><img decoding=\"async\" class='wp-image-7051 avia-img-lazy-loading-not-7051 avia_image' src=\"https:\/\/alptek.com.tr\/tr\/wp-content\/uploads\/2024\/03\/ne-sunuyoruz-hakkimizda-alptek.jpg\" alt='' title='ne-sunuyoruz-hakkimizda-alptek'  height=\"320\" width=\"1920\"  itemprop=\"thumbnailUrl\" srcset=\"https:\/\/alptek.com.tr\/tr\/wp-content\/uploads\/2024\/03\/ne-sunuyoruz-hakkimizda-alptek.jpg 1920w, https:\/\/alptek.com.tr\/tr\/wp-content\/uploads\/2024\/03\/ne-sunuyoruz-hakkimizda-alptek-300x50.jpg 300w, https:\/\/alptek.com.tr\/tr\/wp-content\/uploads\/2024\/03\/ne-sunuyoruz-hakkimizda-alptek-1030x172.jpg 1030w, https:\/\/alptek.com.tr\/tr\/wp-content\/uploads\/2024\/03\/ne-sunuyoruz-hakkimizda-alptek-768x128.jpg 768w, https:\/\/alptek.com.tr\/tr\/wp-content\/uploads\/2024\/03\/ne-sunuyoruz-hakkimizda-alptek-1536x256.jpg 1536w, https:\/\/alptek.com.tr\/tr\/wp-content\/uploads\/2024\/03\/ne-sunuyoruz-hakkimizda-alptek-1500x250.jpg 1500w, https:\/\/alptek.com.tr\/tr\/wp-content\/uploads\/2024\/03\/ne-sunuyoruz-hakkimizda-alptek-705x118.jpg 705w\" sizes=\"(max-width: 1920px) 100vw, 1920px\" \/><\/div><\/div><\/div><\/p>\n<\/div><\/div>\n<\/div>\n<div id='av_section_2'  class='avia-section av-20566q-6e7154e0c6ca44f886f67131fb50d54f main_color avia-section-default avia-no-border-styling  avia-builder-el-11  el_after_av_layout_row  el_before_av_section  avia-bg-style-scroll  container_wrap sidebar_right'  ><div class='container av-section-cont-open' ><div class='template-page content  av-content-small alpha units'><div class='post-entry post-entry-type-page post-entry-339'><div class='entry-content-wrapper clearfix'>\n<div class='flex_column av-9bjjxe-f71477580b7f512968c52e3a8b794ad3 av_one_full  avia-builder-el-12  el_before_av_one_full  avia-builder-el-first  first flex_column_div '   ><p>\n<style type=\"text\/css\" id=\"style-css-av-6s4fzm-32699f094178405911b031f87bffa36f\">\n#top .av-special-heading.av-6s4fzm-32699f094178405911b031f87bffa36f{\npadding-bottom:0px;\nfont-size:32px;\n}\n<\/style>\n<div  class='av-special-heading av-6s4fzm-32699f094178405911b031f87bffa36f av-special-heading-h2 blockquote modern-quote modern-centered  avia-builder-el-13  el_before_av_hr  avia-builder-el-first  av-inherit-size '><h2 class='av-special-heading-tag '  itemprop=\"headline\"  >Tarih\u00e7e<\/h2><div class='special-heading-border'><div class='special-heading-inner-border'><\/div><\/div><\/div><br \/>\n\n<style type=\"text\/css\" id=\"style-css-av-6h6plu-7b74df01ecf3fbca18b78bacd54803f0\">\n.hr.av-6h6plu-7b74df01ecf3fbca18b78bacd54803f0{\nmargin-top:0px !important;\nmargin-bottom:0px !important;\n}\n.hr.av-6h6plu-7b74df01ecf3fbca18b78bacd54803f0 .hr-inner{\nwidth:80px;\nborder-color:#9c9b9b;\n}\n<\/style>\n<div  class='hr av-6h6plu-7b74df01ecf3fbca18b78bacd54803f0 hr-custom  avia-builder-el-14  el_after_av_heading  avia-builder-el-last  hr-center hr-icon-no '><span class='hr-inner inner-border-av-border-fat'><span class=\"hr-inner-style\"><\/span><\/span><\/div><\/p><\/div><div class='flex_column av-4lhq4i-03b2917481ce4ad039f159dcbaa6d6b6 av_one_full  avia-builder-el-15  el_after_av_one_full  avia-builder-el-last  first flex_column_div column-top-margin'   ><\/div>\n\n<\/div><\/div><\/div><!-- close content main div --><\/div><\/div><div id='av_section_3'  class='avia-section av-r2prn-2fb9b0e45c42f6f9122f0db39a39373b main_color avia-section-no-padding avia-no-border-styling  avia-builder-el-17  el_after_av_section  el_before_av_layout_row  avia-bg-style-scroll  container_wrap sidebar_right'  ><div class='container av-section-cont-open' ><div class='template-page content  av-content-small alpha units'><div class='post-entry post-entry-type-page post-entry-339'><div class='entry-content-wrapper clearfix'>\n<div class='flex_column av-7modn-ab87ca4bf431d104508c8de9651ab695 av_one_full  avia-builder-el-18  avia-builder-el-no-sibling  first flex_column_div '   ><p>\n<style type=\"text\/css\" id=\"style-css-av-kt8e107k-f7083dc6aa423d9673ead6d58b9a819a\">\n#top .av-special-heading.av-kt8e107k-f7083dc6aa423d9673ead6d58b9a819a{\npadding-bottom:10px;\nfont-size:32px;\n}\n<\/style>\n<div  class='av-special-heading av-kt8e107k-f7083dc6aa423d9673ead6d58b9a819a av-special-heading-h2 blockquote modern-quote modern-centered  avia-builder-el-19  el_before_av_hr  avia-builder-el-first  av-inherit-size '><h2 class='av-special-heading-tag '  itemprop=\"headline\"  >Projeler<\/h2><div class='special-heading-border'><div class='special-heading-inner-border'><\/div><\/div><\/div><br \/>\n\n<style type=\"text\/css\" id=\"style-css-av-6kpv7-cf3fbf48d388ab8a611ad846d5bd6176\">\n.hr.av-6kpv7-cf3fbf48d388ab8a611ad846d5bd6176{\nmargin-top:5px !important;\nmargin-bottom:0px !important;\n}\n.hr.av-6kpv7-cf3fbf48d388ab8a611ad846d5bd6176 .hr-inner{\nwidth:80px;\nborder-color:#9b9c9c;\n}\n<\/style>\n<div  class='hr av-6kpv7-cf3fbf48d388ab8a611ad846d5bd6176 hr-custom  avia-builder-el-20  el_after_av_heading  avia-builder-el-last  hr-center hr-icon-no '><span class='hr-inner inner-border-av-border-fat'><span class=\"hr-inner-style\"><\/span><\/span><\/div><\/p><\/div>\n\n<\/div><\/div><\/div><!-- close content main div --><\/div><\/div><div id='av-layout-grid-2'  class='av-layout-grid-container entry-content-wrapper main_color av-flex-cells     avia-builder-el-21  el_after_av_section  el_before_av_section  submenu-not-first container_wrap sidebar_right'  >\n<div class=\"flex_cell no_margin av_one_full  avia-builder-el-22  avia-builder-el-no-sibling   \"  style='vertical-align:top; padding:0 50px 0 50px ; ' ><div class='flex_cell_inner' >\n<style type=\"text\/css\" id=\"style-css-av-lr6fv6sr-0a1c292a1d4c80ec0b6ee7ef99fcf858\">\n.av-horizontal-gallery.av-lr6fv6sr-0a1c292a1d4c80ec0b6ee7ef99fcf858{\npadding:3.75% 0px;;\n}\n.av-horizontal-gallery.av-lr6fv6sr-0a1c292a1d4c80ec0b6ee7ef99fcf858 .av-horizontal-gallery-inner{\npadding-bottom:25%;\n}\n<\/style>\n<div  class='av-horizontal-gallery av-lr6fv6sr-0a1c292a1d4c80ec0b6ee7ef99fcf858 av-horizontal-gallery-large-gap av-horizontal-gallery-enlarge-effect av-control-default  avia-builder-el-23  avia-builder-el-no-sibling  about-us-gallery av-horizontal-gallery-1 '  itemprop=\"image\" itemscope=\"itemscope\" itemtype=\"https:\/\/schema.org\/ImageObject\"   data-av-enlarge='1.3'  ><div class='avia-slideshow-arrows avia-slideshow-controls' ><a href='#prev' class='prev-slide av-horizontal-gallery-prev' aria-hidden='true' data-av_icon='\ue87c' data-av_iconfont='entypo-fontello' aria-hidden='true' tabindex='-1'>\u00d6nceki<\/a><a href='#next' class='next-slide av-horizontal-gallery-next' aria-hidden='true' data-av_icon='\ue87d' data-av_iconfont='entypo-fontello' aria-hidden='true' tabindex='-1'>Sonraki<\/a><\/div><div class='av-horizontal-gallery-inner' data-av-height='25'><div class=\"av-horizontal-gallery-slider\"><div class='av-horizontal-gallery-wrap noHover'><img decoding=\"async\" class='wp-image-3677 avia-img-lazy-loading-not-3677 av-horizontal-gallery-img' width=\"510\" height=\"340\" src=\"https:\/\/alptek.com.tr\/tr\/wp-content\/uploads\/2024\/01\/about-us-project-alptek-4.jpg\" title='about-us-project-alptek-4' alt='' srcset=\"https:\/\/alptek.com.tr\/tr\/wp-content\/uploads\/2024\/01\/about-us-project-alptek-4.jpg 510w, https:\/\/alptek.com.tr\/tr\/wp-content\/uploads\/2024\/01\/about-us-project-alptek-4-300x200.jpg 300w\" sizes=\"(max-width: 510px) 100vw, 510px\" \/><\/div><div class='av-horizontal-gallery-wrap noHover'><img decoding=\"async\" class='wp-image-3678 avia-img-lazy-loading-not-3678 av-horizontal-gallery-img' width=\"227\" height=\"340\" src=\"https:\/\/alptek.com.tr\/tr\/wp-content\/uploads\/2024\/01\/about-us-project-alptek-5.jpg\" title='about-us-project-alptek-5' alt='' srcset=\"https:\/\/alptek.com.tr\/tr\/wp-content\/uploads\/2024\/01\/about-us-project-alptek-5.jpg 227w, https:\/\/alptek.com.tr\/tr\/wp-content\/uploads\/2024\/01\/about-us-project-alptek-5-200x300.jpg 200w\" sizes=\"(max-width: 227px) 100vw, 227px\" \/><\/div><div class='av-horizontal-gallery-wrap noHover'><img decoding=\"async\" class='wp-image-3679 avia-img-lazy-loading-not-3679 av-horizontal-gallery-img' width=\"227\" height=\"340\" src=\"https:\/\/alptek.com.tr\/tr\/wp-content\/uploads\/2024\/01\/about-us-project-alptek-6.jpg\" title='about-us-project-alptek-6' alt='' srcset=\"https:\/\/alptek.com.tr\/tr\/wp-content\/uploads\/2024\/01\/about-us-project-alptek-6.jpg 227w, https:\/\/alptek.com.tr\/tr\/wp-content\/uploads\/2024\/01\/about-us-project-alptek-6-200x300.jpg 200w\" sizes=\"(max-width: 227px) 100vw, 227px\" \/><\/div><div class='av-horizontal-gallery-wrap noHover'><img decoding=\"async\" class='wp-image-3676 avia-img-lazy-loading-not-3676 av-horizontal-gallery-img' width=\"227\" height=\"340\" src=\"https:\/\/alptek.com.tr\/tr\/wp-content\/uploads\/2024\/01\/about-us-project-alptek-3.jpg\" title='about-us-project-alptek-3' alt='' srcset=\"https:\/\/alptek.com.tr\/tr\/wp-content\/uploads\/2024\/01\/about-us-project-alptek-3.jpg 227w, https:\/\/alptek.com.tr\/tr\/wp-content\/uploads\/2024\/01\/about-us-project-alptek-3-200x300.jpg 200w\" sizes=\"(max-width: 227px) 100vw, 227px\" \/><\/div><div class='av-horizontal-gallery-wrap noHover'><img decoding=\"async\" class='wp-image-3674 avia-img-lazy-loading-not-3674 av-horizontal-gallery-img' width=\"227\" height=\"340\" src=\"https:\/\/alptek.com.tr\/tr\/wp-content\/uploads\/2024\/01\/about-us-project-alptek.jpg\" title='about-us-project-alptek' alt='' srcset=\"https:\/\/alptek.com.tr\/tr\/wp-content\/uploads\/2024\/01\/about-us-project-alptek.jpg 227w, https:\/\/alptek.com.tr\/tr\/wp-content\/uploads\/2024\/01\/about-us-project-alptek-200x300.jpg 200w\" sizes=\"(max-width: 227px) 100vw, 227px\" \/><\/div><div class='av-horizontal-gallery-wrap noHover'><img decoding=\"async\" class='wp-image-3675 avia-img-lazy-loading-not-3675 av-horizontal-gallery-img' width=\"227\" height=\"340\" src=\"https:\/\/alptek.com.tr\/tr\/wp-content\/uploads\/2024\/01\/about-us-project-alptek-2.jpg\" title='about-us-project-alptek-2' alt='' srcset=\"https:\/\/alptek.com.tr\/tr\/wp-content\/uploads\/2024\/01\/about-us-project-alptek-2.jpg 227w, https:\/\/alptek.com.tr\/tr\/wp-content\/uploads\/2024\/01\/about-us-project-alptek-2-200x300.jpg 200w\" sizes=\"(max-width: 227px) 100vw, 227px\" \/><\/div><div class='av-horizontal-gallery-wrap noHover'><img decoding=\"async\" class='wp-image-3680 avia-img-lazy-loading-not-3680 av-horizontal-gallery-img' width=\"227\" height=\"341\" src=\"https:\/\/alptek.com.tr\/tr\/wp-content\/uploads\/2024\/01\/about-us-project-alptek-7.jpg\" title='about-us-project-alptek-7' alt='' srcset=\"https:\/\/alptek.com.tr\/tr\/wp-content\/uploads\/2024\/01\/about-us-project-alptek-7.jpg 227w, https:\/\/alptek.com.tr\/tr\/wp-content\/uploads\/2024\/01\/about-us-project-alptek-7-200x300.jpg 200w\" sizes=\"(max-width: 227px) 100vw, 227px\" \/><\/div><\/div><\/div><\/div>\n<\/div><\/div>\n<\/div>\n\n<style type=\"text\/css\" id=\"style-css-av-1j9jpv-fc977dd90c63deb78c4b187267b50947\">\n.avia-section.av-1j9jpv-fc977dd90c63deb78c4b187267b50947{\nbackground-color:#ffffff;\n}\n<\/style>\n<div id='av_section_4'  class='avia-section av-1j9jpv-fc977dd90c63deb78c4b187267b50947 main_color avia-section-default avia-no-border-styling  avia-builder-el-24  el_after_av_layout_row  avia-builder-el-last  avia-bg-style-scroll  container_wrap sidebar_right'  ><div class='container av-section-cont-open' ><div class='template-page content  av-content-small alpha units'><div class='post-entry post-entry-type-page post-entry-339'><div class='entry-content-wrapper clearfix'>\n<div class='flex_column av-1cq56j-6530a835010a5dbf1d5767d4722829c2 av_one_full  avia-builder-el-25  el_before_av_one_half  avia-builder-el-first  first flex_column_div '   ><p>\n<style type=\"text\/css\" id=\"style-css-av-18gf8b-bead5748cf5aca205f3a8788299fe7a7\">\n#top .av-special-heading.av-18gf8b-bead5748cf5aca205f3a8788299fe7a7{\npadding-bottom:10px;\nfont-size:32px;\n}\n<\/style>\n<div  class='av-special-heading av-18gf8b-bead5748cf5aca205f3a8788299fe7a7 av-special-heading-h2 blockquote modern-quote modern-centered  avia-builder-el-26  el_before_av_hr  avia-builder-el-first  av-inherit-size '><h2 class='av-special-heading-tag '  itemprop=\"headline\"  >B\u00fct\u00fcnc\u00fcl Yakla\u015f\u0131m<\/h2><div class='special-heading-border'><div class='special-heading-inner-border'><\/div><\/div><\/div><br \/>\n\n<style type=\"text\/css\" id=\"style-css-av-3u943-6b97383612535f3dfd11b5ba1e210412\">\n.hr.av-3u943-6b97383612535f3dfd11b5ba1e210412{\nmargin-top:5px !important;\nmargin-bottom:0px !important;\n}\n.hr.av-3u943-6b97383612535f3dfd11b5ba1e210412 .hr-inner{\nwidth:70px;\nborder-color:#9c9b9b;\n}\n<\/style>\n<div  class='hr av-3u943-6b97383612535f3dfd11b5ba1e210412 hr-custom  avia-builder-el-27  el_after_av_heading  avia-builder-el-last  hr-center hr-icon-no '><span class='hr-inner inner-border-av-border-fat'><span class=\"hr-inner-style\"><\/span><\/span><\/div><\/p><\/div><div class='flex_column_table av-ltkcr-68d2c33d14aa11c79223d0c15b840f2b sc-av_one_half av-equal-height-column-flextable'>\n<style type=\"text\/css\" id=\"style-css-av-ltkcr-68d2c33d14aa11c79223d0c15b840f2b\">\n#top .flex_column_table.av-equal-height-column-flextable.av-ltkcr-68d2c33d14aa11c79223d0c15b840f2b{\nmargin-top:0px;\nmargin-bottom:0px;\n}\n<\/style>\n<div class='flex_column av-ltkcr-68d2c33d14aa11c79223d0c15b840f2b av_one_half  avia-builder-el-28  el_after_av_one_full  el_before_av_one_half  first flex_column_table_cell av-equal-height-column av-align-middle column-top-margin'   ><section class=\"av_textblock_section \"  itemscope=\"itemscope\" itemtype=\"https:\/\/schema.org\/CreativeWork\" ><div class='avia_textblock  av_inherit_color '  style='color:#333333; '  itemprop=\"text\" ><p>ALPTEK, end\u00fcstri standartlar\u0131n\u0131 a\u015fan hizmetler sunmak i\u00e7in kapsaml\u0131 m\u00fchendislik, teknoloji ve \u00e7\u00f6z\u00fcm ortakl\u0131klar\u0131n\u0131 bir araya getiriyor. Mimari, mekanik ve elektrik sistemlerinden laboratuvar mobilyas\u0131 \u00e7\u00f6z\u00fcmlerine kadar geni\u015f bir uzmanl\u0131k yelpazesiyle bilimsel ve end\u00fcstriyel altyap\u0131lar\u0131n kurulmas\u0131na \u00f6nc\u00fcl\u00fck etmektedir. Kuruldu\u011fu g\u00fcnden bu yana s\u00fcrd\u00fcr\u00fclebilir, etkili ve yenilik\u00e7i \u00e7\u00f6z\u00fcmler geli\u015ftirme konusundaki kararl\u0131l\u0131\u011f\u0131n\u0131 s\u00fcrd\u00fcrerek, sekt\u00f6rde lider konumu ve b\u00fct\u00fcnsel yakla\u015f\u0131m\u0131yla markas\u0131n\u0131 g\u00fc\u00e7l\u00fc bir \u015fekilde temsil etmektedir.<\/p>\n<\/div><\/section><\/div><div class='av-flex-placeholder'><\/div>\n<style type=\"text\/css\" id=\"style-css-av-x6zjv-6b92ced9e2e339f9bc1c838ac17518e9\">\n#top .flex_column_table.av-equal-height-column-flextable.av-x6zjv-6b92ced9e2e339f9bc1c838ac17518e9{\nmargin-top:0px;\nmargin-bottom:0px;\n}\n<\/style>\n<div class='flex_column av-x6zjv-6b92ced9e2e339f9bc1c838ac17518e9 av_one_half  avia-builder-el-30  el_after_av_one_half  avia-builder-el-last  flex_column_table_cell av-equal-height-column av-align-middle column-top-margin'   ><style type=\"text\/css\" id=\"style-css-av-tnbvf-fc6af4d797b7849e54ee31f1e313aa15\">\n.avia-image-container.av-tnbvf-fc6af4d797b7849e54ee31f1e313aa15 .av-image-caption-overlay-center{\ncolor:#ffffff;\n}\n<\/style>\n<div  class='avia-image-container av-tnbvf-fc6af4d797b7849e54ee31f1e313aa15 av-styling-no-styling avia-align-center  avia-builder-el-31  avia-builder-el-no-sibling  '  itemprop=\"image\" itemscope=\"itemscope\" itemtype=\"https:\/\/schema.org\/ImageObject\" ><div class=\"avia-image-container-inner\"><div class=\"avia-image-overlay-wrap\"><img decoding=\"async\" class='wp-image-7469 avia-img-lazy-loading-not-7469 avia_image' src=\"https:\/\/alptek.com.tr\/tr\/wp-content\/uploads\/2024\/03\/biz-kimiz-butuncul-yaklasim-alptek.png\" alt='' title='biz-kimiz-butuncul-yaklasim-alptek'  height=\"567\" width=\"560\"  itemprop=\"thumbnailUrl\" srcset=\"https:\/\/alptek.com.tr\/tr\/wp-content\/uploads\/2024\/03\/biz-kimiz-butuncul-yaklasim-alptek.png 560w, https:\/\/alptek.com.tr\/tr\/wp-content\/uploads\/2024\/03\/biz-kimiz-butuncul-yaklasim-alptek-296x300.png 296w, https:\/\/alptek.com.tr\/tr\/wp-content\/uploads\/2024\/03\/biz-kimiz-butuncul-yaklasim-alptek-80x80.png 80w, https:\/\/alptek.com.tr\/tr\/wp-content\/uploads\/2024\/03\/biz-kimiz-butuncul-yaklasim-alptek-36x36.png 36w\" sizes=\"(max-width: 560px) 100vw, 560px\" \/><\/div><\/div><\/div><\/div><\/div><!--close column table wrapper. Autoclose: 1 --><\/div><\/div><\/div><!-- close content main div --><\/div><\/div><div id='after_section_4'  class='main_color av_default_container_wrap container_wrap sidebar_right'  ><div class='container av-section-cont-open' ><div class='template-page content  av-content-small alpha units'><div class='post-entry post-entry-type-page post-entry-339'><div class='entry-content-wrapper clearfix'>\n","protected":false},"excerpt":{"rendered":"","protected":false},"author":1,"featured_media":0,"parent":0,"menu_order":0,"comment_status":"closed","ping_status":"closed","template":"","meta":{"footnotes":""},"_links":{"self":[{"href":"https:\/\/alptek.com.tr\/tr\/wp-json\/wp\/v2\/pages\/339"}],"collection":[{"href":"https:\/\/alptek.com.tr\/tr\/wp-json\/wp\/v2\/pages"}],"about":[{"href":"https:\/\/alptek.com.tr\/tr\/wp-json\/wp\/v2\/types\/page"}],"author":[{"embeddable":true,"href":"https:\/\/alptek.com.tr\/tr\/wp-json\/wp\/v2\/users\/1"}],"replies":[{"embeddable":true,"href":"https:\/\/alptek.com.tr\/tr\/wp-json\/wp\/v2\/comments?post=339"}],"version-history":[{"count":18,"href":"https:\/\/alptek.com.tr\/tr\/wp-json\/wp\/v2\/pages\/339\/revisions"}],"predecessor-version":[{"id":7050,"href":"https:\/\/alptek.com.tr\/tr\/wp-json\/wp\/v2\/pages\/339\/revisions\/7050"}],"wp:attachment":[{"href":"https:\/\/alptek.com.tr\/tr\/wp-json\/wp\/v2\/media?parent=339"}],"curies":[{"name":"wp","href":"https:\/\/api.w.org\/{rel}","templated":true}]}}