{"id":3114,"date":"2023-10-26T08:44:31","date_gmt":"2023-10-26T08:44:31","guid":{"rendered":"https:\/\/alptek.com.tr\/?page_id=3114"},"modified":"2024-11-08T14:16:27","modified_gmt":"2024-11-08T14:16:27","slug":"su-teknolojisi","status":"publish","type":"page","link":"https:\/\/alptek.com.tr\/tr\/insaat-teknolojileri-muhendislik\/su-teknolojisi\/","title":{"rendered":"Su Teknolojisi"},"content":{"rendered":"<div id='layer_slider_1'  class='avia-layerslider main_color avia-shadow  avia-builder-el-0  el_before_av_section  avia-builder-el-first  container_wrap sidebar_right'  style='height: 666px; max-width: 1920px; margin: 0 auto;'  ><\/div>\n<div id='av_section_1'  class='avia-section av-26h2d1-ccf3c11f48240c30f72c84c8d7758aea main_color avia-section-default avia-no-border-styling  avia-builder-el-1  el_after_av_layerslider  el_before_av_section  avia-bg-style-scroll  container_wrap sidebar_right'  ><div class='container av-section-cont-open' ><div class='template-page content  av-content-small alpha units'><div class='post-entry post-entry-type-page post-entry-3114'><div class='entry-content-wrapper clearfix'>\n\n<style type=\"text\/css\" id=\"style-css-av-ls318mup-25569bf33612a0f9dae57f1fca7e2f46\">\n#top .av-special-heading.av-ls318mup-25569bf33612a0f9dae57f1fca7e2f46{\npadding-bottom:10px;\nfont-size:32px;\n}\n<\/style>\n<div  class='av-special-heading av-ls318mup-25569bf33612a0f9dae57f1fca7e2f46 av-special-heading-h1 blockquote modern-quote modern-centered  avia-builder-el-2  el_before_av_hr  avia-builder-el-first  av-inherit-size '><h1 class='av-special-heading-tag '  itemprop=\"headline\"  >SU TEKNOLOJ\u0130S\u0130<\/h1><div class='special-heading-border'><div class='special-heading-inner-border'><\/div><\/div><\/div>\n\n<style type=\"text\/css\" id=\"style-css-av-ls3192y7-7151e0728cfd5ec8a298fb08c156adb9\">\n.hr.av-ls3192y7-7151e0728cfd5ec8a298fb08c156adb9{\nmargin-top:0px;\nmargin-bottom:30px;\n}\n.hr.av-ls3192y7-7151e0728cfd5ec8a298fb08c156adb9 .hr-inner{\nwidth:100px;\nborder-color:#9c9b9b;\n}\n<\/style>\n<div  class='hr av-ls3192y7-7151e0728cfd5ec8a298fb08c156adb9 hr-custom  avia-builder-el-3  el_after_av_heading  el_before_av_textblock  hr-center hr-icon-no '><span class='hr-inner inner-border-av-border-fat'><span class=\"hr-inner-style\"><\/span><\/span><\/div>\n<section class=\"av_textblock_section \"  itemscope=\"itemscope\" itemtype=\"https:\/\/schema.org\/CreativeWork\" ><div class='avia_textblock  '  style='font-size:24px; '  itemprop=\"text\" ><p>ALPTEK, laboratuvarlar ve end\u00fcstriyel tesisler i\u00e7in \u00f6zel proseslerde kullan\u0131lmak \u00fczere deiyonize su \u00e7\u00f6z\u00fcmleri sunmaktad\u0131r.<\/p>\n<\/div><\/section>\n\n<\/div><\/div><\/div><!-- close content main div --><\/div><\/div>\n<style type=\"text\/css\" id=\"style-css-av-ls31auvy-946c527c89f26f2640e61390429f3976\">\n.avia-section.av-ls31auvy-946c527c89f26f2640e61390429f3976{\nbackground-repeat:no-repeat;\nbackground-image:url(https:\/\/alptek.com.tr\/tr\/wp-content\/uploads\/2024\/01\/vivarium-establishment-2-alptek.jpg);\nbackground-position:top left;\nbackground-attachment:scroll;\n}\n<\/style>\n<div id='av_section_2'  class='avia-section av-ls31auvy-946c527c89f26f2640e61390429f3976 main_color avia-section-default avia-no-border-styling  avia-builder-el-5  el_after_av_section  el_before_av_section  avia-bg-style-scroll  container_wrap sidebar_right'  data-section-bg-repeat='no-repeat'><div class='container av-section-cont-open' ><div class='template-page content  av-content-small alpha units'><div class='post-entry post-entry-type-page post-entry-3114'><div class='entry-content-wrapper clearfix'>\n\n<style type=\"text\/css\" id=\"style-css-av-ls31abt1-6fdbf40798021c5ec437c18a3d55f488\">\n#top .hr.hr-invisible.av-ls31abt1-6fdbf40798021c5ec437c18a3d55f488{\nheight:50px;\n}\n<\/style>\n<div  class='hr av-ls31abt1-6fdbf40798021c5ec437c18a3d55f488 hr-invisible  avia-builder-el-6  el_before_av_one_full  avia-builder-el-first  '><span class='hr-inner '><span class=\"hr-inner-style\"><\/span><\/span><\/div>\n<div class='flex_column av-3lfzgl-364c0e4b8926572e0cf4f54484d45895 av_one_full  avia-builder-el-7  el_after_av_hr  el_before_av_hr  first flex_column_div '   ><section class=\"av_textblock_section \"  itemscope=\"itemscope\" itemtype=\"https:\/\/schema.org\/CreativeWork\" ><div class='avia_textblock  av_inherit_color '  style='font-size:30px; color:#000000; '  itemprop=\"text\" ><p style=\"text-align: center;\"><strong>ALPTEK&#8217;ten Benzersiz Prosesleriniz i\u00e7in \u00d6zel Deiyonize Su \u00c7\u00f6z\u00fcmleri<\/strong><\/p>\n<\/div><\/section><\/div>\n<style type=\"text\/css\" id=\"style-css-av-3a5ltx-b977d842b709b3460f30af7fde8688fa\">\n#top .hr.hr-invisible.av-3a5ltx-b977d842b709b3460f30af7fde8688fa{\nheight:50px;\n}\n<\/style>\n<div  class='hr av-3a5ltx-b977d842b709b3460f30af7fde8688fa hr-invisible  avia-builder-el-9  el_after_av_one_full  avia-builder-el-last  '><span class='hr-inner '><span class=\"hr-inner-style\"><\/span><\/span><\/div>\n\n<\/div><\/div><\/div><!-- close content main div --><\/div><\/div>\n<style type=\"text\/css\" id=\"style-css-av-210y6d-75e9732489bb897d246012e9526a5250\">\n.avia-section.av-210y6d-75e9732489bb897d246012e9526a5250{\nbackground-repeat:no-repeat;\nbackground-image:url(https:\/\/alptek.com.tr\/tr\/wp-content\/uploads\/2024\/02\/water-technology-fotoraf-alptek.jpg);\nbackground-position:top left;\nbackground-attachment:scroll;\n}\n<\/style>\n<div id='av_section_3'  class='avia-section av-210y6d-75e9732489bb897d246012e9526a5250 main_color avia-section-default avia-no-border-styling  avia-builder-el-10  el_after_av_section  el_before_av_postcontent  avia-bg-style-scroll  av-small-hide av-mini-hide av-minimum-height av-minimum-height-100  container_wrap sidebar_right'  data-section-bg-repeat='no-repeat' data-av_minimum_height_pc='100'><div class='container av-section-cont-open' ><div class='template-page content  av-content-small alpha units'><div class='post-entry post-entry-type-page post-entry-3114'><div class='entry-content-wrapper clearfix'>\n[av_section min_height='' min_height_pc='25' min_height_px='500px' padding='default' margin='' custom_margin='0px' svg_div_top='' svg_div_top_color='#333333' svg_div_top_width='100' svg_div_top_height='50' svg_div_top_max_height='none' svg_div_top_flip='' svg_div_top_invert='' svg_div_top_front='' svg_div_top_opacity='' svg_div_top_preview='' svg_div_bottom='' svg_div_bottom_color='#333333' svg_div_bottom_width='100' svg_div_bottom_height='50' svg_div_bottom_max_height='none' svg_div_bottom_flip='' svg_div_bottom_invert='' svg_div_bottom_front='' svg_div_bottom_opacity='' svg_div_bottom_preview='' color='main_color' background='bg_color' custom_bg='' background_gradient_direction='vertical' background_gradient_color1='#000000' background_gradient_color2='#ffffff' background_gradient_color3='' src='' attach='scroll' position='top left' repeat='no-repeat' video='' video_ratio='16:9' video_mobile_disabled='' overlay_enable='' overlay_opacity='0.5' overlay_color='' overlay_pattern='' overlay_custom_pattern='' shadow='no-border-styling' bottom_border='no-border-styling' bottom_border_diagonal_color='#333333' bottom_border_diagonal_direction='' bottom_border_style='' scroll_down='' custom_arrow_bg='' av-desktop-hide='' av-medium-hide='' av-small-hide='' av-mini-hide='' id='' custom_class='' template_class='' aria_label='' av_element_hidden_in_editor='0' av_uid='av-6x4clf' sc_version='1.0']\r\n\r\n[av_one_half first min_height='' vertical_alignment='av-align-top' space='' row_boxshadow='' row_boxshadow_color='' row_boxshadow_width='10' custom_margin='' margin='0px' mobile_breaking='' min_col_height='' padding='' svg_div_top='' svg_div_top_color='#333333' svg_div_top_width='100' svg_div_top_height='50' svg_div_top_max_height='none' svg_div_top_flip='' svg_div_top_invert='' svg_div_top_front='' svg_div_top_opacity='' svg_div_top_preview='' svg_div_bottom='' svg_div_bottom_color='#333333' svg_div_bottom_width='100' svg_div_bottom_height='50' svg_div_bottom_max_height='none' svg_div_bottom_flip='' svg_div_bottom_invert='' svg_div_bottom_front='' svg_div_bottom_opacity='' svg_div_bottom_preview='' border='' border_style='solid' border_color='' radius='' column_boxshadow='' column_boxshadow_color='' column_boxshadow_width='10' background='bg_color' background_color='' background_gradient_direction='vertical' background_gradient_color1='#000000' background_gradient_color2='#ffffff' background_gradient_color3='' src='' background_position='top left' background_repeat='no-repeat' highlight='' highlight_size='' animation='' link='' linktarget='' link_hover='' title_attr='' alt_attr='' mobile_display='' id='' custom_class='' template_class='' aria_label='' av_uid='av-57iewz' sc_version='1.0']\r\n\r\n[av_icon_box icon='ue854' font='entypo-fontello' title='TELEFON' position='top' icon_style='' boxed='' font_color='' custom_title='' custom_content='' color='' custom_bg='' custom_font='' custom_border='' custom_title_size='' av-medium-font-size-title='' av-small-font-size-title='' av-mini-font-size-title='' custom_content_size='' av-medium-font-size='' av-small-font-size='' av-mini-font-size='' heading_tag='' heading_class='' link='manually,tel:02165401772' linktarget='' linkelement='both' id='' custom_class='' template_class='' av_uid='av-3tsi6r' sc_version='1.0' admin_preview_bg='']\r\n<a href=\"tel:02165401772\">+90 (216) 540 17 72<\/a>\r\n[\/av_icon_box]\r\n\r\n[\/av_one_half][av_one_half min_height='' vertical_alignment='av-align-top' space='' row_boxshadow='' row_boxshadow_color='' row_boxshadow_width='10' custom_margin='' margin='0px' mobile_breaking='' min_col_height='' padding='' svg_div_top='' svg_div_top_color='#333333' svg_div_top_width='100' svg_div_top_height='50' svg_div_top_max_height='none' svg_div_top_flip='' svg_div_top_invert='' svg_div_top_front='' svg_div_top_opacity='' svg_div_top_preview='' svg_div_bottom='' svg_div_bottom_color='#333333' svg_div_bottom_width='100' svg_div_bottom_height='50' svg_div_bottom_max_height='none' svg_div_bottom_flip='' svg_div_bottom_invert='' svg_div_bottom_front='' svg_div_bottom_opacity='' svg_div_bottom_preview='' border='' border_style='solid' border_color='' radius='' column_boxshadow='' column_boxshadow_color='' column_boxshadow_width='10' background='bg_color' background_color='' background_gradient_direction='vertical' background_gradient_color1='#000000' background_gradient_color2='#ffffff' background_gradient_color3='' src='' background_position='top left' background_repeat='no-repeat' highlight='' highlight_size='' animation='' link='' linktarget='' link_hover='' title_attr='' alt_attr='' mobile_display='' id='' custom_class='' template_class='' aria_label='' av_uid='av-2fqt2r' sc_version='1.0']\r\n\r\n[av_icon_box icon='ue805' font='entypo-fontello' title='TEKL\u0130F AL' position='top' icon_style='' boxed='' font_color='' custom_title='' custom_content='' color='' custom_bg='' custom_font='' custom_border='' custom_title_size='' av-medium-font-size-title='' av-small-font-size-title='' av-mini-font-size-title='' custom_content_size='' av-medium-font-size='' av-small-font-size='' av-mini-font-size='' heading_tag='' heading_class='' link='manually,https:\/\/alptek.com.tr\/tr\/contactform\/?iframe=true' linktarget='' linkelement='both' id='' custom_class='' template_class='' av_uid='av-m3700cyk' sc_version='1.0' admin_preview_bg='']\r\n<a href=\"https:\/\/alptek.com.tr\/tr\/contactform\/?iframe=true\">B\u0130ZE ULA\u015eIN<\/a>\r\n[\/av_icon_box]\r\n\r\n[\/av_one_half][\/av_section]\n","protected":false},"excerpt":{"rendered":"","protected":false},"author":2,"featured_media":0,"parent":2897,"menu_order":0,"comment_status":"closed","ping_status":"closed","template":"","meta":{"footnotes":""},"_links":{"self":[{"href":"https:\/\/alptek.com.tr\/tr\/wp-json\/wp\/v2\/pages\/3114"}],"collection":[{"href":"https:\/\/alptek.com.tr\/tr\/wp-json\/wp\/v2\/pages"}],"about":[{"href":"https:\/\/alptek.com.tr\/tr\/wp-json\/wp\/v2\/types\/page"}],"author":[{"embeddable":true,"href":"https:\/\/alptek.com.tr\/tr\/wp-json\/wp\/v2\/users\/2"}],"replies":[{"embeddable":true,"href":"https:\/\/alptek.com.tr\/tr\/wp-json\/wp\/v2\/comments?post=3114"}],"version-history":[{"count":8,"href":"https:\/\/alptek.com.tr\/tr\/wp-json\/wp\/v2\/pages\/3114\/revisions"}],"predecessor-version":[{"id":7836,"href":"https:\/\/alptek.com.tr\/tr\/wp-json\/wp\/v2\/pages\/3114\/revisions\/7836"}],"up":[{"embeddable":true,"href":"https:\/\/alptek.com.tr\/tr\/wp-json\/wp\/v2\/pages\/2897"}],"wp:attachment":[{"href":"https:\/\/alptek.com.tr\/tr\/wp-json\/wp\/v2\/media?parent=3114"}],"curies":[{"name":"wp","href":"https:\/\/api.w.org\/{rel}","templated":true}]}}