{"id":3080,"date":"2023-10-26T07:17:02","date_gmt":"2023-10-26T07:17:02","guid":{"rendered":"https:\/\/alptek.com.tr\/?page_id=3080"},"modified":"2024-11-08T14:12:28","modified_gmt":"2024-11-08T14:12:28","slug":"elektrik-mekanik-tesisat","status":"publish","type":"page","link":"https:\/\/alptek.com.tr\/tr\/insaat-teknolojileri-muhendislik\/elektrik-mekanik-tesisat\/","title":{"rendered":"Elektrik &#038; Mekanik Tesisat"},"content":{"rendered":"<div id='av_section_1'  class='avia-section av-6k104y-6b288289f1a37ec841338997a2279432 main_color avia-section-default avia-no-border-styling  avia-builder-el-0  el_before_av_section  avia-builder-el-first  avia-bg-style-scroll  container_wrap sidebar_right'  ><div class='container av-section-cont-open' ><main  role=\"main\" itemprop=\"mainContentOfPage\"  class='template-page content  av-content-small alpha units'><div class='post-entry post-entry-type-page post-entry-3080'><div class='entry-content-wrapper clearfix'>\n\n<style type=\"text\/css\" id=\"style-css-av-ls2ym1tq-66ab112b6917b5e3d4f78778fd0dcc41\">\n#top .av-special-heading.av-ls2ym1tq-66ab112b6917b5e3d4f78778fd0dcc41{\npadding-bottom:10px;\nfont-size:32px;\n}\n<\/style>\n<div  class='av-special-heading av-ls2ym1tq-66ab112b6917b5e3d4f78778fd0dcc41 av-special-heading-h1 blockquote modern-quote modern-centered  avia-builder-el-1  el_before_av_hr  avia-builder-el-first  av-inherit-size '><h1 class='av-special-heading-tag '  itemprop=\"headline\"  >ELEKTR\u0130K <span class='special_amp'>&amp;<\/span> MEKAN\u0130K TES\u0130SAT<\/h1><div class='special-heading-border'><div class='special-heading-inner-border'><\/div><\/div><\/div>\n\n<style type=\"text\/css\" id=\"style-css-av-ls2ymgsx-b9de39d83d04f3c86194022ccf58bb2c\">\n.hr.av-ls2ymgsx-b9de39d83d04f3c86194022ccf58bb2c{\nmargin-top:0px;\nmargin-bottom:30px;\n}\n.hr.av-ls2ymgsx-b9de39d83d04f3c86194022ccf58bb2c .hr-inner{\nwidth:100px;\nborder-color:#9c9b9b;\n}\n<\/style>\n<div  class='hr av-ls2ymgsx-b9de39d83d04f3c86194022ccf58bb2c hr-custom  avia-builder-el-2  el_after_av_heading  el_before_av_textblock  hr-center hr-icon-no '><span class='hr-inner inner-border-av-border-fat'><span class=\"hr-inner-style\"><\/span><\/span><\/div>\n<section class=\"av_textblock_section \"  itemscope=\"itemscope\" itemtype=\"https:\/\/schema.org\/CreativeWork\" ><div class='avia_textblock  av_inherit_color '  style='font-size:24px; color:#000000; '  itemprop=\"text\" ><p>ALPTEK, yetkin kadrosu ve tecr\u00fcbesiyle Laboratuvarlar, Ara\u015ft\u0131rma Merkezleri ve End\u00fcstriyel Tesisler i\u00e7in Makine ve Elektrik M\u00fchendisli\u011fi \u00e7\u00f6z\u00fcmleri sunmaktad\u0131r.<\/p>\n<\/div><\/section>\n\n<\/div><\/div><\/main><!-- close content main element --><\/div><\/div>\n<style type=\"text\/css\" id=\"style-css-av-ls2yo8e2-d6551c9da9d8b00ae382d183e6bce9e0\">\n.avia-section.av-ls2yo8e2-d6551c9da9d8b00ae382d183e6bce9e0{\nbackground-repeat:no-repeat;\nbackground-image:url(https:\/\/alptek.com.tr\/tr\/wp-content\/uploads\/2024\/01\/vivarium-establishment-2-alptek.jpg);\nbackground-position:center center;\nbackground-attachment:scroll;\n}\n<\/style>\n<div id='av_section_2'  class='avia-section av-ls2yo8e2-d6551c9da9d8b00ae382d183e6bce9e0 main_color avia-section-default avia-no-border-styling  avia-builder-el-4  el_after_av_section  el_before_av_section  avia-bg-style-scroll  container_wrap sidebar_right'  data-section-bg-repeat='no-repeat'><div class='container av-section-cont-open' ><div class='template-page content  av-content-small alpha units'><div class='post-entry post-entry-type-page post-entry-3080'><div class='entry-content-wrapper clearfix'>\n\n<style type=\"text\/css\" id=\"style-css-av-ls2yocg8-129c4d98cb860bd97b9712dc68508697\">\n#top .hr.hr-invisible.av-ls2yocg8-129c4d98cb860bd97b9712dc68508697{\nheight:50px;\n}\n<\/style>\n<div  class='hr av-ls2yocg8-129c4d98cb860bd97b9712dc68508697 hr-invisible  avia-builder-el-5  el_before_av_one_full  avia-builder-el-first  '><span class='hr-inner '><span class=\"hr-inner-style\"><\/span><\/span><\/div>\n<div class='flex_column av-4l2rz6-0db24f92112ca6b9171ebbea478da36a av_one_full  avia-builder-el-6  el_after_av_hr  el_before_av_hr  first flex_column_div '   ><section class=\"av_textblock_section \"  itemscope=\"itemscope\" itemtype=\"https:\/\/schema.org\/CreativeWork\" ><div class='avia_textblock  av_inherit_color '  style='font-size:30px; color:#000000; '  itemprop=\"text\" ><p style=\"text-align: center;\"><strong>ALPTEK, Makine ve Elektrik M\u00fchendisli\u011fi \u00e7\u00f6z\u00fcmlerini yetkin kadrosu ve tecr\u00fcbesiyle sunmaktad\u0131r.<\/strong><\/p>\n<\/div><\/section><\/div>\n<style type=\"text\/css\" id=\"style-css-av-32uehe-00be74bb3370033a1e8b50738c52b88b\">\n#top .hr.hr-invisible.av-32uehe-00be74bb3370033a1e8b50738c52b88b{\nheight:50px;\n}\n<\/style>\n<div  class='hr av-32uehe-00be74bb3370033a1e8b50738c52b88b hr-invisible  avia-builder-el-8  el_after_av_one_full  avia-builder-el-last  '><span class='hr-inner '><span class=\"hr-inner-style\"><\/span><\/span><\/div>\n\n<\/div><\/div><\/div><!-- close content main div --><\/div><\/div><div id='av_section_3'  class='avia-section av-za82-9f023d2b1396169ef3769a147409ae4f main_color avia-section-default avia-no-border-styling  avia-builder-el-9  el_after_av_section  el_before_av_section  avia-bg-style-scroll  container_wrap sidebar_right'  ><div class='container av-section-cont-open' ><div class='template-page content  av-content-small alpha units'><div class='post-entry post-entry-type-page post-entry-3080'><div class='entry-content-wrapper clearfix'>\n\n<style type=\"text\/css\" id=\"style-css-av-ls2ypw7o-5194cbfa7e214cdbb0cfecebcd2cdd59\">\n#top .av-special-heading.av-ls2ypw7o-5194cbfa7e214cdbb0cfecebcd2cdd59{\npadding-bottom:10px;\nfont-size:32px;\n}\n<\/style>\n<div  class='av-special-heading av-ls2ypw7o-5194cbfa7e214cdbb0cfecebcd2cdd59 av-special-heading-h2 blockquote modern-quote  avia-builder-el-10  el_before_av_hr  avia-builder-el-first  av-inherit-size '><h2 class='av-special-heading-tag '  itemprop=\"headline\"  >Mekanik Uygulamalar\u0131n Kapsam\u0131<\/h2><div class='special-heading-border'><div class='special-heading-inner-border'><\/div><\/div><\/div>\n\n<style type=\"text\/css\" id=\"style-css-av-ls2yqats-e81ff93c6a07faa48a7e803767fab558\">\n.hr.av-ls2yqats-e81ff93c6a07faa48a7e803767fab558{\nmargin-top:0px !important;\nmargin-bottom:30px;\n}\n.hr.av-ls2yqats-e81ff93c6a07faa48a7e803767fab558 .hr-inner{\nwidth:50px;\nborder-color:#9c9b9b;\n}\n<\/style>\n<div  class='hr av-ls2yqats-e81ff93c6a07faa48a7e803767fab558 hr-custom  avia-builder-el-11  el_after_av_heading  el_before_av_image  hr-left hr-icon-no '><span class='hr-inner inner-border-av-border-fat'><span class=\"hr-inner-style\"><\/span><\/span><\/div>\n\n<style type=\"text\/css\" id=\"style-css-av-ls2yqiu9-1d3e0a3345b49022c81b56890ee63f2d\">\n.avia-image-container.av-ls2yqiu9-1d3e0a3345b49022c81b56890ee63f2d .av-image-caption-overlay-center{\ncolor:#ffffff;\n}\n<\/style>\n<div  class='avia-image-container av-ls2yqiu9-1d3e0a3345b49022c81b56890ee63f2d av-styling- avia-align-center  avia-builder-el-12  el_after_av_hr  el_before_av_image  '  itemprop=\"image\" itemscope=\"itemscope\" itemtype=\"https:\/\/schema.org\/ImageObject\" ><div class=\"avia-image-container-inner\"><div class=\"avia-image-overlay-wrap\"><img decoding=\"async\" class='wp-image-6234 avia-img-lazy-loading-not-6234 avia_image' src=\"https:\/\/alptek.com.tr\/tr\/wp-content\/uploads\/2024\/02\/guy-white-suit-gas-mask-check-machines-work.jpg\" alt='' title=''  height=\"630\" width=\"1145\"  itemprop=\"thumbnailUrl\" srcset=\"https:\/\/alptek.com.tr\/tr\/wp-content\/uploads\/2024\/02\/guy-white-suit-gas-mask-check-machines-work.jpg 1145w, https:\/\/alptek.com.tr\/tr\/wp-content\/uploads\/2024\/02\/guy-white-suit-gas-mask-check-machines-work-300x165.jpg 300w, https:\/\/alptek.com.tr\/tr\/wp-content\/uploads\/2024\/02\/guy-white-suit-gas-mask-check-machines-work-1030x567.jpg 1030w, https:\/\/alptek.com.tr\/tr\/wp-content\/uploads\/2024\/02\/guy-white-suit-gas-mask-check-machines-work-768x423.jpg 768w, https:\/\/alptek.com.tr\/tr\/wp-content\/uploads\/2024\/02\/guy-white-suit-gas-mask-check-machines-work-705x388.jpg 705w\" sizes=\"(max-width: 1145px) 100vw, 1145px\" \/><\/div><\/div><\/div>\n\n<style type=\"text\/css\" id=\"style-css-av-ls30d23i-a34ecde1ee837b9adb6b4d71b9158f07\">\n.avia-image-container.av-ls30d23i-a34ecde1ee837b9adb6b4d71b9158f07 .av-image-caption-overlay-center{\ncolor:#ffffff;\n}\n<\/style>\n<div  class='avia-image-container av-ls30d23i-a34ecde1ee837b9adb6b4d71b9158f07 av-styling- avia-align-center  avia-builder-el-13  el_after_av_image  avia-builder-el-last  '  itemprop=\"image\" itemscope=\"itemscope\" itemtype=\"https:\/\/schema.org\/ImageObject\" ><div class=\"avia-image-container-inner\"><div class=\"avia-image-overlay-wrap\"><img decoding=\"async\" class='wp-image-7231 avia-img-lazy-loading-not-7231 avia_image' src=\"https:\/\/alptek.com.tr\/tr\/wp-content\/uploads\/2024\/03\/elektrik-mekanik-tesisat-kutular-alptek.png\" alt='' title='elektrik-mekanik-tesisat-kutular-alptek'  height=\"1000\" width=\"1670\"  itemprop=\"thumbnailUrl\" srcset=\"https:\/\/alptek.com.tr\/tr\/wp-content\/uploads\/2024\/03\/elektrik-mekanik-tesisat-kutular-alptek.png 1670w, https:\/\/alptek.com.tr\/tr\/wp-content\/uploads\/2024\/03\/elektrik-mekanik-tesisat-kutular-alptek-300x180.png 300w, https:\/\/alptek.com.tr\/tr\/wp-content\/uploads\/2024\/03\/elektrik-mekanik-tesisat-kutular-alptek-1030x617.png 1030w, https:\/\/alptek.com.tr\/tr\/wp-content\/uploads\/2024\/03\/elektrik-mekanik-tesisat-kutular-alptek-768x460.png 768w, https:\/\/alptek.com.tr\/tr\/wp-content\/uploads\/2024\/03\/elektrik-mekanik-tesisat-kutular-alptek-1536x920.png 1536w, https:\/\/alptek.com.tr\/tr\/wp-content\/uploads\/2024\/03\/elektrik-mekanik-tesisat-kutular-alptek-1500x898.png 1500w, https:\/\/alptek.com.tr\/tr\/wp-content\/uploads\/2024\/03\/elektrik-mekanik-tesisat-kutular-alptek-705x422.png 705w\" sizes=\"(max-width: 1670px) 100vw, 1670px\" \/><\/div><\/div><\/div>\n\n<\/div><\/div><\/div><!-- close content main div --><\/div><\/div><div id='av_section_4'  class='avia-section av-65dydx-f8640c5751f8904768f7925fa9b98ba1 main_color avia-section-default avia-no-border-styling  avia-builder-el-14  el_after_av_section  el_before_av_postcontent  avia-bg-style-scroll  container_wrap sidebar_right'  ><div class='container av-section-cont-open' ><div class='template-page content  av-content-small alpha units'><div class='post-entry post-entry-type-page post-entry-3080'><div class='entry-content-wrapper clearfix'>\n\n<style type=\"text\/css\" id=\"style-css-av-4kuf2d-7d066dfdda82c4818c95b07b900775fc\">\n#top .av-special-heading.av-4kuf2d-7d066dfdda82c4818c95b07b900775fc{\npadding-bottom:10px;\nfont-size:32px;\n}\n<\/style>\n<div  class='av-special-heading av-4kuf2d-7d066dfdda82c4818c95b07b900775fc av-special-heading-h2 blockquote modern-quote  avia-builder-el-15  el_before_av_hr  avia-builder-el-first  av-inherit-size '><h2 class='av-special-heading-tag '  itemprop=\"headline\"  >Elektrik Uygulamalar\u0131n\u0131n Kapsam\u0131<\/h2><div class='special-heading-border'><div class='special-heading-inner-border'><\/div><\/div><\/div>\n\n<style type=\"text\/css\" id=\"style-css-av-6qbxx-3a677248a7ee12f90cb2dc70909196cc\">\n.hr.av-6qbxx-3a677248a7ee12f90cb2dc70909196cc{\nmargin-top:0px !important;\nmargin-bottom:30px;\n}\n.hr.av-6qbxx-3a677248a7ee12f90cb2dc70909196cc .hr-inner{\nwidth:50px;\nborder-color:#9c9b9b;\n}\n<\/style>\n<div  class='hr av-6qbxx-3a677248a7ee12f90cb2dc70909196cc hr-custom  avia-builder-el-16  el_after_av_heading  el_before_av_image  hr-left hr-icon-no '><span class='hr-inner inner-border-av-border-fat'><span class=\"hr-inner-style\"><\/span><\/span><\/div>\n\n<style type=\"text\/css\" id=\"style-css-av-ls30h5el-cf6261154ee18aff4bd4cd4862f1edd9\">\n.avia-image-container.av-ls30h5el-cf6261154ee18aff4bd4cd4862f1edd9 .av-image-caption-overlay-center{\ncolor:#ffffff;\n}\n<\/style>\n<div  class='avia-image-container av-ls30h5el-cf6261154ee18aff4bd4cd4862f1edd9 av-styling- avia-align-center  avia-builder-el-17  el_after_av_hr  el_before_av_image  '  itemprop=\"image\" itemscope=\"itemscope\" itemtype=\"https:\/\/schema.org\/ImageObject\" ><div class=\"avia-image-container-inner\"><div class=\"avia-image-overlay-wrap\"><img decoding=\"async\" class='wp-image-6255 avia-img-lazy-loading-not-6255 avia_image' src=\"https:\/\/alptek.com.tr\/tr\/wp-content\/uploads\/2024\/02\/man-electrical-technician-working-switchboard-with-fuses-uses-tablet.jpg\" alt='' title=''  height=\"630\" width=\"1140\"  itemprop=\"thumbnailUrl\" srcset=\"https:\/\/alptek.com.tr\/tr\/wp-content\/uploads\/2024\/02\/man-electrical-technician-working-switchboard-with-fuses-uses-tablet.jpg 1140w, https:\/\/alptek.com.tr\/tr\/wp-content\/uploads\/2024\/02\/man-electrical-technician-working-switchboard-with-fuses-uses-tablet-300x166.jpg 300w, https:\/\/alptek.com.tr\/tr\/wp-content\/uploads\/2024\/02\/man-electrical-technician-working-switchboard-with-fuses-uses-tablet-1030x569.jpg 1030w, https:\/\/alptek.com.tr\/tr\/wp-content\/uploads\/2024\/02\/man-electrical-technician-working-switchboard-with-fuses-uses-tablet-768x424.jpg 768w, https:\/\/alptek.com.tr\/tr\/wp-content\/uploads\/2024\/02\/man-electrical-technician-working-switchboard-with-fuses-uses-tablet-705x390.jpg 705w\" sizes=\"(max-width: 1140px) 100vw, 1140px\" \/><\/div><\/div><\/div>\n\n<style type=\"text\/css\" id=\"style-css-av-ls31060u-e8b50fe42d29df57d1674f5a0adcf192\">\n.avia-image-container.av-ls31060u-e8b50fe42d29df57d1674f5a0adcf192 .av-image-caption-overlay-center{\ncolor:#ffffff;\n}\n<\/style>\n<div  class='avia-image-container av-ls31060u-e8b50fe42d29df57d1674f5a0adcf192 av-styling- avia-align-center  avia-builder-el-18  el_after_av_image  avia-builder-el-last  '  itemprop=\"image\" itemscope=\"itemscope\" itemtype=\"https:\/\/schema.org\/ImageObject\" ><div class=\"avia-image-container-inner\"><div class=\"avia-image-overlay-wrap\"><img decoding=\"async\" class='wp-image-7233 avia-img-lazy-loading-not-7233 avia_image' src=\"https:\/\/alptek.com.tr\/tr\/wp-content\/uploads\/2024\/03\/elektrik-mekanik-tesisat-kutular-alptek-2.png\" alt='' title='elektrik-mekanik-tesisat-kutular-alptek-2'  height=\"372\" width=\"1673\"  itemprop=\"thumbnailUrl\" srcset=\"https:\/\/alptek.com.tr\/tr\/wp-content\/uploads\/2024\/03\/elektrik-mekanik-tesisat-kutular-alptek-2.png 1673w, https:\/\/alptek.com.tr\/tr\/wp-content\/uploads\/2024\/03\/elektrik-mekanik-tesisat-kutular-alptek-2-300x67.png 300w, https:\/\/alptek.com.tr\/tr\/wp-content\/uploads\/2024\/03\/elektrik-mekanik-tesisat-kutular-alptek-2-1030x229.png 1030w, https:\/\/alptek.com.tr\/tr\/wp-content\/uploads\/2024\/03\/elektrik-mekanik-tesisat-kutular-alptek-2-768x171.png 768w, https:\/\/alptek.com.tr\/tr\/wp-content\/uploads\/2024\/03\/elektrik-mekanik-tesisat-kutular-alptek-2-1536x342.png 1536w, https:\/\/alptek.com.tr\/tr\/wp-content\/uploads\/2024\/03\/elektrik-mekanik-tesisat-kutular-alptek-2-1500x334.png 1500w, https:\/\/alptek.com.tr\/tr\/wp-content\/uploads\/2024\/03\/elektrik-mekanik-tesisat-kutular-alptek-2-705x157.png 705w\" sizes=\"(max-width: 1673px) 100vw, 1673px\" \/><\/div><\/div><\/div>\n\n[av_section min_height='' min_height_pc='25' min_height_px='500px' padding='default' margin='' custom_margin='0px' svg_div_top='' svg_div_top_color='#333333' svg_div_top_width='100' svg_div_top_height='50' svg_div_top_max_height='none' svg_div_top_flip='' svg_div_top_invert='' svg_div_top_front='' svg_div_top_opacity='' svg_div_top_preview='' svg_div_bottom='' svg_div_bottom_color='#333333' svg_div_bottom_width='100' svg_div_bottom_height='50' svg_div_bottom_max_height='none' svg_div_bottom_flip='' svg_div_bottom_invert='' svg_div_bottom_front='' svg_div_bottom_opacity='' svg_div_bottom_preview='' color='main_color' background='bg_color' custom_bg='' background_gradient_direction='vertical' background_gradient_color1='#000000' background_gradient_color2='#ffffff' background_gradient_color3='' src='' attach='scroll' position='top left' repeat='no-repeat' video='' video_ratio='16:9' video_mobile_disabled='' overlay_enable='' overlay_opacity='0.5' overlay_color='' overlay_pattern='' overlay_custom_pattern='' shadow='no-border-styling' bottom_border='no-border-styling' bottom_border_diagonal_color='#333333' bottom_border_diagonal_direction='' bottom_border_style='' scroll_down='' custom_arrow_bg='' av-desktop-hide='' av-medium-hide='' av-small-hide='' av-mini-hide='' id='' custom_class='' template_class='' aria_label='' av_element_hidden_in_editor='0' av_uid='av-6x4clf' sc_version='1.0']\r\n\r\n[av_one_half first min_height='' vertical_alignment='av-align-top' space='' row_boxshadow='' row_boxshadow_color='' row_boxshadow_width='10' custom_margin='' margin='0px' mobile_breaking='' min_col_height='' padding='' svg_div_top='' svg_div_top_color='#333333' svg_div_top_width='100' svg_div_top_height='50' svg_div_top_max_height='none' svg_div_top_flip='' svg_div_top_invert='' svg_div_top_front='' svg_div_top_opacity='' svg_div_top_preview='' svg_div_bottom='' svg_div_bottom_color='#333333' svg_div_bottom_width='100' svg_div_bottom_height='50' svg_div_bottom_max_height='none' svg_div_bottom_flip='' svg_div_bottom_invert='' svg_div_bottom_front='' svg_div_bottom_opacity='' svg_div_bottom_preview='' border='' border_style='solid' border_color='' radius='' column_boxshadow='' column_boxshadow_color='' column_boxshadow_width='10' background='bg_color' background_color='' background_gradient_direction='vertical' background_gradient_color1='#000000' background_gradient_color2='#ffffff' background_gradient_color3='' src='' background_position='top left' background_repeat='no-repeat' highlight='' highlight_size='' animation='' link='' linktarget='' link_hover='' title_attr='' alt_attr='' mobile_display='' id='' custom_class='' template_class='' aria_label='' av_uid='av-57iewz' sc_version='1.0']\r\n\r\n[av_icon_box icon='ue854' font='entypo-fontello' title='TELEFON' position='top' icon_style='' boxed='' font_color='' custom_title='' custom_content='' color='' custom_bg='' custom_font='' custom_border='' custom_title_size='' av-medium-font-size-title='' av-small-font-size-title='' av-mini-font-size-title='' custom_content_size='' av-medium-font-size='' av-small-font-size='' av-mini-font-size='' heading_tag='' heading_class='' link='manually,tel:02165401772' linktarget='' linkelement='both' id='' custom_class='' template_class='' av_uid='av-3tsi6r' sc_version='1.0' admin_preview_bg='']\r\n<a href=\"tel:02165401772\">+90 (216) 540 17 72<\/a>\r\n[\/av_icon_box]\r\n\r\n[\/av_one_half][av_one_half min_height='' vertical_alignment='av-align-top' space='' row_boxshadow='' row_boxshadow_color='' row_boxshadow_width='10' custom_margin='' margin='0px' mobile_breaking='' min_col_height='' padding='' svg_div_top='' svg_div_top_color='#333333' svg_div_top_width='100' svg_div_top_height='50' svg_div_top_max_height='none' svg_div_top_flip='' svg_div_top_invert='' svg_div_top_front='' svg_div_top_opacity='' svg_div_top_preview='' svg_div_bottom='' svg_div_bottom_color='#333333' svg_div_bottom_width='100' svg_div_bottom_height='50' svg_div_bottom_max_height='none' svg_div_bottom_flip='' svg_div_bottom_invert='' svg_div_bottom_front='' svg_div_bottom_opacity='' svg_div_bottom_preview='' border='' border_style='solid' border_color='' radius='' column_boxshadow='' column_boxshadow_color='' column_boxshadow_width='10' background='bg_color' background_color='' background_gradient_direction='vertical' background_gradient_color1='#000000' background_gradient_color2='#ffffff' background_gradient_color3='' src='' background_position='top left' background_repeat='no-repeat' highlight='' highlight_size='' animation='' link='' linktarget='' link_hover='' title_attr='' alt_attr='' mobile_display='' id='' custom_class='' template_class='' aria_label='' av_uid='av-2fqt2r' sc_version='1.0']\r\n\r\n[av_icon_box icon='ue805' font='entypo-fontello' title='TEKL\u0130F AL' position='top' icon_style='' boxed='' font_color='' custom_title='' custom_content='' color='' custom_bg='' custom_font='' custom_border='' custom_title_size='' av-medium-font-size-title='' av-small-font-size-title='' av-mini-font-size-title='' custom_content_size='' av-medium-font-size='' av-small-font-size='' av-mini-font-size='' heading_tag='' heading_class='' link='manually,https:\/\/alptek.com.tr\/tr\/contactform\/?iframe=true' linktarget='' linkelement='both' id='' custom_class='' template_class='' av_uid='av-m3700cyk' sc_version='1.0' admin_preview_bg='']\r\n<a href=\"https:\/\/alptek.com.tr\/tr\/contactform\/?iframe=true\">B\u0130ZE ULA\u015eIN<\/a>\r\n[\/av_icon_box]\r\n\r\n[\/av_one_half][\/av_section]\n","protected":false},"excerpt":{"rendered":"","protected":false},"author":2,"featured_media":0,"parent":2897,"menu_order":0,"comment_status":"closed","ping_status":"closed","template":"","meta":{"footnotes":""},"_links":{"self":[{"href":"https:\/\/alptek.com.tr\/tr\/wp-json\/wp\/v2\/pages\/3080"}],"collection":[{"href":"https:\/\/alptek.com.tr\/tr\/wp-json\/wp\/v2\/pages"}],"about":[{"href":"https:\/\/alptek.com.tr\/tr\/wp-json\/wp\/v2\/types\/page"}],"author":[{"embeddable":true,"href":"https:\/\/alptek.com.tr\/tr\/wp-json\/wp\/v2\/users\/2"}],"replies":[{"embeddable":true,"href":"https:\/\/alptek.com.tr\/tr\/wp-json\/wp\/v2\/comments?post=3080"}],"version-history":[{"count":8,"href":"https:\/\/alptek.com.tr\/tr\/wp-json\/wp\/v2\/pages\/3080\/revisions"}],"predecessor-version":[{"id":6880,"href":"https:\/\/alptek.com.tr\/tr\/wp-json\/wp\/v2\/pages\/3080\/revisions\/6880"}],"up":[{"embeddable":true,"href":"https:\/\/alptek.com.tr\/tr\/wp-json\/wp\/v2\/pages\/2897"}],"wp:attachment":[{"href":"https:\/\/alptek.com.tr\/tr\/wp-json\/wp\/v2\/media?parent=3080"}],"curies":[{"name":"wp","href":"https:\/\/api.w.org\/{rel}","templated":true}]}}