{"id":2937,"date":"2023-10-25T11:27:29","date_gmt":"2023-10-25T11:27:29","guid":{"rendered":"https:\/\/alptek.com.tr\/?page_id=2937"},"modified":"2024-11-08T14:11:17","modified_gmt":"2024-11-08T14:11:17","slug":"laboratuvar-icin-havalandirma-sistemleri","status":"publish","type":"page","link":"https:\/\/alptek.com.tr\/tr\/insaat-teknolojileri-muhendislik\/laboratuvar-icin-havalandirma-sistemleri\/","title":{"rendered":"Laboratuvar i\u00e7in Havaland\u0131rma Sistemleri"},"content":{"rendered":"<div id='layer_slider_1'  class='avia-layerslider main_color avia-shadow  avia-builder-el-0  el_before_av_section  avia-builder-el-first  container_wrap sidebar_right'  style='height: 666px; max-width: 1920px; margin: 0 auto;'  ><\/div>\n<div id='av_section_1'  class='avia-section av-5k1s1j-fc3cdf2ac6bc94897c7b32815f2b91e9 main_color avia-section-default avia-no-border-styling  avia-builder-el-1  el_after_av_layerslider  el_before_av_section  avia-bg-style-scroll  container_wrap sidebar_right'  ><div class='container av-section-cont-open' ><div class='template-page content  av-content-small alpha units'><div class='post-entry post-entry-type-page post-entry-2937'><div class='entry-content-wrapper clearfix'>\n\n<style type=\"text\/css\" id=\"style-css-av-ls2xl49s-4187406f0335d4e5334d430e425490ba\">\n#top .av-special-heading.av-ls2xl49s-4187406f0335d4e5334d430e425490ba{\npadding-bottom:10px;\nfont-size:32px;\n}\n<\/style>\n<div  class='av-special-heading av-ls2xl49s-4187406f0335d4e5334d430e425490ba av-special-heading-h1 blockquote modern-quote modern-centered  avia-builder-el-2  el_before_av_hr  avia-builder-el-first  av-inherit-size '><h1 class='av-special-heading-tag '  itemprop=\"headline\"  >LABORATUVARLAR \u0130\u00c7\u0130N HAVALANDIRMA S\u0130STEMLER\u0130<\/h1><div class='special-heading-border'><div class='special-heading-inner-border'><\/div><\/div><\/div>\n\n<style type=\"text\/css\" id=\"style-css-av-ls2xli3c-b2a137d3cef4cd6c0c612606d76e3677\">\n.hr.av-ls2xli3c-b2a137d3cef4cd6c0c612606d76e3677{\nmargin-top:0px;\nmargin-bottom:30px;\n}\n.hr.av-ls2xli3c-b2a137d3cef4cd6c0c612606d76e3677 .hr-inner{\nwidth:100px;\nborder-color:#9c9b9b;\n}\n<\/style>\n<div  class='hr av-ls2xli3c-b2a137d3cef4cd6c0c612606d76e3677 hr-custom  avia-builder-el-3  el_after_av_heading  el_before_av_textblock  hr-center hr-icon-no '><span class='hr-inner inner-border-av-border-fat'><span class=\"hr-inner-style\"><\/span><\/span><\/div>\n<section class=\"av_textblock_section \"  itemscope=\"itemscope\" itemtype=\"https:\/\/schema.org\/CreativeWork\" ><div class='avia_textblock  av_inherit_color '  style='font-size:20px; color:#000000; '  itemprop=\"text\" ><p>Laboratuvar s\u0131cakl\u0131\u011f\u0131 ve nem, ideal laboratuvar ko\u015fullar\u0131n\u0131n yarat\u0131lmas\u0131nda iki temel fakt\u00f6rd\u00fcr. Nemin \u00e7ok y\u00fcksek veya \u00e7ok d\u00fc\u015f\u00fck olmas\u0131 hassas testlerin do\u011frulu\u011funu etkileyebilir. S\u0131cakl\u0131k ayn\u0131 zamanda numunelerin kirlenmemesini sa\u011flamada da rol oynar.<\/p>\n<p><strong>ALPTEK HVAC teknolojisi s\u0131cakl\u0131k<\/strong> ve nemi d\u00fczenler, oda s\u0131cakl\u0131\u011f\u0131na ula\u015f\u0131r ve bu s\u0131cakl\u0131\u011f\u0131 korur, so\u011futur ve oda ve b\u00f6lgelerde \u00f6nceden belirlenmi\u015f de\u011ferleri garanti eder. Farkl\u0131 i\u00e7 mekan oda iklimleri geni\u015f bir kullan\u0131m yelpazesine hizmet eder ve daha k\u00fc\u00e7\u00fck zemin alanlar\u0131n\u0131n s\u0131cakl\u0131\u011f\u0131 da ayr\u0131 ayr\u0131 ayarlanabilir.<\/p>\n<\/div><\/section>\n\n<\/div><\/div><\/div><!-- close content main div --><\/div><\/div><div id='av_section_2'  class='avia-section av-40myrr-f334837d7a958b9d4421708eae1daf69 main_color avia-section-default avia-no-border-styling  avia-builder-el-5  el_after_av_section  el_before_av_postcontent  avia-bg-style-scroll  container_wrap sidebar_right'  ><div class='container av-section-cont-open' ><div class='template-page content  av-content-small alpha units'><div class='post-entry post-entry-type-page post-entry-2937'><div class='entry-content-wrapper clearfix'>\n\n<style type=\"text\/css\" id=\"style-css-av-ls2xntz3-5d01aafbc5e174b5cd8de6d8069e6c53\">\n#top .av-special-heading.av-ls2xntz3-5d01aafbc5e174b5cd8de6d8069e6c53{\npadding-bottom:10px;\nfont-size:24px;\n}\n<\/style>\n<div  class='av-special-heading av-ls2xntz3-5d01aafbc5e174b5cd8de6d8069e6c53 av-special-heading-h2 blockquote modern-quote  avia-builder-el-6  el_before_av_hr  avia-builder-el-first  av-inherit-size '><h2 class='av-special-heading-tag '  itemprop=\"headline\"  >KR\u0130T\u0130K \u00d6ZELL\u0130KLER<\/h2><div class='special-heading-border'><div class='special-heading-inner-border'><\/div><\/div><\/div>\n\n<style type=\"text\/css\" id=\"style-css-av-ls2xo76d-eb0a4a0f5459be6f3b743cbe1f783c40\">\n.hr.av-ls2xo76d-eb0a4a0f5459be6f3b743cbe1f783c40{\nmargin-top:0px !i\u00f6portant;\nmargin-bottom:30px;\n}\n.hr.av-ls2xo76d-eb0a4a0f5459be6f3b743cbe1f783c40 .hr-inner{\nwidth:50px;\nborder-color:#9c9b9b;\n}\n<\/style>\n<div  class='hr av-ls2xo76d-eb0a4a0f5459be6f3b743cbe1f783c40 hr-custom  avia-builder-el-7  el_after_av_heading  el_before_av_image  hr-left hr-icon-no '><span class='hr-inner inner-border-av-border-fat'><span class=\"hr-inner-style\"><\/span><\/span><\/div>\n\n<style type=\"text\/css\" id=\"style-css-av-ls2xommu-20b8196b86490cfebb2de26dc2ecf5c5\">\n.avia-image-container.av-ls2xommu-20b8196b86490cfebb2de26dc2ecf5c5 .av-image-caption-overlay-center{\ncolor:#ffffff;\n}\n<\/style>\n<div  class='avia-image-container av-ls2xommu-20b8196b86490cfebb2de26dc2ecf5c5 av-styling- avia-align-center  avia-builder-el-8  el_after_av_hr  el_before_av_textblock  '  itemprop=\"image\" itemscope=\"itemscope\" itemtype=\"https:\/\/schema.org\/ImageObject\" ><div class=\"avia-image-container-inner\"><div class=\"avia-image-overlay-wrap\"><img decoding=\"async\" class='wp-image-6206 avia-img-lazy-loading-not-6206 avia_image' src=\"https:\/\/alptek.com.tr\/tr\/wp-content\/uploads\/2024\/02\/DSC_9442-1.jpg\" alt='' title='DSC_9442 1'  height=\"688\" width=\"1079\"  itemprop=\"thumbnailUrl\" srcset=\"https:\/\/alptek.com.tr\/tr\/wp-content\/uploads\/2024\/02\/DSC_9442-1.jpg 1079w, https:\/\/alptek.com.tr\/tr\/wp-content\/uploads\/2024\/02\/DSC_9442-1-300x191.jpg 300w, https:\/\/alptek.com.tr\/tr\/wp-content\/uploads\/2024\/02\/DSC_9442-1-1030x657.jpg 1030w, https:\/\/alptek.com.tr\/tr\/wp-content\/uploads\/2024\/02\/DSC_9442-1-768x490.jpg 768w, https:\/\/alptek.com.tr\/tr\/wp-content\/uploads\/2024\/02\/DSC_9442-1-705x450.jpg 705w\" sizes=\"(max-width: 1079px) 100vw, 1079px\" \/><\/div><\/div><\/div>\n<section class=\"av_textblock_section \"  itemscope=\"itemscope\" itemtype=\"https:\/\/schema.org\/CreativeWork\" ><div class='avia_textblock  '  style='font-size:22px; '  itemprop=\"text\" ><p>Laboratuvar ortam\u0131n\u0131z\u0131n do\u011fru s\u0131cakl\u0131kta kalmas\u0131n\u0131 sa\u011flaman\u0131n birka\u00e7 yolu vard\u0131r. Kulland\u0131\u011f\u0131n\u0131z ekipmanlardan izleme s\u00fcre\u00e7lerinize kadar her \u015feye bakmak isteyeceksiniz.<\/p>\n<\/div><\/section>\n\n<style type=\"text\/css\" id=\"style-css-av-ls2yg9hl-c778a41403a9bd64c4adc98d3f7657a0\">\n.avia-image-container.av-ls2yg9hl-c778a41403a9bd64c4adc98d3f7657a0 .av-image-caption-overlay-center{\ncolor:#ffffff;\n}\n<\/style>\n<div  class='avia-image-container av-ls2yg9hl-c778a41403a9bd64c4adc98d3f7657a0 av-styling- avia-align-center  avia-builder-el-10  el_after_av_textblock  avia-builder-el-last  '  itemprop=\"image\" itemscope=\"itemscope\" itemtype=\"https:\/\/schema.org\/ImageObject\" ><div class=\"avia-image-container-inner\"><div class=\"avia-image-overlay-wrap\"><img decoding=\"async\" class='wp-image-7226 avia-img-lazy-loading-not-7226 avia_image' src=\"https:\/\/alptek.com.tr\/tr\/wp-content\/uploads\/2024\/03\/laboratuvar-icin-havalandirma-sistemleri-kutular-alptek.jpg\" alt='' title='laboratuvar-icin-havalandirma-sistemleri-kutular-alptek'  height=\"500\" width=\"1920\"  itemprop=\"thumbnailUrl\" srcset=\"https:\/\/alptek.com.tr\/tr\/wp-content\/uploads\/2024\/03\/laboratuvar-icin-havalandirma-sistemleri-kutular-alptek.jpg 1920w, https:\/\/alptek.com.tr\/tr\/wp-content\/uploads\/2024\/03\/laboratuvar-icin-havalandirma-sistemleri-kutular-alptek-300x78.jpg 300w, https:\/\/alptek.com.tr\/tr\/wp-content\/uploads\/2024\/03\/laboratuvar-icin-havalandirma-sistemleri-kutular-alptek-1030x268.jpg 1030w, https:\/\/alptek.com.tr\/tr\/wp-content\/uploads\/2024\/03\/laboratuvar-icin-havalandirma-sistemleri-kutular-alptek-768x200.jpg 768w, https:\/\/alptek.com.tr\/tr\/wp-content\/uploads\/2024\/03\/laboratuvar-icin-havalandirma-sistemleri-kutular-alptek-1536x400.jpg 1536w, https:\/\/alptek.com.tr\/tr\/wp-content\/uploads\/2024\/03\/laboratuvar-icin-havalandirma-sistemleri-kutular-alptek-1500x391.jpg 1500w, https:\/\/alptek.com.tr\/tr\/wp-content\/uploads\/2024\/03\/laboratuvar-icin-havalandirma-sistemleri-kutular-alptek-705x184.jpg 705w\" sizes=\"(max-width: 1920px) 100vw, 1920px\" \/><\/div><\/div><\/div>\n\n[av_section min_height='' min_height_pc='25' min_height_px='500px' padding='default' margin='' custom_margin='0px' svg_div_top='' svg_div_top_color='#333333' svg_div_top_width='100' svg_div_top_height='50' svg_div_top_max_height='none' svg_div_top_flip='' svg_div_top_invert='' svg_div_top_front='' svg_div_top_opacity='' svg_div_top_preview='' svg_div_bottom='' svg_div_bottom_color='#333333' svg_div_bottom_width='100' svg_div_bottom_height='50' svg_div_bottom_max_height='none' svg_div_bottom_flip='' svg_div_bottom_invert='' svg_div_bottom_front='' svg_div_bottom_opacity='' svg_div_bottom_preview='' color='main_color' background='bg_color' custom_bg='' background_gradient_direction='vertical' background_gradient_color1='#000000' background_gradient_color2='#ffffff' background_gradient_color3='' src='' attach='scroll' position='top left' repeat='no-repeat' video='' video_ratio='16:9' video_mobile_disabled='' overlay_enable='' overlay_opacity='0.5' overlay_color='' overlay_pattern='' overlay_custom_pattern='' shadow='no-border-styling' bottom_border='no-border-styling' bottom_border_diagonal_color='#333333' bottom_border_diagonal_direction='' bottom_border_style='' scroll_down='' custom_arrow_bg='' av-desktop-hide='' av-medium-hide='' av-small-hide='' av-mini-hide='' id='' custom_class='' template_class='' aria_label='' av_element_hidden_in_editor='0' av_uid='av-6x4clf' sc_version='1.0']\r\n\r\n[av_one_half first min_height='' vertical_alignment='av-align-top' space='' row_boxshadow='' row_boxshadow_color='' row_boxshadow_width='10' custom_margin='' margin='0px' mobile_breaking='' min_col_height='' padding='' svg_div_top='' svg_div_top_color='#333333' svg_div_top_width='100' svg_div_top_height='50' svg_div_top_max_height='none' svg_div_top_flip='' svg_div_top_invert='' svg_div_top_front='' svg_div_top_opacity='' svg_div_top_preview='' svg_div_bottom='' svg_div_bottom_color='#333333' svg_div_bottom_width='100' svg_div_bottom_height='50' svg_div_bottom_max_height='none' svg_div_bottom_flip='' svg_div_bottom_invert='' svg_div_bottom_front='' svg_div_bottom_opacity='' svg_div_bottom_preview='' border='' border_style='solid' border_color='' radius='' column_boxshadow='' column_boxshadow_color='' column_boxshadow_width='10' background='bg_color' background_color='' background_gradient_direction='vertical' background_gradient_color1='#000000' background_gradient_color2='#ffffff' background_gradient_color3='' src='' background_position='top left' background_repeat='no-repeat' highlight='' highlight_size='' animation='' link='' linktarget='' link_hover='' title_attr='' alt_attr='' mobile_display='' id='' custom_class='' template_class='' aria_label='' av_uid='av-57iewz' sc_version='1.0']\r\n\r\n[av_icon_box icon='ue854' font='entypo-fontello' title='TELEFON' position='top' icon_style='' boxed='' font_color='' custom_title='' custom_content='' color='' custom_bg='' custom_font='' custom_border='' custom_title_size='' av-medium-font-size-title='' av-small-font-size-title='' av-mini-font-size-title='' custom_content_size='' av-medium-font-size='' av-small-font-size='' av-mini-font-size='' heading_tag='' heading_class='' link='manually,tel:02165401772' linktarget='' linkelement='both' id='' custom_class='' template_class='' av_uid='av-3tsi6r' sc_version='1.0' admin_preview_bg='']\r\n<a href=\"tel:02165401772\">+90 (216) 540 17 72<\/a>\r\n[\/av_icon_box]\r\n\r\n[\/av_one_half][av_one_half min_height='' vertical_alignment='av-align-top' space='' row_boxshadow='' row_boxshadow_color='' row_boxshadow_width='10' custom_margin='' margin='0px' mobile_breaking='' min_col_height='' padding='' svg_div_top='' svg_div_top_color='#333333' svg_div_top_width='100' svg_div_top_height='50' svg_div_top_max_height='none' svg_div_top_flip='' svg_div_top_invert='' svg_div_top_front='' svg_div_top_opacity='' svg_div_top_preview='' svg_div_bottom='' svg_div_bottom_color='#333333' svg_div_bottom_width='100' svg_div_bottom_height='50' svg_div_bottom_max_height='none' svg_div_bottom_flip='' svg_div_bottom_invert='' svg_div_bottom_front='' svg_div_bottom_opacity='' svg_div_bottom_preview='' border='' border_style='solid' border_color='' radius='' column_boxshadow='' column_boxshadow_color='' column_boxshadow_width='10' background='bg_color' background_color='' background_gradient_direction='vertical' background_gradient_color1='#000000' background_gradient_color2='#ffffff' background_gradient_color3='' src='' background_position='top left' background_repeat='no-repeat' highlight='' highlight_size='' animation='' link='' linktarget='' link_hover='' title_attr='' alt_attr='' mobile_display='' id='' custom_class='' template_class='' aria_label='' av_uid='av-2fqt2r' sc_version='1.0']\r\n\r\n[av_icon_box icon='ue805' font='entypo-fontello' title='TEKL\u0130F AL' position='top' icon_style='' boxed='' font_color='' custom_title='' custom_content='' color='' custom_bg='' custom_font='' custom_border='' custom_title_size='' av-medium-font-size-title='' av-small-font-size-title='' av-mini-font-size-title='' custom_content_size='' av-medium-font-size='' av-small-font-size='' av-mini-font-size='' heading_tag='' heading_class='' link='manually,https:\/\/alptek.com.tr\/tr\/contactform\/?iframe=true' linktarget='' linkelement='both' id='' custom_class='' template_class='' av_uid='av-m3700cyk' sc_version='1.0' admin_preview_bg='']\r\n<a href=\"https:\/\/alptek.com.tr\/tr\/contactform\/?iframe=true\">B\u0130ZE ULA\u015eIN<\/a>\r\n[\/av_icon_box]\r\n\r\n[\/av_one_half][\/av_section]\n","protected":false},"excerpt":{"rendered":"","protected":false},"author":2,"featured_media":0,"parent":2897,"menu_order":0,"comment_status":"closed","ping_status":"closed","template":"","meta":{"footnotes":""},"_links":{"self":[{"href":"https:\/\/alptek.com.tr\/tr\/wp-json\/wp\/v2\/pages\/2937"}],"collection":[{"href":"https:\/\/alptek.com.tr\/tr\/wp-json\/wp\/v2\/pages"}],"about":[{"href":"https:\/\/alptek.com.tr\/tr\/wp-json\/wp\/v2\/types\/page"}],"author":[{"embeddable":true,"href":"https:\/\/alptek.com.tr\/tr\/wp-json\/wp\/v2\/users\/2"}],"replies":[{"embeddable":true,"href":"https:\/\/alptek.com.tr\/tr\/wp-json\/wp\/v2\/comments?post=2937"}],"version-history":[{"count":6,"href":"https:\/\/alptek.com.tr\/tr\/wp-json\/wp\/v2\/pages\/2937\/revisions"}],"predecessor-version":[{"id":7831,"href":"https:\/\/alptek.com.tr\/tr\/wp-json\/wp\/v2\/pages\/2937\/revisions\/7831"}],"up":[{"embeddable":true,"href":"https:\/\/alptek.com.tr\/tr\/wp-json\/wp\/v2\/pages\/2897"}],"wp:attachment":[{"href":"https:\/\/alptek.com.tr\/tr\/wp-json\/wp\/v2\/media?parent=2937"}],"curies":[{"name":"wp","href":"https:\/\/api.w.org\/{rel}","templated":true}]}}