{"id":2897,"date":"2023-10-25T09:13:22","date_gmt":"2023-10-25T09:13:22","guid":{"rendered":"https:\/\/alptek.com.tr\/?page_id=2897"},"modified":"2024-08-15T06:57:58","modified_gmt":"2024-08-15T06:57:58","slug":"insaat-teknolojileri-muhendislik","status":"publish","type":"page","link":"https:\/\/alptek.com.tr\/tr\/insaat-teknolojileri-muhendislik\/","title":{"rendered":"\u0130N\u015eAAT TEKNOLOJ\u0130LER\u0130 &#038; M\u00dcHEND\u0130SL\u0130K"},"content":{"rendered":"<div id='layer_slider_1'  class='avia-layerslider main_color avia-shadow  avia-builder-el-0  el_before_av_section  avia-builder-el-first  container_wrap sidebar_right'  style='height: 666px; max-width: 1920px; margin: 0 auto;'  ><\/div>\n<div id='av_section_1'  class='avia-section av-5eo0q3-185fb9fd7bfa89ea83c576e176ca8b79 main_color avia-section-default avia-no-border-styling  avia-builder-el-1  el_after_av_layerslider  el_before_av_section  avia-bg-style-scroll  container_wrap sidebar_right'  ><div class='container av-section-cont-open' ><div class='template-page content  av-content-small alpha units'><div class='post-entry post-entry-type-page post-entry-2897'><div class='entry-content-wrapper clearfix'>\n\n<style type=\"text\/css\" id=\"style-css-av-ls2wz7t9-fd8dac2688e19ed568cbc310bbe1144d\">\n#top .av-special-heading.av-ls2wz7t9-fd8dac2688e19ed568cbc310bbe1144d{\npadding-bottom:10px;\nfont-size:32px;\n}\n<\/style>\n<div  class='av-special-heading av-ls2wz7t9-fd8dac2688e19ed568cbc310bbe1144d av-special-heading-h1 blockquote modern-quote modern-centered  avia-builder-el-2  el_before_av_hr  avia-builder-el-first  av-inherit-size '><h1 class='av-special-heading-tag '  itemprop=\"headline\"  >\u0130N\u015eAAT TEKNOLOJ\u0130LER\u0130 <span class='special_amp'>&amp;<\/span> M\u00dcHEND\u0130SL\u0130K<\/h1><div class='special-heading-border'><div class='special-heading-inner-border'><\/div><\/div><\/div>\n\n<style type=\"text\/css\" id=\"style-css-av-ls2wzl3d-ab0aa87d956ff32b42130960e2e2050b\">\n.hr.av-ls2wzl3d-ab0aa87d956ff32b42130960e2e2050b{\nmargin-top:0px;\nmargin-bottom:30px;\n}\n.hr.av-ls2wzl3d-ab0aa87d956ff32b42130960e2e2050b .hr-inner{\nwidth:100px;\nborder-color:#9c9b9b;\n}\n<\/style>\n<div  class='hr av-ls2wzl3d-ab0aa87d956ff32b42130960e2e2050b hr-custom  avia-builder-el-3  el_after_av_heading  el_before_av_textblock  hr-center hr-icon-no '><span class='hr-inner inner-border-av-border-fat'><span class=\"hr-inner-style\"><\/span><\/span><\/div>\n<section class=\"av_textblock_section \"  itemscope=\"itemscope\" itemtype=\"https:\/\/schema.org\/CreativeWork\" ><div class='avia_textblock  '  style='font-size:24px; '  itemprop=\"text\" ><p>ALPTEK&#8217;in dan\u0131\u015fmanl\u0131k hizmetleri m\u00fckemmelli\u011fin temelidir. Kapsaml\u0131 k\u00fcresel deneyime sahip uzman ekibimiz, sekt\u00f6r\u00fcn\u00fcz\u00fcn benzersiz ihtiya\u00e7lar\u0131na g\u00f6re yenilik\u00e7i \u00e7\u00f6z\u00fcmler \u00fcretir. Laboratuvar tasar\u0131m\u0131, sistem entegrasyonu veya stratejik planlama olsun, d\u00f6n\u00fc\u015ft\u00fcr\u00fcc\u00fc projeleri y\u00f6nlendirmek i\u00e7in ileriye d\u00f6n\u00fck rehberlik sa\u011fl\u0131yoruz. Kurulu\u015funuzun g\u00fcn\u00fcm\u00fcz\u00fcn dinamik ortam\u0131nda ba\u015far\u0131l\u0131 olmas\u0131n\u0131 sa\u011flayacak anlay\u0131\u015fl\u0131 dan\u0131\u015fmanl\u0131k i\u00e7in bize g\u00fcvenin.<\/p>\n<\/div><\/section>\n\n<\/div><\/div><\/div><!-- close content main div --><\/div><\/div><div id='av_section_2'  class='avia-section av-3tnc4b-36f7141ae55113dc54438063af59755a main_color avia-section-default avia-no-border-styling  avia-builder-el-5  el_after_av_section  avia-builder-el-last  avia-bg-style-scroll  container_wrap sidebar_right'  ><div class='container av-section-cont-open' ><div class='template-page content  av-content-small alpha units'><div class='post-entry post-entry-type-page post-entry-2897'><div class='entry-content-wrapper clearfix'>\n\n<\/div><\/div><\/div><!-- close content main div --><\/div><\/div><div id='after_section_2'  class='main_color av_default_container_wrap container_wrap sidebar_right'  ><div class='container av-section-cont-open' ><div class='template-page content  av-content-small alpha units'><div class='post-entry post-entry-type-page post-entry-2897'><div class='entry-content-wrapper clearfix'>\n<\/div>\n","protected":false},"excerpt":{"rendered":"","protected":false},"author":2,"featured_media":0,"parent":0,"menu_order":0,"comment_status":"closed","ping_status":"closed","template":"","meta":{"footnotes":""},"_links":{"self":[{"href":"https:\/\/alptek.com.tr\/tr\/wp-json\/wp\/v2\/pages\/2897"}],"collection":[{"href":"https:\/\/alptek.com.tr\/tr\/wp-json\/wp\/v2\/pages"}],"about":[{"href":"https:\/\/alptek.com.tr\/tr\/wp-json\/wp\/v2\/types\/page"}],"author":[{"embeddable":true,"href":"https:\/\/alptek.com.tr\/tr\/wp-json\/wp\/v2\/users\/2"}],"replies":[{"embeddable":true,"href":"https:\/\/alptek.com.tr\/tr\/wp-json\/wp\/v2\/comments?post=2897"}],"version-history":[{"count":17,"href":"https:\/\/alptek.com.tr\/tr\/wp-json\/wp\/v2\/pages\/2897\/revisions"}],"predecessor-version":[{"id":6652,"href":"https:\/\/alptek.com.tr\/tr\/wp-json\/wp\/v2\/pages\/2897\/revisions\/6652"}],"wp:attachment":[{"href":"https:\/\/alptek.com.tr\/tr\/wp-json\/wp\/v2\/media?parent=2897"}],"curies":[{"name":"wp","href":"https:\/\/api.w.org\/{rel}","templated":true}]}}