{"id":2693,"date":"2023-10-18T10:24:09","date_gmt":"2023-10-18T10:24:09","guid":{"rendered":"https:\/\/alptek.com.tr\/?page_id=2693"},"modified":"2024-11-08T12:55:00","modified_gmt":"2024-11-08T12:55:00","slug":"aski-servis-unitesi","status":"publish","type":"page","link":"https:\/\/alptek.com.tr\/tr\/laboratuvar-sistemleri\/aski-servis-unitesi\/","title":{"rendered":"Ask\u0131 Servis \u00dcnitesi"},"content":{"rendered":"<div id='layer_slider_1'  class='avia-layerslider main_color avia-shadow  avia-builder-el-0  el_before_av_section  avia-builder-el-first  container_wrap sidebar_right'  style='height: 666px; max-width: 1920px; margin: 0 auto;'  ><\/div>\n<div id='av_section_1'  class='avia-section av-2gxn89-9d0749e9d87a1f92879e8faa507f0b5e main_color avia-section-default avia-no-border-styling  avia-builder-el-1  el_after_av_layerslider  el_before_av_section  avia-bg-style-scroll  container_wrap sidebar_right'  ><div class='container av-section-cont-open' ><div class='template-page content  av-content-small alpha units'><div class='post-entry post-entry-type-page post-entry-2693'><div class='entry-content-wrapper clearfix'>\n\n<style type=\"text\/css\" id=\"style-css-av-ls1q8a2c-124d9f6c81e9d537868314094f6ea9df\">\n#top .av-special-heading.av-ls1q8a2c-124d9f6c81e9d537868314094f6ea9df{\npadding-bottom:10px;\nfont-size:32px;\n}\n<\/style>\n<div  class='av-special-heading av-ls1q8a2c-124d9f6c81e9d537868314094f6ea9df av-special-heading-h1 blockquote modern-quote modern-centered  avia-builder-el-2  el_before_av_hr  avia-builder-el-first  av-inherit-size '><h1 class='av-special-heading-tag '  itemprop=\"headline\"  >ASKI SERV\u0130S \u00dcN\u0130TES\u0130<\/h1><div class='special-heading-border'><div class='special-heading-inner-border'><\/div><\/div><\/div>\n\n<style type=\"text\/css\" id=\"style-css-av-ls1q91p2-eca418c51a77a6ce1aedd66f2a273d75\">\n.hr.av-ls1q91p2-eca418c51a77a6ce1aedd66f2a273d75{\nmargin-top:0px;\nmargin-bottom:30px;\n}\n.hr.av-ls1q91p2-eca418c51a77a6ce1aedd66f2a273d75 .hr-inner{\nwidth:100px;\nborder-color:#9c9b9b;\n}\n<\/style>\n<div  class='hr av-ls1q91p2-eca418c51a77a6ce1aedd66f2a273d75 hr-custom  avia-builder-el-3  el_after_av_heading  el_before_av_textblock  hr-center hr-icon-no '><span class='hr-inner inner-border-av-border-fat'><span class=\"hr-inner-style\"><\/span><\/span><\/div>\n<section class=\"av_textblock_section \"  itemscope=\"itemscope\" itemtype=\"https:\/\/schema.org\/CreativeWork\" ><div class='avia_textblock  '  style='font-size:24px; '  itemprop=\"text\" ><p>ALPTEK ask\u0131 servis \u00fcniteleri, alan\u0131n\u0131za ve ihtiya\u00e7lar\u0131n\u0131za uygun olarak uzman tasar\u0131m ekibimiz taraf\u0131ndan tasarlanmaktad\u0131r. ALPTEK servis \u00fcniteleri performans\u0131 art\u0131rmak ve sa\u011fl\u0131k g\u00fcvenli\u011fini sa\u011flamak amac\u0131yla EN 14175 AB standartlar\u0131na uygun olarak \u00fcretilmektedir. Kullan\u0131c\u0131 ve \u00e7evre g\u00fcvenli\u011fine y\u00f6nelik CE sertifikas\u0131na sahiptir. Drenaj y\u00f6netim sistemleri opsiyonel olarak sunulmaktad\u0131r.<\/p>\n<\/div><\/section>\n\n<\/div><\/div><\/div><!-- close content main div --><\/div><\/div><div id='av_section_2'  class='avia-section av-1nejnh-bb696fe4f53373f7b1b72925973d84d9 main_color avia-section-default avia-no-border-styling  avia-builder-el-5  el_after_av_section  el_before_av_section  avia-bg-style-scroll  container_wrap sidebar_right'  ><div class='container av-section-cont-open' ><div class='template-page content  av-content-small alpha units'><div class='post-entry post-entry-type-page post-entry-2693'><div class='entry-content-wrapper clearfix'>\n\n<style type=\"text\/css\" id=\"style-css-av-ls1s64hr-787c5ea206236fd21a640a85d90021f8\">\n#top .av-special-heading.av-ls1s64hr-787c5ea206236fd21a640a85d90021f8{\npadding-bottom:10px;\n}\n<\/style>\n<div  class='av-special-heading av-ls1s64hr-787c5ea206236fd21a640a85d90021f8 av-special-heading-h2 blockquote modern-quote  avia-builder-el-6  el_before_av_hr  avia-builder-el-first  av-thin-font '><h2 class='av-special-heading-tag '  itemprop=\"headline\"  ><strong>\u00dcR\u00dcNLER<\/strong><\/h2><div class='special-heading-border'><div class='special-heading-inner-border'><\/div><\/div><\/div>\n\n<style type=\"text\/css\" id=\"style-css-av-ls1s6nea-cf3380873336c77267b9158b760e2f44\">\n.hr.av-ls1s6nea-cf3380873336c77267b9158b760e2f44{\nmargin-top:0px;\nmargin-bottom:30px;\n}\n.hr.av-ls1s6nea-cf3380873336c77267b9158b760e2f44 .hr-inner{\nwidth:50px;\nborder-color:#9c9b9b;\n}\n<\/style>\n<div  class='hr av-ls1s6nea-cf3380873336c77267b9158b760e2f44 hr-custom  avia-builder-el-7  el_after_av_heading  el_before_av_one_full  hr-left hr-icon-no '><span class='hr-inner inner-border-av-border-fat'><span class=\"hr-inner-style\"><\/span><\/span><\/div>\n<div class='flex_column av-46iq2l-64294f44fd801ce8139000b32752a34b av_one_full  avia-builder-el-8  el_after_av_hr  avia-builder-el-last  first flex_column_div '   ><p>\n<style type=\"text\/css\" id=\"style-css-av-8ejz1-27d41347a711f535e6431faafc2c08de\">\n.avia-image-container.av-8ejz1-27d41347a711f535e6431faafc2c08de .av-image-caption-overlay-center{\ncolor:#ffffff;\n}\n<\/style>\n<div  class='avia-image-container av-8ejz1-27d41347a711f535e6431faafc2c08de av-styling- avia-align-center  avia-builder-el-9  el_before_av_image  avia-builder-el-first  '  itemprop=\"image\" itemscope=\"itemscope\" itemtype=\"https:\/\/schema.org\/ImageObject\" ><div class=\"avia-image-container-inner\"><div class=\"avia-image-overlay-wrap\"><img decoding=\"async\" class='wp-image-6031 avia-img-lazy-loading-not-6031 avia_image' src=\"https:\/\/alptek.com.tr\/tr\/wp-content\/uploads\/2024\/01\/ASU-Banner-1.jpg\" alt='' title='ASU-Banner 1'  height=\"261\" width=\"1440\"  itemprop=\"thumbnailUrl\" srcset=\"https:\/\/alptek.com.tr\/tr\/wp-content\/uploads\/2024\/01\/ASU-Banner-1.jpg 1440w, https:\/\/alptek.com.tr\/tr\/wp-content\/uploads\/2024\/01\/ASU-Banner-1-300x54.jpg 300w, https:\/\/alptek.com.tr\/tr\/wp-content\/uploads\/2024\/01\/ASU-Banner-1-1030x187.jpg 1030w, https:\/\/alptek.com.tr\/tr\/wp-content\/uploads\/2024\/01\/ASU-Banner-1-768x139.jpg 768w, https:\/\/alptek.com.tr\/tr\/wp-content\/uploads\/2024\/01\/ASU-Banner-1-705x128.jpg 705w\" sizes=\"(max-width: 1440px) 100vw, 1440px\" \/><\/div><\/div><\/div><br \/>\n\n<style type=\"text\/css\" id=\"style-css-av-ls1tshc5-5b7a9bee65c7b39b39ecf61d5eb38344\">\n.avia-image-container.av-ls1tshc5-5b7a9bee65c7b39b39ecf61d5eb38344 .av-image-caption-overlay-center{\ncolor:#ffffff;\n}\n<\/style>\n<div  class='avia-image-container av-ls1tshc5-5b7a9bee65c7b39b39ecf61d5eb38344 av-styling- avia-align-center  avia-builder-el-10  el_after_av_image  avia-builder-el-last  '  itemprop=\"image\" itemscope=\"itemscope\" itemtype=\"https:\/\/schema.org\/ImageObject\" ><div class=\"avia-image-container-inner\"><div class=\"avia-image-overlay-wrap\"><img decoding=\"async\" class='wp-image-6032 avia-img-lazy-loading-not-6032 avia_image' src=\"https:\/\/alptek.com.tr\/tr\/wp-content\/uploads\/2024\/01\/ASU-Banner-2.jpg\" alt='' title='ASU-Banner 2'  height=\"561\" width=\"1440\"  itemprop=\"thumbnailUrl\" srcset=\"https:\/\/alptek.com.tr\/tr\/wp-content\/uploads\/2024\/01\/ASU-Banner-2.jpg 1440w, https:\/\/alptek.com.tr\/tr\/wp-content\/uploads\/2024\/01\/ASU-Banner-2-300x117.jpg 300w, https:\/\/alptek.com.tr\/tr\/wp-content\/uploads\/2024\/01\/ASU-Banner-2-1030x401.jpg 1030w, https:\/\/alptek.com.tr\/tr\/wp-content\/uploads\/2024\/01\/ASU-Banner-2-768x299.jpg 768w, https:\/\/alptek.com.tr\/tr\/wp-content\/uploads\/2024\/01\/ASU-Banner-2-705x275.jpg 705w\" sizes=\"(max-width: 1440px) 100vw, 1440px\" \/><\/div><\/div><\/div><\/p><\/div>\n\n<\/div><\/div><\/div><!-- close content main div --><\/div><\/div><div id='av_section_3'  class='avia-section av-213x54t-77edb12f4bdc7329c5aa1e36c7a1114d main_color avia-section-default avia-no-border-styling  avia-builder-el-11  el_after_av_section  el_before_av_section  avia-bg-style-scroll  container_wrap sidebar_right'  ><div class='container av-section-cont-open' ><div class='template-page content  av-content-small alpha units'><div class='post-entry post-entry-type-page post-entry-2693'><div class='entry-content-wrapper clearfix'>\n\n<style type=\"text\/css\" id=\"style-css-av-ls1sgk35-55d401ef3476df0cb09729893b77c7ca\">\n#top .av-special-heading.av-ls1sgk35-55d401ef3476df0cb09729893b77c7ca{\npadding-bottom:10px;\n}\n<\/style>\n<div  class='av-special-heading av-ls1sgk35-55d401ef3476df0cb09729893b77c7ca av-special-heading-h2 blockquote modern-quote  avia-builder-el-12  el_before_av_hr  avia-builder-el-first  av-thin-font '><h2 class='av-special-heading-tag '  itemprop=\"headline\"  ><strong>\u00d6ZELL\u0130KLER<\/strong><\/h2><div class='special-heading-border'><div class='special-heading-inner-border'><\/div><\/div><\/div>\n\n<style type=\"text\/css\" id=\"style-css-av-20h70z1-86704690aa1d23f7202ac7c34e8d9428\">\n.hr.av-20h70z1-86704690aa1d23f7202ac7c34e8d9428{\nmargin-top:0px;\nmargin-bottom:30px;\n}\n.hr.av-20h70z1-86704690aa1d23f7202ac7c34e8d9428 .hr-inner{\nwidth:50px;\nborder-color:#9c9b9b;\n}\n<\/style>\n<div  class='hr av-20h70z1-86704690aa1d23f7202ac7c34e8d9428 hr-custom  avia-builder-el-13  el_after_av_heading  el_before_av_one_full  hr-left hr-icon-no '><span class='hr-inner inner-border-av-border-fat'><span class=\"hr-inner-style\"><\/span><\/span><\/div>\n<div class='flex_column av-1y16y1p-dc0e87edb8000abc81a5230884b5d44a av_one_full  avia-builder-el-14  el_after_av_hr  avia-builder-el-last  first flex_column_div '   ><style type=\"text\/css\" id=\"style-css-av-ls1sh2sp-f8f9b5c972ac61d748f33e8cbe05a1a1\">\n.avia-image-container.av-ls1sh2sp-f8f9b5c972ac61d748f33e8cbe05a1a1 .av-image-caption-overlay-center{\ncolor:#ffffff;\n}\n<\/style>\n<div  class='avia-image-container av-ls1sh2sp-f8f9b5c972ac61d748f33e8cbe05a1a1 av-styling- avia-align-center  avia-builder-el-15  avia-builder-el-no-sibling  '  itemprop=\"image\" itemscope=\"itemscope\" itemtype=\"https:\/\/schema.org\/ImageObject\" ><div class=\"avia-image-container-inner\"><div class=\"avia-image-overlay-wrap\"><img decoding=\"async\" class='wp-image-6033 avia-img-lazy-loading-not-6033 avia_image' src=\"https:\/\/alptek.com.tr\/tr\/wp-content\/uploads\/2024\/01\/2-1.jpg\" alt='' title=''  height=\"547\" width=\"1021\"  itemprop=\"thumbnailUrl\" srcset=\"https:\/\/alptek.com.tr\/tr\/wp-content\/uploads\/2024\/01\/2-1.jpg 1021w, https:\/\/alptek.com.tr\/tr\/wp-content\/uploads\/2024\/01\/2-1-300x161.jpg 300w, https:\/\/alptek.com.tr\/tr\/wp-content\/uploads\/2024\/01\/2-1-768x411.jpg 768w, https:\/\/alptek.com.tr\/tr\/wp-content\/uploads\/2024\/01\/2-1-705x378.jpg 705w\" sizes=\"(max-width: 1021px) 100vw, 1021px\" \/><\/div><\/div><\/div><\/div>\n\n<\/div><\/div><\/div><!-- close content main div --><\/div><\/div><div id='av_section_4'  class='avia-section av-2ovkhn-892b4e521d63213f81f4d5ae87a12d77 main_color avia-section-default avia-no-border-styling  avia-builder-el-16  el_after_av_section  el_before_av_postcontent  avia-bg-style-scroll  container_wrap sidebar_right'  ><div class='container av-section-cont-open' ><div class='template-page content  av-content-small alpha units'><div class='post-entry post-entry-type-page post-entry-2693'><div class='entry-content-wrapper clearfix'>\n<div class='flex_column av-1wpizct-e961911199098676bb55dee43d7016ea av_one_half  avia-builder-el-17  el_before_av_one_half  avia-builder-el-first  first flex_column_div '   ><p><div class='avia-data-table-wrap av-1ugk131-f07ea5b4d784b3b9e1d361b2f7ed3639 avia_responsive_table avia-table-1 '><table  class='avia-table avia-data-table avia_pricing_default  avia-builder-el-18  el_before_av_table  avia-builder-el-first  nvst-table'  itemscope=\"itemscope\" itemtype=\"https:\/\/schema.org\/Table\" ><tbody><tr class='avia-heading-row'><th class=''>\u00d6L\u00c7\u00dcLER<\/th><th class=''>(mm)<\/th><\/tr><tr class=''><td class=''>Geni\u015flik (W)<\/td><td class=''>900 \/ 1000 \/ 1100 \/ 1200 \/ 1300 \/ 1400 \/ 1500 \/ 1600 \/ 1700 \/ 1800 \/ 1900 \/ 2000<\/td><\/tr><tr class=''><td class=''>Derinlik<\/td><td class=''>310<\/td><\/tr><tr class=''><td class=''>Y\u00fckseklik<\/td><td class=''>235<\/td><\/tr><\/tbody><\/table><\/div><style type='text\/css'>.avia-table-1 td:nth-of-type(1):before { content: '\u00d6L\u00c7\u00dcLER'; } .avia-table-1 td:nth-of-type(2):before { content: '(mm)'; } <\/style><br \/>\n<div class='avia-data-table-wrap av-194tcst-66dab78bcc8847a598db65c33ca3b4dc avia_responsive_table avia-table-2 '><table  class='avia-table avia-data-table avia_pricing_default  avia-builder-el-19  el_after_av_table  avia-builder-el-last  nvst-table'  itemscope=\"itemscope\" itemtype=\"https:\/\/schema.org\/Table\" ><tbody><tr class='avia-heading-row'><th class=''>ELEKTR\u0130K<\/th><th class=''><\/th><\/tr><tr class=''><td class=''>Elektrik Prizleri<\/td><td class=''>IP44 220V-16A Elektrik Prizleri \/ Opsiyonel Trifaz Prizler<\/td><\/tr><\/tbody><\/table><\/div><style type='text\/css'>.avia-table-2 td:nth-of-type(1):before { content: 'ELEKTR\u0130K'; } .avia-table-2 td:nth-of-type(2):before { content: ''; } <\/style><\/p><\/div><div class='flex_column av-ik1jy5-933fae0fc5e93c5ceda8f97580683398 av_one_half  avia-builder-el-20  el_after_av_one_half  avia-builder-el-last  flex_column_div '   ><div class='avia-data-table-wrap av-hhrt6l-9943a29cdab99e0d11e89123b3213e2e avia_responsive_table avia-table-3 '><table  class='avia-table avia-data-table avia_pricing_default  avia-builder-el-21  avia-builder-el-no-sibling  nvst-table'  itemscope=\"itemscope\" itemtype=\"https:\/\/schema.org\/Table\" ><tbody><tr class='avia-heading-row'><th class=''>SU VE GAZ BA\u011eLANTILARI<\/th><th class=''><\/th><\/tr><tr class=''><td class=''>Su Ba\u011flant\u0131lar\u0131<\/td><td class=''>DIN 12898 Standard\u0131na uygundur.<br \/>\nArmat\u00fcr ve vanalar EN 13792 standard\u0131na uygun olup renk kodlar\u0131na sahiptir.<br \/>\nISO228\/1 Standard\u0131na ve B Tolerans S\u0131n\u0131f\u0131na uygundur.<br \/>\nDIN 12918&#8217;e uygun olarak \u00fcretilmi\u015ftir.<\/td><\/tr><tr class=''><td class=''>Gaz Ba\u011flant\u0131lar\u0131<\/td><td class=''>DIN 12898 Standard\u0131na uygundur.<br \/>\nArmat\u00fcr ve vanalar EN 13792 standard\u0131na uygun olup renk kodlar\u0131na sahiptir.<br \/>\nISO228\/1 Standard\u0131na ve B Tolerans S\u0131n\u0131f\u0131na uygundur.<br \/>\nDIN 12918&#8217;e uygun olarak \u00fcretilmi\u015ftir.<\/td><\/tr><\/tbody><\/table><\/div><style type='text\/css'>.avia-table-3 td:nth-of-type(1):before { content: 'SU VE GAZ BA\u011eLANTILARI'; } .avia-table-3 td:nth-of-type(2):before { content: ''; } <\/style><\/div>\n\n[av_section min_height='' min_height_pc='25' min_height_px='500px' padding='default' margin='' custom_margin='0px' svg_div_top='' svg_div_top_color='#333333' svg_div_top_width='100' svg_div_top_height='50' svg_div_top_max_height='none' svg_div_top_flip='' svg_div_top_invert='' svg_div_top_front='' svg_div_top_opacity='' svg_div_top_preview='' svg_div_bottom='' svg_div_bottom_color='#333333' svg_div_bottom_width='100' svg_div_bottom_height='50' svg_div_bottom_max_height='none' svg_div_bottom_flip='' svg_div_bottom_invert='' svg_div_bottom_front='' svg_div_bottom_opacity='' svg_div_bottom_preview='' color='main_color' background='bg_color' custom_bg='' background_gradient_direction='vertical' background_gradient_color1='#000000' background_gradient_color2='#ffffff' background_gradient_color3='' src='' attach='scroll' position='top left' repeat='no-repeat' video='' video_ratio='16:9' video_mobile_disabled='' overlay_enable='' overlay_opacity='0.5' overlay_color='' overlay_pattern='' overlay_custom_pattern='' shadow='no-border-styling' bottom_border='no-border-styling' bottom_border_diagonal_color='#333333' bottom_border_diagonal_direction='' bottom_border_style='' scroll_down='' custom_arrow_bg='' av-desktop-hide='' av-medium-hide='' av-small-hide='' av-mini-hide='' id='' custom_class='' template_class='' aria_label='' av_element_hidden_in_editor='0' av_uid='av-6x4clf' sc_version='1.0']\r\n\r\n[av_one_half first min_height='' vertical_alignment='av-align-top' space='' row_boxshadow='' row_boxshadow_color='' row_boxshadow_width='10' custom_margin='' margin='0px' mobile_breaking='' min_col_height='' padding='' svg_div_top='' svg_div_top_color='#333333' svg_div_top_width='100' svg_div_top_height='50' svg_div_top_max_height='none' svg_div_top_flip='' svg_div_top_invert='' svg_div_top_front='' svg_div_top_opacity='' svg_div_top_preview='' svg_div_bottom='' svg_div_bottom_color='#333333' svg_div_bottom_width='100' svg_div_bottom_height='50' svg_div_bottom_max_height='none' svg_div_bottom_flip='' svg_div_bottom_invert='' svg_div_bottom_front='' svg_div_bottom_opacity='' svg_div_bottom_preview='' border='' border_style='solid' border_color='' radius='' column_boxshadow='' column_boxshadow_color='' column_boxshadow_width='10' background='bg_color' background_color='' background_gradient_direction='vertical' background_gradient_color1='#000000' background_gradient_color2='#ffffff' background_gradient_color3='' src='' background_position='top left' background_repeat='no-repeat' highlight='' highlight_size='' animation='' link='' linktarget='' link_hover='' title_attr='' alt_attr='' mobile_display='' id='' custom_class='' template_class='' aria_label='' av_uid='av-57iewz' sc_version='1.0']\r\n\r\n[av_icon_box icon='ue854' font='entypo-fontello' title='TELEFON' position='top' icon_style='' boxed='' font_color='' custom_title='' custom_content='' color='' custom_bg='' custom_font='' custom_border='' custom_title_size='' av-medium-font-size-title='' av-small-font-size-title='' av-mini-font-size-title='' custom_content_size='' av-medium-font-size='' av-small-font-size='' av-mini-font-size='' heading_tag='' heading_class='' link='manually,tel:02165401772' linktarget='' linkelement='both' id='' custom_class='' template_class='' av_uid='av-3tsi6r' sc_version='1.0' admin_preview_bg='']\r\n<a href=\"tel:02165401772\">+90 (216) 540 17 72<\/a>\r\n[\/av_icon_box]\r\n\r\n[\/av_one_half][av_one_half min_height='' vertical_alignment='av-align-top' space='' row_boxshadow='' row_boxshadow_color='' row_boxshadow_width='10' custom_margin='' margin='0px' mobile_breaking='' min_col_height='' padding='' svg_div_top='' svg_div_top_color='#333333' svg_div_top_width='100' svg_div_top_height='50' svg_div_top_max_height='none' svg_div_top_flip='' svg_div_top_invert='' svg_div_top_front='' svg_div_top_opacity='' svg_div_top_preview='' svg_div_bottom='' svg_div_bottom_color='#333333' svg_div_bottom_width='100' svg_div_bottom_height='50' svg_div_bottom_max_height='none' svg_div_bottom_flip='' svg_div_bottom_invert='' svg_div_bottom_front='' svg_div_bottom_opacity='' svg_div_bottom_preview='' border='' border_style='solid' border_color='' radius='' column_boxshadow='' column_boxshadow_color='' column_boxshadow_width='10' background='bg_color' background_color='' background_gradient_direction='vertical' background_gradient_color1='#000000' background_gradient_color2='#ffffff' background_gradient_color3='' src='' background_position='top left' background_repeat='no-repeat' highlight='' highlight_size='' animation='' link='' linktarget='' link_hover='' title_attr='' alt_attr='' mobile_display='' id='' custom_class='' template_class='' aria_label='' av_uid='av-2fqt2r' sc_version='1.0']\r\n\r\n[av_icon_box icon='ue805' font='entypo-fontello' title='TEKL\u0130F AL' position='top' icon_style='' boxed='' font_color='' custom_title='' custom_content='' color='' custom_bg='' custom_font='' custom_border='' custom_title_size='' av-medium-font-size-title='' av-small-font-size-title='' av-mini-font-size-title='' custom_content_size='' av-medium-font-size='' av-small-font-size='' av-mini-font-size='' heading_tag='' heading_class='' link='manually,https:\/\/alptek.com.tr\/tr\/contactform\/?iframe=true' linktarget='' linkelement='both' id='' custom_class='' template_class='' av_uid='av-m3700cyk' sc_version='1.0' admin_preview_bg='']\r\n<a href=\"https:\/\/alptek.com.tr\/tr\/contactform\/?iframe=true\">B\u0130ZE ULA\u015eIN<\/a>\r\n[\/av_icon_box]\r\n\r\n[\/av_one_half][\/av_section]\n","protected":false},"excerpt":{"rendered":"","protected":false},"author":2,"featured_media":0,"parent":1868,"menu_order":0,"comment_status":"closed","ping_status":"closed","template":"","meta":{"footnotes":""},"_links":{"self":[{"href":"https:\/\/alptek.com.tr\/tr\/wp-json\/wp\/v2\/pages\/2693"}],"collection":[{"href":"https:\/\/alptek.com.tr\/tr\/wp-json\/wp\/v2\/pages"}],"about":[{"href":"https:\/\/alptek.com.tr\/tr\/wp-json\/wp\/v2\/types\/page"}],"author":[{"embeddable":true,"href":"https:\/\/alptek.com.tr\/tr\/wp-json\/wp\/v2\/users\/2"}],"replies":[{"embeddable":true,"href":"https:\/\/alptek.com.tr\/tr\/wp-json\/wp\/v2\/comments?post=2693"}],"version-history":[{"count":7,"href":"https:\/\/alptek.com.tr\/tr\/wp-json\/wp\/v2\/pages\/2693\/revisions"}],"predecessor-version":[{"id":7732,"href":"https:\/\/alptek.com.tr\/tr\/wp-json\/wp\/v2\/pages\/2693\/revisions\/7732"}],"up":[{"embeddable":true,"href":"https:\/\/alptek.com.tr\/tr\/wp-json\/wp\/v2\/pages\/1868"}],"wp:attachment":[{"href":"https:\/\/alptek.com.tr\/tr\/wp-json\/wp\/v2\/media?parent=2693"}],"curies":[{"name":"wp","href":"https:\/\/api.w.org\/{rel}","templated":true}]}}