{"id":2493,"date":"2023-10-04T10:49:51","date_gmt":"2023-10-04T10:49:51","guid":{"rendered":"https:\/\/alptek.com.tr\/?page_id=2493"},"modified":"2024-11-08T13:01:46","modified_gmt":"2024-11-08T13:01:46","slug":"karbon-filtreli-hava-temizleyici","status":"publish","type":"page","link":"https:\/\/alptek.com.tr\/tr\/laboratuvar-sistemleri\/karbon-filtreli-hava-temizleyici\/","title":{"rendered":"Karbon Filtreli Hava Temizleyici"},"content":{"rendered":"<div id='layer_slider_1'  class='avia-layerslider main_color avia-shadow  avia-builder-el-0  el_before_av_section  avia-builder-el-first  container_wrap sidebar_right'  style='height: 666px; max-width: 1920px; margin: 0 auto;'  ><\/div>\n<div id='av_section_1'  class='avia-section av-21ylfx-fa546a1d3cc9e8cf2288df504802525b main_color avia-section-default avia-no-border-styling  avia-builder-el-1  el_after_av_layerslider  el_before_av_section  avia-bg-style-scroll  container_wrap sidebar_right'  ><div class='container av-section-cont-open' ><div class='template-page content  av-content-small alpha units'><div class='post-entry post-entry-type-page post-entry-2493'><div class='entry-content-wrapper clearfix'>\n\n<style type=\"text\/css\" id=\"style-css-av-ls1ve3lx-2767613e3d219607333304001a402d68\">\n#top .av-special-heading.av-ls1ve3lx-2767613e3d219607333304001a402d68{\npadding-bottom:10px;\nfont-size:32px;\n}\n<\/style>\n<div  class='av-special-heading av-ls1ve3lx-2767613e3d219607333304001a402d68 av-special-heading-h1 blockquote modern-quote modern-centered  avia-builder-el-2  el_before_av_hr  avia-builder-el-first  av-inherit-size '><h1 class='av-special-heading-tag '  itemprop=\"headline\"  >KARBON F\u0130LTREL\u0130 HAVA TEM\u0130ZLEY\u0130C\u0130<\/h1><div class='special-heading-border'><div class='special-heading-inner-border'><\/div><\/div><\/div>\n\n<style type=\"text\/css\" id=\"style-css-av-ls1veqre-be0b89853e09407cb7b29f82aed6a8d2\">\n.hr.av-ls1veqre-be0b89853e09407cb7b29f82aed6a8d2{\nmargin-top:0px;\nmargin-bottom:30px;\n}\n.hr.av-ls1veqre-be0b89853e09407cb7b29f82aed6a8d2 .hr-inner{\nwidth:100px;\nborder-color:#9c9b9b;\n}\n<\/style>\n<div  class='hr av-ls1veqre-be0b89853e09407cb7b29f82aed6a8d2 hr-custom  avia-builder-el-3  el_after_av_heading  el_before_av_textblock  hr-center hr-icon-no '><span class='hr-inner inner-border-av-border-fat'><span class=\"hr-inner-style\"><\/span><\/span><\/div>\n<section class=\"av_textblock_section \"  itemscope=\"itemscope\" itemtype=\"https:\/\/schema.org\/CreativeWork\" ><div class='avia_textblock  '  style='font-size:24px; '  itemprop=\"text\" ><p>Alptek&#8217;in Karbon Filtreli Hava Temizleme Cihaz\u0131, depolad\u0131\u011f\u0131n\u0131z kimyasallar\u0131n g\u00fcvenli\u011fini \u00f6n planda tutan, kimyasal saklama dolaplar\u0131 i\u00e7in titizlikle haz\u0131rlanm\u0131\u015f \u00f6zel bir \u00e7\u00f6z\u00fcmd\u00fcr. M\u00fckemmellik i\u00e7in tasarlanan bu ar\u0131t\u0131c\u0131, potansiyel olarak zararl\u0131 kimyasal dumanlar\u0131, buharlar\u0131 ve kirletici maddeleri etkili bir \u015fekilde ortadan kald\u0131r\u0131r ve n\u00f6tralize eder. Kabin i\u00e7indeki hava kalitesi ve g\u00fcvenlik standartlar\u0131n\u0131 s\u00fcrekli olarak koruyarak kimyasal maddelere maruz kalma riskini \u00f6nemli \u00f6l\u00e7\u00fcde azalt\u0131r. Kimyasal tehlikelere kar\u015f\u0131 koruman\u0131n kritik oldu\u011fu laboratuvar ve end\u00fcstriyel ortamlarda, ar\u0131t\u0131c\u0131m\u0131z tehlikeli veya u\u00e7ucu kimyasallar i\u00e7in g\u00fcvenli bir depolama ortam\u0131 sa\u011flayarak vazge\u00e7ilmez bir varl\u0131k haline gelir. Benzersiz kimyasal depolama g\u00fcvenli\u011fi i\u00e7in Alptek&#8217;e g\u00fcvenin.<\/p>\n<\/div><\/section>\n\n<\/div><\/div><\/div><!-- close content main div --><\/div><\/div><div id='av_section_2'  class='avia-section av-224lhp-52f2aeaaaba263d6d63571e0c3477475 main_color avia-section-default avia-no-border-styling  avia-builder-el-5  el_after_av_section  el_before_av_section  avia-bg-style-scroll  container_wrap sidebar_right'  ><div class='container av-section-cont-open' ><div class='template-page content  av-content-small alpha units'><div class='post-entry post-entry-type-page post-entry-2493'><div class='entry-content-wrapper clearfix'>\n\n<style type=\"text\/css\" id=\"style-css-av-ls1vfyce-090766d7f9245f99c1679905bbb910ff\">\n#top .av-special-heading.av-ls1vfyce-090766d7f9245f99c1679905bbb910ff{\npadding-bottom:10px;\nfont-size:18px;\n}\n<\/style>\n<div  class='av-special-heading av-ls1vfyce-090766d7f9245f99c1679905bbb910ff av-special-heading-h2 blockquote modern-quote  avia-builder-el-6  el_before_av_hr  avia-builder-el-first  av-thin-font av-inherit-size '><h2 class='av-special-heading-tag '  itemprop=\"headline\"  ><strong>\u00dcR\u00dcNLER<\/strong><\/h2><div class='special-heading-border'><div class='special-heading-inner-border'><\/div><\/div><\/div>\n\n<style type=\"text\/css\" id=\"style-css-av-ls1vgdsr-d5a40a99278e1f9991818f58bc97333f\">\n.hr.av-ls1vgdsr-d5a40a99278e1f9991818f58bc97333f{\nmargin-top:0px;\nmargin-bottom:30px;\n}\n.hr.av-ls1vgdsr-d5a40a99278e1f9991818f58bc97333f .hr-inner{\nwidth:50px;\nborder-color:#9c9b9b;\n}\n<\/style>\n<div  class='hr av-ls1vgdsr-d5a40a99278e1f9991818f58bc97333f hr-custom  avia-builder-el-7  el_after_av_heading  el_before_av_image  hr-left hr-icon-no '><span class='hr-inner inner-border-av-border-fat'><span class=\"hr-inner-style\"><\/span><\/span><\/div>\n\n<style type=\"text\/css\" id=\"style-css-av-ls1vgt3o-772463bb60151acdd7d67545267c7900\">\n.avia-image-container.av-ls1vgt3o-772463bb60151acdd7d67545267c7900 .av-image-caption-overlay-center{\ncolor:#ffffff;\n}\n<\/style>\n<div  class='avia-image-container av-ls1vgt3o-772463bb60151acdd7d67545267c7900 av-styling- avia-align-center  avia-builder-el-8  el_after_av_hr  avia-builder-el-last  '  itemprop=\"image\" itemscope=\"itemscope\" itemtype=\"https:\/\/schema.org\/ImageObject\" ><div class=\"avia-image-container-inner\"><div class=\"avia-image-overlay-wrap\"><img decoding=\"async\" class='wp-image-6069 avia-img-lazy-loading-not-6069 avia_image' src=\"https:\/\/alptek.com.tr\/tr\/wp-content\/uploads\/2024\/01\/Filtre-2.jpg\" alt='' title=''  height=\"718\" width=\"1000\"  itemprop=\"thumbnailUrl\" srcset=\"https:\/\/alptek.com.tr\/tr\/wp-content\/uploads\/2024\/01\/Filtre-2.jpg 1000w, https:\/\/alptek.com.tr\/tr\/wp-content\/uploads\/2024\/01\/Filtre-2-300x215.jpg 300w, https:\/\/alptek.com.tr\/tr\/wp-content\/uploads\/2024\/01\/Filtre-2-768x551.jpg 768w, https:\/\/alptek.com.tr\/tr\/wp-content\/uploads\/2024\/01\/Filtre-2-705x506.jpg 705w\" sizes=\"(max-width: 1000px) 100vw, 1000px\" \/><\/div><\/div><\/div>\n\n<\/div><\/div><\/div><!-- close content main div --><\/div><\/div><div id='av_section_3'  class='avia-section av-rgut9-b980b22741acad48100764bf34ab9381 main_color avia-section-default avia-no-border-styling  avia-builder-el-9  el_after_av_section  el_before_av_postcontent  avia-bg-style-scroll  container_wrap sidebar_right'  ><div class='container av-section-cont-open' ><div class='template-page content  av-content-small alpha units'><div class='post-entry post-entry-type-page post-entry-2493'><div class='entry-content-wrapper clearfix'>\n\n<style type=\"text\/css\" id=\"style-css-av-ls1vhjy1-16c550a8f075766b74f57e30a390613e\">\n#top .av-special-heading.av-ls1vhjy1-16c550a8f075766b74f57e30a390613e{\npadding-bottom:10px;\nfont-size:18px;\n}\n<\/style>\n<div  class='av-special-heading av-ls1vhjy1-16c550a8f075766b74f57e30a390613e av-special-heading-h2 blockquote modern-quote  avia-builder-el-10  el_before_av_hr  avia-builder-el-first  av-thin-font av-inherit-size '><h2 class='av-special-heading-tag '  itemprop=\"headline\"  ><strong>DETAYLAR<\/strong><\/h2><div class='special-heading-border'><div class='special-heading-inner-border'><\/div><\/div><\/div>\n\n<style type=\"text\/css\" id=\"style-css-av-37k5h9-d13a6b34856f4a3102417ac9ac524302\">\n.hr.av-37k5h9-d13a6b34856f4a3102417ac9ac524302{\nmargin-top:0px;\nmargin-bottom:30px;\n}\n.hr.av-37k5h9-d13a6b34856f4a3102417ac9ac524302 .hr-inner{\nwidth:50px;\nborder-color:#9c9b9b;\n}\n<\/style>\n<div  class='hr av-37k5h9-d13a6b34856f4a3102417ac9ac524302 hr-custom  avia-builder-el-11  el_after_av_heading  el_before_av_one_half  hr-left hr-icon-no '><span class='hr-inner inner-border-av-border-fat'><span class=\"hr-inner-style\"><\/span><\/span><\/div>\n<div class='flex_column av-6e4lf1-b3f9bea984f2a07720c0b10727d1bdd5 av_one_half  avia-builder-el-12  el_after_av_hr  el_before_av_one_half  first flex_column_div '   ><style type=\"text\/css\" id=\"style-css-av-ls1vij0u-4be4b50957ca3c70ec6b9fdfb48c7d2a\">\n.avia-image-container.av-ls1vij0u-4be4b50957ca3c70ec6b9fdfb48c7d2a .av-image-caption-overlay-center{\ncolor:#ffffff;\n}\n<\/style>\n<div  class='avia-image-container av-ls1vij0u-4be4b50957ca3c70ec6b9fdfb48c7d2a av-styling- avia-align-center  avia-builder-el-13  avia-builder-el-no-sibling  '  itemprop=\"image\" itemscope=\"itemscope\" itemtype=\"https:\/\/schema.org\/ImageObject\" ><div class=\"avia-image-container-inner\"><div class=\"avia-image-overlay-wrap\"><img decoding=\"async\" class='wp-image-6072 avia-img-lazy-loading-not-6072 avia_image' src=\"https:\/\/alptek.com.tr\/tr\/wp-content\/uploads\/2024\/01\/image-22.jpg\" alt='' title=''  height=\"622\" width=\"696\"  itemprop=\"thumbnailUrl\" srcset=\"https:\/\/alptek.com.tr\/tr\/wp-content\/uploads\/2024\/01\/image-22.jpg 696w, https:\/\/alptek.com.tr\/tr\/wp-content\/uploads\/2024\/01\/image-22-300x268.jpg 300w\" sizes=\"(max-width: 696px) 100vw, 696px\" \/><\/div><\/div><\/div><\/div><div class='flex_column av-4hv171-ece9408712c85f110480ec68a56e4089 av_one_half  avia-builder-el-14  el_after_av_one_half  avia-builder-el-last  flex_column_div '   ><section class=\"av_textblock_section \"  itemscope=\"itemscope\" itemtype=\"https:\/\/schema.org\/CreativeWork\" ><div class='avia_textblock  '  style='font-size:16px; '  itemprop=\"text\" ><p>Alptek&#8217;in Karbon Filtreli Hava Temizleme Cihaz\u0131, Kimyasal Depolama Kabinlerinin \u00f6zel gereksinimlerine g\u00f6re ustal\u0131kla tasarlanm\u0131\u015f olup, kabin i\u00e7indeki hava kalitesini ve g\u00fcvenli\u011fini korumak i\u00e7in kapsaml\u0131 bir \u00e7\u00f6z\u00fcm sunar.<\/p>\n<p>Ar\u0131tma cihaz\u0131n\u0131n tasar\u0131m\u0131, havaland\u0131rma sistemi ile kabinin havaland\u0131rma delikleri aras\u0131nda kusursuz bir uyum sa\u011flayarak hava ge\u00e7irmez bir uyumluluk sa\u011flar.<\/p>\n<p>\u00dcr\u00fcn\u00fcn kabindeki kirli havay\u0131 al\u0131p geli\u015fmi\u015f karbon filtre sistemine y\u00f6nlendirmesiyle ar\u0131tma s\u00fcreci ba\u015fl\u0131yor. Bu sistemdeki karbon filtre, zararl\u0131 kimyasal dumanlar\u0131, buharlar\u0131 ve kirletici maddeleri verimli bir \u015fekilde emip n\u00f6tralize ederek havay\u0131 saf ve g\u00fcvenli b\u0131rak\u0131r.<\/p>\n<p>Hassas bir \u015fekilde tasarlanm\u0131\u015f bir fanla \u00e7al\u0131\u015ft\u0131r\u0131lan ar\u0131t\u0131c\u0131, daha sonra bu taze ar\u0131t\u0131lm\u0131\u015f havay\u0131 kabine geri vererek s\u0131k\u0131 g\u00fcvenlik standartlar\u0131na uygun bir ortam sa\u011flar.<\/p>\n<p>Alptek&#8217;in Karbon Filtreli Hava Temizleme Cihaz\u0131, kimyasal depolama ortamlar\u0131nda en y\u00fcksek g\u00fcvenli\u011fi ve hava kalitesini koruma konusunda g\u00fcvenilir orta\u011f\u0131n\u0131zd\u0131r.<\/p>\n<\/div><\/section><\/div>\n\n[av_section min_height='' min_height_pc='25' min_height_px='500px' padding='default' margin='' custom_margin='0px' svg_div_top='' svg_div_top_color='#333333' svg_div_top_width='100' svg_div_top_height='50' svg_div_top_max_height='none' svg_div_top_flip='' svg_div_top_invert='' svg_div_top_front='' svg_div_top_opacity='' svg_div_top_preview='' svg_div_bottom='' svg_div_bottom_color='#333333' svg_div_bottom_width='100' svg_div_bottom_height='50' svg_div_bottom_max_height='none' svg_div_bottom_flip='' svg_div_bottom_invert='' svg_div_bottom_front='' svg_div_bottom_opacity='' svg_div_bottom_preview='' color='main_color' background='bg_color' custom_bg='' background_gradient_direction='vertical' background_gradient_color1='#000000' background_gradient_color2='#ffffff' background_gradient_color3='' src='' attach='scroll' position='top left' repeat='no-repeat' video='' video_ratio='16:9' video_mobile_disabled='' overlay_enable='' overlay_opacity='0.5' overlay_color='' overlay_pattern='' overlay_custom_pattern='' shadow='no-border-styling' bottom_border='no-border-styling' bottom_border_diagonal_color='#333333' bottom_border_diagonal_direction='' bottom_border_style='' scroll_down='' custom_arrow_bg='' av-desktop-hide='' av-medium-hide='' av-small-hide='' av-mini-hide='' id='' custom_class='' template_class='' aria_label='' av_element_hidden_in_editor='0' av_uid='av-6x4clf' sc_version='1.0']\r\n\r\n[av_one_half first min_height='' vertical_alignment='av-align-top' space='' row_boxshadow='' row_boxshadow_color='' row_boxshadow_width='10' custom_margin='' margin='0px' mobile_breaking='' min_col_height='' padding='' svg_div_top='' svg_div_top_color='#333333' svg_div_top_width='100' svg_div_top_height='50' svg_div_top_max_height='none' svg_div_top_flip='' svg_div_top_invert='' svg_div_top_front='' svg_div_top_opacity='' svg_div_top_preview='' svg_div_bottom='' svg_div_bottom_color='#333333' svg_div_bottom_width='100' svg_div_bottom_height='50' svg_div_bottom_max_height='none' svg_div_bottom_flip='' svg_div_bottom_invert='' svg_div_bottom_front='' svg_div_bottom_opacity='' svg_div_bottom_preview='' border='' border_style='solid' border_color='' radius='' column_boxshadow='' column_boxshadow_color='' column_boxshadow_width='10' background='bg_color' background_color='' background_gradient_direction='vertical' background_gradient_color1='#000000' background_gradient_color2='#ffffff' background_gradient_color3='' src='' background_position='top left' background_repeat='no-repeat' highlight='' highlight_size='' animation='' link='' linktarget='' link_hover='' title_attr='' alt_attr='' mobile_display='' id='' custom_class='' template_class='' aria_label='' av_uid='av-57iewz' sc_version='1.0']\r\n\r\n[av_icon_box icon='ue854' font='entypo-fontello' title='TELEFON' position='top' icon_style='' boxed='' font_color='' custom_title='' custom_content='' color='' custom_bg='' custom_font='' custom_border='' custom_title_size='' av-medium-font-size-title='' av-small-font-size-title='' av-mini-font-size-title='' custom_content_size='' av-medium-font-size='' av-small-font-size='' av-mini-font-size='' heading_tag='' heading_class='' link='manually,tel:02165401772' linktarget='' linkelement='both' id='' custom_class='' template_class='' av_uid='av-3tsi6r' sc_version='1.0' admin_preview_bg='']\r\n<a href=\"tel:02165401772\">+90 (216) 540 17 72<\/a>\r\n[\/av_icon_box]\r\n\r\n[\/av_one_half][av_one_half min_height='' vertical_alignment='av-align-top' space='' row_boxshadow='' row_boxshadow_color='' row_boxshadow_width='10' custom_margin='' margin='0px' mobile_breaking='' min_col_height='' padding='' svg_div_top='' svg_div_top_color='#333333' svg_div_top_width='100' svg_div_top_height='50' svg_div_top_max_height='none' svg_div_top_flip='' svg_div_top_invert='' svg_div_top_front='' svg_div_top_opacity='' svg_div_top_preview='' svg_div_bottom='' svg_div_bottom_color='#333333' svg_div_bottom_width='100' svg_div_bottom_height='50' svg_div_bottom_max_height='none' svg_div_bottom_flip='' svg_div_bottom_invert='' svg_div_bottom_front='' svg_div_bottom_opacity='' svg_div_bottom_preview='' border='' border_style='solid' border_color='' radius='' column_boxshadow='' column_boxshadow_color='' column_boxshadow_width='10' background='bg_color' background_color='' background_gradient_direction='vertical' background_gradient_color1='#000000' background_gradient_color2='#ffffff' background_gradient_color3='' src='' background_position='top left' background_repeat='no-repeat' highlight='' highlight_size='' animation='' link='' linktarget='' link_hover='' title_attr='' alt_attr='' mobile_display='' id='' custom_class='' template_class='' aria_label='' av_uid='av-2fqt2r' sc_version='1.0']\r\n\r\n[av_icon_box icon='ue805' font='entypo-fontello' title='TEKL\u0130F AL' position='top' icon_style='' boxed='' font_color='' custom_title='' custom_content='' color='' custom_bg='' custom_font='' custom_border='' custom_title_size='' av-medium-font-size-title='' av-small-font-size-title='' av-mini-font-size-title='' custom_content_size='' av-medium-font-size='' av-small-font-size='' av-mini-font-size='' heading_tag='' heading_class='' link='manually,https:\/\/alptek.com.tr\/tr\/contactform\/?iframe=true' linktarget='' linkelement='both' id='' custom_class='' template_class='' av_uid='av-m3700cyk' sc_version='1.0' admin_preview_bg='']\r\n<a href=\"https:\/\/alptek.com.tr\/tr\/contactform\/?iframe=true\">B\u0130ZE ULA\u015eIN<\/a>\r\n[\/av_icon_box]\r\n\r\n[\/av_one_half][\/av_section]\n","protected":false},"excerpt":{"rendered":"","protected":false},"author":2,"featured_media":0,"parent":1868,"menu_order":0,"comment_status":"closed","ping_status":"closed","template":"","meta":{"footnotes":""},"_links":{"self":[{"href":"https:\/\/alptek.com.tr\/tr\/wp-json\/wp\/v2\/pages\/2493"}],"collection":[{"href":"https:\/\/alptek.com.tr\/tr\/wp-json\/wp\/v2\/pages"}],"about":[{"href":"https:\/\/alptek.com.tr\/tr\/wp-json\/wp\/v2\/types\/page"}],"author":[{"embeddable":true,"href":"https:\/\/alptek.com.tr\/tr\/wp-json\/wp\/v2\/users\/2"}],"replies":[{"embeddable":true,"href":"https:\/\/alptek.com.tr\/tr\/wp-json\/wp\/v2\/comments?post=2493"}],"version-history":[{"count":5,"href":"https:\/\/alptek.com.tr\/tr\/wp-json\/wp\/v2\/pages\/2493\/revisions"}],"predecessor-version":[{"id":7738,"href":"https:\/\/alptek.com.tr\/tr\/wp-json\/wp\/v2\/pages\/2493\/revisions\/7738"}],"up":[{"embeddable":true,"href":"https:\/\/alptek.com.tr\/tr\/wp-json\/wp\/v2\/pages\/1868"}],"wp:attachment":[{"href":"https:\/\/alptek.com.tr\/tr\/wp-json\/wp\/v2\/media?parent=2493"}],"curies":[{"name":"wp","href":"https:\/\/api.w.org\/{rel}","templated":true}]}}