{"id":2414,"date":"2023-10-04T07:35:18","date_gmt":"2023-10-04T07:35:18","guid":{"rendered":"https:\/\/alptek.com.tr\/?page_id=2414"},"modified":"2024-11-08T12:49:21","modified_gmt":"2024-11-08T12:49:21","slug":"yangina-dayanikli-kimyasal-saklama-dolabi","status":"publish","type":"page","link":"https:\/\/alptek.com.tr\/tr\/laboratuvar-sistemleri\/yangina-dayanikli-kimyasal-saklama-dolabi\/","title":{"rendered":"Yang\u0131na Dayan\u0131kl\u0131 Kimyasal Saklama Dolab\u0131"},"content":{"rendered":"<div id='layer_slider_1'  class='avia-layerslider main_color avia-shadow  avia-builder-el-0  el_before_av_section  avia-builder-el-first  container_wrap sidebar_right'  style='height: 501px; max-width: 1920px; margin: 0 auto;'  ><\/div>\n<div id='av_section_1'  class='avia-section av-2gwkdt-48192ee572c71ea5f6943d2c09f5452c main_color avia-section-default avia-no-border-styling  avia-builder-el-1  el_after_av_layerslider  el_before_av_section  avia-bg-style-scroll  container_wrap sidebar_right'  ><div class='container av-section-cont-open' ><div class='template-page content  av-content-small alpha units'><div class='post-entry post-entry-type-page post-entry-2414'><div class='entry-content-wrapper clearfix'>\n\n<style type=\"text\/css\" id=\"style-css-av-lrym7jeh-5e0d53d2c413c8942be42a1aaab8e67b\">\n#top .av-special-heading.av-lrym7jeh-5e0d53d2c413c8942be42a1aaab8e67b{\npadding-bottom:10px;\nfont-size:32px;\n}\n<\/style>\n<div  class='av-special-heading av-lrym7jeh-5e0d53d2c413c8942be42a1aaab8e67b av-special-heading-h1 blockquote modern-quote modern-centered  avia-builder-el-2  el_before_av_hr  avia-builder-el-first  av-inherit-size '><h1 class='av-special-heading-tag '  itemprop=\"headline\"  >YANGINA DAYANIKLI K\u0130MYASAL SAKLAMA DOLABI<\/h1><div class='special-heading-border'><div class='special-heading-inner-border'><\/div><\/div><\/div>\n\n<style type=\"text\/css\" id=\"style-css-av-lrym8c56-2dbf0ecd82032c802a9b2080046ee321\">\n.hr.av-lrym8c56-2dbf0ecd82032c802a9b2080046ee321{\nmargin-top:0px;\nmargin-bottom:30px;\n}\n.hr.av-lrym8c56-2dbf0ecd82032c802a9b2080046ee321 .hr-inner{\nwidth:100px;\nborder-color:#9c9b9b;\n}\n<\/style>\n<div  class='hr av-lrym8c56-2dbf0ecd82032c802a9b2080046ee321 hr-custom  avia-builder-el-3  el_after_av_heading  el_before_av_textblock  hr-center hr-icon-no '><span class='hr-inner inner-border-av-border-fat'><span class=\"hr-inner-style\"><\/span><\/span><\/div>\n<section class=\"av_textblock_section \"  itemscope=\"itemscope\" itemtype=\"https:\/\/schema.org\/CreativeWork\" ><div class='avia_textblock  '  style='font-size:24px; '  itemprop=\"text\" ><p>Alptek&#8217;in yang\u0131na dayan\u0131kl\u0131 kimyasal saklama dolab\u0131, laboratuvar\u0131n\u0131z\u0131 kimyasal depolamayla ilgili risklerden korumak i\u00e7in tasarlanm\u0131\u015f sa\u011flam ve g\u00fcvenilir bir \u00e7\u00f6z\u00fcmd\u00fcr. Hassas bir \u015fekilde tasarlanan dolaplar\u0131m\u0131z ola\u011fan\u00fcst\u00fc yang\u0131n direnci sunarak de\u011ferli kimyasallar\u0131n korunmas\u0131n\u0131 sa\u011flar ve yang\u0131nlar\u0131n yay\u0131lmas\u0131n\u0131 \u00f6nler. Bu dolaplar, s\u0131k\u0131 g\u00fcvenlik standartlar\u0131n\u0131 kar\u015f\u0131layacak \u015fekilde titizlikle haz\u0131rlanm\u0131\u015f olup, yan\u0131c\u0131 ve tehlikeli maddelerin depolanmas\u0131 i\u00e7in g\u00fcvenli bir ortam sa\u011flamaktad\u0131r. Alptek&#8217;in yang\u0131na dayan\u0131kl\u0131 kimyasal saklama dolab\u0131 ile laboratuvar\u0131n\u0131z\u0131n kimyasal depolama ihtiya\u00e7lar\u0131nda \u00fcst\u00fcn kaliteye, g\u00f6n\u00fcl rahatl\u0131\u011f\u0131na ve tavizsiz g\u00fcvenli\u011fe g\u00fcvenebilirsiniz.<\/p>\n<\/div><\/section>\n\n<\/div><\/div><\/div><!-- close content main div --><\/div><\/div><div id='av_section_2'  class='avia-section av-3a3vlt-e24cbd49a1a0e1d428d531ed3ec8a1ce main_color avia-section-default avia-no-border-styling  avia-builder-el-5  el_after_av_section  el_before_av_tab_section  avia-bg-style-scroll  container_wrap sidebar_right'  ><div class='container av-section-cont-open' ><div class='template-page content  av-content-small alpha units'><div class='post-entry post-entry-type-page post-entry-2414'><div class='entry-content-wrapper clearfix'>\n<div class='flex_column av-80fs29-facd102a698d23c25bb322373b5a5587 av_one_fifth  avia-builder-el-6  el_before_av_three_fifth  avia-builder-el-first  first flex_column_div '   ><\/div><div class='flex_column av-5q8oa9-11c3e77f00ff8d1f9704317cbdb88cab av_three_fifth  avia-builder-el-7  el_after_av_one_fifth  el_before_av_one_fifth  flex_column_div '   ><div   data-size='no scaling'  data-lightbox_size='large'  data-animation='slide'  data-conditional_play=''  data-ids='5641,5642'  data-video_counter='0'  data-autoplay='false'  data-bg_slider='false'  data-slide_height=''  data-handle='av_slideshow'  data-interval='5'  data-class=' avia-builder-el-8  avia-builder-el-no-sibling  '  data-el_id=''  data-css_id=''  data-scroll_down=''  data-control_layout='av-control-default'  data-custom_markup=''  data-perma_caption=''  data-autoplay_stopper=''  data-image_attachment=''  data-min_height='0px'  data-lazy_loading='disabled'  class='avia-slideshow avia-slideshow-1  av-control-default av-default-height-applied avia-slideshow-no scaling av_slideshow  avia-builder-el-8  avia-builder-el-no-sibling   avia-slide-slider '  itemprop=\"image\" itemscope=\"itemscope\" itemtype=\"https:\/\/schema.org\/ImageObject\" ><ul class='avia-slideshow-inner ' style='padding-bottom: 108.33333333333%;' ><li  class=' slide-1 ' ><div data-rel='slideshow-1' class='avia-slide-wrap '   ><img decoding=\"async\" class=\"wp-image-5641 avia-img-lazy-loading-not-5641\"  src=\"https:\/\/alptek.com.tr\/tr\/wp-content\/uploads\/2024\/01\/fire-resistant-chemical-storage-cabinet-2-alptek.jpg\" width=\"600\" height=\"650\" title='fire-resistant-chemical-storage-cabinet-2-alptek' alt=''  itemprop=\"thumbnailUrl\" srcset=\"https:\/\/alptek.com.tr\/tr\/wp-content\/uploads\/2024\/01\/fire-resistant-chemical-storage-cabinet-2-alptek.jpg 600w, https:\/\/alptek.com.tr\/tr\/wp-content\/uploads\/2024\/01\/fire-resistant-chemical-storage-cabinet-2-alptek-277x300.jpg 277w\" sizes=\"(max-width: 600px) 100vw, 600px\" \/><\/div><\/li><li  class=' slide-2 ' ><div data-rel='slideshow-1' class='avia-slide-wrap '   ><img decoding=\"async\" class=\"wp-image-5642 avia-img-lazy-loading-not-5642\"  src=\"https:\/\/alptek.com.tr\/tr\/wp-content\/uploads\/2024\/01\/fire-resistant-chemical-storage-cabinet-3-alptek.jpg\" width=\"600\" height=\"650\" title='fire-resistant-chemical-storage-cabinet-3-alptek' alt=''  itemprop=\"thumbnailUrl\" srcset=\"https:\/\/alptek.com.tr\/tr\/wp-content\/uploads\/2024\/01\/fire-resistant-chemical-storage-cabinet-3-alptek.jpg 600w, https:\/\/alptek.com.tr\/tr\/wp-content\/uploads\/2024\/01\/fire-resistant-chemical-storage-cabinet-3-alptek-277x300.jpg 277w\" sizes=\"(max-width: 600px) 100vw, 600px\" \/><\/div><\/li><\/ul><div class='avia-slideshow-arrows avia-slideshow-controls' ><a href='#prev' class='prev-slide ' aria-hidden='true' data-av_icon='\ue87c' data-av_iconfont='entypo-fontello' aria-hidden='true' tabindex='-1'>\u00d6nceki<\/a><a href='#next' class='next-slide ' aria-hidden='true' data-av_icon='\ue87d' data-av_iconfont='entypo-fontello' aria-hidden='true' tabindex='-1'>Sonraki<\/a><\/div><div class='avia-slideshow-dots avia-slideshow-controls'><a href='#1' class='goto-slide active' >1<\/a><a href='#2' class='goto-slide ' >2<\/a><\/div><\/div><\/div><div class='flex_column av-2ctbgh-8ecfcddb4d03f312c7c132ff2ab842fb av_one_fifth  avia-builder-el-9  el_after_av_three_fifth  avia-builder-el-last  flex_column_div '   ><\/div>\n\n<\/div><\/div><\/div><!-- close content main div --><\/div><\/div><div id='av-tab-section-1'  class='av-tab-section-container entry-content-wrapper main_color av-tab-no-transition av-tab-content-auto  av-tab-above-content  avia-builder-el-10  el_after_av_section  el_before_av_postcontent  submenu-not-first container_wrap sidebar_right'  ><div class='av-tab-section-outer-container'><div class='av-tab-section-tab-title-container avia-tab-title-padding-default '  role='tablist'><a href='#av-tab-section-1-1-link' data-av-tab-section-title='1' class='av-section-tab-title av-active-tab-title no-scroll av-tab-no-icon av-tab-no-image  ' role='tab' tabindex='0' aria-controls='av-tab-section-1-1'><span class='av-outer-tab-title'><span class='av-inner-tab-title'>\u00d6ZELL\u0130KLER<\/span><\/span><span class='av-tab-arrow-container'><span><\/span><\/span><\/a><a href='#aiklama' data-av-tab-section-title='2' class='av-section-tab-title  av-tab-no-icon av-tab-no-image  ' role='tab' tabindex='0' aria-controls='av-tab-section-1-2'><span class='av-outer-tab-title'><span class='av-inner-tab-title'>A\u00c7IKLAMA<\/span><\/span><span class='av-tab-arrow-container'><span><\/span><\/span><\/a><\/div><div class='avia-slideshow-arrows av-tabsection-arrow' ><a href='#prev' class='prev-slide av_prev_tab_section av-tab-section-slide' aria-hidden='true' data-av_icon='\ue87c' data-av_iconfont='entypo-fontello' aria-hidden='true' tabindex='-1'>\u00d6nceki<\/a><a href='#next' class='next-slide av_next_tab_section av-tab-section-slide' aria-hidden='true' data-av_icon='\ue87d' data-av_iconfont='entypo-fontello' aria-hidden='true' tabindex='-1'>Sonraki<\/a><\/div><div class='av-tab-section-inner-container avia-section-default' style='width:200vw; left:0%;'><span class='av_prev_tab_section av_tab_navigation'><\/span><span class='av_next_tab_section av_tab_navigation'><\/span>\n<div id=\"av-tab-section-1-1\" data-av-tab-section-content=\"1\" class=\"av-layout-tab av-animation-delay-container av-active-tab-content __av_init_open  avia-builder-el-11  el_before_av_tab_sub_section  avia-builder-el-first   \" style='vertical-align:top; '  data-tab-section-id=\"av-tab-section-1-1\"><div class='av-layout-tab-inner'><div class='container'><p><div class='flex_column av-qa8wqm-db1e68e3a45ada21f5e58853de362dad av_one_full  avia-builder-el-12  el_before_av_one_half  avia-builder-el-first  first flex_column_div '   ><style type=\"text\/css\" id=\"style-css-av-lyig8m29-e2494e6ba851d8247427e6273a272863\">\n.avia-image-container.av-lyig8m29-e2494e6ba851d8247427e6273a272863 .av-image-caption-overlay-center{\ncolor:#ffffff;\n}\n<\/style>\n<div  class='avia-image-container av-lyig8m29-e2494e6ba851d8247427e6273a272863 av-styling- avia-align-center  avia-builder-el-13  avia-builder-el-no-sibling  '  itemprop=\"image\" itemscope=\"itemscope\" itemtype=\"https:\/\/schema.org\/ImageObject\" ><div class=\"avia-image-container-inner\"><div class=\"avia-image-overlay-wrap\"><img decoding=\"async\" class='wp-image-7510 avia-img-lazy-loading-not-7510 avia_image' src=\"https:\/\/alptek.com.tr\/tr\/wp-content\/uploads\/2024\/07\/yangina-dayanikli-kimyasal-saklama-dolabi-alptek.jpg\" alt='' title='yangina-dayanikli-kimyasal-saklama-dolabi-alptek'  height=\"600\" width=\"600\"  itemprop=\"thumbnailUrl\" srcset=\"https:\/\/alptek.com.tr\/tr\/wp-content\/uploads\/2024\/07\/yangina-dayanikli-kimyasal-saklama-dolabi-alptek.jpg 600w, https:\/\/alptek.com.tr\/tr\/wp-content\/uploads\/2024\/07\/yangina-dayanikli-kimyasal-saklama-dolabi-alptek-300x300.jpg 300w, https:\/\/alptek.com.tr\/tr\/wp-content\/uploads\/2024\/07\/yangina-dayanikli-kimyasal-saklama-dolabi-alptek-80x80.jpg 80w, https:\/\/alptek.com.tr\/tr\/wp-content\/uploads\/2024\/07\/yangina-dayanikli-kimyasal-saklama-dolabi-alptek-36x36.jpg 36w, https:\/\/alptek.com.tr\/tr\/wp-content\/uploads\/2024\/07\/yangina-dayanikli-kimyasal-saklama-dolabi-alptek-180x180.jpg 180w\" sizes=\"(max-width: 600px) 100vw, 600px\" \/><\/div><\/div><\/div><\/div><div class='flex_column av-o953da-ea84c53fa4ffa337b0bee0f01dc45089 av_one_half  avia-builder-el-14  el_after_av_one_full  el_before_av_one_half  first flex_column_div column-top-margin'   ><div class='avia-data-table-wrap av-mt4voe-2c7a7371b69a155ba77d32158844b426 avia_responsive_table avia-table-1 '><table  class='avia-table avia-data-table avia_pricing_default  avia-builder-el-15  avia-builder-el-no-sibling  nvst-table'  itemscope=\"itemscope\" itemtype=\"https:\/\/schema.org\/Table\" ><tbody><tr class='avia-heading-row'><th class=''>BOYUT<\/th><th class=''>(mm)<\/th><\/tr><tr class=''><td class=''>Geni\u015flik<\/td><td class=''>1200<\/td><\/tr><tr class=''><td class=''>Derinlik<\/td><td class=''>500<\/td><\/tr><tr class=''><td class=''>Y\u00fckseklik<\/td><td class=''>2000<\/td><\/tr><\/tbody><\/table><\/div><style type='text\/css'>.avia-table-1 td:nth-of-type(1):before { content: 'BOYUT'; } .avia-table-1 td:nth-of-type(2):before { content: '(mm)'; } <\/style><\/div><div class='flex_column av-1b4efta-d5886a42722587b4018ccdae024106a2 av_one_half  avia-builder-el-16  el_after_av_one_half  el_before_av_one_half  flex_column_div column-top-margin'   ><div class='avia-data-table-wrap av-1a85dz2-7b9ac1b916b8e0af5baee2769ee88782 avia_responsive_table avia-table-2 '><table  class='avia-table avia-data-table avia_pricing_default  avia-builder-el-17  avia-builder-el-no-sibling  nvst-table'  itemscope=\"itemscope\" itemtype=\"https:\/\/schema.org\/Table\" ><tbody><tr class='avia-heading-row'><th class=''>AKSESUARLAR<\/th><th class=''><\/th><\/tr><tr class=''><td class=''>Mente\u015fe<\/td><td class=''>Kelebek Tip<\/td><\/tr><tr class=''><td class=''>Kilit<\/td><td class=''>\u0130spanyolet<\/td><\/tr><tr class=''><td class=''>Ayak<\/td><td class=''>Bilyeli Ek<\/td><\/tr><tr class=''><td class=''>Raflar<\/td><td class=''>3 Adet<\/td><\/tr><\/tbody><\/table><\/div><style type='text\/css'>.avia-table-2 td:nth-of-type(1):before { content: 'AKSESUARLAR'; } .avia-table-2 td:nth-of-type(2):before { content: ''; } <\/style><\/div><div class='flex_column av-jj0oz2-12f519f3bb4ce35942b36ebf4c6033dd av_one_half  avia-builder-el-18  el_after_av_one_half  avia-builder-el-last  first flex_column_div column-top-margin'   ><div class='avia-data-table-wrap av-gyokri-f1d95de4dee0e0fafdce4b8d160de4c2 avia_responsive_table avia-table-3 '><table  class='avia-table avia-data-table avia_pricing_default  avia-builder-el-19  avia-builder-el-no-sibling  nvst-table'  itemscope=\"itemscope\" itemtype=\"https:\/\/schema.org\/Table\" ><tbody><tr class='avia-heading-row'><th class=''>\u00d6ZELL\u0130KLER<\/th><th class=''><\/th><\/tr><tr class=''><td class=''>Ana G\u00f6vde<\/td><td class=''>Galvanize \u00c7elik (RAL 9016)<br \/>\nAl\u00e7\u0131pan<br \/>\nSunta Lam<\/td><\/tr><tr class=''><td class=''>Kap\u0131lar<\/td><td class=''>Metal (RAL 1018)<\/td><\/tr><\/tbody><\/table><\/div><style type='text\/css'>.avia-table-3 td:nth-of-type(1):before { content: '\u00d6ZELL\u0130KLER'; } .avia-table-3 td:nth-of-type(2):before { content: ''; } <\/style><\/div><\/p>\n<\/div><\/div><\/div><div id=\"av-tab-section-1-2\" data-av-tab-section-content=\"2\" class=\"av-layout-tab av-animation-delay-container   avia-builder-el-20  el_after_av_tab_sub_section  avia-builder-el-last   \" style='vertical-align:top; '  data-tab-section-id=\"aiklama\"><div class='av-layout-tab-inner'><div class='container'><div class='flex_column av-7oyzy-f36ffbcb506525b0784d63460f820c16 av_one_full  avia-builder-el-21  avia-builder-el-no-sibling  first flex_column_div '   ><p>\n<style type=\"text\/css\" id=\"style-css-av-lyighgvg-f4ff2c7d10ed3f0cd6962af3a3e27db3\">\n#top .av-special-heading.av-lyighgvg-f4ff2c7d10ed3f0cd6962af3a3e27db3{\npadding-bottom:10px;\nfont-size:32px;\n}\n<\/style>\n<div  class='av-special-heading av-lyighgvg-f4ff2c7d10ed3f0cd6962af3a3e27db3 av-special-heading-h2 blockquote modern-quote  avia-builder-el-22  el_before_av_textblock  avia-builder-el-first  av-thin-font av-inherit-size '><h2 class='av-special-heading-tag '  itemprop=\"headline\"  ><strong>Yang\u0131na Dayan\u0131kl\u0131 Saklama Dolaplar\u0131<\/strong><\/h2><div class='special-heading-border'><div class='special-heading-inner-border'><\/div><\/div><\/div><br \/>\n<section class=\"av_textblock_section \"  itemscope=\"itemscope\" itemtype=\"https:\/\/schema.org\/CreativeWork\" ><div class='avia_textblock  av_inherit_color '  style='color:#000000; '  itemprop=\"text\" ><p>Yang\u0131na dayan\u0131kl\u0131 saklama dolaplar\u0131, yang\u0131n durumunda i\u00e7erideki maddeleri korumak i\u00e7in \u00f6zel olarak tasarlanm\u0131\u015ft\u0131r. Bu dolaplar, yang\u0131n g\u00fcvenli\u011fi sa\u011flamak amac\u0131yla y\u00fcksek standartlara uygun olarak \u00fcretilir. Temel \u00f6zellikleri \u015funlard\u0131r:<\/p>\n<ul>\n<li><strong>Yang\u0131na Dayan\u0131kl\u0131l\u0131k:<\/strong> Y\u00fcksek s\u0131cakl\u0131klara ve alevlere dayan\u0131kl\u0131 malzemeler kullan\u0131larak \u00fcretilmi\u015ftir. Dolaplar, yang\u0131na dayan\u0131kl\u0131l\u0131k performans\u0131n\u0131 belirlemek i\u00e7in EN 14470-1 gibi standartlara uygun olarak test edilir ve 90 dakikaya kadar yang\u0131na dayan\u0131kl\u0131 olacak \u015fekilde tasarlanm\u0131\u015ft\u0131r.<\/li>\n<li><strong>Yang\u0131n Yal\u0131t\u0131m\u0131:<\/strong> Dolaplar\u0131n i\u00e7 ve d\u0131\u015f y\u00fczeyleri aras\u0131nda yang\u0131n yal\u0131t\u0131m\u0131 sa\u011flayan \u00f6zel dolgu malzemeleri kullan\u0131l\u0131r.<\/li>\n<li><strong>S\u0131zd\u0131rmazl\u0131k \u015eeritleri:<\/strong> Dolap kapaklar\u0131nda \u0131s\u0131ya dayan\u0131kl\u0131 ve geni\u015fleyen s\u0131zd\u0131rmazl\u0131k \u015feritleri yer al\u0131r, bu sayede yang\u0131n s\u0131ras\u0131nda dolab\u0131n i\u00e7indeki maddeler korunur.<\/li>\n<li><strong>S\u0131z\u0131nt\u0131 Tepsisi:<\/strong> D\u00f6k\u00fclme veya s\u0131z\u0131nt\u0131 durumunda kimyasallar\u0131n toplanmas\u0131 i\u00e7in alt k\u0131s\u0131mda \u00f6zel tepsiler bulunur.<\/li>\n<li><strong>Acil Durum Havaland\u0131rmas\u0131:<\/strong> Yang\u0131n s\u0131ras\u0131nda zehirli gazlar\u0131n dolap d\u0131\u015f\u0131na \u00e7\u0131kmas\u0131n\u0131 \u00f6nlemek i\u00e7in acil durum havaland\u0131rma sistemleri bulunur.<\/li>\n<li><strong>G\u00fcvenlik Kilidi:<\/strong> Yetkisiz eri\u015fimi \u00f6nlemek i\u00e7in g\u00fcvenlik kilitleri bulunur.<\/li>\n<\/ul>\n<\/div><\/section><\/p><\/div>\n<\/div><\/div><\/div>\n<\/div><\/div><\/div>\n[av_section min_height='' min_height_pc='25' min_height_px='500px' padding='default' margin='' custom_margin='0px' svg_div_top='' svg_div_top_color='#333333' svg_div_top_width='100' svg_div_top_height='50' svg_div_top_max_height='none' svg_div_top_flip='' svg_div_top_invert='' svg_div_top_front='' svg_div_top_opacity='' svg_div_top_preview='' svg_div_bottom='' svg_div_bottom_color='#333333' svg_div_bottom_width='100' svg_div_bottom_height='50' svg_div_bottom_max_height='none' svg_div_bottom_flip='' svg_div_bottom_invert='' svg_div_bottom_front='' svg_div_bottom_opacity='' svg_div_bottom_preview='' color='main_color' background='bg_color' custom_bg='' background_gradient_direction='vertical' background_gradient_color1='#000000' background_gradient_color2='#ffffff' background_gradient_color3='' src='' attach='scroll' position='top left' repeat='no-repeat' video='' video_ratio='16:9' video_mobile_disabled='' overlay_enable='' overlay_opacity='0.5' overlay_color='' overlay_pattern='' overlay_custom_pattern='' shadow='no-border-styling' bottom_border='no-border-styling' bottom_border_diagonal_color='#333333' bottom_border_diagonal_direction='' bottom_border_style='' scroll_down='' custom_arrow_bg='' av-desktop-hide='' av-medium-hide='' av-small-hide='' av-mini-hide='' id='' custom_class='' template_class='' aria_label='' av_element_hidden_in_editor='0' av_uid='av-6x4clf' sc_version='1.0']\r\n\r\n[av_one_half first min_height='' vertical_alignment='av-align-top' space='' row_boxshadow='' row_boxshadow_color='' row_boxshadow_width='10' custom_margin='' margin='0px' mobile_breaking='' min_col_height='' padding='' svg_div_top='' svg_div_top_color='#333333' svg_div_top_width='100' svg_div_top_height='50' svg_div_top_max_height='none' svg_div_top_flip='' svg_div_top_invert='' svg_div_top_front='' svg_div_top_opacity='' svg_div_top_preview='' svg_div_bottom='' svg_div_bottom_color='#333333' svg_div_bottom_width='100' svg_div_bottom_height='50' svg_div_bottom_max_height='none' svg_div_bottom_flip='' svg_div_bottom_invert='' svg_div_bottom_front='' svg_div_bottom_opacity='' svg_div_bottom_preview='' border='' border_style='solid' border_color='' radius='' column_boxshadow='' column_boxshadow_color='' column_boxshadow_width='10' background='bg_color' background_color='' background_gradient_direction='vertical' background_gradient_color1='#000000' background_gradient_color2='#ffffff' background_gradient_color3='' src='' background_position='top left' background_repeat='no-repeat' highlight='' highlight_size='' animation='' link='' linktarget='' link_hover='' title_attr='' alt_attr='' mobile_display='' id='' custom_class='' template_class='' aria_label='' av_uid='av-57iewz' sc_version='1.0']\r\n\r\n[av_icon_box icon='ue854' font='entypo-fontello' title='TELEFON' position='top' icon_style='' boxed='' font_color='' custom_title='' custom_content='' color='' custom_bg='' custom_font='' custom_border='' custom_title_size='' av-medium-font-size-title='' av-small-font-size-title='' av-mini-font-size-title='' custom_content_size='' av-medium-font-size='' av-small-font-size='' av-mini-font-size='' heading_tag='' heading_class='' link='manually,tel:02165401772' linktarget='' linkelement='both' id='' custom_class='' template_class='' av_uid='av-3tsi6r' sc_version='1.0' admin_preview_bg='']\r\n<a href=\"tel:02165401772\">+90 (216) 540 17 72<\/a>\r\n[\/av_icon_box]\r\n\r\n[\/av_one_half][av_one_half min_height='' vertical_alignment='av-align-top' space='' row_boxshadow='' row_boxshadow_color='' row_boxshadow_width='10' custom_margin='' margin='0px' mobile_breaking='' min_col_height='' padding='' svg_div_top='' svg_div_top_color='#333333' svg_div_top_width='100' svg_div_top_height='50' svg_div_top_max_height='none' svg_div_top_flip='' svg_div_top_invert='' svg_div_top_front='' svg_div_top_opacity='' svg_div_top_preview='' svg_div_bottom='' svg_div_bottom_color='#333333' svg_div_bottom_width='100' svg_div_bottom_height='50' svg_div_bottom_max_height='none' svg_div_bottom_flip='' svg_div_bottom_invert='' svg_div_bottom_front='' svg_div_bottom_opacity='' svg_div_bottom_preview='' border='' border_style='solid' border_color='' radius='' column_boxshadow='' column_boxshadow_color='' column_boxshadow_width='10' background='bg_color' background_color='' background_gradient_direction='vertical' background_gradient_color1='#000000' background_gradient_color2='#ffffff' background_gradient_color3='' src='' background_position='top left' background_repeat='no-repeat' highlight='' highlight_size='' animation='' link='' linktarget='' link_hover='' title_attr='' alt_attr='' mobile_display='' id='' custom_class='' template_class='' aria_label='' av_uid='av-2fqt2r' sc_version='1.0']\r\n\r\n[av_icon_box icon='ue805' font='entypo-fontello' title='TEKL\u0130F AL' position='top' icon_style='' boxed='' font_color='' custom_title='' custom_content='' color='' custom_bg='' custom_font='' custom_border='' custom_title_size='' av-medium-font-size-title='' av-small-font-size-title='' av-mini-font-size-title='' custom_content_size='' av-medium-font-size='' av-small-font-size='' av-mini-font-size='' heading_tag='' heading_class='' link='manually,https:\/\/alptek.com.tr\/tr\/contactform\/?iframe=true' linktarget='' linkelement='both' id='' custom_class='' template_class='' av_uid='av-m3700cyk' sc_version='1.0' admin_preview_bg='']\r\n<a href=\"https:\/\/alptek.com.tr\/tr\/contactform\/?iframe=true\">B\u0130ZE ULA\u015eIN<\/a>\r\n[\/av_icon_box]\r\n\r\n[\/av_one_half][\/av_section]\n","protected":false},"excerpt":{"rendered":"","protected":false},"author":2,"featured_media":0,"parent":1868,"menu_order":0,"comment_status":"closed","ping_status":"closed","template":"","meta":{"footnotes":""},"_links":{"self":[{"href":"https:\/\/alptek.com.tr\/tr\/wp-json\/wp\/v2\/pages\/2414"}],"collection":[{"href":"https:\/\/alptek.com.tr\/tr\/wp-json\/wp\/v2\/pages"}],"about":[{"href":"https:\/\/alptek.com.tr\/tr\/wp-json\/wp\/v2\/types\/page"}],"author":[{"embeddable":true,"href":"https:\/\/alptek.com.tr\/tr\/wp-json\/wp\/v2\/users\/2"}],"replies":[{"embeddable":true,"href":"https:\/\/alptek.com.tr\/tr\/wp-json\/wp\/v2\/comments?post=2414"}],"version-history":[{"count":15,"href":"https:\/\/alptek.com.tr\/tr\/wp-json\/wp\/v2\/pages\/2414\/revisions"}],"predecessor-version":[{"id":7542,"href":"https:\/\/alptek.com.tr\/tr\/wp-json\/wp\/v2\/pages\/2414\/revisions\/7542"}],"up":[{"embeddable":true,"href":"https:\/\/alptek.com.tr\/tr\/wp-json\/wp\/v2\/pages\/1868"}],"wp:attachment":[{"href":"https:\/\/alptek.com.tr\/tr\/wp-json\/wp\/v2\/media?parent=2414"}],"curies":[{"name":"wp","href":"https:\/\/api.w.org\/{rel}","templated":true}]}}