{"id":2034,"date":"2023-09-27T08:23:04","date_gmt":"2023-09-27T08:23:04","guid":{"rendered":"https:\/\/alptek.com.tr\/?page_id=2034"},"modified":"2024-11-08T12:31:45","modified_gmt":"2024-11-08T12:31:45","slug":"mobile-calisma-tezgahlari","status":"publish","type":"page","link":"https:\/\/alptek.com.tr\/tr\/laboratuvar-sistemleri\/mobile-calisma-tezgahlari\/","title":{"rendered":"Mobile \u00c7al\u0131\u015fma Tezgahlar\u0131"},"content":{"rendered":"<div id='layer_slider_1'  class='avia-layerslider main_color avia-shadow  avia-builder-el-0  el_before_av_section  avia-builder-el-first  container_wrap sidebar_right'  style='height: 653px; max-width: 1920px; margin: 0 auto;'  ><\/div>\n<div id='av_section_1'  class='avia-section av-836vq-13fa9fef4eb4e56d4726df50b8f4f1a5 main_color avia-section-default avia-no-border-styling  avia-builder-el-1  el_after_av_layerslider  el_before_av_section  avia-bg-style-scroll  container_wrap sidebar_right'  ><div class='container av-section-cont-open' ><div class='template-page content  av-content-small alpha units'><div class='post-entry post-entry-type-page post-entry-2034'><div class='entry-content-wrapper clearfix'>\n\n<style type=\"text\/css\" id=\"style-css-av-ls0fqiuo-03f7c9bf7ca27873c84605f21bbfbf95\">\n#top .av-special-heading.av-ls0fqiuo-03f7c9bf7ca27873c84605f21bbfbf95{\npadding-bottom:10px;\nfont-size:32px;\n}\n<\/style>\n<div  class='av-special-heading av-ls0fqiuo-03f7c9bf7ca27873c84605f21bbfbf95 av-special-heading-h1 blockquote modern-quote modern-centered  avia-builder-el-2  el_before_av_hr  avia-builder-el-first  av-inherit-size '><h1 class='av-special-heading-tag '  itemprop=\"headline\"  >MOB\u0130L \u00c7ALI\u015eMA TEZGAHLARI<\/h1><div class='special-heading-border'><div class='special-heading-inner-border'><\/div><\/div><\/div>\n\n<style type=\"text\/css\" id=\"style-css-av-ls0fr3xo-fe87f00c6377f8fd5864e84d44774c82\">\n.hr.av-ls0fr3xo-fe87f00c6377f8fd5864e84d44774c82{\nmargin-top:0px;\nmargin-bottom:30px;\n}\n.hr.av-ls0fr3xo-fe87f00c6377f8fd5864e84d44774c82 .hr-inner{\nwidth:100px;\nborder-color:#9c9b9b;\n}\n<\/style>\n<div  class='hr av-ls0fr3xo-fe87f00c6377f8fd5864e84d44774c82 hr-custom  avia-builder-el-3  el_after_av_heading  el_before_av_textblock  hr-center hr-icon-no '><span class='hr-inner inner-border-av-border-fat'><span class=\"hr-inner-style\"><\/span><\/span><\/div>\n<section class=\"av_textblock_section \"  itemscope=\"itemscope\" itemtype=\"https:\/\/schema.org\/CreativeWork\" ><div class='avia_textblock  '  style='font-size:20px; '  itemprop=\"text\" ><p>Mobil \u00e7al\u0131\u015fma tezgah\u0131, laboratuvar i\u00e7erisinde a\u011f\u0131r ekipmanlar\u0131 ta\u015f\u0131yabilecek veya farkl\u0131 mekanlarda kullan\u0131labilecek cihazlar\u0131n yerle\u015ftirilmesi i\u00e7in tasarlanm\u0131\u015f bir \u00fcr\u00fcnd\u00fcr.<br \/>\nMobil \u00e7al\u0131\u015fma tezgah\u0131 y\u00fcksek a\u011f\u0131rl\u0131k ta\u015f\u0131ma kapasitesine sahip olacak \u015fekilde tasarlanm\u0131\u015ft\u0131r.<\/p>\n<\/div><\/section>\n\n<\/div><\/div><\/div><!-- close content main div --><\/div><\/div><div id='av_section_2'  class='avia-section av-1pxrwfq-70a9c6dfe42d24c1b2073b288bade372 main_color avia-section-default avia-no-border-styling  avia-builder-el-5  el_after_av_section  el_before_av_section  avia-bg-style-scroll  container_wrap sidebar_right'  ><div class='container av-section-cont-open' ><div class='template-page content  av-content-small alpha units'><div class='post-entry post-entry-type-page post-entry-2034'><div class='entry-content-wrapper clearfix'>\n\n<style type=\"text\/css\" id=\"style-css-av-ls0fs55s-13d1395aa9a73fa9ee10910701fe2718\">\n#top .av-special-heading.av-ls0fs55s-13d1395aa9a73fa9ee10910701fe2718{\npadding-bottom:10px;\n}\n<\/style>\n<div  class='av-special-heading av-ls0fs55s-13d1395aa9a73fa9ee10910701fe2718 av-special-heading-h2 blockquote modern-quote  avia-builder-el-6  el_before_av_hr  avia-builder-el-first  av-thin-font '><h2 class='av-special-heading-tag '  itemprop=\"headline\"  ><strong>\u00dcR\u00dcNLER<\/strong><\/h2><div class='special-heading-border'><div class='special-heading-inner-border'><\/div><\/div><\/div>\n\n<style type=\"text\/css\" id=\"style-css-av-ls0fsl3k-3af8b5fe8e58804b4da44789d734f7ff\">\n.hr.av-ls0fsl3k-3af8b5fe8e58804b4da44789d734f7ff{\nmargin-top:0px;\nmargin-bottom:30px;\n}\n.hr.av-ls0fsl3k-3af8b5fe8e58804b4da44789d734f7ff .hr-inner{\nwidth:50px;\nborder-color:#9c9b9b;\n}\n<\/style>\n<div  class='hr av-ls0fsl3k-3af8b5fe8e58804b4da44789d734f7ff hr-custom  avia-builder-el-7  el_after_av_heading  el_before_av_image  hr-left hr-icon-no '><span class='hr-inner inner-border-av-border-fat'><span class=\"hr-inner-style\"><\/span><\/span><\/div>\n\n<style type=\"text\/css\" id=\"style-css-av-ls0ft56w-f662b17cdea9eb35100962a440764d2c\">\n.avia-image-container.av-ls0ft56w-f662b17cdea9eb35100962a440764d2c .av-image-caption-overlay-center{\ncolor:#ffffff;\n}\n<\/style>\n<div  class='avia-image-container av-ls0ft56w-f662b17cdea9eb35100962a440764d2c av-styling- avia-align-center  avia-builder-el-8  el_after_av_hr  avia-builder-el-last  '  itemprop=\"image\" itemscope=\"itemscope\" itemtype=\"https:\/\/schema.org\/ImageObject\" ><div class=\"avia-image-container-inner\"><div class=\"avia-image-overlay-wrap\"><img decoding=\"async\" class='wp-image-5819 avia-img-lazy-loading-not-5819 avia_image' src=\"https:\/\/alptek.com.tr\/tr\/wp-content\/uploads\/2024\/01\/Hareketli-Masa-3.jpg\" alt='' title=''  height=\"558\" width=\"695\"  itemprop=\"thumbnailUrl\" srcset=\"https:\/\/alptek.com.tr\/tr\/wp-content\/uploads\/2024\/01\/Hareketli-Masa-3.jpg 695w, https:\/\/alptek.com.tr\/tr\/wp-content\/uploads\/2024\/01\/Hareketli-Masa-3-300x241.jpg 300w\" sizes=\"(max-width: 695px) 100vw, 695px\" \/><\/div><\/div><\/div>\n\n<\/div><\/div><\/div><!-- close content main div --><\/div><\/div><div id='av_section_3'  class='avia-section av-1nqlgp2-c359adc3c4f02c5a05fa57c42db6ab48 main_color avia-section-default avia-no-border-styling  avia-builder-el-9  el_after_av_section  el_before_av_section  avia-bg-style-scroll  container_wrap sidebar_right'  ><div class='container av-section-cont-open' ><div class='template-page content  av-content-small alpha units'><div class='post-entry post-entry-type-page post-entry-2034'><div class='entry-content-wrapper clearfix'>\n\n<style type=\"text\/css\" id=\"style-css-av-ls0ftqed-3ecb8779e0916722ffca15a7b3080e21\">\n#top .av-special-heading.av-ls0ftqed-3ecb8779e0916722ffca15a7b3080e21{\npadding-bottom:10px;\n}\n<\/style>\n<div  class='av-special-heading av-ls0ftqed-3ecb8779e0916722ffca15a7b3080e21 av-special-heading-h2 blockquote modern-quote  avia-builder-el-10  el_before_av_hr  avia-builder-el-first  av-thin-font '><h2 class='av-special-heading-tag '  itemprop=\"headline\"  ><strong>\u00d6ZELL\u0130KLER<\/strong><\/h2><div class='special-heading-border'><div class='special-heading-inner-border'><\/div><\/div><\/div>\n\n<style type=\"text\/css\" id=\"style-css-av-1mf3xhi-1e1f9d0f7dabe6c7644c29e174611ed7\">\n.hr.av-1mf3xhi-1e1f9d0f7dabe6c7644c29e174611ed7{\nmargin-top:0px;\nmargin-bottom:30px;\n}\n.hr.av-1mf3xhi-1e1f9d0f7dabe6c7644c29e174611ed7 .hr-inner{\nwidth:50px;\nborder-color:#9c9b9b;\n}\n<\/style>\n<div  class='hr av-1mf3xhi-1e1f9d0f7dabe6c7644c29e174611ed7 hr-custom  avia-builder-el-11  el_after_av_heading  el_before_av_image  hr-left hr-icon-no '><span class='hr-inner inner-border-av-border-fat'><span class=\"hr-inner-style\"><\/span><\/span><\/div>\n\n<style type=\"text\/css\" id=\"style-css-av-ls0fuax3-62182a7224964cd2998595a632dec721\">\n.avia-image-container.av-ls0fuax3-62182a7224964cd2998595a632dec721 .av-image-caption-overlay-center{\ncolor:#ffffff;\n}\n<\/style>\n<div  class='avia-image-container av-ls0fuax3-62182a7224964cd2998595a632dec721 av-styling- avia-align-center  avia-builder-el-12  el_after_av_hr  el_before_av_one_half  '  itemprop=\"image\" itemscope=\"itemscope\" itemtype=\"https:\/\/schema.org\/ImageObject\" ><div class=\"avia-image-container-inner\"><div class=\"avia-image-overlay-wrap\"><img decoding=\"async\" class='wp-image-5820 avia-img-lazy-loading-not-5820 avia_image' src=\"https:\/\/alptek.com.tr\/tr\/wp-content\/uploads\/2024\/01\/Mobile_Work_Benches.jpg\" alt='' title=''  height=\"492\" width=\"1059\"  itemprop=\"thumbnailUrl\" srcset=\"https:\/\/alptek.com.tr\/tr\/wp-content\/uploads\/2024\/01\/Mobile_Work_Benches.jpg 1059w, https:\/\/alptek.com.tr\/tr\/wp-content\/uploads\/2024\/01\/Mobile_Work_Benches-300x139.jpg 300w, https:\/\/alptek.com.tr\/tr\/wp-content\/uploads\/2024\/01\/Mobile_Work_Benches-1030x479.jpg 1030w, https:\/\/alptek.com.tr\/tr\/wp-content\/uploads\/2024\/01\/Mobile_Work_Benches-768x357.jpg 768w, https:\/\/alptek.com.tr\/tr\/wp-content\/uploads\/2024\/01\/Mobile_Work_Benches-705x328.jpg 705w\" sizes=\"(max-width: 1059px) 100vw, 1059px\" \/><\/div><\/div><\/div>\n<div class='flex_column av-1lkjypy-477c307bd83fb7ee41c31128d8180946 av_one_half  avia-builder-el-13  el_after_av_image  el_before_av_one_half  first flex_column_div '   ><div class='avia-data-table-wrap av-1j9ax7a-eee110c9c39d572dcfd02a6cfa68a9db avia_responsive_table avia-table-1 '><table  class='avia-table avia-data-table avia_pricing_default  avia-builder-el-14  avia-builder-el-no-sibling  nvst-table'  itemscope=\"itemscope\" itemtype=\"https:\/\/schema.org\/Table\" ><tbody><tr class='avia-heading-row'><th class=''>\u00d6L\u00c7\u00dcLER<\/th><th class=''>(mm)<\/th><\/tr><tr class=''><td class=''>Geni\u015flik (W)<\/td><td class=''>900 \/ 1200 \/ 1500<\/td><\/tr><tr class=''><td class=''>Derinlik<\/td><td class=''>600 \/ 750 \/ 900<\/td><\/tr><tr class=''><td class=''>Y\u00fckseklik<\/td><td class=''>750 \/ 900<\/td><\/tr><\/tbody><\/table><\/div><style type='text\/css'>.avia-table-1 td:nth-of-type(1):before { content: '\u00d6L\u00c7\u00dcLER'; } .avia-table-1 td:nth-of-type(2):before { content: '(mm)'; } <\/style><\/div><div class='flex_column av-xey8jq-f6e1ec4c5653505c6fc33877e85ef1da av_one_half  avia-builder-el-15  el_after_av_one_half  el_before_av_hr  flex_column_div '   ><div class='avia-data-table-wrap av-w88dw6-12cdbf3be39ad74e0b0fb5311804905b avia_responsive_table avia-table-2 '><table  class='avia-table avia-data-table avia_pricing_default  avia-builder-el-16  avia-builder-el-no-sibling  nvst-table'  itemscope=\"itemscope\" itemtype=\"https:\/\/schema.org\/Table\" ><tbody><tr class='avia-heading-row'><th class=''>\u00d6ZELL\u0130KLER<\/th><th class=''><\/th><\/tr><tr class=''><td class=''>Yap\u0131 Tipi<\/td><td class=''>H-Sistem<br \/>\nTS-EN 10305-5 Standard\u0131na uygun<\/td><\/tr><tr class=''><td class=''>Yap\u0131 Malzemesi<\/td><td class=''>\u00c7elik<\/td><\/tr><tr class=''><td class=''>Boya<\/td><td class=''>Elektrostatik Toz Boya<\/td><\/tr><tr class=''><td class=''>\u00c7al\u0131\u015fma Y\u00fczeyi<\/td><td class=''>End\u00fcstriyel Seramik<br \/>\nKompakt Laminat<br \/>\nEpoksi Re\u00e7ine<br \/>\nPaslanmaz \u00c7elik<\/td><\/tr><tr class=''><td class=''>Feet<\/td><td class=''>Zemin e\u011fimlerine kar\u015f\u0131 koyabilecek kimyasallara dayan\u0131kl\u0131 ayak<\/td><\/tr><\/tbody><\/table><\/div><style type='text\/css'>.avia-table-2 td:nth-of-type(1):before { content: '\u00d6ZELL\u0130KLER'; } .avia-table-2 td:nth-of-type(2):before { content: ''; } <\/style><\/div>\n<style type=\"text\/css\" id=\"style-css-av-ls0g32ng-0b55b9f1c62c78cd0bf977840b4b77fd\">\n#top .hr.hr-invisible.av-ls0g32ng-0b55b9f1c62c78cd0bf977840b4b77fd{\nheight:100px;\n}\n<\/style>\n<div  class='hr av-ls0g32ng-0b55b9f1c62c78cd0bf977840b4b77fd hr-invisible  avia-builder-el-17  el_after_av_one_half  avia-builder-el-last  '><span class='hr-inner '><span class=\"hr-inner-style\"><\/span><\/span><\/div>\n\n<\/div><\/div><\/div><!-- close content main div --><\/div><\/div>\n<style type=\"text\/css\" id=\"style-css-av-ls0g1shj-26b29440a1d0e4bff891373c40e3db96\">\n.avia-section.av-ls0g1shj-26b29440a1d0e4bff891373c40e3db96{\nbackground-repeat:no-repeat;\nbackground-image:url(https:\/\/alptek.com.tr\/tr\/wp-content\/uploads\/2024\/01\/vivarium-establishment-2-alptek.jpg);\nbackground-position:top left;\nbackground-attachment:scroll;\n}\n<\/style>\n<div id='av_section_4'  class='avia-section av-ls0g1shj-26b29440a1d0e4bff891373c40e3db96 main_color avia-section-default avia-no-border-styling  avia-builder-el-18  el_after_av_section  el_before_av_section  avia-bg-style-scroll  container_wrap sidebar_right'  data-section-bg-repeat='no-repeat'><div class='container av-section-cont-open' ><div class='template-page content  av-content-small alpha units'><div class='post-entry post-entry-type-page post-entry-2034'><div class='entry-content-wrapper clearfix'>\n<div class='flex_column av-4yj5xy-fca7b4d9f9cece0e7f1e1331652be3c4 av_one_full  avia-builder-el-19  el_before_av_hr  avia-builder-el-first  first flex_column_div '   ><section class=\"av_textblock_section \"  itemscope=\"itemscope\" itemtype=\"https:\/\/schema.org\/CreativeWork\" ><div class='avia_textblock  av_inherit_color '  style='font-size:30px; color:#0a0a0a; '  itemprop=\"text\" ><p style=\"text-align: center;\"><strong>ALPTEK, \u00f6zel laboratuvar konfig\u00fcrasyonlar\u0131 ve i\u015f istasyonlar\u0131 olu\u015fturman\u0131za yard\u0131mc\u0131 olur!<\/strong><\/p>\n<\/div><\/section><\/div>\n<style type=\"text\/css\" id=\"style-css-av-ls0g4tt6-cbad3755edd3e4c956af9a2fde8d18c6\">\n#top .hr.hr-invisible.av-ls0g4tt6-cbad3755edd3e4c956af9a2fde8d18c6{\nheight:50px;\n}\n<\/style>\n<div  class='hr av-ls0g4tt6-cbad3755edd3e4c956af9a2fde8d18c6 hr-invisible  avia-builder-el-21  el_after_av_one_full  avia-builder-el-last  '><span class='hr-inner '><span class=\"hr-inner-style\"><\/span><\/span><\/div>\n\n<\/div><\/div><\/div><!-- close content main div --><\/div><\/div><div id='av_section_5'  class='avia-section av-6fse06-37a7fd222392a71d1046471d195b0732 main_color avia-section-default avia-no-border-styling  avia-builder-el-22  el_after_av_section  el_before_av_section  avia-bg-style-scroll  container_wrap sidebar_right'  ><div class='container av-section-cont-open' ><div class='template-page content  av-content-small alpha units'><div class='post-entry post-entry-type-page post-entry-2034'><div class='entry-content-wrapper clearfix'>\n\n<style type=\"text\/css\" id=\"style-css-av-ls0g864b-e62e7ffd1713404bfd9582c45fdb11ca\">\n#top .av-special-heading.av-ls0g864b-e62e7ffd1713404bfd9582c45fdb11ca{\npadding-bottom:10px;\n}\n<\/style>\n<div  class='av-special-heading av-ls0g864b-e62e7ffd1713404bfd9582c45fdb11ca av-special-heading-h2 blockquote modern-quote  avia-builder-el-23  el_before_av_hr  avia-builder-el-first  av-thin-font '><h2 class='av-special-heading-tag '  itemprop=\"headline\"  ><strong>DUVAR TEZGAH MODEL\u0130 &#8211; 4 \/ C<\/strong><\/h2><div class='special-heading-border'><div class='special-heading-inner-border'><\/div><\/div><\/div>\n\n<style type=\"text\/css\" id=\"style-css-av-3tsh0m-6f57c117051868ebd6c14a8bb2af30d5\">\n.hr.av-3tsh0m-6f57c117051868ebd6c14a8bb2af30d5{\nmargin-top:0px;\nmargin-bottom:30px;\n}\n.hr.av-3tsh0m-6f57c117051868ebd6c14a8bb2af30d5 .hr-inner{\nwidth:50px;\nborder-color:#9c9b9b;\n}\n<\/style>\n<div  class='hr av-3tsh0m-6f57c117051868ebd6c14a8bb2af30d5 hr-custom  avia-builder-el-24  el_after_av_heading  el_before_av_image  hr-left hr-icon-no '><span class='hr-inner inner-border-av-border-fat'><span class=\"hr-inner-style\"><\/span><\/span><\/div>\n\n<style type=\"text\/css\" id=\"style-css-av-ls0g8rzl-54960d16ba2c6ac95f77590ef70beb8f\">\n.avia-image-container.av-ls0g8rzl-54960d16ba2c6ac95f77590ef70beb8f .av-image-caption-overlay-center{\ncolor:#ffffff;\n}\n<\/style>\n<div  class='avia-image-container av-ls0g8rzl-54960d16ba2c6ac95f77590ef70beb8f av-styling- avia-align-center  avia-builder-el-25  el_after_av_hr  avia-builder-el-last  '  itemprop=\"image\" itemscope=\"itemscope\" itemtype=\"https:\/\/schema.org\/ImageObject\" ><div class=\"avia-image-container-inner\"><div class=\"avia-image-overlay-wrap\"><img decoding=\"async\" class='wp-image-5829 avia-img-lazy-loading-not-5829 avia_image' src=\"https:\/\/alptek.com.tr\/tr\/wp-content\/uploads\/2024\/01\/image-43.jpg\" alt='' title='image 43'  height=\"711\" width=\"900\"  itemprop=\"thumbnailUrl\" srcset=\"https:\/\/alptek.com.tr\/tr\/wp-content\/uploads\/2024\/01\/image-43.jpg 900w, https:\/\/alptek.com.tr\/tr\/wp-content\/uploads\/2024\/01\/image-43-300x237.jpg 300w, https:\/\/alptek.com.tr\/tr\/wp-content\/uploads\/2024\/01\/image-43-768x607.jpg 768w, https:\/\/alptek.com.tr\/tr\/wp-content\/uploads\/2024\/01\/image-43-705x557.jpg 705w\" sizes=\"(max-width: 900px) 100vw, 900px\" \/><\/div><\/div><\/div>\n\n<\/div><\/div><\/div><!-- close content main div --><\/div><\/div><div id='av_section_6'  class='avia-section av-2xicli-545a3f5cfc00f5fb3e678becf94f3c61 main_color avia-section-default avia-no-border-styling  avia-builder-el-26  el_after_av_section  el_before_av_postcontent  avia-bg-style-scroll  container_wrap sidebar_right'  ><div class='container av-section-cont-open' ><div class='template-page content  av-content-small alpha units'><div class='post-entry post-entry-type-page post-entry-2034'><div class='entry-content-wrapper clearfix'>\n\n<style type=\"text\/css\" id=\"style-css-av-ls0g9qpe-b219243ebaab62e7fb690341b030724b\">\n#top .av-special-heading.av-ls0g9qpe-b219243ebaab62e7fb690341b030724b{\npadding-bottom:10px;\n}\n<\/style>\n<div  class='av-special-heading av-ls0g9qpe-b219243ebaab62e7fb690341b030724b av-special-heading-h2 blockquote modern-quote  avia-builder-el-27  el_before_av_hr  avia-builder-el-first  av-thin-font '><h2 class='av-special-heading-tag '  itemprop=\"headline\"  ><strong>LEJANT<\/strong><\/h2><div class='special-heading-border'><div class='special-heading-inner-border'><\/div><\/div><\/div>\n\n<style type=\"text\/css\" id=\"style-css-av-ls0gah8y-5f67a3c4ed8a49cf399c84d0990f605f\">\n.hr.av-ls0gah8y-5f67a3c4ed8a49cf399c84d0990f605f{\nmargin-top:0px;\nmargin-bottom:30px;\n}\n.hr.av-ls0gah8y-5f67a3c4ed8a49cf399c84d0990f605f .hr-inner{\nwidth:50px;\nborder-color:#9c9b9b;\n}\n<\/style>\n<div  class='hr av-ls0gah8y-5f67a3c4ed8a49cf399c84d0990f605f hr-custom  avia-builder-el-28  el_after_av_heading  el_before_av_textblock  hr-left hr-icon-no '><span class='hr-inner inner-border-av-border-fat'><span class=\"hr-inner-style\"><\/span><\/span><\/div>\n<section class=\"av_textblock_section \"  itemscope=\"itemscope\" itemtype=\"https:\/\/schema.org\/CreativeWork\" ><div class='avia_textblock  '   itemprop=\"text\" ><div class=\"legends-nvst\">\n<div class=\"legends-item\">\n<div class=\"number\">1<\/div>\n<div class=\"text\">MOB\u0130L \u00c7ALI\u015eMA TEZGAHI<\/div>\n<\/div>\n<div class=\"legends-item\">\n<div class=\"number\">2<\/div>\n<div class=\"text\">TERAZ\u0130 MASASI<\/div>\n<\/div>\n<div class=\"legends-item\">\n<div class=\"number\">3<\/div>\n<div class=\"text\">EM\u0130\u015e C\u0130HAZI<\/div>\n<\/div>\n<div class=\"legends-item\">\n<div class=\"number\">4<\/div>\n<div class=\"text\">TEZGAH \u00dcST\u00dc DOLAPLAR<\/div>\n<\/div>\n<div class=\"legends-item\">\n<div class=\"number\">5<\/div>\n<div class=\"text\">SERV\u0130S \u00dcN\u0130TES\u0130<\/div>\n<\/div>\n<div class=\"legends-item\">\n<div class=\"number\">6<\/div>\n<div class=\"text\">C \u2013 S\u0130STEM PROF\u0130L<\/div>\n<\/div>\n<div class=\"legends-item\">\n<div class=\"number\">7<\/div>\n<div class=\"text\">TEZGAH ALTI DOLAPLAR<\/div>\n<\/div>\n<\/div>\n<\/div><\/section>\n<div class='flex_column av-7krau-a85728ee15e4773e660bbe092b5c3907 av_one_full  avia-builder-el-30  el_after_av_textblock  avia-builder-el-last  first flex_column_div column-top-margin'   ><p>\n<style type=\"text\/css\" id=\"style-css-av-ls0ggspe-2e76eb78e916bde42ae3a619c87c471e\">\n#top .av-special-heading.av-ls0ggspe-2e76eb78e916bde42ae3a619c87c471e{\npadding-bottom:10px;\n}\n<\/style>\n<div  class='av-special-heading av-ls0ggspe-2e76eb78e916bde42ae3a619c87c471e av-special-heading-h2 blockquote modern-quote  avia-builder-el-31  el_before_av_hr  avia-builder-el-first  av-thin-font '><h2 class='av-special-heading-tag '  itemprop=\"headline\"  ><strong>TEZGAH MALZEMES\u0130 SE\u00c7ENEKLER\u0130<\/strong><\/h2><div class='special-heading-border'><div class='special-heading-inner-border'><\/div><\/div><\/div><br \/>\n\n<style type=\"text\/css\" id=\"style-css-av-ls0gh99g-ed64695d477cfb74172a06943552d00e\">\n.hr.av-ls0gh99g-ed64695d477cfb74172a06943552d00e{\nmargin-top:0px;\nmargin-bottom:30px;\n}\n.hr.av-ls0gh99g-ed64695d477cfb74172a06943552d00e .hr-inner{\nwidth:50px;\nborder-color:#9c9b9b;\n}\n<\/style>\n<div  class='hr av-ls0gh99g-ed64695d477cfb74172a06943552d00e hr-custom  avia-builder-el-32  el_after_av_heading  el_before_av_codeblock  hr-left hr-icon-no '><span class='hr-inner inner-border-av-border-fat'><span class=\"hr-inner-style\"><\/span><\/span><\/div><br \/>\n<\/p><\/div>\n\n[av_section min_height='' min_height_pc='25' min_height_px='500px' padding='default' margin='' custom_margin='0px' svg_div_top='' svg_div_top_color='#333333' svg_div_top_width='100' svg_div_top_height='50' svg_div_top_max_height='none' svg_div_top_flip='' svg_div_top_invert='' svg_div_top_front='' svg_div_top_opacity='' svg_div_top_preview='' svg_div_bottom='' svg_div_bottom_color='#333333' svg_div_bottom_width='100' svg_div_bottom_height='50' svg_div_bottom_max_height='none' svg_div_bottom_flip='' svg_div_bottom_invert='' svg_div_bottom_front='' svg_div_bottom_opacity='' svg_div_bottom_preview='' color='main_color' background='bg_color' custom_bg='' background_gradient_direction='vertical' background_gradient_color1='#000000' background_gradient_color2='#ffffff' background_gradient_color3='' src='' attach='scroll' position='top left' repeat='no-repeat' video='' video_ratio='16:9' video_mobile_disabled='' overlay_enable='' overlay_opacity='0.5' overlay_color='' overlay_pattern='' overlay_custom_pattern='' shadow='no-border-styling' bottom_border='no-border-styling' bottom_border_diagonal_color='#333333' bottom_border_diagonal_direction='' bottom_border_style='' scroll_down='' custom_arrow_bg='' av-desktop-hide='' av-medium-hide='' av-small-hide='' av-mini-hide='' id='' custom_class='' template_class='' aria_label='' av_element_hidden_in_editor='0' av_uid='av-6x4clf' sc_version='1.0']\r\n\r\n[av_one_half first min_height='' vertical_alignment='av-align-top' space='' row_boxshadow='' row_boxshadow_color='' row_boxshadow_width='10' custom_margin='' margin='0px' mobile_breaking='' min_col_height='' padding='' svg_div_top='' svg_div_top_color='#333333' svg_div_top_width='100' svg_div_top_height='50' svg_div_top_max_height='none' svg_div_top_flip='' svg_div_top_invert='' svg_div_top_front='' svg_div_top_opacity='' svg_div_top_preview='' svg_div_bottom='' svg_div_bottom_color='#333333' svg_div_bottom_width='100' svg_div_bottom_height='50' svg_div_bottom_max_height='none' svg_div_bottom_flip='' svg_div_bottom_invert='' svg_div_bottom_front='' svg_div_bottom_opacity='' svg_div_bottom_preview='' border='' border_style='solid' border_color='' radius='' column_boxshadow='' column_boxshadow_color='' column_boxshadow_width='10' background='bg_color' background_color='' background_gradient_direction='vertical' background_gradient_color1='#000000' background_gradient_color2='#ffffff' background_gradient_color3='' src='' background_position='top left' background_repeat='no-repeat' highlight='' highlight_size='' animation='' link='' linktarget='' link_hover='' title_attr='' alt_attr='' mobile_display='' id='' custom_class='' template_class='' aria_label='' av_uid='av-57iewz' sc_version='1.0']\r\n\r\n[av_icon_box icon='ue854' font='entypo-fontello' title='TELEFON' position='top' icon_style='' boxed='' font_color='' custom_title='' custom_content='' color='' custom_bg='' custom_font='' custom_border='' custom_title_size='' av-medium-font-size-title='' av-small-font-size-title='' av-mini-font-size-title='' custom_content_size='' av-medium-font-size='' av-small-font-size='' av-mini-font-size='' heading_tag='' heading_class='' link='manually,tel:02165401772' linktarget='' linkelement='both' id='' custom_class='' template_class='' av_uid='av-3tsi6r' sc_version='1.0' admin_preview_bg='']\r\n<a href=\"tel:02165401772\">+90 (216) 540 17 72<\/a>\r\n[\/av_icon_box]\r\n\r\n[\/av_one_half][av_one_half min_height='' vertical_alignment='av-align-top' space='' row_boxshadow='' row_boxshadow_color='' row_boxshadow_width='10' custom_margin='' margin='0px' mobile_breaking='' min_col_height='' padding='' svg_div_top='' svg_div_top_color='#333333' svg_div_top_width='100' svg_div_top_height='50' svg_div_top_max_height='none' svg_div_top_flip='' svg_div_top_invert='' svg_div_top_front='' svg_div_top_opacity='' svg_div_top_preview='' svg_div_bottom='' svg_div_bottom_color='#333333' svg_div_bottom_width='100' svg_div_bottom_height='50' svg_div_bottom_max_height='none' svg_div_bottom_flip='' svg_div_bottom_invert='' svg_div_bottom_front='' svg_div_bottom_opacity='' svg_div_bottom_preview='' border='' border_style='solid' border_color='' radius='' column_boxshadow='' column_boxshadow_color='' column_boxshadow_width='10' background='bg_color' background_color='' background_gradient_direction='vertical' background_gradient_color1='#000000' background_gradient_color2='#ffffff' background_gradient_color3='' src='' background_position='top left' background_repeat='no-repeat' highlight='' highlight_size='' animation='' link='' linktarget='' link_hover='' title_attr='' alt_attr='' mobile_display='' id='' custom_class='' template_class='' aria_label='' av_uid='av-2fqt2r' sc_version='1.0']\r\n\r\n[av_icon_box icon='ue805' font='entypo-fontello' title='TEKL\u0130F AL' position='top' icon_style='' boxed='' font_color='' custom_title='' custom_content='' color='' custom_bg='' custom_font='' custom_border='' custom_title_size='' av-medium-font-size-title='' av-small-font-size-title='' av-mini-font-size-title='' custom_content_size='' av-medium-font-size='' av-small-font-size='' av-mini-font-size='' heading_tag='' heading_class='' link='manually,https:\/\/alptek.com.tr\/tr\/contactform\/?iframe=true' linktarget='' linkelement='both' id='' custom_class='' template_class='' av_uid='av-m3700cyk' sc_version='1.0' admin_preview_bg='']\r\n<a href=\"https:\/\/alptek.com.tr\/tr\/contactform\/?iframe=true\">B\u0130ZE ULA\u015eIN<\/a>\r\n[\/av_icon_box]\r\n\r\n[\/av_one_half][\/av_section]\n","protected":false},"excerpt":{"rendered":"","protected":false},"author":2,"featured_media":0,"parent":1868,"menu_order":0,"comment_status":"closed","ping_status":"closed","template":"","meta":{"footnotes":""},"_links":{"self":[{"href":"https:\/\/alptek.com.tr\/tr\/wp-json\/wp\/v2\/pages\/2034"}],"collection":[{"href":"https:\/\/alptek.com.tr\/tr\/wp-json\/wp\/v2\/pages"}],"about":[{"href":"https:\/\/alptek.com.tr\/tr\/wp-json\/wp\/v2\/types\/page"}],"author":[{"embeddable":true,"href":"https:\/\/alptek.com.tr\/tr\/wp-json\/wp\/v2\/users\/2"}],"replies":[{"embeddable":true,"href":"https:\/\/alptek.com.tr\/tr\/wp-json\/wp\/v2\/comments?post=2034"}],"version-history":[{"count":8,"href":"https:\/\/alptek.com.tr\/tr\/wp-json\/wp\/v2\/pages\/2034\/revisions"}],"predecessor-version":[{"id":6834,"href":"https:\/\/alptek.com.tr\/tr\/wp-json\/wp\/v2\/pages\/2034\/revisions\/6834"}],"up":[{"embeddable":true,"href":"https:\/\/alptek.com.tr\/tr\/wp-json\/wp\/v2\/pages\/1868"}],"wp:attachment":[{"href":"https:\/\/alptek.com.tr\/tr\/wp-json\/wp\/v2\/media?parent=2034"}],"curies":[{"name":"wp","href":"https:\/\/api.w.org\/{rel}","templated":true}]}}