{"id":1971,"date":"2023-09-26T14:20:34","date_gmt":"2023-09-26T14:20:34","guid":{"rendered":"https:\/\/alptek.com.tr\/?page_id=1971"},"modified":"2024-11-08T12:19:40","modified_gmt":"2024-11-08T12:19:40","slug":"walk-in-ceker-ocak","status":"publish","type":"page","link":"https:\/\/alptek.com.tr\/tr\/laboratuvar-sistemleri\/walk-in-ceker-ocak\/","title":{"rendered":"Walk-in \u00c7eker Ocak"},"content":{"rendered":"<div id='layer_slider_1'  class='avia-layerslider main_color avia-shadow  avia-builder-el-0  el_before_av_section  avia-builder-el-first  container_wrap sidebar_right'  style='height: 921px; max-width: 1920px; margin: 0 auto;'  ><\/div>\n<div id='av_section_1'  class='avia-section av-2cwipf-a7ea4b441c776a423092b65469a8b26e main_color avia-section-default avia-no-border-styling  avia-builder-el-1  el_after_av_layerslider  el_before_av_section  avia-bg-style-scroll  container_wrap sidebar_right'  ><div class='container av-section-cont-open' ><div class='template-page content  av-content-small alpha units'><div class='post-entry post-entry-type-page post-entry-1971'><div class='entry-content-wrapper clearfix'>\n\n<style type=\"text\/css\" id=\"style-css-av-lrowwlwb-7a9dbeea7a68eda267e640c237078f9a\">\n#top .av-special-heading.av-lrowwlwb-7a9dbeea7a68eda267e640c237078f9a{\npadding-bottom:10px;\nfont-size:32px;\n}\n<\/style>\n<div  class='av-special-heading av-lrowwlwb-7a9dbeea7a68eda267e640c237078f9a av-special-heading-h1 blockquote modern-quote modern-centered  avia-builder-el-2  el_before_av_hr  avia-builder-el-first  av-inherit-size '><h1 class='av-special-heading-tag '  itemprop=\"headline\"  >WALK-IN \u00c7EKER OCAK<\/h1><div class='special-heading-border'><div class='special-heading-inner-border'><\/div><\/div><\/div>\n\n<style type=\"text\/css\" id=\"style-css-av-lrowx9yj-ef653227783f51b78ef91d19a6acd9dc\">\n.hr.av-lrowx9yj-ef653227783f51b78ef91d19a6acd9dc{\nmargin-top:0px;\nmargin-bottom:30px;\n}\n.hr.av-lrowx9yj-ef653227783f51b78ef91d19a6acd9dc .hr-inner{\nwidth:100px;\nborder-color:#9c9b9b;\n}\n<\/style>\n<div  class='hr av-lrowx9yj-ef653227783f51b78ef91d19a6acd9dc hr-custom  avia-builder-el-3  el_after_av_heading  el_before_av_textblock  hr-center hr-icon-no '><span class='hr-inner inner-border-av-border-fat'><span class=\"hr-inner-style\"><\/span><\/span><\/div>\n<section class=\"av_textblock_section \"  itemscope=\"itemscope\" itemtype=\"https:\/\/schema.org\/CreativeWork\" ><div class='avia_textblock  '  style='font-size:24px; '  itemprop=\"text\" ><p>\u00c7eker ocaklar, tehlikeli miktarda gaz, duman, partik\u00fcl ve s\u0131v\u0131 madde i\u00e7eren laboratuvar \u00e7al\u0131\u015fmalar\u0131n\u0131n g\u00fcvenli\u011fine y\u00f6nelik sistemlerdir. ALPTEK Walk-In \u00c7eker Ocaklar, y\u00fcksek konsantrasyonlu ve d\u00fc\u015f\u00fck korozif kimyasallar\u0131n kullan\u0131ld\u0131\u011f\u0131 kimyasal i\u015flerde ergonomik kullan\u0131m ihtiya\u00e7lar\u0131 i\u00e7in tasarlanm\u0131\u015ft\u0131r. ALPTEK \u00e7eker ocaklar performans\u0131 art\u0131rmak ve sa\u011fl\u0131k g\u00fcvenli\u011fini sa\u011flamak amac\u0131yla EN 14175 AB standartlar\u0131na g\u00f6re \u00fcretilmi\u015ftir. Kullan\u0131c\u0131 ve \u00e7evre g\u00fcvenli\u011fine y\u00f6nelik CE sertifikas\u0131na sahiptir. Drenaj y\u00f6netim sistemleri opsiyonel olarak sunulmaktad\u0131r.<\/p>\n<\/div><\/section>\n\n<\/div><\/div><\/div><!-- close content main div --><\/div><\/div><div id='av_section_2'  class='avia-section av-6r5ub-19816b47bb21607a8f63a81f28f102fd main_color avia-section-default avia-no-border-styling  avia-builder-el-5  el_after_av_section  el_before_av_section  avia-bg-style-scroll  container_wrap sidebar_right'  ><div class='container av-section-cont-open' ><div class='template-page content  av-content-small alpha units'><div class='post-entry post-entry-type-page post-entry-1971'><div class='entry-content-wrapper clearfix'>\n\n<style type=\"text\/css\" id=\"style-css-av-lrowzbbt-d5050ab0214551448c13254cdaac1189\">\n#top .av-special-heading.av-lrowzbbt-d5050ab0214551448c13254cdaac1189{\npadding-bottom:10px;\nfont-size:18px;\n}\n<\/style>\n<div  class='av-special-heading av-lrowzbbt-d5050ab0214551448c13254cdaac1189 av-special-heading-h2 blockquote modern-quote  avia-builder-el-6  el_before_av_hr  avia-builder-el-first  av-thin-font av-inherit-size '><h2 class='av-special-heading-tag '  itemprop=\"headline\"  ><strong>\u00dcR\u00dcNLER<\/strong><\/h2><div class='special-heading-border'><div class='special-heading-inner-border'><\/div><\/div><\/div>\n\n<style type=\"text\/css\" id=\"style-css-av-lrowzmtx-3989adf8ba4c0ae3bcf5f2371331dd3a\">\n.hr.av-lrowzmtx-3989adf8ba4c0ae3bcf5f2371331dd3a{\nmargin-top:0px;\nmargin-bottom:30px;\n}\n.hr.av-lrowzmtx-3989adf8ba4c0ae3bcf5f2371331dd3a .hr-inner{\nwidth:50px;\nborder-color:#9c9b9b;\n}\n<\/style>\n<div  class='hr av-lrowzmtx-3989adf8ba4c0ae3bcf5f2371331dd3a hr-custom  avia-builder-el-7  el_after_av_heading  el_before_av_image  hr-left hr-icon-no '><span class='hr-inner inner-border-av-border-fat'><span class=\"hr-inner-style\"><\/span><\/span><\/div>\n\n<style type=\"text\/css\" id=\"style-css-av-lrox0kep-bf5ee5a88f8af3c16eaf1820cdca4c12\">\n.avia-image-container.av-lrox0kep-bf5ee5a88f8af3c16eaf1820cdca4c12 .av-image-caption-overlay-center{\ncolor:#ffffff;\n}\n<\/style>\n<div  class='avia-image-container av-lrox0kep-bf5ee5a88f8af3c16eaf1820cdca4c12 av-styling- avia-align-center  avia-builder-el-8  el_after_av_hr  avia-builder-el-last  '  itemprop=\"image\" itemscope=\"itemscope\" itemtype=\"https:\/\/schema.org\/ImageObject\" ><div class=\"avia-image-container-inner\"><div class=\"avia-image-overlay-wrap\"><img decoding=\"async\" class='wp-image-5318 avia-img-lazy-loading-not-5318 avia_image' src=\"https:\/\/alptek.com.tr\/tr\/wp-content\/uploads\/2024\/01\/Walk_In_Light-1.jpg\" alt='' title='Walk_In_Light 1'  height=\"730\" width=\"479\"  itemprop=\"thumbnailUrl\" srcset=\"https:\/\/alptek.com.tr\/tr\/wp-content\/uploads\/2024\/01\/Walk_In_Light-1.jpg 479w, https:\/\/alptek.com.tr\/tr\/wp-content\/uploads\/2024\/01\/Walk_In_Light-1-197x300.jpg 197w, https:\/\/alptek.com.tr\/tr\/wp-content\/uploads\/2024\/01\/Walk_In_Light-1-463x705.jpg 463w\" sizes=\"(max-width: 479px) 100vw, 479px\" \/><\/div><\/div><\/div>\n\n<\/div><\/div><\/div><!-- close content main div --><\/div><\/div><div id='av_section_3'  class='avia-section av-3k2g2b-6aa1b2b36558c793d04cefae40a542b4 main_color avia-section-default avia-no-border-styling  avia-builder-el-9  el_after_av_section  el_before_av_section  avia-bg-style-scroll  container_wrap sidebar_right'  ><div class='container av-section-cont-open' ><div class='template-page content  av-content-small alpha units'><div class='post-entry post-entry-type-page post-entry-1971'><div class='entry-content-wrapper clearfix'>\n\n<style type=\"text\/css\" id=\"style-css-av-lrox222b-931aa4ef13787d23e070cccb90763a8e\">\n#top .av-special-heading.av-lrox222b-931aa4ef13787d23e070cccb90763a8e{\npadding-bottom:10px;\nfont-size:18px;\n}\n<\/style>\n<div  class='av-special-heading av-lrox222b-931aa4ef13787d23e070cccb90763a8e av-special-heading-h2 blockquote modern-quote  avia-builder-el-10  el_before_av_hr  avia-builder-el-first  av-thin-font av-inherit-size '><h2 class='av-special-heading-tag '  itemprop=\"headline\"  ><strong>\u00d6ZELL\u0130KLER<\/strong><\/h2><div class='special-heading-border'><div class='special-heading-inner-border'><\/div><\/div><\/div>\n\n<style type=\"text\/css\" id=\"style-css-av-234kyb-6f9fa3d609512c918395fee66f1cf5da\">\n.hr.av-234kyb-6f9fa3d609512c918395fee66f1cf5da{\nmargin-top:0px;\nmargin-bottom:30px;\n}\n.hr.av-234kyb-6f9fa3d609512c918395fee66f1cf5da .hr-inner{\nwidth:50px;\nborder-color:#9c9b9b;\n}\n<\/style>\n<div  class='hr av-234kyb-6f9fa3d609512c918395fee66f1cf5da hr-custom  avia-builder-el-11  el_after_av_heading  el_before_av_image  hr-left hr-icon-no '><span class='hr-inner inner-border-av-border-fat'><span class=\"hr-inner-style\"><\/span><\/span><\/div>\n\n<style type=\"text\/css\" id=\"style-css-av-lrox2ex6-2e0a88a0dea024d8732e6e2ba10a70ff\">\n.avia-image-container.av-lrox2ex6-2e0a88a0dea024d8732e6e2ba10a70ff .av-image-caption-overlay-center{\ncolor:#ffffff;\n}\n<\/style>\n<div  class='avia-image-container av-lrox2ex6-2e0a88a0dea024d8732e6e2ba10a70ff av-styling- avia-align-center  avia-builder-el-12  el_after_av_hr  el_before_av_one_half  '  itemprop=\"image\" itemscope=\"itemscope\" itemtype=\"https:\/\/schema.org\/ImageObject\" ><div class=\"avia-image-container-inner\"><div class=\"avia-image-overlay-wrap\"><img decoding=\"async\" class='wp-image-5319 avia-img-lazy-loading-not-5319 avia_image' src=\"https:\/\/alptek.com.tr\/tr\/wp-content\/uploads\/2024\/01\/walk-in-tech-1.jpg\" alt='' title='walk-in-tech 1'  height=\"623\" width=\"793\"  itemprop=\"thumbnailUrl\" srcset=\"https:\/\/alptek.com.tr\/tr\/wp-content\/uploads\/2024\/01\/walk-in-tech-1.jpg 793w, https:\/\/alptek.com.tr\/tr\/wp-content\/uploads\/2024\/01\/walk-in-tech-1-300x236.jpg 300w, https:\/\/alptek.com.tr\/tr\/wp-content\/uploads\/2024\/01\/walk-in-tech-1-768x603.jpg 768w, https:\/\/alptek.com.tr\/tr\/wp-content\/uploads\/2024\/01\/walk-in-tech-1-705x554.jpg 705w\" sizes=\"(max-width: 793px) 100vw, 793px\" \/><\/div><\/div><\/div>\n<div class='flex_column av-1l1iafn-2870dd9168802f1facafb6287df88ce7 av_one_half  avia-builder-el-13  el_after_av_image  el_before_av_one_half  first flex_column_div '   ><div class='avia-data-table-wrap av-1iy7t9v-3542859f61049b49bdfd0e85601c4149 avia_responsive_table avia-table-1 '><table  class='avia-table avia-data-table avia_pricing_default  avia-builder-el-14  avia-builder-el-no-sibling  nvst-table'  itemscope=\"itemscope\" itemtype=\"https:\/\/schema.org\/Table\" ><tbody><tr class='avia-heading-row'><th class=''>\u00d6L\u00c7\u00dcLER<\/th><th class=''>(mm)<\/th><\/tr><tr class=''><td class=''>Geni\u015flik<\/td><td class=''>1200 \/ 1500 \/ 1800<\/td><\/tr><tr class=''><td class=''>Derinlik<\/td><td class=''>950<\/td><\/tr><tr class=''><td class=''>Y\u00fckselik<\/td><td class=''>2650<\/td><\/tr><tr class=''><td class=''>Tezgah Uzunlu\u011fu<\/td><td class=''>1100 \/ 1400 \/ 1700<\/td><\/tr><tr class=''><td class=''>Tezgah Geni\u015fli\u011fi<\/td><td class=''>730<\/td><\/tr><tr class=''><td class=''>\u0130\u00e7 Y\u00fckseklik<\/td><td class=''>730<\/td><\/tr><tr class=''><td class=''>\u00c7al\u0131\u015fma Tezgah\u0131 Y\u00fcksekli\u011fi<\/td><td class=''>2300<\/td><\/tr><\/tbody><\/table><\/div><style type='text\/css'>.avia-table-1 td:nth-of-type(1):before { content: '\u00d6L\u00c7\u00dcLER'; } .avia-table-1 td:nth-of-type(2):before { content: '(mm)'; } <\/style><\/div><div class='flex_column av-ikm3wj-01af57ffb171b517efbc920cbfd90fb4 av_one_half  avia-builder-el-15  el_after_av_one_half  el_before_av_one_half  flex_column_div '   ><div class='avia-data-table-wrap av-wqf5s3-16cb82b6c4e8f19a360c72e84a1a8d9b avia_responsive_table avia-table-2 '><table  class='avia-table avia-data-table avia_pricing_default  avia-builder-el-16  avia-builder-el-no-sibling  nvst-table'  itemscope=\"itemscope\" itemtype=\"https:\/\/schema.org\/Table\" ><tbody><tr class='avia-heading-row'><th class=''>ELEKTR\u0130K<\/th><th class=''><\/th><\/tr><tr class=''><td class=''>Elektrik prizleri<\/td><td class=''>IP44 220V-16A Elektrik Prizleri\/Opsiyonel Trifaz Prizler<\/td><\/tr><tr class=''><td class=''>Sigorta Kutusu<\/td><td class=''>16A \/ 32A<\/td><\/tr><tr class=''><td class=''>I\u015f\u0131kland\u0131rma<\/td><td class=''>IP65 Koruyucu I\u015f\u0131kland\u0131rma<\/td><\/tr><tr class=''><td class=''>Acil Durum Butonu<\/td><td class=''>IP65 Acil Durum Butonu<\/td><\/tr><tr class=''><td class=''>Kontrol Cihaz\u0131<\/td><td class=''>EN 14175 Standartlar\u0131na uygun fan emi\u015f h\u0131z\u0131 kontrol cihaz\u0131<\/td><\/tr><\/tbody><\/table><\/div><style type='text\/css'>.avia-table-2 td:nth-of-type(1):before { content: 'ELEKTR\u0130K'; } .avia-table-2 td:nth-of-type(2):before { content: ''; } <\/style><\/div><div class='flex_column av-20mgow3-fa81f8fbe16f172ee2911dddf6ca0759 av_one_half  avia-builder-el-17  el_after_av_one_half  el_before_av_one_half  first flex_column_div column-top-margin'   ><div class='avia-data-table-wrap av-72iwyb-bcb22cfd3f7545ca5c210bf29b0dfff4 avia_responsive_table avia-table-3 '><table  class='avia-table avia-data-table avia_pricing_default  avia-builder-el-18  avia-builder-el-no-sibling  nvst-table'  itemscope=\"itemscope\" itemtype=\"https:\/\/schema.org\/Table\" ><tbody><tr class='avia-heading-row'><th class=''>\u00d6ZELL\u0130KLER<\/th><th class=''><\/th><\/tr><tr class=''><td class=''>\u00c7er\u00e7eve<\/td><td class=''>Yatay ve Dikey Hareketli Emniyet Cam\u0131<\/td><\/tr><tr class=''><td class=''>Yap\u0131<\/td><td class=''>Galvaniz \u00c7elik<\/td><\/tr><tr class=''><td class=''>Boya<\/td><td class=''>Elektrostatik Toz Boya<\/td><\/tr><tr class=''><td class=''>\u00c7al\u0131\u015fma Y\u00fczeyi<\/td><td class=''>End\u00fcstriyel Seramik<br \/>\nKompakt Laminat<br \/>\nEpoksi Re\u00e7ine<br \/>\nPaslanmaz \u00c7elik<\/td><\/tr><tr class=''><td class=''>\u00c7eker Ocak Aya\u011f\u0131<\/td><td class=''>Zemin e\u011fimlerine kar\u015f\u0131 koyabilecek kimyasallara dayan\u0131kl\u0131 ayak<\/td><\/tr><\/tbody><\/table><\/div><style type='text\/css'>.avia-table-3 td:nth-of-type(1):before { content: '\u00d6ZELL\u0130KLER'; } .avia-table-3 td:nth-of-type(2):before { content: ''; } <\/style><\/div><div class='flex_column av-12ho5gj-e5f26eb10ae2b325fb02c01a0def4e78 av_one_half  avia-builder-el-19  el_after_av_one_half  avia-builder-el-last  flex_column_div column-top-margin'   ><div class='avia-data-table-wrap av-11mlboj-7da2b7ab35eb17f2db40e2f107f70356 avia_responsive_table avia-table-4 '><table  class='avia-table avia-data-table avia_pricing_default  avia-builder-el-20  avia-builder-el-no-sibling  nvst-table'  itemscope=\"itemscope\" itemtype=\"https:\/\/schema.org\/Table\" ><tbody><tr class='avia-heading-row'><th class=''>SU VE GAZ BA\u011eLANTILARI<\/th><th class=''><\/th><\/tr><tr class=''><td class=''>Su Ba\u011flant\u0131lar\u0131<\/td><td class=''>DIN 12898 Standard\u0131na uygundur.<br \/>\nArmat\u00fcr ve vanalar EN 13792 standard\u0131na uygun olup renk kodlar\u0131na sahiptir.<br \/>\nISO228\/1 Standard\u0131na ve B Tolerans S\u0131n\u0131f\u0131na uygundur.<br \/>\nDIN 12918&#8217;e uygun olarak \u00fcretilmi\u015ftir.<\/td><\/tr><tr class=''><td class=''>Lavabo<\/td><td class=''>Polipropilen (PP)<br \/>\nEpoksi Re\u00e7ine<br \/>\nPaslanmaz \u00c7elik<br \/>\nEnd\u00fcstriyel Seramik<\/td><\/tr><tr class=''><td class=''>Gaz Ba\u011flant\u0131lar\u0131<\/td><td class=''>DIN 12898 Standard\u0131na uygundur.<br \/>\nArmat\u00fcr ve vanalar EN 13792&#8217;ye uygundur.<br \/>\nISO228\/1 Standard\u0131na ve B Tolerans S\u0131n\u0131f\u0131na uygundur.<br \/>\nDIN 12918&#8217;e uygun olarak \u00fcretilmi\u015ftir.<\/td><\/tr><\/tbody><\/table><\/div><style type='text\/css'>.avia-table-4 td:nth-of-type(1):before { content: 'SU VE GAZ BA\u011eLANTILARI'; } .avia-table-4 td:nth-of-type(2):before { content: ''; } <\/style><\/div>\n\n<\/div><\/div><\/div><!-- close content main div --><\/div><\/div><div id='av_section_4'  class='avia-section av-4clysz-14dd04fedde48b9f2563c468418e3ba6 main_color avia-section-default avia-no-border-styling  avia-builder-el-21  el_after_av_section  el_before_av_postcontent  avia-bg-style-scroll  container_wrap sidebar_right'  ><div class='container av-section-cont-open' ><div class='template-page content  av-content-small alpha units'><div class='post-entry post-entry-type-page post-entry-1971'><div class='entry-content-wrapper clearfix'>\n\n<style type=\"text\/css\" id=\"style-css-av-lrozw0wt-06ec4c281c4b03147eac056c780bc0a9\">\n#top .av-special-heading.av-lrozw0wt-06ec4c281c4b03147eac056c780bc0a9{\npadding-bottom:10px;\nfont-size:18px;\n}\n<\/style>\n<div  class='av-special-heading av-lrozw0wt-06ec4c281c4b03147eac056c780bc0a9 av-special-heading-h2 blockquote modern-quote  avia-builder-el-22  el_before_av_hr  avia-builder-el-first  av-thin-font av-inherit-size '><h2 class='av-special-heading-tag '  itemprop=\"headline\"  ><strong>TEZGAH MALZEMES\u0130 SE\u00c7ENEKLER\u0130<\/strong><\/h2><div class='special-heading-border'><div class='special-heading-inner-border'><\/div><\/div><\/div>\n\n<style type=\"text\/css\" id=\"style-css-av-20lpcj-b49b3c32e56626ec3c9bb520013e8a50\">\n.hr.av-20lpcj-b49b3c32e56626ec3c9bb520013e8a50{\nmargin-top:0px;\nmargin-bottom:30px;\n}\n.hr.av-20lpcj-b49b3c32e56626ec3c9bb520013e8a50 .hr-inner{\nwidth:50px;\nborder-color:#9c9b9b;\n}\n<\/style>\n<div  class='hr av-20lpcj-b49b3c32e56626ec3c9bb520013e8a50 hr-custom  avia-builder-el-23  el_after_av_heading  el_before_av_codeblock  hr-left hr-icon-no '><span class='hr-inner inner-border-av-border-fat'><span class=\"hr-inner-style\"><\/span><\/span><\/div>\n\n\n[av_section min_height='' min_height_pc='25' min_height_px='500px' padding='default' margin='' custom_margin='0px' svg_div_top='' svg_div_top_color='#333333' svg_div_top_width='100' svg_div_top_height='50' svg_div_top_max_height='none' svg_div_top_flip='' svg_div_top_invert='' svg_div_top_front='' svg_div_top_opacity='' svg_div_top_preview='' svg_div_bottom='' svg_div_bottom_color='#333333' svg_div_bottom_width='100' svg_div_bottom_height='50' svg_div_bottom_max_height='none' svg_div_bottom_flip='' svg_div_bottom_invert='' svg_div_bottom_front='' svg_div_bottom_opacity='' svg_div_bottom_preview='' color='main_color' background='bg_color' custom_bg='' background_gradient_direction='vertical' background_gradient_color1='#000000' background_gradient_color2='#ffffff' background_gradient_color3='' src='' attach='scroll' position='top left' repeat='no-repeat' video='' video_ratio='16:9' video_mobile_disabled='' overlay_enable='' overlay_opacity='0.5' overlay_color='' overlay_pattern='' overlay_custom_pattern='' shadow='no-border-styling' bottom_border='no-border-styling' bottom_border_diagonal_color='#333333' bottom_border_diagonal_direction='' bottom_border_style='' scroll_down='' custom_arrow_bg='' av-desktop-hide='' av-medium-hide='' av-small-hide='' av-mini-hide='' id='' custom_class='' template_class='' aria_label='' av_element_hidden_in_editor='0' av_uid='av-6x4clf' sc_version='1.0']\r\n\r\n[av_one_half first min_height='' vertical_alignment='av-align-top' space='' row_boxshadow='' row_boxshadow_color='' row_boxshadow_width='10' custom_margin='' margin='0px' mobile_breaking='' min_col_height='' padding='' svg_div_top='' svg_div_top_color='#333333' svg_div_top_width='100' svg_div_top_height='50' svg_div_top_max_height='none' svg_div_top_flip='' svg_div_top_invert='' svg_div_top_front='' svg_div_top_opacity='' svg_div_top_preview='' svg_div_bottom='' svg_div_bottom_color='#333333' svg_div_bottom_width='100' svg_div_bottom_height='50' svg_div_bottom_max_height='none' svg_div_bottom_flip='' svg_div_bottom_invert='' svg_div_bottom_front='' svg_div_bottom_opacity='' svg_div_bottom_preview='' border='' border_style='solid' border_color='' radius='' column_boxshadow='' column_boxshadow_color='' column_boxshadow_width='10' background='bg_color' background_color='' background_gradient_direction='vertical' background_gradient_color1='#000000' background_gradient_color2='#ffffff' background_gradient_color3='' src='' background_position='top left' background_repeat='no-repeat' highlight='' highlight_size='' animation='' link='' linktarget='' link_hover='' title_attr='' alt_attr='' mobile_display='' id='' custom_class='' template_class='' aria_label='' av_uid='av-57iewz' sc_version='1.0']\r\n\r\n[av_icon_box icon='ue854' font='entypo-fontello' title='TELEFON' position='top' icon_style='' boxed='' font_color='' custom_title='' custom_content='' color='' custom_bg='' custom_font='' custom_border='' custom_title_size='' av-medium-font-size-title='' av-small-font-size-title='' av-mini-font-size-title='' custom_content_size='' av-medium-font-size='' av-small-font-size='' av-mini-font-size='' heading_tag='' heading_class='' link='manually,tel:02165401772' linktarget='' linkelement='both' id='' custom_class='' template_class='' av_uid='av-3tsi6r' sc_version='1.0' admin_preview_bg='']\r\n<a href=\"tel:02165401772\">+90 (216) 540 17 72<\/a>\r\n[\/av_icon_box]\r\n\r\n[\/av_one_half][av_one_half min_height='' vertical_alignment='av-align-top' space='' row_boxshadow='' row_boxshadow_color='' row_boxshadow_width='10' custom_margin='' margin='0px' mobile_breaking='' min_col_height='' padding='' svg_div_top='' svg_div_top_color='#333333' svg_div_top_width='100' svg_div_top_height='50' svg_div_top_max_height='none' svg_div_top_flip='' svg_div_top_invert='' svg_div_top_front='' svg_div_top_opacity='' svg_div_top_preview='' svg_div_bottom='' svg_div_bottom_color='#333333' svg_div_bottom_width='100' svg_div_bottom_height='50' svg_div_bottom_max_height='none' svg_div_bottom_flip='' svg_div_bottom_invert='' svg_div_bottom_front='' svg_div_bottom_opacity='' svg_div_bottom_preview='' border='' border_style='solid' border_color='' radius='' column_boxshadow='' column_boxshadow_color='' column_boxshadow_width='10' background='bg_color' background_color='' background_gradient_direction='vertical' background_gradient_color1='#000000' background_gradient_color2='#ffffff' background_gradient_color3='' src='' background_position='top left' background_repeat='no-repeat' highlight='' highlight_size='' animation='' link='' linktarget='' link_hover='' title_attr='' alt_attr='' mobile_display='' id='' custom_class='' template_class='' aria_label='' av_uid='av-2fqt2r' sc_version='1.0']\r\n\r\n[av_icon_box icon='ue805' font='entypo-fontello' title='TEKL\u0130F AL' position='top' icon_style='' boxed='' font_color='' custom_title='' custom_content='' color='' custom_bg='' custom_font='' custom_border='' custom_title_size='' av-medium-font-size-title='' av-small-font-size-title='' av-mini-font-size-title='' custom_content_size='' av-medium-font-size='' av-small-font-size='' av-mini-font-size='' heading_tag='' heading_class='' link='manually,https:\/\/alptek.com.tr\/tr\/contactform\/?iframe=true' linktarget='' linkelement='both' id='' custom_class='' template_class='' av_uid='av-m3700cyk' sc_version='1.0' admin_preview_bg='']\r\n<a href=\"https:\/\/alptek.com.tr\/tr\/contactform\/?iframe=true\">B\u0130ZE ULA\u015eIN<\/a>\r\n[\/av_icon_box]\r\n\r\n[\/av_one_half][\/av_section]\n","protected":false},"excerpt":{"rendered":"","protected":false},"author":1,"featured_media":0,"parent":1868,"menu_order":0,"comment_status":"closed","ping_status":"closed","template":"","meta":{"footnotes":""},"_links":{"self":[{"href":"https:\/\/alptek.com.tr\/tr\/wp-json\/wp\/v2\/pages\/1971"}],"collection":[{"href":"https:\/\/alptek.com.tr\/tr\/wp-json\/wp\/v2\/pages"}],"about":[{"href":"https:\/\/alptek.com.tr\/tr\/wp-json\/wp\/v2\/types\/page"}],"author":[{"embeddable":true,"href":"https:\/\/alptek.com.tr\/tr\/wp-json\/wp\/v2\/users\/1"}],"replies":[{"embeddable":true,"href":"https:\/\/alptek.com.tr\/tr\/wp-json\/wp\/v2\/comments?post=1971"}],"version-history":[{"count":7,"href":"https:\/\/alptek.com.tr\/tr\/wp-json\/wp\/v2\/pages\/1971\/revisions"}],"predecessor-version":[{"id":7106,"href":"https:\/\/alptek.com.tr\/tr\/wp-json\/wp\/v2\/pages\/1971\/revisions\/7106"}],"up":[{"embeddable":true,"href":"https:\/\/alptek.com.tr\/tr\/wp-json\/wp\/v2\/pages\/1868"}],"wp:attachment":[{"href":"https:\/\/alptek.com.tr\/tr\/wp-json\/wp\/v2\/media?parent=1971"}],"curies":[{"name":"wp","href":"https:\/\/api.w.org\/{rel}","templated":true}]}}