{"id":1831,"date":"2023-09-08T12:53:03","date_gmt":"2023-09-08T12:53:03","guid":{"rendered":"https:\/\/alptek.com.tr\/?page_id=1831"},"modified":"2024-03-07T08:23:56","modified_gmt":"2024-03-07T08:23:56","slug":"danismanlik-proje-yonetimi","status":"publish","type":"page","link":"https:\/\/alptek.com.tr\/tr\/ne-yapiyoruz\/danismanlik-proje-yonetimi\/","title":{"rendered":"DANI\u015eMANLIK &#038; PROJE Y\u00d6NET\u0130M\u0130"},"content":{"rendered":"<div id='layer_slider_1'  class='avia-layerslider main_color avia-shadow  avia-builder-el-0  el_before_av_section  avia-builder-el-first  container_wrap sidebar_right'  style='height: 871px; max-width: 1920px; margin: 0 auto;'  ><\/div>\n<div id='av_section_1'  class='avia-section av-1tzpz3-36e79d45a564c9512ca18e2f57599fb9 main_color avia-section-default avia-no-border-styling  avia-builder-el-1  el_after_av_layerslider  el_before_av_section  avia-bg-style-scroll  container_wrap sidebar_right'  ><div class='container av-section-cont-open' ><div class='template-page content  av-content-small alpha units'><div class='post-entry post-entry-type-page post-entry-1831'><div class='entry-content-wrapper clearfix'>\n\n<style type=\"text\/css\" id=\"style-css-av-lradxtdd-351c28ad17ca238ed260ebd20622e6eb\">\n#top .av-special-heading.av-lradxtdd-351c28ad17ca238ed260ebd20622e6eb{\npadding-bottom:10px;\nfont-size:32px;\n}\n<\/style>\n<div  class='av-special-heading av-lradxtdd-351c28ad17ca238ed260ebd20622e6eb av-special-heading-h1 blockquote modern-quote modern-centered  avia-builder-el-2  el_before_av_hr  avia-builder-el-first  av-inherit-size '><h1 class='av-special-heading-tag '  itemprop=\"headline\"  >DANI\u015eMANLIK <span class='special_amp'>&amp;<\/span> PROJE Y\u00d6NET\u0130M\u0130<\/h1><div class='special-heading-border'><div class='special-heading-inner-border'><\/div><\/div><\/div>\n\n<style type=\"text\/css\" id=\"style-css-av-lradyrtb-97e36b64e23b686c5c995bf776f3734f\">\n.hr.av-lradyrtb-97e36b64e23b686c5c995bf776f3734f{\nmargin-top:0px;\nmargin-bottom:30px;\n}\n.hr.av-lradyrtb-97e36b64e23b686c5c995bf776f3734f .hr-inner{\nwidth:100px;\nborder-color:9c9b9b;\n}\n<\/style>\n<div  class='hr av-lradyrtb-97e36b64e23b686c5c995bf776f3734f hr-custom  avia-builder-el-3  el_after_av_heading  avia-builder-el-last  hr-center hr-icon-no '><span class='hr-inner inner-border-av-border-fat'><span class=\"hr-inner-style\"><\/span><\/span><\/div>\n<\/div><\/div><\/div><!-- close content main div --><\/div><\/div>\n<style type=\"text\/css\" id=\"style-css-av-lm8wjh5b-49ba0dba42aa0292cf5866d99bee8ee7\">\n.avia-section.av-lm8wjh5b-49ba0dba42aa0292cf5866d99bee8ee7{\nbackground-repeat:no-repeat;\nbackground-image:url(https:\/\/alptek.com.tr\/tr\/wp-content\/uploads\/2024\/01\/vivarium-establishment-2-alptek.jpg);\nbackground-position:top left;\nbackground-attachment:scroll;\n}\n<\/style>\n<div id='av_section_2'  class='avia-section av-lm8wjh5b-49ba0dba42aa0292cf5866d99bee8ee7 main_color avia-section-small avia-no-border-styling  avia-builder-el-4  el_after_av_section  el_before_av_layout_row  avia-bg-style-scroll  container_wrap sidebar_right'  data-section-bg-repeat='no-repeat'><div class='container av-section-cont-open' ><div class='template-page content  av-content-small alpha units'><div class='post-entry post-entry-type-page post-entry-1831'><div class='entry-content-wrapper clearfix'>\n<div class='flex_column_table av-lm8wjvc0-4408c6b7103c07f24952982146bac537 sc-av_one_full av-equal-height-column-flextable'><div class='flex_column av-lm8wjvc0-4408c6b7103c07f24952982146bac537 av_one_full  avia-builder-el-5  el_before_av_hr  avia-builder-el-first  first flex_column_table_cell av-equal-height-column av-align-middle '   ><section class=\"av_textblock_section \"  itemscope=\"itemscope\" itemtype=\"https:\/\/schema.org\/CreativeWork\" ><div class='avia_textblock  av_inherit_color '  style='font-size:30px; color:#000000; '  itemprop=\"text\" ><p style=\"text-align: center;\">ALPTEK olarak; <strong>Laboratuvar &amp; vivaryum kurulumu ve GMP&#8217;ye uygun<\/strong> ila\u00e7 fabrikas\u0131 in\u015faat\u0131 alanlar\u0131nda sizlere destek oluyoruz.<\/p>\n<\/div><\/section><\/div><\/div><!--close column table wrapper. Autoclose: 1 -->\n<style type=\"text\/css\" id=\"style-css-av-2vrxux-7ae3e21ea905f8cb0e97268eb1e81219\">\n#top .hr.hr-invisible.av-2vrxux-7ae3e21ea905f8cb0e97268eb1e81219{\nheight:50px;\n}\n<\/style>\n<div  class='hr av-2vrxux-7ae3e21ea905f8cb0e97268eb1e81219 hr-invisible  avia-builder-el-7  el_after_av_one_full  avia-builder-el-last  '><span class='hr-inner '><span class=\"hr-inner-style\"><\/span><\/span><\/div>\n<\/p>\n<\/div><\/div><\/div><!-- close content main div --><\/div><\/div><div id='av-layout-grid-1'  class='av-layout-grid-container entry-content-wrapper main_color av-flex-cells     avia-builder-el-8  el_after_av_section  el_before_av_section  submenu-not-first container_wrap sidebar_right'  >\n<div class=\"flex_cell no_margin av_one_full  avia-builder-el-9  avia-builder-el-no-sibling   \" ><div class='flex_cell_inner' ><p>\n<style type=\"text\/css\" id=\"style-css-av-27vjxj-210888d29b88fb684c9362aa1cd1e1f6\">\n#top .hr.hr-invisible.av-27vjxj-210888d29b88fb684c9362aa1cd1e1f6{\nheight:50px;\n}\n<\/style>\n<div  class='hr av-27vjxj-210888d29b88fb684c9362aa1cd1e1f6 hr-invisible  avia-builder-el-10  el_before_av_image  avia-builder-el-first  '><span class='hr-inner '><span class=\"hr-inner-style\"><\/span><\/span><\/div><br \/>\n\n<style type=\"text\/css\" id=\"style-css-av-lraf5usx-d4707396be368945df3c3fdff61dc086\">\n.avia-image-container.av-lraf5usx-d4707396be368945df3c3fdff61dc086 .av-image-caption-overlay-center{\ncolor:#ffffff;\n}\n<\/style>\n<div  class='avia-image-container av-lraf5usx-d4707396be368945df3c3fdff61dc086 av-styling- avia-align-center  avia-builder-el-11  el_after_av_hr  avia-builder-el-last  '  itemprop=\"image\" itemscope=\"itemscope\" itemtype=\"https:\/\/schema.org\/ImageObject\" ><div class=\"avia-image-container-inner\"><div class=\"avia-image-overlay-wrap\"><img decoding=\"async\" class='wp-image-7083 avia-img-lazy-loading-not-7083 avia_image' src=\"https:\/\/alptek.com.tr\/tr\/wp-content\/uploads\/2024\/03\/danismanlik-proje-yonetimi-kutular-alptek.png\" alt='' title='danismanlik-proje-yonetimi-kutular-alptek'  height=\"300\" width=\"1920\"  itemprop=\"thumbnailUrl\" srcset=\"https:\/\/alptek.com.tr\/tr\/wp-content\/uploads\/2024\/03\/danismanlik-proje-yonetimi-kutular-alptek.png 1920w, https:\/\/alptek.com.tr\/tr\/wp-content\/uploads\/2024\/03\/danismanlik-proje-yonetimi-kutular-alptek-300x47.png 300w, https:\/\/alptek.com.tr\/tr\/wp-content\/uploads\/2024\/03\/danismanlik-proje-yonetimi-kutular-alptek-1030x161.png 1030w, https:\/\/alptek.com.tr\/tr\/wp-content\/uploads\/2024\/03\/danismanlik-proje-yonetimi-kutular-alptek-768x120.png 768w, https:\/\/alptek.com.tr\/tr\/wp-content\/uploads\/2024\/03\/danismanlik-proje-yonetimi-kutular-alptek-1536x240.png 1536w, https:\/\/alptek.com.tr\/tr\/wp-content\/uploads\/2024\/03\/danismanlik-proje-yonetimi-kutular-alptek-1500x234.png 1500w, https:\/\/alptek.com.tr\/tr\/wp-content\/uploads\/2024\/03\/danismanlik-proje-yonetimi-kutular-alptek-705x110.png 705w\" sizes=\"(max-width: 1920px) 100vw, 1920px\" \/><\/div><\/div><\/div><\/p>\n<\/div><\/div>\n<\/div>\n\n<style type=\"text\/css\" id=\"style-css-av-37moih-5d3c2237ecd89f08bf6bd613040d4601\">\n.avia-section.av-37moih-5d3c2237ecd89f08bf6bd613040d4601{\nbackground-repeat:no-repeat;\nbackground-image:url(https:\/\/alptek.com.tr\/tr\/wp-content\/uploads\/2024\/01\/arka-plan-alptek.jpg);\nbackground-position:bottom center;\nbackground-attachment:scroll;\n}\n<\/style>\n<div id='av_section_3'  class='avia-section av-37moih-5d3c2237ecd89f08bf6bd613040d4601 main_color avia-section-default avia-no-border-styling  avia-builder-el-12  el_after_av_layout_row  avia-builder-el-last  avia-bg-style-scroll  container_wrap sidebar_right'  data-section-bg-repeat='no-repeat'><div class='container av-section-cont-open' ><div class='template-page content  av-content-small alpha units'><div class='post-entry post-entry-type-page post-entry-1831'><div class='entry-content-wrapper clearfix'>\n\n<style type=\"text\/css\" id=\"style-css-av-48q77t-af0ea366ea199c13b2ff13d6507d230e\">\n#top .hr.hr-invisible.av-48q77t-af0ea366ea199c13b2ff13d6507d230e{\nheight:100px;\n}\n<\/style>\n<div  class='hr av-48q77t-af0ea366ea199c13b2ff13d6507d230e hr-invisible  avia-builder-el-13  el_before_av_one_full  avia-builder-el-first  '><span class='hr-inner '><span class=\"hr-inner-style\"><\/span><\/span><\/div>\n<div class='flex_column av-4o7ont-ddeb68eb8a9cb317bc69d1c28e469d5d av_one_full  avia-builder-el-14  el_after_av_hr  el_before_av_hr  first flex_column_div '   ><section class=\"av_textblock_section \"  itemscope=\"itemscope\" itemtype=\"https:\/\/schema.org\/CreativeWork\" ><div class='avia_textblock  av_inherit_color '  style='font-size:30px; color:#333333; '  itemprop=\"text\" ><p style=\"text-align: center; text-shadow: 0px 4px 4px rgba(0, 0, 0, 0.25); color: var(--text, #333);\"><strong>Gelece\u011fin bilimsel tesislerini olu\u015fturuyoruz!<\/strong><\/p>\n<\/div><\/section><\/div>\n<style type=\"text\/css\" id=\"style-css-av-2z2949-d463d2402e12ad25f042a9ccb75d74dc\">\n#top .hr.hr-invisible.av-2z2949-d463d2402e12ad25f042a9ccb75d74dc{\nheight:50px;\n}\n<\/style>\n<div  class='hr av-2z2949-d463d2402e12ad25f042a9ccb75d74dc hr-invisible  avia-builder-el-16  el_after_av_one_full  avia-builder-el-last  '><span class='hr-inner '><span class=\"hr-inner-style\"><\/span><\/span><\/div>\n<\/div><\/div><\/div><!-- close content main div --><\/div><\/div><div id='after_section_3'  class='main_color av_default_container_wrap container_wrap sidebar_right'  ><div class='container av-section-cont-open' ><div class='template-page content  av-content-small alpha units'><div class='post-entry post-entry-type-page post-entry-1831'><div class='entry-content-wrapper clearfix'>\n","protected":false},"excerpt":{"rendered":"","protected":false},"author":1,"featured_media":0,"parent":1611,"menu_order":0,"comment_status":"closed","ping_status":"closed","template":"","meta":{"footnotes":""},"_links":{"self":[{"href":"https:\/\/alptek.com.tr\/tr\/wp-json\/wp\/v2\/pages\/1831"}],"collection":[{"href":"https:\/\/alptek.com.tr\/tr\/wp-json\/wp\/v2\/pages"}],"about":[{"href":"https:\/\/alptek.com.tr\/tr\/wp-json\/wp\/v2\/types\/page"}],"author":[{"embeddable":true,"href":"https:\/\/alptek.com.tr\/tr\/wp-json\/wp\/v2\/users\/1"}],"replies":[{"embeddable":true,"href":"https:\/\/alptek.com.tr\/tr\/wp-json\/wp\/v2\/comments?post=1831"}],"version-history":[{"count":12,"href":"https:\/\/alptek.com.tr\/tr\/wp-json\/wp\/v2\/pages\/1831\/revisions"}],"predecessor-version":[{"id":4042,"href":"https:\/\/alptek.com.tr\/tr\/wp-json\/wp\/v2\/pages\/1831\/revisions\/4042"}],"up":[{"embeddable":true,"href":"https:\/\/alptek.com.tr\/tr\/wp-json\/wp\/v2\/pages\/1611"}],"wp:attachment":[{"href":"https:\/\/alptek.com.tr\/tr\/wp-json\/wp\/v2\/media?parent=1831"}],"curies":[{"name":"wp","href":"https:\/\/api.w.org\/{rel}","templated":true}]}}