{"id":1782,"date":"2023-09-08T11:54:44","date_gmt":"2023-09-08T11:54:44","guid":{"rendered":"https:\/\/alptek.com.tr\/?page_id=1782"},"modified":"2024-03-06T12:11:12","modified_gmt":"2024-03-06T12:11:12","slug":"bilimsel-endustriyel-ekipman-temini","status":"publish","type":"page","link":"https:\/\/alptek.com.tr\/tr\/ne-yapiyoruz\/bilimsel-endustriyel-ekipman-temini\/","title":{"rendered":"B\u0130L\u0130MSEL &#038; END\u00dcSTR\u0130YEL EK\u0130PMAN TEM\u0130N\u0130"},"content":{"rendered":"<div id='layer_slider_1'  class='avia-layerslider main_color avia-shadow  avia-builder-el-0  el_before_av_section  avia-builder-el-first  container_wrap sidebar_right'  style='height: 871px; max-width: 1920px; margin: 0 auto;'  ><\/div>\n<div id='av_section_1'  class='avia-section av-1xkdf4-74bc2dccea696afdf72c04b64d15b3b1 main_color avia-section-default avia-no-border-styling  avia-builder-el-1  el_after_av_layerslider  el_before_av_section  avia-bg-style-scroll  container_wrap sidebar_right'  ><div class='container av-section-cont-open' ><div class='template-page content  av-content-small alpha units'><div class='post-entry post-entry-type-page post-entry-1782'><div class='entry-content-wrapper clearfix'>\n\n<style type=\"text\/css\" id=\"style-css-av-lrabc1xn-3bdcaf522255248110d3379105b509c8\">\n#top .av-special-heading.av-lrabc1xn-3bdcaf522255248110d3379105b509c8{\npadding-bottom:10px;\nfont-size:32px;\n}\n<\/style>\n<div  class='av-special-heading av-lrabc1xn-3bdcaf522255248110d3379105b509c8 av-special-heading-h1 blockquote modern-quote modern-centered  avia-builder-el-2  el_before_av_hr  avia-builder-el-first  av-inherit-size '><h1 class='av-special-heading-tag '  itemprop=\"headline\"  >B\u0130L\u0130MSEL <span class='special_amp'>&amp;<\/span> END\u00dcSTR\u0130YEL EK\u0130PMAN TEM\u0130N\u0130<\/h1><div class='special-heading-border'><div class='special-heading-inner-border'><\/div><\/div><\/div>\n\n<style type=\"text\/css\" id=\"style-css-av-lrabdlzt-7656e95fbb83894fc68b7824fb1da5c3\">\n.hr.av-lrabdlzt-7656e95fbb83894fc68b7824fb1da5c3{\nmargin-top:0px;\nmargin-bottom:30px;\n}\n.hr.av-lrabdlzt-7656e95fbb83894fc68b7824fb1da5c3 .hr-inner{\nwidth:100px;\nborder-color:#9c9b9b;\n}\n<\/style>\n<div  class='hr av-lrabdlzt-7656e95fbb83894fc68b7824fb1da5c3 hr-custom  avia-builder-el-3  el_after_av_heading  el_before_av_textblock  hr-center hr-icon-no '><span class='hr-inner inner-border-av-border-fat'><span class=\"hr-inner-style\"><\/span><\/span><\/div>\n<section class=\"av_textblock_section \"  itemscope=\"itemscope\" itemtype=\"https:\/\/schema.org\/CreativeWork\" ><div class='avia_textblock  '  style='font-size:24px; '  itemprop=\"text\" ><p>ALPTEK olarak laboratuvar kurulumlar\u0131nda anahtar teslim hizmet verebilmek amac\u0131yla bir\u00e7ok laboratuvar ekipman\u0131n\u0131n teminini ve bunlar\u0131n kurulum ve teknik servisini vermekteyiz.<\/p>\n<\/div><\/section>\n<\/div><\/div><\/div><!-- close content main div --><\/div><\/div>\n<style type=\"text\/css\" id=\"style-css-av-lrabkj3h-c930703c4e78d4ee39346a1e4cc78774\">\n.avia-section.av-lrabkj3h-c930703c4e78d4ee39346a1e4cc78774{\nbackground-color:#f7f7f7;\nposition:relative;\n}\n.avia-section.av-lrabkj3h-c930703c4e78d4ee39346a1e4cc78774 .avia-divider-svg-top svg{\nheight:25px;\nwidth:calc(100% + 1.3px);\nfill:#ffffff;\n}\n<\/style>\n<div id='av_section_2'  class='avia-section av-lrabkj3h-c930703c4e78d4ee39346a1e4cc78774 main_color avia-section-default avia-no-border-styling  avia-builder-el-5  el_after_av_section  el_before_av_section  avia-bg-style-scroll  container_wrap sidebar_right'  ><div class='avia-divider-svg avia-divider-svg-arrow avia-divider-svg-top avia-svg-original'><svg xmlns=\"http:\/\/www.w3.org\/2000\/svg\" viewBox=\"0 0 700 10\" preserveAspectRatio=\"none\">\n\t<path d=\"M350,10L340,0h20L350,10z\"\/>\n<\/svg><\/div><div class='container av-section-cont-open' ><div class='template-page content  av-content-small alpha units'><div class='post-entry post-entry-type-page post-entry-1782'><div class='entry-content-wrapper clearfix'>\n<div class='flex_column_table av-6igl4g-fac28347ef8bd78fd9836ace0d17587a sc-av_one_half av-equal-height-column-flextable'><div class='flex_column av-6igl4g-fac28347ef8bd78fd9836ace0d17587a av_one_half  avia-builder-el-6  el_before_av_one_half  avia-builder-el-first  first flex_column_table_cell av-equal-height-column av-align-middle '   ><style type=\"text\/css\" id=\"style-css-av-lracu3l6-b9da39ca4db4100655c10f1824af66c6\">\n.avia-image-container.av-lracu3l6-b9da39ca4db4100655c10f1824af66c6 .av-image-caption-overlay-center{\ncolor:#ffffff;\n}\n<\/style>\n<div  class='avia-image-container av-lracu3l6-b9da39ca4db4100655c10f1824af66c6 av-styling- avia-align-center  avia-builder-el-7  avia-builder-el-no-sibling  '  itemprop=\"image\" itemscope=\"itemscope\" itemtype=\"https:\/\/schema.org\/ImageObject\" ><div class=\"avia-image-container-inner\"><div class=\"avia-image-overlay-wrap\"><img decoding=\"async\" class='wp-image-4030 avia-img-lazy-loading-not-4030 avia_image' src=\"https:\/\/alptek.com.tr\/tr\/wp-content\/uploads\/2024\/01\/general-laboratory-instruments-alptek.jpg\" alt='' title='general-laboratory-instruments-alptek'  height=\"500\" width=\"500\"  itemprop=\"thumbnailUrl\" srcset=\"https:\/\/alptek.com.tr\/tr\/wp-content\/uploads\/2024\/01\/general-laboratory-instruments-alptek.jpg 500w, https:\/\/alptek.com.tr\/tr\/wp-content\/uploads\/2024\/01\/general-laboratory-instruments-alptek-300x300.jpg 300w, https:\/\/alptek.com.tr\/tr\/wp-content\/uploads\/2024\/01\/general-laboratory-instruments-alptek-80x80.jpg 80w, https:\/\/alptek.com.tr\/tr\/wp-content\/uploads\/2024\/01\/general-laboratory-instruments-alptek-36x36.jpg 36w, https:\/\/alptek.com.tr\/tr\/wp-content\/uploads\/2024\/01\/general-laboratory-instruments-alptek-180x180.jpg 180w\" sizes=\"(max-width: 500px) 100vw, 500px\" \/><\/div><\/div><\/div><\/div><div class='av-flex-placeholder'><\/div><div class='flex_column av-38qbyo-8321431e6ee15e0860b751b72af136c2 av_one_half  avia-builder-el-8  el_after_av_one_half  avia-builder-el-last  flex_column_table_cell av-equal-height-column av-align-middle '   ><p>\n<style type=\"text\/css\" id=\"style-css-av-lrgdy57r-b5e1fc354593ccad0635a5a275456def\">\n#top .av-special-heading.av-lrgdy57r-b5e1fc354593ccad0635a5a275456def{\npadding-bottom:10px;\nfont-size:24px;\n}\n<\/style>\n<div  class='av-special-heading av-lrgdy57r-b5e1fc354593ccad0635a5a275456def av-special-heading-h2 blockquote modern-quote  avia-builder-el-9  el_before_av_textblock  avia-builder-el-first  av-inherit-size '><h2 class='av-special-heading-tag '  itemprop=\"headline\"  ><strong style=\"font-size: 32px; border-bottom: 5px solid #9C9B9B; line-height: 50px;\">01<\/strong> Genel Laboratuvar Cihazlar\u0131<\/h2><div class='special-heading-border'><div class='special-heading-inner-border'><\/div><\/div><\/div><br \/>\n<section class=\"av_textblock_section \"  itemscope=\"itemscope\" itemtype=\"https:\/\/schema.org\/CreativeWork\" ><div class='avia_textblock  '   itemprop=\"text\" ><ul>\n<li>Kulu\u00e7ka ve K\u00fcl F\u0131r\u0131nlar\u0131<\/li>\n<li>Mikserler, Is\u0131t\u0131c\u0131lar ve Su Banyolar\u0131<\/li>\n<li>D\u00f6ner Evaporat\u00f6rler<\/li>\n<li>pH \u00d6l\u00e7erler, \u0130letkenlik \u00d6l\u00e7erler, Multimetreler<\/li>\n<li>Teraziler ve Nem Tayin Cihazlar\u0131<\/li>\n<li>Refraktometreler<\/li>\n<li>Santrif\u00fcjler<\/li>\n<li>Otoklavlar<\/li>\n<li>Viskozimetreler<\/li>\n<li>Saf Su Sistemleri<\/li>\n<li>Vakum Sistemleri<\/li>\n<li>Spektrofotometreler<\/li>\n<\/ul>\n<\/div><\/section><\/p><\/div><\/div><!--close column table wrapper. Autoclose: 1 --><\/div><\/div><\/div><!-- close content main div --><\/div><\/div>\n<style type=\"text\/css\" id=\"style-css-av-lracynwf-256724faccef9d08b2929773c950b8c9\">\n.avia-section.av-lracynwf-256724faccef9d08b2929773c950b8c9{\nposition:relative;\n}\n.avia-section.av-lracynwf-256724faccef9d08b2929773c950b8c9 .avia-divider-svg-top svg{\nheight:25px;\nwidth:calc(100% + 1.3px);\nfill:#f7f7f7;\n}\n<\/style>\n<div id='av_section_3'  class='avia-section av-lracynwf-256724faccef9d08b2929773c950b8c9 main_color avia-section-default avia-no-border-styling  avia-builder-el-11  el_after_av_section  el_before_av_section  avia-bg-style-scroll  container_wrap sidebar_right'  ><div class='avia-divider-svg avia-divider-svg-arrow avia-divider-svg-top avia-svg-original'><svg xmlns=\"http:\/\/www.w3.org\/2000\/svg\" viewBox=\"0 0 700 10\" preserveAspectRatio=\"none\">\n\t<path d=\"M350,10L340,0h20L350,10z\"\/>\n<\/svg><\/div><div class='container av-section-cont-open' ><div class='template-page content  av-content-small alpha units'><div class='post-entry post-entry-type-page post-entry-1782'><div class='entry-content-wrapper clearfix'>\n<div class='flex_column_table av-270isg-5c6b105ed840ef98aae3aa63344b5e70 sc-av_one_half av-equal-height-column-flextable'><div class='flex_column av-270isg-5c6b105ed840ef98aae3aa63344b5e70 av_one_half  avia-builder-el-12  el_before_av_one_half  avia-builder-el-first  first flex_column_table_cell av-equal-height-column av-align-middle '   ><p>\n<style type=\"text\/css\" id=\"style-css-av-lrgdyq69-8bb69f7739e8987705bf8cd4e8ffe1ca\">\n#top .av-special-heading.av-lrgdyq69-8bb69f7739e8987705bf8cd4e8ffe1ca{\npadding-bottom:10px;\nfont-size:24px;\n}\n<\/style>\n<div  class='av-special-heading av-lrgdyq69-8bb69f7739e8987705bf8cd4e8ffe1ca av-special-heading-h2 blockquote modern-quote  avia-builder-el-13  el_before_av_textblock  avia-builder-el-first  av-inherit-size '><h2 class='av-special-heading-tag '  itemprop=\"headline\"  ><strong style=\"font-size: 32px; border-bottom: 5px solid #9C9B9B; line-height: 50px;\">02<\/strong> Analitik Laboratuvar Cihazlar\u0131<\/h2><div class='special-heading-border'><div class='special-heading-inner-border'><\/div><\/div><\/div><br \/>\n<section class=\"av_textblock_section \"  itemscope=\"itemscope\" itemtype=\"https:\/\/schema.org\/CreativeWork\" ><div class='avia_textblock  '   itemprop=\"text\" ><ul>\n<li>Y\u00fcksek Bas\u0131n\u00e7l\u0131 S\u0131v\u0131 Kromatografisi<\/li>\n<li>Gaz Kromatografisi<\/li>\n<li>Atomik Absorbsiyon Spektrometresi<\/li>\n<li>Fourier D\u00f6n\u00fc\u015f\u00fcm\u00fc K\u0131z\u0131l\u00f6tesi Spektrometre<\/li>\n<li>Kromatografi ve Gaz Kromatografisi Kar\u0131\u015f\u0131kl\u0131k Spektrometresi<\/li>\n<\/ul>\n<\/div><\/section><\/p><\/div><div class='av-flex-placeholder'><\/div><div class='flex_column av-91uu74-797ae21f1503aea9383696bd468f3a50 av_one_half  avia-builder-el-15  el_after_av_one_half  avia-builder-el-last  flex_column_table_cell av-equal-height-column av-align-middle '   ><style type=\"text\/css\" id=\"style-css-av-7z4dkw-74e5694c748b0e782bf14db419ac0264\">\n.avia-image-container.av-7z4dkw-74e5694c748b0e782bf14db419ac0264 .av-image-caption-overlay-center{\ncolor:#ffffff;\n}\n<\/style>\n<div  class='avia-image-container av-7z4dkw-74e5694c748b0e782bf14db419ac0264 av-styling- avia-align-center  avia-builder-el-16  avia-builder-el-no-sibling  '  itemprop=\"image\" itemscope=\"itemscope\" itemtype=\"https:\/\/schema.org\/ImageObject\" ><div class=\"avia-image-container-inner\"><div class=\"avia-image-overlay-wrap\"><img decoding=\"async\" class='wp-image-4033 avia-img-lazy-loading-not-4033 avia_image' src=\"https:\/\/alptek.com.tr\/tr\/wp-content\/uploads\/2024\/01\/analytical-laboratory-instruments-alptek.jpg\" alt='' title='analytical-laboratory-instruments-alptek'  height=\"500\" width=\"500\"  itemprop=\"thumbnailUrl\" srcset=\"https:\/\/alptek.com.tr\/tr\/wp-content\/uploads\/2024\/01\/analytical-laboratory-instruments-alptek.jpg 500w, https:\/\/alptek.com.tr\/tr\/wp-content\/uploads\/2024\/01\/analytical-laboratory-instruments-alptek-300x300.jpg 300w, https:\/\/alptek.com.tr\/tr\/wp-content\/uploads\/2024\/01\/analytical-laboratory-instruments-alptek-80x80.jpg 80w, https:\/\/alptek.com.tr\/tr\/wp-content\/uploads\/2024\/01\/analytical-laboratory-instruments-alptek-36x36.jpg 36w, https:\/\/alptek.com.tr\/tr\/wp-content\/uploads\/2024\/01\/analytical-laboratory-instruments-alptek-180x180.jpg 180w\" sizes=\"(max-width: 500px) 100vw, 500px\" \/><\/div><\/div><\/div><\/div><\/div><!--close column table wrapper. Autoclose: 1 --><\/div><\/div><\/div><!-- close content main div --><\/div><\/div>\n<style type=\"text\/css\" id=\"style-css-av-67on2o-0fefb9e855f8c7a4313fbe5e6db8afcd\">\n.avia-section.av-67on2o-0fefb9e855f8c7a4313fbe5e6db8afcd{\nbackground-color:#f7f7f7;\nposition:relative;\n}\n.avia-section.av-67on2o-0fefb9e855f8c7a4313fbe5e6db8afcd .avia-divider-svg-top svg{\nheight:25px;\nwidth:calc(100% + 1.3px);\nfill:#ffffff;\n}\n<\/style>\n<div id='av_section_4'  class='avia-section av-67on2o-0fefb9e855f8c7a4313fbe5e6db8afcd main_color avia-section-default avia-no-border-styling  avia-builder-el-17  el_after_av_section  avia-builder-el-last  avia-bg-style-scroll  container_wrap sidebar_right'  ><div class='avia-divider-svg avia-divider-svg-arrow avia-divider-svg-top avia-svg-original'><svg xmlns=\"http:\/\/www.w3.org\/2000\/svg\" viewBox=\"0 0 700 10\" preserveAspectRatio=\"none\">\n\t<path d=\"M350,10L340,0h20L350,10z\"\/>\n<\/svg><\/div><div class='container av-section-cont-open' ><div class='template-page content  av-content-small alpha units'><div class='post-entry post-entry-type-page post-entry-1782'><div class='entry-content-wrapper clearfix'>\n<div class='flex_column_table av-4klda8-985d2f703ae755f3b95fd3f9760dffaa sc-av_one_half av-equal-height-column-flextable'><div class='flex_column av-4klda8-985d2f703ae755f3b95fd3f9760dffaa av_one_half  avia-builder-el-18  el_before_av_one_half  avia-builder-el-first  first flex_column_table_cell av-equal-height-column av-align-middle '   ><style type=\"text\/css\" id=\"style-css-av-lradcuww-e54a3fcf8a826776e42d35d655b9fc49\">\n.avia-image-container.av-lradcuww-e54a3fcf8a826776e42d35d655b9fc49 .av-image-caption-overlay-center{\ncolor:#ffffff;\n}\n<\/style>\n<div  class='avia-image-container av-lradcuww-e54a3fcf8a826776e42d35d655b9fc49 av-styling- avia-align-center  avia-builder-el-19  avia-builder-el-no-sibling  '  itemprop=\"image\" itemscope=\"itemscope\" itemtype=\"https:\/\/schema.org\/ImageObject\" ><div class=\"avia-image-container-inner\"><div class=\"avia-image-overlay-wrap\"><img decoding=\"async\" class='wp-image-4306 avia-img-lazy-loading-not-4306 avia_image' src=\"https:\/\/alptek.com.tr\/tr\/wp-content\/uploads\/2024\/01\/scientific-industrial-equipments-vivarium-alptek.jpg\" alt='' title='scientific-&amp;-industrial-equ\u0131pments-vivarium-alptek'  height=\"500\" width=\"500\"  itemprop=\"thumbnailUrl\" srcset=\"https:\/\/alptek.com.tr\/tr\/wp-content\/uploads\/2024\/01\/scientific-industrial-equipments-vivarium-alptek.jpg 500w, https:\/\/alptek.com.tr\/tr\/wp-content\/uploads\/2024\/01\/scientific-industrial-equipments-vivarium-alptek-300x300.jpg 300w, https:\/\/alptek.com.tr\/tr\/wp-content\/uploads\/2024\/01\/scientific-industrial-equipments-vivarium-alptek-80x80.jpg 80w, https:\/\/alptek.com.tr\/tr\/wp-content\/uploads\/2024\/01\/scientific-industrial-equipments-vivarium-alptek-36x36.jpg 36w, https:\/\/alptek.com.tr\/tr\/wp-content\/uploads\/2024\/01\/scientific-industrial-equipments-vivarium-alptek-180x180.jpg 180w\" sizes=\"(max-width: 500px) 100vw, 500px\" \/><\/div><\/div><\/div><\/div><div class='av-flex-placeholder'><\/div><div class='flex_column av-34ol1s-7f28a7be20c41acf323768c804a808c5 av_one_half  avia-builder-el-20  el_after_av_one_half  avia-builder-el-last  flex_column_table_cell av-equal-height-column av-align-middle '   ><p>\n<style type=\"text\/css\" id=\"style-css-av-lrgdzb20-fab0bf7f2698cae68e048a3b913aea6b\">\n#top .av-special-heading.av-lrgdzb20-fab0bf7f2698cae68e048a3b913aea6b{\npadding-bottom:10px;\nfont-size:24px;\n}\n<\/style>\n<div  class='av-special-heading av-lrgdzb20-fab0bf7f2698cae68e048a3b913aea6b av-special-heading-h2 blockquote modern-quote  avia-builder-el-21  el_before_av_textblock  avia-builder-el-first  av-inherit-size '><h2 class='av-special-heading-tag '  itemprop=\"headline\"  ><strong style=\"font-size: 32px; border-bottom: 5px solid #9C9B9B; line-height: 50px;\">03<\/strong> Vivaryum Ekipmanlar\u0131<\/h2><div class='special-heading-border'><div class='special-heading-inner-border'><\/div><\/div><\/div><br \/>\n<section class=\"av_textblock_section \"  itemscope=\"itemscope\" itemtype=\"https:\/\/schema.org\/CreativeWork\" ><div class='avia_textblock  '   itemprop=\"text\" ><ul>\n<li>Klima Santralleri<\/li>\n<li>Biyolojik Muhafaza Ekipmanlar\u0131<\/li>\n<li>Konut -IVC<\/li>\n<li>Biyo d\u0131\u015flama Ekipmanlar\u0131<\/li>\n<li>Muhafaza -Geleneksel kafesler<\/li>\n<li>\u0130stasyon De\u011fi\u015ftirme<\/li>\n<li>Havaland\u0131rmal\u0131 Dolaplar<\/li>\n<li>Y\u0131kama \u00c7\u00f6z\u00fcmleri<\/li>\n<li>Otomasyon Robotlar\u0131<\/li>\n<li>Otomasyon BHS<\/li>\n<li>Su \u00dcr\u00fcnleri \u00c7\u00f6z\u00fcmleri<\/li>\n<\/ul>\n<\/div><\/section><\/p><\/div><\/div><!--close column table wrapper. Autoclose: 1 --><\/div><\/div><\/div><!-- close content main div --><\/div><\/div><div id='after_section_4'  class='main_color av_default_container_wrap container_wrap sidebar_right'  ><div class='container av-section-cont-open' ><div class='template-page content  av-content-small alpha units'><div class='post-entry post-entry-type-page post-entry-1782'><div class='entry-content-wrapper clearfix'><\/p>\n","protected":false},"excerpt":{"rendered":"","protected":false},"author":1,"featured_media":0,"parent":1611,"menu_order":0,"comment_status":"closed","ping_status":"closed","template":"","meta":{"footnotes":""},"_links":{"self":[{"href":"https:\/\/alptek.com.tr\/tr\/wp-json\/wp\/v2\/pages\/1782"}],"collection":[{"href":"https:\/\/alptek.com.tr\/tr\/wp-json\/wp\/v2\/pages"}],"about":[{"href":"https:\/\/alptek.com.tr\/tr\/wp-json\/wp\/v2\/types\/page"}],"author":[{"embeddable":true,"href":"https:\/\/alptek.com.tr\/tr\/wp-json\/wp\/v2\/users\/1"}],"replies":[{"embeddable":true,"href":"https:\/\/alptek.com.tr\/tr\/wp-json\/wp\/v2\/comments?post=1782"}],"version-history":[{"count":11,"href":"https:\/\/alptek.com.tr\/tr\/wp-json\/wp\/v2\/pages\/1782\/revisions"}],"predecessor-version":[{"id":3979,"href":"https:\/\/alptek.com.tr\/tr\/wp-json\/wp\/v2\/pages\/1782\/revisions\/3979"}],"up":[{"embeddable":true,"href":"https:\/\/alptek.com.tr\/tr\/wp-json\/wp\/v2\/pages\/1611"}],"wp:attachment":[{"href":"https:\/\/alptek.com.tr\/tr\/wp-json\/wp\/v2\/media?parent=1782"}],"curies":[{"name":"wp","href":"https:\/\/api.w.org\/{rel}","templated":true}]}}