{"id":1768,"date":"2023-09-08T09:40:11","date_gmt":"2023-09-08T09:40:11","guid":{"rendered":"https:\/\/alptek.com.tr\/?page_id=1768"},"modified":"2024-03-06T11:48:53","modified_gmt":"2024-03-06T11:48:53","slug":"laboratuvar-mobilyalari-sistem-temini","status":"publish","type":"page","link":"https:\/\/alptek.com.tr\/tr\/ne-yapiyoruz\/laboratuvar-mobilyalari-sistem-temini\/","title":{"rendered":"LABORATUVAR MOB\u0130LYALARI &#038; S\u0130STEM TEM\u0130N\u0130"},"content":{"rendered":"<div id='layer_slider_1'  class='avia-layerslider main_color avia-shadow  avia-builder-el-0  el_before_av_section  avia-builder-el-first  container_wrap sidebar_right'  style='height: 701px; max-width: 1920px; margin: 0 auto;'  ><\/div>\n<div id='av_section_1'  class='avia-section av-2iawe5-4448372549dbb99d3c82f37b545aa855 main_color avia-section-default avia-no-border-styling  avia-builder-el-1  el_after_av_layerslider  el_before_av_section  avia-bg-style-scroll  container_wrap sidebar_right'  ><div class='container av-section-cont-open' ><div class='template-page content  av-content-small alpha units'><div class='post-entry post-entry-type-page post-entry-1768'><div class='entry-content-wrapper clearfix'>\n\n<style type=\"text\/css\" id=\"style-css-av-lr99a41q-69aa9325d6d7ff22e769034d05a5e0be\">\n#top .av-special-heading.av-lr99a41q-69aa9325d6d7ff22e769034d05a5e0be{\npadding-bottom:10px;\nfont-size:32px;\n}\n<\/style>\n<div  class='av-special-heading av-lr99a41q-69aa9325d6d7ff22e769034d05a5e0be av-special-heading-h1 blockquote modern-quote modern-centered  avia-builder-el-2  el_before_av_hr  avia-builder-el-first  av-inherit-size '><h1 class='av-special-heading-tag '  itemprop=\"headline\"  >LABORATUVAR MOB\u0130LYALARI <span class='special_amp'>&amp;<\/span> S\u0130STEM TEM\u0130N\u0130<\/h1><div class='special-heading-border'><div class='special-heading-inner-border'><\/div><\/div><\/div>\n\n<style type=\"text\/css\" id=\"style-css-av-lr99axfw-686ae2ec4c0d38d740b26bbd015e90d8\">\n.hr.av-lr99axfw-686ae2ec4c0d38d740b26bbd015e90d8{\nmargin-top:0px;\nmargin-bottom:30px;\n}\n.hr.av-lr99axfw-686ae2ec4c0d38d740b26bbd015e90d8 .hr-inner{\nwidth:100px;\nborder-color:#9c9b9b;\n}\n<\/style>\n<div  class='hr av-lr99axfw-686ae2ec4c0d38d740b26bbd015e90d8 hr-custom  avia-builder-el-3  el_after_av_heading  el_before_av_textblock  hr-center hr-icon-no '><span class='hr-inner inner-border-av-border-fat'><span class=\"hr-inner-style\"><\/span><\/span><\/div>\n<section class=\"av_textblock_section \"  itemscope=\"itemscope\" itemtype=\"https:\/\/schema.org\/CreativeWork\" ><div class='avia_textblock  av_inherit_color '  style='font-size:24px; color:#000000; '  itemprop=\"text\" ><p><strong>ALPTEK<\/strong> olarak bilimin daha keyifli ve daha iyi hale getirilmesi i\u00e7in bilim insanlar\u0131n\u0131n g\u00fcvenli\u011fini ve s\u00fcre\u00e7lerin s\u00fcrd\u00fcr\u00fclebilirli\u011fini en \u00fcst d\u00fczeyde tutan laboratuvar sistemleri ve mobilyalar\u0131 sa\u011fl\u0131yoruz.<\/p>\n<\/div><\/section>\n<\/div><\/div><\/div><!-- close content main div --><\/div><\/div>\n<style type=\"text\/css\" id=\"style-css-av-lm8wjh5b-49ba0dba42aa0292cf5866d99bee8ee7\">\n.avia-section.av-lm8wjh5b-49ba0dba42aa0292cf5866d99bee8ee7{\nbackground-repeat:no-repeat;\nbackground-image:url(https:\/\/alptek.com.tr\/tr\/wp-content\/uploads\/2024\/01\/vivarium-establishment-2-alptek.jpg);\nbackground-position:top left;\nbackground-attachment:scroll;\n}\n<\/style>\n<div id='av_section_2'  class='avia-section av-lm8wjh5b-49ba0dba42aa0292cf5866d99bee8ee7 main_color avia-section-small avia-no-border-styling  avia-builder-el-5  el_after_av_section  el_before_av_section  avia-bg-style-scroll  container_wrap sidebar_right'  data-section-bg-repeat='no-repeat'><div class='container av-section-cont-open' ><div class='template-page content  av-content-small alpha units'><div class='post-entry post-entry-type-page post-entry-1768'><div class='entry-content-wrapper clearfix'>\n\n<style type=\"text\/css\" id=\"style-css-av-lr99fhms-fe52155dad4a7fca2a2f5b52e0727546\">\n#top .hr.hr-invisible.av-lr99fhms-fe52155dad4a7fca2a2f5b52e0727546{\nheight:50px;\n}\n<\/style>\n<div  class='hr av-lr99fhms-fe52155dad4a7fca2a2f5b52e0727546 hr-invisible  avia-builder-el-6  el_before_av_one_full  avia-builder-el-first  '><span class='hr-inner '><span class=\"hr-inner-style\"><\/span><\/span><\/div>\n<div class='flex_column av-lm8wjvc0-659c99fe9f57421cd653c38133044275 av_one_full  avia-builder-el-7  el_after_av_hr  el_before_av_hr  first flex_column_div '   ><section class=\"av_textblock_section \"  itemscope=\"itemscope\" itemtype=\"https:\/\/schema.org\/CreativeWork\" ><div class='avia_textblock  av_inherit_color '  style='font-size:30px; color:#000000; '  itemprop=\"text\" ><p style=\"text-align: center;\">ALPTEK olarak; Sizin i\u00e7in <strong>laboratuvar mobilyalar\u0131 ve sistemleri<\/strong> tedarik ediyoruz.<\/p>\n<\/div><\/section><\/div>\n<style type=\"text\/css\" id=\"style-css-av-2e5xql-24adaf6b10576965f0145395991a267e\">\n#top .hr.hr-invisible.av-2e5xql-24adaf6b10576965f0145395991a267e{\nheight:50px;\n}\n<\/style>\n<div  class='hr av-2e5xql-24adaf6b10576965f0145395991a267e hr-invisible  avia-builder-el-9  el_after_av_one_full  avia-builder-el-last  '><span class='hr-inner '><span class=\"hr-inner-style\"><\/span><\/span><\/div>\n<\/div><\/div><\/div><!-- close content main div --><\/div><\/div><div id='av_section_3'  class='avia-section av-3m318v-d593b3f7f3e436a6e28520784a4b14af main_color avia-section-default avia-no-border-styling  avia-builder-el-10  el_after_av_section  el_before_av_section  avia-bg-style-scroll  container_wrap sidebar_right'  ><div class='container av-section-cont-open' ><div class='template-page content  av-content-small alpha units'><div class='post-entry post-entry-type-page post-entry-1768'><div class='entry-content-wrapper clearfix'>\n\n<style type=\"text\/css\" id=\"style-css-av-2z74r3-d6fe2a5b0d44e417179b15e635e21379\">\n#top .hr.hr-invisible.av-2z74r3-d6fe2a5b0d44e417179b15e635e21379{\nheight:30px;\n}\n<\/style>\n<div  class='hr av-2z74r3-d6fe2a5b0d44e417179b15e635e21379 hr-invisible  avia-builder-el-11  avia-builder-el-no-sibling  '><span class='hr-inner '><span class=\"hr-inner-style\"><\/span><\/span><\/div>\n<\/p>\n<\/div><\/div><\/div><!-- close content main div --><\/div><\/div>\n<style type=\"text\/css\" id=\"style-css-av-70ebrj-e79f2a1e8416fc67e6762ccdcb7e3a2e\">\n.avia-section.av-70ebrj-e79f2a1e8416fc67e6762ccdcb7e3a2e{\nbackground-color:#f7f7f7;\nposition:relative;\n}\n.avia-section.av-70ebrj-e79f2a1e8416fc67e6762ccdcb7e3a2e .avia-divider-svg-top svg{\nheight:25px;\nwidth:calc(110% + 1.3px);\nfill:#ffffff;\n}\n<\/style>\n<div id='av_section_4'  class='avia-section av-70ebrj-e79f2a1e8416fc67e6762ccdcb7e3a2e main_color avia-section-default avia-no-border-styling  avia-builder-el-12  el_after_av_section  el_before_av_section  avia-bg-style-scroll  container_wrap sidebar_right'  ><div class='avia-divider-svg avia-divider-svg-arrow avia-divider-svg-top avia-to-front avia-svg-original'><svg xmlns=\"http:\/\/www.w3.org\/2000\/svg\" viewBox=\"0 0 700 10\" preserveAspectRatio=\"none\">\n\t<path d=\"M350,10L340,0h20L350,10z\"\/>\n<\/svg><\/div><div class='container av-section-cont-open' ><div class='template-page content  av-content-small alpha units'><div class='post-entry post-entry-type-page post-entry-1768'><div class='entry-content-wrapper clearfix'>\n<div class='flex_column_table av-666d3j-7c1bbd4220a6f5f54002b13868bd7b9d sc-av_one_half av-equal-height-column-flextable'><div class='flex_column av-666d3j-7c1bbd4220a6f5f54002b13868bd7b9d av_one_half  avia-builder-el-13  el_before_av_one_half  avia-builder-el-first  first flex_column_table_cell av-equal-height-column av-align-top '   ><p>\n<style type=\"text\/css\" id=\"style-css-av-4bl8sv-a82b3bbc759dd2dfaa433db70a1a792a\">\n.avia-image-container.av-4bl8sv-a82b3bbc759dd2dfaa433db70a1a792a .av-image-caption-overlay-center{\ncolor:#ffffff;\n}\n<\/style>\n<div  class='avia-image-container av-4bl8sv-a82b3bbc759dd2dfaa433db70a1a792a av-styling- avia-align-center  avia-builder-el-14  el_before_av_heading  avia-builder-el-first  '  itemprop=\"image\" itemscope=\"itemscope\" itemtype=\"https:\/\/schema.org\/ImageObject\" ><div class=\"avia-image-container-inner\"><div class=\"avia-image-overlay-wrap\"><img decoding=\"async\" class='wp-image-4216 avia-img-lazy-loading-not-4216 avia_image' src=\"https:\/\/alptek.com.tr\/tr\/wp-content\/uploads\/2024\/01\/laboratory-fume-hood-alptek-1.jpg\" alt='' title='laboratory-fume-hood-alptek'  height=\"542\" width=\"348\"  itemprop=\"thumbnailUrl\" srcset=\"https:\/\/alptek.com.tr\/tr\/wp-content\/uploads\/2024\/01\/laboratory-fume-hood-alptek-1.jpg 348w, https:\/\/alptek.com.tr\/tr\/wp-content\/uploads\/2024\/01\/laboratory-fume-hood-alptek-1-193x300.jpg 193w\" sizes=\"(max-width: 348px) 100vw, 348px\" \/><\/div><\/div><\/div><br \/>\n\n<style type=\"text\/css\" id=\"style-css-av-2rc1n1-bb734ed80d40984bbd9dc14d51260b31\">\n#top .av-special-heading.av-2rc1n1-bb734ed80d40984bbd9dc14d51260b31{\npadding-bottom:10px;\nfont-size:24px;\n}\n<\/style>\n<div  class='av-special-heading av-2rc1n1-bb734ed80d40984bbd9dc14d51260b31 av-special-heading-h2 blockquote modern-quote modern-centered  avia-builder-el-15  el_after_av_image  avia-builder-el-last  av-inherit-size '><h2 class='av-special-heading-tag '  itemprop=\"headline\"  ><strong style=\"font-size: 32px; border-bottom: 4px solid #9C9B9B;\">01<\/strong> \u00c7eker Ocak<\/h2><div class='special-heading-border'><div class='special-heading-inner-border'><\/div><\/div><\/div><\/p><\/div><div class='av-flex-placeholder'><\/div><div class='flex_column av-6566vh-368394c7a2c9f4e4c8719806221d6ff5 av_one_half  avia-builder-el-16  el_after_av_one_half  avia-builder-el-last  flex_column_table_cell av-equal-height-column av-align-top '   ><p>\n<style type=\"text\/css\" id=\"style-css-av-4odgy5-2e5c1c909a23ff5c9fef34e7d12d4c57\">\n.avia-image-container.av-4odgy5-2e5c1c909a23ff5c9fef34e7d12d4c57 .av-image-caption-overlay-center{\ncolor:#ffffff;\n}\n<\/style>\n<div  class='avia-image-container av-4odgy5-2e5c1c909a23ff5c9fef34e7d12d4c57 av-styling- avia-align-center  avia-builder-el-17  el_before_av_heading  avia-builder-el-first  '  itemprop=\"image\" itemscope=\"itemscope\" itemtype=\"https:\/\/schema.org\/ImageObject\" ><div class=\"avia-image-container-inner\"><div class=\"avia-image-overlay-wrap\"><img decoding=\"async\" class='wp-image-4220 avia-img-lazy-loading-not-4220 avia_image' src=\"https:\/\/alptek.com.tr\/tr\/wp-content\/uploads\/2024\/01\/service-module-alptek-2.jpg\" alt='' title='service-module-alptek'  height=\"542\" width=\"348\"  itemprop=\"thumbnailUrl\" srcset=\"https:\/\/alptek.com.tr\/tr\/wp-content\/uploads\/2024\/01\/service-module-alptek-2.jpg 348w, https:\/\/alptek.com.tr\/tr\/wp-content\/uploads\/2024\/01\/service-module-alptek-2-193x300.jpg 193w\" sizes=\"(max-width: 348px) 100vw, 348px\" \/><\/div><\/div><\/div><br \/>\n\n<style type=\"text\/css\" id=\"style-css-av-lrgckwkz-b6d64a3398465be640b93c42d42430ff\">\n#top .av-special-heading.av-lrgckwkz-b6d64a3398465be640b93c42d42430ff{\npadding-bottom:10px;\nfont-size:24px;\n}\n<\/style>\n<div  class='av-special-heading av-lrgckwkz-b6d64a3398465be640b93c42d42430ff av-special-heading-h2 blockquote modern-quote modern-centered  avia-builder-el-18  el_after_av_image  avia-builder-el-last  av-inherit-size '><h2 class='av-special-heading-tag '  itemprop=\"headline\"  ><strong style=\"font-size: 32px; border-bottom: 4px solid #9C9B9B;\">02<\/strong> Servis Mod\u00fcl\u00fc<\/h2><div class='special-heading-border'><div class='special-heading-inner-border'><\/div><\/div><\/div><\/p><\/div><\/div><!--close column table wrapper. Autoclose: 1 --><\/div><\/div><\/div><!-- close content main div --><\/div><\/div>\n<style type=\"text\/css\" id=\"style-css-av-lr9ak81s-9eb048381eacae7b25692e1b727afbac\">\n.avia-section.av-lr9ak81s-9eb048381eacae7b25692e1b727afbac{\nposition:relative;\n}\n.avia-section.av-lr9ak81s-9eb048381eacae7b25692e1b727afbac .avia-divider-svg-top svg{\nheight:25px;\nwidth:calc(110% + 1.3px);\nfill:#f7f7f7;\n}\n<\/style>\n<div id='av_section_5'  class='avia-section av-lr9ak81s-9eb048381eacae7b25692e1b727afbac main_color avia-section-default avia-no-border-styling  avia-builder-el-19  el_after_av_section  el_before_av_section  avia-bg-style-scroll  container_wrap sidebar_right'  ><div class='avia-divider-svg avia-divider-svg-arrow avia-divider-svg-top avia-to-front avia-svg-original'><svg xmlns=\"http:\/\/www.w3.org\/2000\/svg\" viewBox=\"0 0 700 10\" preserveAspectRatio=\"none\">\n\t<path d=\"M350,10L340,0h20L350,10z\"\/>\n<\/svg><\/div><div class='container av-section-cont-open' ><div class='template-page content  av-content-small alpha units'><div class='post-entry post-entry-type-page post-entry-1768'><div class='entry-content-wrapper clearfix'>\n<div class='flex_column_table av-12tjpp-bf5e56d6bf83ab7d805bc361029185d2 sc-av_one_half av-equal-height-column-flextable'><div class='flex_column av-12tjpp-bf5e56d6bf83ab7d805bc361029185d2 av_one_half  avia-builder-el-20  el_before_av_one_half  avia-builder-el-first  first flex_column_table_cell av-equal-height-column av-align-top '   ><p>\n<style type=\"text\/css\" id=\"style-css-av-8fvast-bfa3ed9a07163cb2511ac03f950715ba\">\n.avia-image-container.av-8fvast-bfa3ed9a07163cb2511ac03f950715ba .av-image-caption-overlay-center{\ncolor:#ffffff;\n}\n<\/style>\n<div  class='avia-image-container av-8fvast-bfa3ed9a07163cb2511ac03f950715ba av-styling- avia-align-center  avia-builder-el-21  el_before_av_heading  avia-builder-el-first  '  itemprop=\"image\" itemscope=\"itemscope\" itemtype=\"https:\/\/schema.org\/ImageObject\" ><div class=\"avia-image-container-inner\"><div class=\"avia-image-overlay-wrap\"><img decoding=\"async\" class='wp-image-4222 avia-img-lazy-loading-not-4222 avia_image' src=\"https:\/\/alptek.com.tr\/tr\/wp-content\/uploads\/2024\/01\/benches-alptek-1.jpg\" alt='' title='benches-alptek'  height=\"542\" width=\"348\"  itemprop=\"thumbnailUrl\" srcset=\"https:\/\/alptek.com.tr\/tr\/wp-content\/uploads\/2024\/01\/benches-alptek-1.jpg 348w, https:\/\/alptek.com.tr\/tr\/wp-content\/uploads\/2024\/01\/benches-alptek-1-193x300.jpg 193w\" sizes=\"(max-width: 348px) 100vw, 348px\" \/><\/div><\/div><\/div><br \/>\n\n<style type=\"text\/css\" id=\"style-css-av-lrgcmz8a-684e582a7b6b58c699b250794a02141c\">\n#top .av-special-heading.av-lrgcmz8a-684e582a7b6b58c699b250794a02141c{\npadding-bottom:10px;\nfont-size:24px;\n}\n<\/style>\n<div  class='av-special-heading av-lrgcmz8a-684e582a7b6b58c699b250794a02141c av-special-heading-h2 blockquote modern-quote modern-centered  avia-builder-el-22  el_after_av_image  avia-builder-el-last  av-inherit-size '><h2 class='av-special-heading-tag '  itemprop=\"headline\"  ><strong style=\"font-size: 32px; border-bottom: 4px solid #9C9B9B;\">03<\/strong> Tezgahlar<\/h2><div class='special-heading-border'><div class='special-heading-inner-border'><\/div><\/div><\/div><\/p><\/div><div class='av-flex-placeholder'><\/div><div class='flex_column av-67qs7h-150e88f95e4ecafeea387a78a8a56791 av_one_half  avia-builder-el-23  el_after_av_one_half  avia-builder-el-last  flex_column_table_cell av-equal-height-column av-align-top '   ><p>\n<style type=\"text\/css\" id=\"style-css-av-4fa6jh-020414c585d9c4907fecbb399f6c913f\">\n.avia-image-container.av-4fa6jh-020414c585d9c4907fecbb399f6c913f .av-image-caption-overlay-center{\ncolor:#ffffff;\n}\n<\/style>\n<div  class='avia-image-container av-4fa6jh-020414c585d9c4907fecbb399f6c913f av-styling- avia-align-center  avia-builder-el-24  el_before_av_heading  avia-builder-el-first  '  itemprop=\"image\" itemscope=\"itemscope\" itemtype=\"https:\/\/schema.org\/ImageObject\" ><div class=\"avia-image-container-inner\"><div class=\"avia-image-overlay-wrap\"><img decoding=\"async\" class='wp-image-4224 avia-img-lazy-loading-not-4224 avia_image' src=\"https:\/\/alptek.com.tr\/tr\/wp-content\/uploads\/2024\/01\/laboratory-sink-alptek-1.jpg\" alt='' title='laboratory-sink-alptek'  height=\"542\" width=\"348\"  itemprop=\"thumbnailUrl\" srcset=\"https:\/\/alptek.com.tr\/tr\/wp-content\/uploads\/2024\/01\/laboratory-sink-alptek-1.jpg 348w, https:\/\/alptek.com.tr\/tr\/wp-content\/uploads\/2024\/01\/laboratory-sink-alptek-1-193x300.jpg 193w\" sizes=\"(max-width: 348px) 100vw, 348px\" \/><\/div><\/div><\/div><br \/>\n\n<style type=\"text\/css\" id=\"style-css-av-lrgcna09-3f088ee80bf1d3424e31abfd2427ee29\">\n#top .av-special-heading.av-lrgcna09-3f088ee80bf1d3424e31abfd2427ee29{\npadding-bottom:10px;\nfont-size:24px;\n}\n<\/style>\n<div  class='av-special-heading av-lrgcna09-3f088ee80bf1d3424e31abfd2427ee29 av-special-heading-h2 blockquote modern-quote modern-centered  avia-builder-el-25  el_after_av_image  avia-builder-el-last  av-inherit-size '><h2 class='av-special-heading-tag '  itemprop=\"headline\"  ><strong style=\"font-size: 32px; border-bottom: 4px solid #9C9B9B;\">04<\/strong> Laboratuvar Lavabosu<\/h2><div class='special-heading-border'><div class='special-heading-inner-border'><\/div><\/div><\/div><\/p><\/div><\/div><!--close column table wrapper. Autoclose: 1 --><\/div><\/div><\/div><!-- close content main div --><\/div><\/div>\n<style type=\"text\/css\" id=\"style-css-av-c4g3sd-b5004fb684002f78d37f05442c17737e\">\n.avia-section.av-c4g3sd-b5004fb684002f78d37f05442c17737e{\nbackground-color:#f7f7f7;\nposition:relative;\n}\n.avia-section.av-c4g3sd-b5004fb684002f78d37f05442c17737e .avia-divider-svg-top svg{\nheight:25px;\nwidth:calc(110% + 1.3px);\nfill:#ffffff;\n}\n<\/style>\n<div id='av_section_6'  class='avia-section av-c4g3sd-b5004fb684002f78d37f05442c17737e main_color avia-section-default avia-no-border-styling  avia-builder-el-26  el_after_av_section  avia-builder-el-last  avia-bg-style-scroll  container_wrap sidebar_right'  ><div class='avia-divider-svg avia-divider-svg-arrow avia-divider-svg-top avia-to-front avia-svg-original'><svg xmlns=\"http:\/\/www.w3.org\/2000\/svg\" viewBox=\"0 0 700 10\" preserveAspectRatio=\"none\">\n\t<path d=\"M350,10L340,0h20L350,10z\"\/>\n<\/svg><\/div><div class='container av-section-cont-open' ><div class='template-page content  av-content-small alpha units'><div class='post-entry post-entry-type-page post-entry-1768'><div class='entry-content-wrapper clearfix'>\n<div class='flex_column_table av-a52g2l-cfd6cda8578926d8b7c047b182f50117 sc-av_one_half av-equal-height-column-flextable'><div class='flex_column av-a52g2l-cfd6cda8578926d8b7c047b182f50117 av_one_half  avia-builder-el-27  el_before_av_one_half  avia-builder-el-first  first flex_column_table_cell av-equal-height-column av-align-top '   ><p>\n<style type=\"text\/css\" id=\"style-css-av-lr9bw33u-3ea115d19a6ee988a516d51758ffda05\">\n.avia-image-container.av-lr9bw33u-3ea115d19a6ee988a516d51758ffda05 .av-image-caption-overlay-center{\ncolor:#ffffff;\n}\n<\/style>\n<div  class='avia-image-container av-lr9bw33u-3ea115d19a6ee988a516d51758ffda05 av-styling- avia-align-center  avia-builder-el-28  el_before_av_heading  avia-builder-el-first  '  itemprop=\"image\" itemscope=\"itemscope\" itemtype=\"https:\/\/schema.org\/ImageObject\" ><div class=\"avia-image-container-inner\"><div class=\"avia-image-overlay-wrap\"><img decoding=\"async\" class='wp-image-6713 avia-img-lazy-loading-not-6713 avia_image' src=\"https:\/\/alptek.com.tr\/tr\/wp-content\/uploads\/2024\/02\/chemical-safety-storage-cabinets-alptek.png\" alt='' title='chemical-safety-storage-cabinets-alptek'  height=\"542\" width=\"348\"  itemprop=\"thumbnailUrl\" srcset=\"https:\/\/alptek.com.tr\/tr\/wp-content\/uploads\/2024\/02\/chemical-safety-storage-cabinets-alptek.png 348w, https:\/\/alptek.com.tr\/tr\/wp-content\/uploads\/2024\/02\/chemical-safety-storage-cabinets-alptek-193x300.png 193w\" sizes=\"(max-width: 348px) 100vw, 348px\" \/><\/div><\/div><\/div><br \/>\n\n<style type=\"text\/css\" id=\"style-css-av-lrgcnmrf-2dae6cbe8ec9c286f88b6356a9334ee9\">\n#top .av-special-heading.av-lrgcnmrf-2dae6cbe8ec9c286f88b6356a9334ee9{\npadding-bottom:10px;\nfont-size:24px;\n}\n<\/style>\n<div  class='av-special-heading av-lrgcnmrf-2dae6cbe8ec9c286f88b6356a9334ee9 av-special-heading-h2 blockquote modern-quote modern-centered  avia-builder-el-29  el_after_av_image  avia-builder-el-last  av-inherit-size '><h2 class='av-special-heading-tag '  itemprop=\"headline\"  ><strong style=\"font-size: 32px; border-bottom: 4px solid #9C9B9B;\">05<\/strong> Kimyasal Saklama Dolaplar\u0131<\/h2><div class='special-heading-border'><div class='special-heading-inner-border'><\/div><\/div><\/div><\/p><\/div><div class='av-flex-placeholder'><\/div><div class='flex_column av-7eb28t-d9a810b70f531545df0d889d153a100d av_one_half  avia-builder-el-30  el_after_av_one_half  avia-builder-el-last  flex_column_table_cell av-equal-height-column av-align-top '   ><p>\n<style type=\"text\/css\" id=\"style-css-av-693v6l-fa700f40b14fca5631548e594e107307\">\n.avia-image-container.av-693v6l-fa700f40b14fca5631548e594e107307 .av-image-caption-overlay-center{\ncolor:#ffffff;\n}\n<\/style>\n<div  class='avia-image-container av-693v6l-fa700f40b14fca5631548e594e107307 av-styling- avia-align-center  avia-builder-el-31  el_before_av_heading  avia-builder-el-first  '  itemprop=\"image\" itemscope=\"itemscope\" itemtype=\"https:\/\/schema.org\/ImageObject\" ><div class=\"avia-image-container-inner\"><div class=\"avia-image-overlay-wrap\"><img decoding=\"async\" class='wp-image-4226 avia-img-lazy-loading-not-4226 avia_image' src=\"https:\/\/alptek.com.tr\/tr\/wp-content\/uploads\/2024\/01\/waste-management-systems-alptek-1.jpg\" alt='' title='waste-management-systems-alptek'  height=\"542\" width=\"348\"  itemprop=\"thumbnailUrl\" srcset=\"https:\/\/alptek.com.tr\/tr\/wp-content\/uploads\/2024\/01\/waste-management-systems-alptek-1.jpg 348w, https:\/\/alptek.com.tr\/tr\/wp-content\/uploads\/2024\/01\/waste-management-systems-alptek-1-193x300.jpg 193w\" sizes=\"(max-width: 348px) 100vw, 348px\" \/><\/div><\/div><\/div><br \/>\n\n<style type=\"text\/css\" id=\"style-css-av-lrgcnwcz-a0a130b4e25f2b82511ea3cf13bf0d98\">\n#top .av-special-heading.av-lrgcnwcz-a0a130b4e25f2b82511ea3cf13bf0d98{\npadding-bottom:10px;\nfont-size:24px;\n}\n<\/style>\n<div  class='av-special-heading av-lrgcnwcz-a0a130b4e25f2b82511ea3cf13bf0d98 av-special-heading-h2 blockquote modern-quote modern-centered  avia-builder-el-32  el_after_av_image  avia-builder-el-last  av-inherit-size '><h2 class='av-special-heading-tag '  itemprop=\"headline\"  ><strong style=\"font-size: 32px; border-bottom: 4px solid #9C9B9B;\">06<\/strong> At\u0131k Y\u00f6netim Sistemleri<\/h2><div class='special-heading-border'><div class='special-heading-inner-border'><\/div><\/div><\/div><\/p><\/div><\/div><!--close column table wrapper. Autoclose: 1 --><\/div><\/div><\/div><!-- close content main div --><\/div><\/div><div id='after_section_6'  class='main_color av_default_container_wrap container_wrap sidebar_right'  ><div class='container av-section-cont-open' ><div class='template-page content  av-content-small alpha units'><div class='post-entry post-entry-type-page post-entry-1768'><div class='entry-content-wrapper clearfix'><\/p>\n","protected":false},"excerpt":{"rendered":"","protected":false},"author":1,"featured_media":0,"parent":1611,"menu_order":0,"comment_status":"closed","ping_status":"closed","template":"","meta":{"footnotes":""},"_links":{"self":[{"href":"https:\/\/alptek.com.tr\/tr\/wp-json\/wp\/v2\/pages\/1768"}],"collection":[{"href":"https:\/\/alptek.com.tr\/tr\/wp-json\/wp\/v2\/pages"}],"about":[{"href":"https:\/\/alptek.com.tr\/tr\/wp-json\/wp\/v2\/types\/page"}],"author":[{"embeddable":true,"href":"https:\/\/alptek.com.tr\/tr\/wp-json\/wp\/v2\/users\/1"}],"replies":[{"embeddable":true,"href":"https:\/\/alptek.com.tr\/tr\/wp-json\/wp\/v2\/comments?post=1768"}],"version-history":[{"count":9,"href":"https:\/\/alptek.com.tr\/tr\/wp-json\/wp\/v2\/pages\/1768\/revisions"}],"predecessor-version":[{"id":3982,"href":"https:\/\/alptek.com.tr\/tr\/wp-json\/wp\/v2\/pages\/1768\/revisions\/3982"}],"up":[{"embeddable":true,"href":"https:\/\/alptek.com.tr\/tr\/wp-json\/wp\/v2\/pages\/1611"}],"wp:attachment":[{"href":"https:\/\/alptek.com.tr\/tr\/wp-json\/wp\/v2\/media?parent=1768"}],"curies":[{"name":"wp","href":"https:\/\/api.w.org\/{rel}","templated":true}]}}