{"id":1758,"date":"2023-09-08T09:23:51","date_gmt":"2023-09-08T09:23:51","guid":{"rendered":"https:\/\/alptek.com.tr\/?page_id=1758"},"modified":"2024-03-06T11:43:10","modified_gmt":"2024-03-06T11:43:10","slug":"endustriye-yonelik-mimari-muhendislik-cozumleri","status":"publish","type":"page","link":"https:\/\/alptek.com.tr\/tr\/ne-yapiyoruz\/endustriye-yonelik-mimari-muhendislik-cozumleri\/","title":{"rendered":"END\u00dcSTR\u0130YE Y\u00d6NEL\u0130K M\u0130MAR\u0130 &#038; M\u00dcHEND\u0130SL\u0130K \u00c7\u00d6Z\u00dcMLER\u0130"},"content":{"rendered":"<div id='layer_slider_1'  class='avia-layerslider main_color avia-shadow  avia-builder-el-0  el_before_av_section  avia-builder-el-first  container_wrap sidebar_right'  style='height: 871px; max-width: 1920px; margin: 0 auto;'  ><\/div>\n<div id='av_section_1'  class='avia-section av-1tzpz3-36e79d45a564c9512ca18e2f57599fb9 main_color avia-section-default avia-no-border-styling  avia-builder-el-1  el_after_av_layerslider  el_before_av_section  avia-bg-style-scroll  container_wrap sidebar_right'  ><div class='container av-section-cont-open' ><div class='template-page content  av-content-small alpha units'><div class='post-entry post-entry-type-page post-entry-1758'><div class='entry-content-wrapper clearfix'>\n\n<style type=\"text\/css\" id=\"style-css-av-lr982n58-815a9bf396a664e69fa713c1e22b6667\">\n#top .av-special-heading.av-lr982n58-815a9bf396a664e69fa713c1e22b6667{\npadding-bottom:10px;\nfont-size:32px;\n}\n<\/style>\n<div  class='av-special-heading av-lr982n58-815a9bf396a664e69fa713c1e22b6667 av-special-heading-h1 blockquote modern-quote modern-centered  avia-builder-el-2  el_before_av_hr  avia-builder-el-first  av-inherit-size '><h1 class='av-special-heading-tag '  itemprop=\"headline\"  >END\u00dcSTR\u0130YE Y\u00d6NEL\u0130K M\u0130MAR\u0130 <span class='special_amp'>&amp;<\/span> M\u00dcHEND\u0130SL\u0130K \u00c7\u00d6Z\u00dcMLER\u0130<\/h1><div class='special-heading-border'><div class='special-heading-inner-border'><\/div><\/div><\/div>\n\n<style type=\"text\/css\" id=\"style-css-av-2fv0sg-3f34921ef3d92f4cbbf60bcb315ceeac\">\n.hr.av-2fv0sg-3f34921ef3d92f4cbbf60bcb315ceeac{\nmargin-top:0px;\nmargin-bottom:30px;\n}\n.hr.av-2fv0sg-3f34921ef3d92f4cbbf60bcb315ceeac .hr-inner{\nwidth:150px;\nborder-color:#9c9b9b;\n}\n<\/style>\n<div  class='hr av-2fv0sg-3f34921ef3d92f4cbbf60bcb315ceeac hr-custom  avia-builder-el-3  el_after_av_heading  el_before_av_textblock  hr-center hr-icon-no '><span class='hr-inner inner-border-av-border-fat'><span class=\"hr-inner-style\"><\/span><\/span><\/div>\n<section class=\"av_textblock_section \"  itemscope=\"itemscope\" itemtype=\"https:\/\/schema.org\/CreativeWork\" ><div class='avia_textblock  '  style='font-size:24px; '  itemprop=\"text\" ><p>End\u00fcstriyel tesislerde tasar\u0131m a\u015famas\u0131nda t\u00fcm kriterlerin ve s\u00fcrecin ciddi \u015fekilde analiz edilmesi ve olmas\u0131 gereken her \u015feyin tasar\u0131ma yans\u0131t\u0131lmas\u0131 \u00f6nemlidir. \u00dczerinde durulmas\u0131 gereken en \u00f6nemli konu b\u00fct\u00e7elenen fiyata g\u00f6re de\u011fil, s\u00fcrecin gereksinimlerine g\u00f6re tasar\u0131m yapmakt\u0131r. Bu yakla\u015f\u0131m gelecekte \u00f6denmesi gereken ek maliyetlerin bug\u00fcnden \u00f6nlenmesini ama\u00e7lamaktad\u0131r.<\/p>\n<\/div><\/section>\n<\/div><\/div><\/div><!-- close content main div --><\/div><\/div>\n<style type=\"text\/css\" id=\"style-css-av-lm8wjh5b-49ba0dba42aa0292cf5866d99bee8ee7\">\n.avia-section.av-lm8wjh5b-49ba0dba42aa0292cf5866d99bee8ee7{\nbackground-repeat:no-repeat;\nbackground-image:url(https:\/\/alptek.com.tr\/tr\/wp-content\/uploads\/2024\/01\/vivarium-establishment-2-alptek.jpg);\nbackground-position:top left;\nbackground-attachment:scroll;\n}\n<\/style>\n<div id='av_section_2'  class='avia-section av-lm8wjh5b-49ba0dba42aa0292cf5866d99bee8ee7 main_color avia-section-small avia-no-border-styling  avia-builder-el-5  el_after_av_section  el_before_av_section  avia-bg-style-scroll  container_wrap sidebar_right'  data-section-bg-repeat='no-repeat'><div class='container av-section-cont-open' ><div class='template-page content  av-content-small alpha units'><div class='post-entry post-entry-type-page post-entry-1758'><div class='entry-content-wrapper clearfix'>\n\n<style type=\"text\/css\" id=\"style-css-av-lr986ehe-a4c62f36988c008665eee5482324c494\">\n#top .hr.hr-invisible.av-lr986ehe-a4c62f36988c008665eee5482324c494{\nheight:50px;\n}\n<\/style>\n<div  class='hr av-lr986ehe-a4c62f36988c008665eee5482324c494 hr-invisible  avia-builder-el-6  el_before_av_one_full  avia-builder-el-first  '><span class='hr-inner '><span class=\"hr-inner-style\"><\/span><\/span><\/div>\n<div class='flex_column av-lm8wjvc0-659c99fe9f57421cd653c38133044275 av_one_full  avia-builder-el-7  el_after_av_hr  el_before_av_hr  first flex_column_div '   ><section class=\"av_textblock_section \"  itemscope=\"itemscope\" itemtype=\"https:\/\/schema.org\/CreativeWork\" ><div class='avia_textblock  av_inherit_color '  style='font-size:30px; color:#000000; '  itemprop=\"text\" ><p style=\"text-align: center;\"><strong>Do\u011fru tasar\u0131m\u0131<\/strong> daha ekonomik hale getirmek ba\u015fka \u015fey, b\u00fct\u00e7eye uygun tasar\u0131m yapmak ba\u015fka \u015fey.<\/p>\n<\/div><\/section><\/div>\n<style type=\"text\/css\" id=\"style-css-av-33l58w-495f682d3720d1c9243b1f8813fbf848\">\n#top .hr.hr-invisible.av-33l58w-495f682d3720d1c9243b1f8813fbf848{\nheight:50px;\n}\n<\/style>\n<div  class='hr av-33l58w-495f682d3720d1c9243b1f8813fbf848 hr-invisible  avia-builder-el-9  el_after_av_one_full  avia-builder-el-last  '><span class='hr-inner '><span class=\"hr-inner-style\"><\/span><\/span><\/div>\n<\/div><\/div><\/div><!-- close content main div --><\/div><\/div><div id='av_section_3'  class='avia-section av-3qvcz7-ba4126e2e873ed71a421d05227409cb2 main_color avia-section-default avia-no-border-styling  avia-builder-el-10  el_after_av_section  el_before_av_section  avia-bg-style-scroll  container_wrap sidebar_right'  ><div class='container av-section-cont-open' ><div class='template-page content  av-content-small alpha units'><div class='post-entry post-entry-type-page post-entry-1758'><div class='entry-content-wrapper clearfix'>\n<div class='flex_column av-4p7fha-ee24e0cbc3fdc7cbb141fb8096805369 av_one_half  avia-builder-el-11  el_before_av_one_half  avia-builder-el-first  first flex_column_div '   ><style type=\"text\/css\" id=\"style-css-av-lmae81rd-e556b383ca76abfe81d566766deb495c\">\n.avia-image-container.av-lmae81rd-e556b383ca76abfe81d566766deb495c .av-image-caption-overlay-center{\ncolor:#ffffff;\n}\n<\/style>\n<div  class='avia-image-container av-lmae81rd-e556b383ca76abfe81d566766deb495c av-styling- avia-align-center  avia-builder-el-12  avia-builder-el-no-sibling  '  itemprop=\"image\" itemscope=\"itemscope\" itemtype=\"https:\/\/schema.org\/ImageObject\" ><div class=\"avia-image-container-inner\"><div class=\"avia-image-overlay-wrap\"><img decoding=\"async\" class='wp-image-1761 avia-img-lazy-loading-not-1761 avia_image' src=\"https:\/\/alptek.com.tr\/tr\/wp-content\/uploads\/2023\/09\/architectural-engineering-forindustry-2.jpg\" alt='' title='architectural-engineering-forindustry-2'  height=\"610\" width=\"610\"  itemprop=\"thumbnailUrl\" srcset=\"https:\/\/alptek.com.tr\/tr\/wp-content\/uploads\/2023\/09\/architectural-engineering-forindustry-2.jpg 610w, https:\/\/alptek.com.tr\/tr\/wp-content\/uploads\/2023\/09\/architectural-engineering-forindustry-2-300x300.jpg 300w, https:\/\/alptek.com.tr\/tr\/wp-content\/uploads\/2023\/09\/architectural-engineering-forindustry-2-80x80.jpg 80w, https:\/\/alptek.com.tr\/tr\/wp-content\/uploads\/2023\/09\/architectural-engineering-forindustry-2-36x36.jpg 36w, https:\/\/alptek.com.tr\/tr\/wp-content\/uploads\/2023\/09\/architectural-engineering-forindustry-2-180x180.jpg 180w\" sizes=\"(max-width: 610px) 100vw, 610px\" \/><\/div><\/div><\/div><\/div><div class='flex_column av-25l8wu-77ce77c281f3b752402373c8d1276ae9 av_one_half  avia-builder-el-13  el_after_av_one_half  avia-builder-el-last  flex_column_div '   ><style type=\"text\/css\" id=\"style-css-av-lmae892x-c98f77fcc136db24d9a4c5ba28e251cd\">\n.avia-image-container.av-lmae892x-c98f77fcc136db24d9a4c5ba28e251cd .av-image-caption-overlay-center{\ncolor:#ffffff;\n}\n<\/style>\n<div  class='avia-image-container av-lmae892x-c98f77fcc136db24d9a4c5ba28e251cd av-styling- avia-align-center  avia-builder-el-14  avia-builder-el-no-sibling  '  itemprop=\"image\" itemscope=\"itemscope\" itemtype=\"https:\/\/schema.org\/ImageObject\" ><div class=\"avia-image-container-inner\"><div class=\"avia-image-overlay-wrap\"><img decoding=\"async\" class='wp-image-1762 avia-img-lazy-loading-not-1762 avia_image' src=\"https:\/\/alptek.com.tr\/tr\/wp-content\/uploads\/2023\/09\/architectural-engineering-forindustry-3.jpg\" alt='' title='architectural-engineering-forindustry-3'  height=\"610\" width=\"610\"  itemprop=\"thumbnailUrl\" srcset=\"https:\/\/alptek.com.tr\/tr\/wp-content\/uploads\/2023\/09\/architectural-engineering-forindustry-3.jpg 610w, https:\/\/alptek.com.tr\/tr\/wp-content\/uploads\/2023\/09\/architectural-engineering-forindustry-3-300x300.jpg 300w, https:\/\/alptek.com.tr\/tr\/wp-content\/uploads\/2023\/09\/architectural-engineering-forindustry-3-80x80.jpg 80w, https:\/\/alptek.com.tr\/tr\/wp-content\/uploads\/2023\/09\/architectural-engineering-forindustry-3-36x36.jpg 36w, https:\/\/alptek.com.tr\/tr\/wp-content\/uploads\/2023\/09\/architectural-engineering-forindustry-3-180x180.jpg 180w\" sizes=\"(max-width: 610px) 100vw, 610px\" \/><\/div><\/div><\/div><\/div>\n<\/p>\n<\/div><\/div><\/div><!-- close content main div --><\/div><\/div>\n<style type=\"text\/css\" id=\"style-css-av-lma9xcze-2af55cc2cbe84efa918aa73344a39fb3\">\n.avia-section.av-lma9xcze-2af55cc2cbe84efa918aa73344a39fb3{\nbackground-repeat:no-repeat;\nbackground-image:url(https:\/\/alptek.com.tr\/tr\/wp-content\/uploads\/2024\/01\/arka-plan-alptek.jpg);\nbackground-position:center center;\nbackground-attachment:scroll;\n}\n<\/style>\n<div id='av_section_4'  class='avia-section av-lma9xcze-2af55cc2cbe84efa918aa73344a39fb3 main_color avia-section-huge avia-no-border-styling  avia-builder-el-15  el_after_av_section  avia-builder-el-last  avia-full-stretch avia-bg-style-scroll  container_wrap sidebar_right'  data-section-bg-repeat='stretch'><div class='container av-section-cont-open' ><div class='template-page content  av-content-small alpha units'><div class='post-entry post-entry-type-page post-entry-1758'><div class='entry-content-wrapper clearfix'>\n\n<style type=\"text\/css\" id=\"style-css-av-lr98jxvb-6b89a513a078c8c2a708bae5f75aba4c\">\n#top .hr.hr-invisible.av-lr98jxvb-6b89a513a078c8c2a708bae5f75aba4c{\nheight:50px;\n}\n<\/style>\n<div  class='hr av-lr98jxvb-6b89a513a078c8c2a708bae5f75aba4c hr-invisible  avia-builder-el-16  el_before_av_textblock  avia-builder-el-first  '><span class='hr-inner '><span class=\"hr-inner-style\"><\/span><\/span><\/div>\n<section class=\"av_textblock_section \"  itemscope=\"itemscope\" itemtype=\"https:\/\/schema.org\/CreativeWork\" ><div class='avia_textblock  av_inherit_color '  style='font-size:30px; color:#000000; '  itemprop=\"text\" ><p style=\"text-align: center;\"><strong>ALPTEK<\/strong> olarak; ihtiya\u00e7lar\u0131n\u0131za g\u00f6re size <strong>hem mimari hem elektrik hem de makine m\u00fchendisli\u011fi \u00e7\u00f6z\u00fcmleri<\/strong> sunuyoruz!<\/p>\n<\/div><\/section>\n<\/div><\/div><\/div><!-- close content main div --><\/div><\/div><div id='after_section_4'  class='main_color av_default_container_wrap container_wrap sidebar_right'  ><div class='container av-section-cont-open' ><div class='template-page content  av-content-small alpha units'><div class='post-entry post-entry-type-page post-entry-1758'><div class='entry-content-wrapper clearfix'>\n","protected":false},"excerpt":{"rendered":"","protected":false},"author":1,"featured_media":0,"parent":1611,"menu_order":0,"comment_status":"closed","ping_status":"closed","template":"","meta":{"footnotes":""},"_links":{"self":[{"href":"https:\/\/alptek.com.tr\/tr\/wp-json\/wp\/v2\/pages\/1758"}],"collection":[{"href":"https:\/\/alptek.com.tr\/tr\/wp-json\/wp\/v2\/pages"}],"about":[{"href":"https:\/\/alptek.com.tr\/tr\/wp-json\/wp\/v2\/types\/page"}],"author":[{"embeddable":true,"href":"https:\/\/alptek.com.tr\/tr\/wp-json\/wp\/v2\/users\/1"}],"replies":[{"embeddable":true,"href":"https:\/\/alptek.com.tr\/tr\/wp-json\/wp\/v2\/comments?post=1758"}],"version-history":[{"count":7,"href":"https:\/\/alptek.com.tr\/tr\/wp-json\/wp\/v2\/pages\/1758\/revisions"}],"predecessor-version":[{"id":3949,"href":"https:\/\/alptek.com.tr\/tr\/wp-json\/wp\/v2\/pages\/1758\/revisions\/3949"}],"up":[{"embeddable":true,"href":"https:\/\/alptek.com.tr\/tr\/wp-json\/wp\/v2\/pages\/1611"}],"wp:attachment":[{"href":"https:\/\/alptek.com.tr\/tr\/wp-json\/wp\/v2\/media?parent=1758"}],"curies":[{"name":"wp","href":"https:\/\/api.w.org\/{rel}","templated":true}]}}