{"id":1750,"date":"2023-09-08T09:13:01","date_gmt":"2023-09-08T09:13:01","guid":{"rendered":"https:\/\/alptek.com.tr\/?page_id=1750"},"modified":"2024-03-06T11:37:56","modified_gmt":"2024-03-06T11:37:56","slug":"anahtar-teslim-laboratuvar-kurulumu","status":"publish","type":"page","link":"https:\/\/alptek.com.tr\/tr\/ne-yapiyoruz\/anahtar-teslim-laboratuvar-kurulumu\/","title":{"rendered":"ANAHTAR TESL\u0130M LABORATUVAR KURULUMU"},"content":{"rendered":"<div id='layer_slider_1'  class='avia-layerslider main_color avia-shadow  avia-builder-el-0  el_before_av_section  avia-builder-el-first  container_wrap sidebar_right'  style='height: 871px; max-width: 1920px; margin: 0 auto;'  ><\/div>\n<div id='av_section_1'  class='avia-section av-1zx172-78c1e41c57b085a42da39dab28ed472e main_color avia-section-default avia-no-border-styling  avia-builder-el-1  el_after_av_layerslider  el_before_av_section  avia-bg-style-scroll  container_wrap sidebar_right'  ><div class='container av-section-cont-open' ><div class='template-page content  av-content-small alpha units'><div class='post-entry post-entry-type-page post-entry-1750'><div class='entry-content-wrapper clearfix'>\n\n<style type=\"text\/css\" id=\"style-css-av-lr95ge9m-40b088eec42c4ffd5f91dcd6e10b13b0\">\n#top .av-special-heading.av-lr95ge9m-40b088eec42c4ffd5f91dcd6e10b13b0{\npadding-bottom:10px;\nfont-size:32px;\n}\n<\/style>\n<div  class='av-special-heading av-lr95ge9m-40b088eec42c4ffd5f91dcd6e10b13b0 av-special-heading-h1 blockquote modern-quote modern-centered  avia-builder-el-2  el_before_av_hr  avia-builder-el-first  av-inherit-size '><h1 class='av-special-heading-tag '  itemprop=\"headline\"  >ANAHTAR TESL\u0130M LABORATUVAR KURULUMU<\/h1><div class='special-heading-border'><div class='special-heading-inner-border'><\/div><\/div><\/div>\n\n<style type=\"text\/css\" id=\"style-css-av-lr95h7nf-f3b735697a80e325fa236c3920d477c8\">\n.hr.av-lr95h7nf-f3b735697a80e325fa236c3920d477c8{\nmargin-top:0px;\nmargin-bottom:30px;\n}\n.hr.av-lr95h7nf-f3b735697a80e325fa236c3920d477c8 .hr-inner{\nwidth:100px;\nborder-color:#9c9b9b;\n}\n<\/style>\n<div  class='hr av-lr95h7nf-f3b735697a80e325fa236c3920d477c8 hr-custom  avia-builder-el-3  el_after_av_heading  el_before_av_textblock  hr-center hr-icon-no '><span class='hr-inner inner-border-av-border-fat'><span class=\"hr-inner-style\"><\/span><\/span><\/div>\n<section class=\"av_textblock_section \"  itemscope=\"itemscope\" itemtype=\"https:\/\/schema.org\/CreativeWork\" ><div class='avia_textblock  '  style='font-size:24px; '  itemprop=\"text\" ><p>Bina tasarlan\u0131rken laboratuvar tasar\u0131m\u0131 ciddi analizlerle yap\u0131lmad\u0131\u011f\u0131 i\u00e7in sonras\u0131nda bir\u00e7ok istenmeyen durumla kar\u015f\u0131la\u015fmak olduk\u00e7a olas\u0131d\u0131r. Laboratuvar tasar\u0131m\u0131nda bir\u00e7ok kriterin en ba\u015f\u0131ndan itibaren ciddi bir \u015fekilde analiz edilmesi gerekmektedir. A\u015fa\u011f\u0131da dikkat edilmesi gereken bu \u00f6nemli kriterlerle birlikte t\u00fcm i\u015flerin bir ana y\u00fcklenici taraf\u0131ndan yap\u0131lmas\u0131 i\u015fin kontrol\u00fcne ve verimlili\u011fine ciddi katk\u0131 sa\u011flamaktad\u0131r.<\/p>\n<\/div><\/section>\n<\/div><\/div><\/div><!-- close content main div --><\/div><\/div>\n<style type=\"text\/css\" id=\"style-css-av-lr96ec4a-f9fd1d40ebc1c25e77489bd5c0b864f5\">\n.avia-section.av-lr96ec4a-f9fd1d40ebc1c25e77489bd5c0b864f5{\nbackground-repeat:no-repeat;\nbackground-image:url(https:\/\/alptek.com.tr\/tr\/wp-content\/uploads\/2024\/01\/vivarium-establishment-2-alptek.jpg);\nbackground-position:top left;\nbackground-attachment:scroll;\n}\n<\/style>\n<div id='av_section_2'  class='avia-section av-lr96ec4a-f9fd1d40ebc1c25e77489bd5c0b864f5 main_color avia-section-default avia-no-border-styling  avia-builder-el-5  el_after_av_section  el_before_av_section  avia-bg-style-scroll  container_wrap sidebar_right'  data-section-bg-repeat='no-repeat'><div class='container av-section-cont-open' ><div class='template-page content  av-content-small alpha units'><div class='post-entry post-entry-type-page post-entry-1750'><div class='entry-content-wrapper clearfix'>\n\n<style type=\"text\/css\" id=\"style-css-av-lr96gn1a-2c41feaf50b67d4212471fc25d064c67\">\n#top .hr.hr-invisible.av-lr96gn1a-2c41feaf50b67d4212471fc25d064c67{\nheight:50px;\n}\n<\/style>\n<div  class='hr av-lr96gn1a-2c41feaf50b67d4212471fc25d064c67 hr-invisible  avia-builder-el-6  el_before_av_one_full  avia-builder-el-first  '><span class='hr-inner '><span class=\"hr-inner-style\"><\/span><\/span><\/div>\n<div class='flex_column av-9nqgu-f4d9e70dd54db72882986e2d32986e3c av_one_full  avia-builder-el-7  el_after_av_hr  el_before_av_hr  first flex_column_div '   ><section class=\"av_textblock_section \"  itemscope=\"itemscope\" itemtype=\"https:\/\/schema.org\/CreativeWork\" ><div class='avia_textblock  av_inherit_color '  style='font-size:30px; color:#000000; '  itemprop=\"text\" ><p style=\"text-align: center;\">ALPTEK olarak; ihtiya\u00e7lar\u0131n\u0131za g\u00f6re <strong>nitelikli laboratuvarlar<\/strong> tasarlayabiliriz.<\/p>\n<\/div><\/section><\/div>\n<style type=\"text\/css\" id=\"style-css-av-77fge-ef9860a944541f24b10a48edbc6fba24\">\n#top .hr.hr-invisible.av-77fge-ef9860a944541f24b10a48edbc6fba24{\nheight:50px;\n}\n<\/style>\n<div  class='hr av-77fge-ef9860a944541f24b10a48edbc6fba24 hr-invisible  avia-builder-el-9  el_after_av_one_full  avia-builder-el-last  '><span class='hr-inner '><span class=\"hr-inner-style\"><\/span><\/span><\/div>\n<\/div><\/div><\/div><!-- close content main div --><\/div><\/div><div id='av_section_3'  class='avia-section av-3qvcz7-ba4126e2e873ed71a421d05227409cb2 main_color avia-section-default avia-no-border-styling  avia-builder-el-10  el_after_av_section  el_before_av_section  avia-bg-style-scroll  container_wrap sidebar_right'  ><div class='container av-section-cont-open' ><div class='template-page content  av-content-small alpha units'><div class='post-entry post-entry-type-page post-entry-1750'><div class='entry-content-wrapper clearfix'>\n\n<style type=\"text\/css\" id=\"style-css-av-lm8yfvs7-aee009a8e0943143259bd9b17d7e2ccc\">\n#top .av-special-heading.av-lm8yfvs7-aee009a8e0943143259bd9b17d7e2ccc{\npadding-bottom:10px;\nfont-size:32px;\n}\n<\/style>\n<div  class='av-special-heading av-lm8yfvs7-aee009a8e0943143259bd9b17d7e2ccc av-special-heading-h2 blockquote modern-quote  avia-builder-el-11  el_before_av_hr  avia-builder-el-first  av-inherit-size '><h2 class='av-special-heading-tag '  itemprop=\"headline\"  >Benimsedi\u011fimiz \u00d6nemli Kriterler<\/h2><div class='special-heading-border'><div class='special-heading-inner-border'><\/div><\/div><\/div>\n\n<style type=\"text\/css\" id=\"style-css-av-lm8ygi0s-648acf53917d689676117f60e6a44da0\">\n.hr.av-lm8ygi0s-648acf53917d689676117f60e6a44da0{\nmargin-top:0px !important;\nmargin-bottom:10px !important;\n}\n.hr.av-lm8ygi0s-648acf53917d689676117f60e6a44da0 .hr-inner{\nwidth:50px;\nborder-color:#9c9b9b;\n}\n<\/style>\n<div  class='hr av-lm8ygi0s-648acf53917d689676117f60e6a44da0 hr-custom  avia-builder-el-12  el_after_av_heading  el_before_av_image  hr-left hr-icon-no '><span class='hr-inner inner-border-av-border-fat'><span class=\"hr-inner-style\"><\/span><\/span><\/div>\n\n<style type=\"text\/css\" id=\"style-css-av-lmabwawe-9001cc949ec00f2dfc31293c523cc75e\">\n.avia-image-container.av-lmabwawe-9001cc949ec00f2dfc31293c523cc75e .av-image-caption-overlay-center{\ncolor:#ffffff;\n}\n<\/style>\n<div  class='avia-image-container av-lmabwawe-9001cc949ec00f2dfc31293c523cc75e av-styling- avia-align-center  avia-builder-el-13  el_after_av_hr  avia-builder-el-last  '  itemprop=\"image\" itemscope=\"itemscope\" itemtype=\"https:\/\/schema.org\/ImageObject\" ><div class=\"avia-image-container-inner\"><div class=\"avia-image-overlay-wrap\"><img decoding=\"async\" class='wp-image-1751 avia-img-lazy-loading-not-1751 avia_image' src=\"https:\/\/alptek.com.tr\/tr\/wp-content\/uploads\/2023\/09\/important-criteria-we-adopt.jpg\" alt='' title='important-criteria-we-adopt'  height=\"497\" width=\"1255\"  itemprop=\"thumbnailUrl\" srcset=\"https:\/\/alptek.com.tr\/tr\/wp-content\/uploads\/2023\/09\/important-criteria-we-adopt.jpg 1255w, https:\/\/alptek.com.tr\/tr\/wp-content\/uploads\/2023\/09\/important-criteria-we-adopt-300x119.jpg 300w, https:\/\/alptek.com.tr\/tr\/wp-content\/uploads\/2023\/09\/important-criteria-we-adopt-1030x408.jpg 1030w, https:\/\/alptek.com.tr\/tr\/wp-content\/uploads\/2023\/09\/important-criteria-we-adopt-768x304.jpg 768w, https:\/\/alptek.com.tr\/tr\/wp-content\/uploads\/2023\/09\/important-criteria-we-adopt-705x279.jpg 705w\" sizes=\"(max-width: 1255px) 100vw, 1255px\" \/><\/div><\/div><\/div>\n<\/div><\/div><\/div><!-- close content main div --><\/div><\/div><div id='av_section_4'  class='avia-section av-379tgu-ae147816afe756838cd437cf00e7ba3a main_color avia-section-default avia-no-border-styling  avia-builder-el-14  el_after_av_section  avia-builder-el-last  avia-bg-style-scroll  container_wrap sidebar_right'  ><div class='container av-section-cont-open' ><div class='template-page content  av-content-small alpha units'><div class='post-entry post-entry-type-page post-entry-1750'><div class='entry-content-wrapper clearfix'>\n\n<style type=\"text\/css\" id=\"style-css-av-lr96cins-d0f8b95c56853af67b192f708f341bdb\">\n.avia-image-container.av-lr96cins-d0f8b95c56853af67b192f708f341bdb .av-image-caption-overlay-center{\ncolor:#ffffff;\n}\n<\/style>\n<div  class='avia-image-container av-lr96cins-d0f8b95c56853af67b192f708f341bdb av-styling- avia-align-center  avia-builder-el-15  avia-builder-el-no-sibling  '  itemprop=\"image\" itemscope=\"itemscope\" itemtype=\"https:\/\/schema.org\/ImageObject\" ><div class=\"avia-image-container-inner\"><div class=\"avia-image-overlay-wrap\"><img decoding=\"async\" class='wp-image-7078 avia-img-lazy-loading-not-7078 avia_image' src=\"https:\/\/alptek.com.tr\/tr\/wp-content\/uploads\/2024\/03\/anahtar-teslim-laboratuvar-kurulumu-kutular-alptek.png\" alt='' title='anahtar-teslim-laboratuvar-kurulumu-kutular-alptek'  height=\"300\" width=\"1920\"  itemprop=\"thumbnailUrl\" srcset=\"https:\/\/alptek.com.tr\/tr\/wp-content\/uploads\/2024\/03\/anahtar-teslim-laboratuvar-kurulumu-kutular-alptek.png 1920w, https:\/\/alptek.com.tr\/tr\/wp-content\/uploads\/2024\/03\/anahtar-teslim-laboratuvar-kurulumu-kutular-alptek-300x47.png 300w, https:\/\/alptek.com.tr\/tr\/wp-content\/uploads\/2024\/03\/anahtar-teslim-laboratuvar-kurulumu-kutular-alptek-1030x161.png 1030w, https:\/\/alptek.com.tr\/tr\/wp-content\/uploads\/2024\/03\/anahtar-teslim-laboratuvar-kurulumu-kutular-alptek-768x120.png 768w, https:\/\/alptek.com.tr\/tr\/wp-content\/uploads\/2024\/03\/anahtar-teslim-laboratuvar-kurulumu-kutular-alptek-1536x240.png 1536w, https:\/\/alptek.com.tr\/tr\/wp-content\/uploads\/2024\/03\/anahtar-teslim-laboratuvar-kurulumu-kutular-alptek-1500x234.png 1500w, https:\/\/alptek.com.tr\/tr\/wp-content\/uploads\/2024\/03\/anahtar-teslim-laboratuvar-kurulumu-kutular-alptek-705x110.png 705w\" sizes=\"(max-width: 1920px) 100vw, 1920px\" \/><\/div><\/div><\/div>\n<\/div><\/div><\/div><!-- close content main div --><\/div><\/div><div id='after_section_4'  class='main_color av_default_container_wrap container_wrap sidebar_right'  ><div class='container av-section-cont-open' ><div class='template-page content  av-content-small alpha units'><div class='post-entry post-entry-type-page post-entry-1750'><div class='entry-content-wrapper clearfix'><\/p>\n","protected":false},"excerpt":{"rendered":"","protected":false},"author":1,"featured_media":0,"parent":1611,"menu_order":0,"comment_status":"closed","ping_status":"closed","template":"","meta":{"footnotes":""},"_links":{"self":[{"href":"https:\/\/alptek.com.tr\/tr\/wp-json\/wp\/v2\/pages\/1750"}],"collection":[{"href":"https:\/\/alptek.com.tr\/tr\/wp-json\/wp\/v2\/pages"}],"about":[{"href":"https:\/\/alptek.com.tr\/tr\/wp-json\/wp\/v2\/types\/page"}],"author":[{"embeddable":true,"href":"https:\/\/alptek.com.tr\/tr\/wp-json\/wp\/v2\/users\/1"}],"replies":[{"embeddable":true,"href":"https:\/\/alptek.com.tr\/tr\/wp-json\/wp\/v2\/comments?post=1750"}],"version-history":[{"count":6,"href":"https:\/\/alptek.com.tr\/tr\/wp-json\/wp\/v2\/pages\/1750\/revisions"}],"predecessor-version":[{"id":7077,"href":"https:\/\/alptek.com.tr\/tr\/wp-json\/wp\/v2\/pages\/1750\/revisions\/7077"}],"up":[{"embeddable":true,"href":"https:\/\/alptek.com.tr\/tr\/wp-json\/wp\/v2\/pages\/1611"}],"wp:attachment":[{"href":"https:\/\/alptek.com.tr\/tr\/wp-json\/wp\/v2\/media?parent=1750"}],"curies":[{"name":"wp","href":"https:\/\/api.w.org\/{rel}","templated":true}]}}