{"id":1725,"date":"2023-09-08T08:36:40","date_gmt":"2023-09-08T08:36:40","guid":{"rendered":"https:\/\/alptek.com.tr\/?page_id=1725"},"modified":"2024-03-06T11:12:14","modified_gmt":"2024-03-06T11:12:14","slug":"arastirma-merkezi-kurulumu","status":"publish","type":"page","link":"https:\/\/alptek.com.tr\/tr\/ne-yapiyoruz\/arastirma-merkezi-kurulumu\/","title":{"rendered":"ARA\u015eTIRMA MERKEZ\u0130 KURULUMU"},"content":{"rendered":"<div id='layer_slider_1'  class='avia-layerslider main_color avia-shadow  avia-builder-el-0  el_before_av_section  avia-builder-el-first  container_wrap sidebar_right'  style='height: 871px; max-width: 1920px; margin: 0 auto;'  ><\/div>\n<div id='av_section_1'  class='avia-section av-2zhgua-c810e9edfe2accf3b419fa755a919eb6 main_color avia-section-default avia-no-border-styling  avia-builder-el-1  el_after_av_layerslider  el_before_av_section  avia-bg-style-scroll  container_wrap sidebar_right'  ><div class='container av-section-cont-open' ><div class='template-page content  av-content-small alpha units'><div class='post-entry post-entry-type-page post-entry-1725'><div class='entry-content-wrapper clearfix'>\n\n<style type=\"text\/css\" id=\"style-css-av-lr92ea9y-b3c86699985a651942624283ce4b7182\">\n#top .av-special-heading.av-lr92ea9y-b3c86699985a651942624283ce4b7182{\npadding-bottom:10px;\nfont-size:32px;\n}\n<\/style>\n<div  class='av-special-heading av-lr92ea9y-b3c86699985a651942624283ce4b7182 av-special-heading-h1 blockquote modern-quote modern-centered  avia-builder-el-2  el_before_av_hr  avia-builder-el-first  av-inherit-size '><h1 class='av-special-heading-tag '  itemprop=\"headline\"  >ARA\u015eTIRMA MERKEZ\u0130 KURULUMU<\/h1><div class='special-heading-border'><div class='special-heading-inner-border'><\/div><\/div><\/div>\n\n<style type=\"text\/css\" id=\"style-css-av-lr92fiya-0ecabf4efb04128c3b2ef527abccdb91\">\n.hr.av-lr92fiya-0ecabf4efb04128c3b2ef527abccdb91{\nmargin-top:0px;\nmargin-bottom:30px;\n}\n.hr.av-lr92fiya-0ecabf4efb04128c3b2ef527abccdb91 .hr-inner{\nwidth:100px;\nborder-color:#9c9b9b;\n}\n<\/style>\n<div  class='hr av-lr92fiya-0ecabf4efb04128c3b2ef527abccdb91 hr-custom  avia-builder-el-3  el_after_av_heading  el_before_av_textblock  hr-center hr-icon-no '><span class='hr-inner inner-border-av-border-fat'><span class=\"hr-inner-style\"><\/span><\/span><\/div>\n<section class=\"av_textblock_section \"  itemscope=\"itemscope\" itemtype=\"https:\/\/schema.org\/CreativeWork\" ><div class='avia_textblock  '  style='font-size:24px; '  itemprop=\"text\" ><p>Ara\u015ft\u0131rma merkezlerinin mimari ve b\u00fct\u00fcnsel tasar\u0131m\u0131 bir\u00e7ok kritere ba\u011fl\u0131d\u0131r. Merkezde yap\u0131lacak ve geli\u015ftirilecek ara\u015ft\u0131rmalara g\u00f6re bu kriterler ciddi de\u011fi\u015fiklikler g\u00f6stermektedir. \u00d6ncelikle bilim insanlar\u0131n\u0131n ve ara\u015ft\u0131rma altyap\u0131s\u0131n\u0131n ihtiya\u00e7lar\u0131 iyi analiz edilmeli ve s\u00fcrd\u00fcr\u00fclebilir bir tasar\u0131ma ula\u015fmak i\u00e7in \u00e7al\u0131\u015fmalar ba\u015flat\u0131lmal\u0131d\u0131r. Bazen nispeten y\u00fcksek ilk yat\u0131r\u0131m maliyeti, son kullan\u0131c\u0131lara ve yat\u0131r\u0131mc\u0131lara gelecekte mutlaka g\u00f6recekleri pek \u00e7ok fayday\u0131 da beraberinde getirecektir. Yat\u0131r\u0131m planlamas\u0131nda bu konunun ciddi \u015fekilde analiz edilmesi ve tart\u0131\u015f\u0131lmas\u0131 gerekmektedir.<\/p>\n<\/div><\/section>\n<\/div><\/div><\/div><!-- close content main div --><\/div><\/div>\n<style type=\"text\/css\" id=\"style-css-av-lm8wjh5b-4943a782bd93851ae922a674dabd5289\">\n.avia-section.av-lm8wjh5b-4943a782bd93851ae922a674dabd5289{\nbackground-repeat:no-repeat;\nbackground-image:url(https:\/\/alptek.com.tr\/tr\/wp-content\/uploads\/2024\/01\/vivarium-establishment-2-alptek.jpg);\nbackground-position:center center;\nbackground-attachment:scroll;\n}\n<\/style>\n<div id='av_section_2'  class='avia-section av-lm8wjh5b-4943a782bd93851ae922a674dabd5289 main_color avia-section-default avia-no-border-styling  avia-builder-el-5  el_after_av_section  el_before_av_section  avia-bg-style-scroll  container_wrap sidebar_right'  data-section-bg-repeat='no-repeat'><div class='container av-section-cont-open' ><div class='template-page content  av-content-small alpha units'><div class='post-entry post-entry-type-page post-entry-1725'><div class='entry-content-wrapper clearfix'>\n\n<style type=\"text\/css\" id=\"style-css-av-1zdyfm-71370a8e2f596713c2a288dc296b7337\">\n#top .hr.hr-invisible.av-1zdyfm-71370a8e2f596713c2a288dc296b7337{\nheight:50px;\n}\n<\/style>\n<div  class='hr av-1zdyfm-71370a8e2f596713c2a288dc296b7337 hr-invisible  avia-builder-el-6  el_before_av_one_full  avia-builder-el-first  '><span class='hr-inner '><span class=\"hr-inner-style\"><\/span><\/span><\/div>\n<div class='flex_column av-lm8wjvc0-659c99fe9f57421cd653c38133044275 av_one_full  avia-builder-el-7  el_after_av_hr  el_before_av_hr  first flex_column_div '   ><section class=\"av_textblock_section \"  itemscope=\"itemscope\" itemtype=\"https:\/\/schema.org\/CreativeWork\" ><div class='avia_textblock  av_inherit_color '  style='font-size:30px; color:#000000; '  itemprop=\"text\" ><p style=\"text-align: center;\">ALPTEK olarak; \u0130htiya\u00e7lar\u0131n\u0131za g\u00f6re nitelikli <strong>ara\u015ft\u0131rma merkezleri<\/strong> kurabiliriz.<\/p>\n<\/div><\/section><\/div>\n<style type=\"text\/css\" id=\"style-css-av-lr92vo2q-3d9b1bf957ba820c46da0652b734cc29\">\n#top .hr.hr-invisible.av-lr92vo2q-3d9b1bf957ba820c46da0652b734cc29{\nheight:50px;\n}\n<\/style>\n<div  class='hr av-lr92vo2q-3d9b1bf957ba820c46da0652b734cc29 hr-invisible  avia-builder-el-9  el_after_av_one_full  avia-builder-el-last  '><span class='hr-inner '><span class=\"hr-inner-style\"><\/span><\/span><\/div>\n<\/div><\/div><\/div><!-- close content main div --><\/div><\/div><div id='av_section_3'  class='avia-section av-3qvcz7-ba4126e2e873ed71a421d05227409cb2 main_color avia-section-default avia-no-border-styling  avia-builder-el-10  el_after_av_section  el_before_av_section  avia-bg-style-scroll  container_wrap sidebar_right'  ><div class='container av-section-cont-open' ><div class='template-page content  av-content-small alpha units'><div class='post-entry post-entry-type-page post-entry-1725'><div class='entry-content-wrapper clearfix'>\n\n<style type=\"text\/css\" id=\"style-css-av-lm8yfvs7-b234ca51526fdc877946799bbd431b38\">\n#top .av-special-heading.av-lm8yfvs7-b234ca51526fdc877946799bbd431b38{\npadding-bottom:10px;\nfont-size:32px;\n}\n<\/style>\n<div  class='av-special-heading av-lm8yfvs7-b234ca51526fdc877946799bbd431b38 av-special-heading-h2 blockquote modern-quote  avia-builder-el-11  el_before_av_hr  avia-builder-el-first  av-inherit-size '><h2 class='av-special-heading-tag '  itemprop=\"headline\"  >\u0130yi Tasar\u0131m Kriterlerimiz<\/h2><div class='special-heading-border'><div class='special-heading-inner-border'><\/div><\/div><\/div>\n\n<style type=\"text\/css\" id=\"style-css-av-lm8ygi0s-648acf53917d689676117f60e6a44da0\">\n.hr.av-lm8ygi0s-648acf53917d689676117f60e6a44da0{\nmargin-top:0px !important;\nmargin-bottom:10px !important;\n}\n.hr.av-lm8ygi0s-648acf53917d689676117f60e6a44da0 .hr-inner{\nwidth:50px;\nborder-color:#9c9b9b;\n}\n<\/style>\n<div  class='hr av-lm8ygi0s-648acf53917d689676117f60e6a44da0 hr-custom  avia-builder-el-12  el_after_av_heading  el_before_av_image  hr-left hr-icon-no '><span class='hr-inner inner-border-av-border-fat'><span class=\"hr-inner-style\"><\/span><\/span><\/div>\n\n<style type=\"text\/css\" id=\"style-css-av-lmabwawe-9082c7eaf605c35b4286210b7053605f\">\n.avia-image-container.av-lmabwawe-9082c7eaf605c35b4286210b7053605f .av-image-caption-overlay-center{\ncolor:#ffffff;\n}\n<\/style>\n<div  class='avia-image-container av-lmabwawe-9082c7eaf605c35b4286210b7053605f av-styling- avia-align-center  avia-builder-el-13  el_after_av_hr  avia-builder-el-last  '  itemprop=\"image\" itemscope=\"itemscope\" itemtype=\"https:\/\/schema.org\/ImageObject\" ><div class=\"avia-image-container-inner\"><div class=\"avia-image-overlay-wrap\"><img decoding=\"async\" class='wp-image-1728 avia-img-lazy-loading-not-1728 avia_image' src=\"https:\/\/alptek.com.tr\/tr\/wp-content\/uploads\/2023\/09\/our-good-design-criterias-alptek.jpg\" alt='' title='OUR GOOD DESIGN CRITERIAs'  height=\"497\" width=\"1255\"  itemprop=\"thumbnailUrl\" srcset=\"https:\/\/alptek.com.tr\/tr\/wp-content\/uploads\/2023\/09\/our-good-design-criterias-alptek.jpg 1255w, https:\/\/alptek.com.tr\/tr\/wp-content\/uploads\/2023\/09\/our-good-design-criterias-alptek-300x119.jpg 300w, https:\/\/alptek.com.tr\/tr\/wp-content\/uploads\/2023\/09\/our-good-design-criterias-alptek-1030x408.jpg 1030w, https:\/\/alptek.com.tr\/tr\/wp-content\/uploads\/2023\/09\/our-good-design-criterias-alptek-768x304.jpg 768w, https:\/\/alptek.com.tr\/tr\/wp-content\/uploads\/2023\/09\/our-good-design-criterias-alptek-705x279.jpg 705w\" sizes=\"(max-width: 1255px) 100vw, 1255px\" \/><\/div><\/div><\/div>\n<\/div><\/div><\/div><!-- close content main div --><\/div><\/div><div id='av_section_4'  class='avia-section av-25uamq-ffad0e2c89b4858d58c89d2190e4e88d main_color avia-section-default avia-no-border-styling  avia-builder-el-14  el_after_av_section  avia-builder-el-last  avia-bg-style-scroll  container_wrap sidebar_right'  ><div class='container av-section-cont-open' ><div class='template-page content  av-content-small alpha units'><div class='post-entry post-entry-type-page post-entry-1725'><div class='entry-content-wrapper clearfix'>\n\n<style type=\"text\/css\" id=\"style-css-av-lr94apj2-8a064fa287b4f424b70f494ddfbb487b\">\n.avia-image-container.av-lr94apj2-8a064fa287b4f424b70f494ddfbb487b .av-image-caption-overlay-center{\ncolor:#ffffff;\n}\n<\/style>\n<div  class='avia-image-container av-lr94apj2-8a064fa287b4f424b70f494ddfbb487b av-styling- avia-align-center  avia-builder-el-15  avia-builder-el-no-sibling  '  itemprop=\"image\" itemscope=\"itemscope\" itemtype=\"https:\/\/schema.org\/ImageObject\" ><div class=\"avia-image-container-inner\"><div class=\"avia-image-overlay-wrap\"><img decoding=\"async\" class='wp-image-7074 avia-img-lazy-loading-not-7074 avia_image' src=\"https:\/\/alptek.com.tr\/tr\/wp-content\/uploads\/2024\/03\/arastirma-merkezi-kurulumu-kutular-alptek.jpg\" alt='' title='arastirma-merkezi-kurulumu-kutular-alptek'  height=\"300\" width=\"1920\"  itemprop=\"thumbnailUrl\" srcset=\"https:\/\/alptek.com.tr\/tr\/wp-content\/uploads\/2024\/03\/arastirma-merkezi-kurulumu-kutular-alptek.jpg 1920w, https:\/\/alptek.com.tr\/tr\/wp-content\/uploads\/2024\/03\/arastirma-merkezi-kurulumu-kutular-alptek-300x47.jpg 300w, https:\/\/alptek.com.tr\/tr\/wp-content\/uploads\/2024\/03\/arastirma-merkezi-kurulumu-kutular-alptek-1030x161.jpg 1030w, https:\/\/alptek.com.tr\/tr\/wp-content\/uploads\/2024\/03\/arastirma-merkezi-kurulumu-kutular-alptek-768x120.jpg 768w, https:\/\/alptek.com.tr\/tr\/wp-content\/uploads\/2024\/03\/arastirma-merkezi-kurulumu-kutular-alptek-1536x240.jpg 1536w, https:\/\/alptek.com.tr\/tr\/wp-content\/uploads\/2024\/03\/arastirma-merkezi-kurulumu-kutular-alptek-1500x234.jpg 1500w, https:\/\/alptek.com.tr\/tr\/wp-content\/uploads\/2024\/03\/arastirma-merkezi-kurulumu-kutular-alptek-705x110.jpg 705w\" sizes=\"(max-width: 1920px) 100vw, 1920px\" \/><\/div><\/div><\/div>\n<\/div><\/div><\/div><!-- close content main div --><\/div><\/div><div id='after_section_4'  class='main_color av_default_container_wrap container_wrap sidebar_right'  ><div class='container av-section-cont-open' ><div class='template-page content  av-content-small alpha units'><div class='post-entry post-entry-type-page post-entry-1725'><div class='entry-content-wrapper clearfix'><\/p>\n","protected":false},"excerpt":{"rendered":"","protected":false},"author":1,"featured_media":0,"parent":1611,"menu_order":0,"comment_status":"closed","ping_status":"closed","template":"","meta":{"footnotes":""},"_links":{"self":[{"href":"https:\/\/alptek.com.tr\/tr\/wp-json\/wp\/v2\/pages\/1725"}],"collection":[{"href":"https:\/\/alptek.com.tr\/tr\/wp-json\/wp\/v2\/pages"}],"about":[{"href":"https:\/\/alptek.com.tr\/tr\/wp-json\/wp\/v2\/types\/page"}],"author":[{"embeddable":true,"href":"https:\/\/alptek.com.tr\/tr\/wp-json\/wp\/v2\/users\/1"}],"replies":[{"embeddable":true,"href":"https:\/\/alptek.com.tr\/tr\/wp-json\/wp\/v2\/comments?post=1725"}],"version-history":[{"count":7,"href":"https:\/\/alptek.com.tr\/tr\/wp-json\/wp\/v2\/pages\/1725\/revisions"}],"predecessor-version":[{"id":7076,"href":"https:\/\/alptek.com.tr\/tr\/wp-json\/wp\/v2\/pages\/1725\/revisions\/7076"}],"up":[{"embeddable":true,"href":"https:\/\/alptek.com.tr\/tr\/wp-json\/wp\/v2\/pages\/1611"}],"wp:attachment":[{"href":"https:\/\/alptek.com.tr\/tr\/wp-json\/wp\/v2\/media?parent=1725"}],"curies":[{"name":"wp","href":"https:\/\/api.w.org\/{rel}","templated":true}]}}