{"id":1716,"date":"2023-09-08T08:18:23","date_gmt":"2023-09-08T08:18:23","guid":{"rendered":"https:\/\/alptek.com.tr\/?page_id=1716"},"modified":"2024-03-06T09:35:39","modified_gmt":"2024-03-06T09:35:39","slug":"gmp-ile-uygun-ilac-fabrikasi-insaati","status":"publish","type":"page","link":"https:\/\/alptek.com.tr\/tr\/ne-yapiyoruz\/gmp-ile-uygun-ilac-fabrikasi-insaati\/","title":{"rendered":"GMP ile Uygun \u0130la\u00e7 Fabrikas\u0131 \u0130n\u015faat\u0131"},"content":{"rendered":"<div id='layer_slider_1'  class='avia-layerslider main_color avia-shadow  avia-builder-el-0  el_before_av_section  avia-builder-el-first  container_wrap sidebar_right'  style='height: 871px; max-width: 1920px; margin: 0 auto;'  ><\/div>\n<div id='av_section_1'  class='avia-section av-lm8wjh5b-7563e36be2d28cc9d8ef4dc4576bc8cb main_color avia-section-small avia-no-border-styling  avia-builder-el-1  el_after_av_layerslider  el_before_av_section  avia-bg-style-scroll  container_wrap sidebar_right'  ><div class='container av-section-cont-open' ><div class='template-page content  av-content-small alpha units'><div class='post-entry post-entry-type-page post-entry-1716'><div class='entry-content-wrapper clearfix'>\n<div class='flex_column av-27l1r8-466806da1b9087c0b90ede585e1e4b84 av_one_full  avia-builder-el-2  avia-builder-el-no-sibling  first flex_column_div '   ><p>\n<style type=\"text\/css\" id=\"style-css-av-lr8yycip-f2a914869d681140bc42fcb8fe6b22b9\">\n#top .hr.hr-invisible.av-lr8yycip-f2a914869d681140bc42fcb8fe6b22b9{\nheight:10px;\n}\n<\/style>\n<div  class='hr av-lr8yycip-f2a914869d681140bc42fcb8fe6b22b9 hr-invisible  avia-builder-el-3  el_before_av_heading  avia-builder-el-first  '><span class='hr-inner '><span class=\"hr-inner-style\"><\/span><\/span><\/div><br \/>\n\n<style type=\"text\/css\" id=\"style-css-av-lr8yxpht-93f8b13bdb33d337095d086f1a503cd2\">\n#top .av-special-heading.av-lr8yxpht-93f8b13bdb33d337095d086f1a503cd2{\npadding-bottom:10px;\nfont-size:32px;\n}\n<\/style>\n<div  class='av-special-heading av-lr8yxpht-93f8b13bdb33d337095d086f1a503cd2 av-special-heading-h1 blockquote modern-quote modern-centered  avia-builder-el-4  el_after_av_hr  el_before_av_hr  av-inherit-size '><h1 class='av-special-heading-tag '  itemprop=\"headline\"  >GMP \u0130LE UYGUN \u0130LA\u00c7 FABR\u0130KASI \u0130N\u015eAATI<\/h1><div class='special-heading-border'><div class='special-heading-inner-border'><\/div><\/div><\/div><br \/>\n\n<style type=\"text\/css\" id=\"style-css-av-1u5ick-1d1ff5d6652059be7d53159bbf2b2f19\">\n.hr.av-1u5ick-1d1ff5d6652059be7d53159bbf2b2f19{\nmargin-top:0px;\nmargin-bottom:30px;\n}\n.hr.av-1u5ick-1d1ff5d6652059be7d53159bbf2b2f19 .hr-inner{\nwidth:100px;\nborder-color:#9c9b9b;\n}\n<\/style>\n<div  class='hr av-1u5ick-1d1ff5d6652059be7d53159bbf2b2f19 hr-custom  avia-builder-el-5  el_after_av_heading  el_before_av_textblock  hr-center hr-icon-no '><span class='hr-inner inner-border-av-border-fat'><span class=\"hr-inner-style\"><\/span><\/span><\/div><br \/>\n<section class=\"av_textblock_section \"  itemscope=\"itemscope\" itemtype=\"https:\/\/schema.org\/CreativeWork\" ><div class='avia_textblock  '  style='font-size:24px; '  itemprop=\"text\" ><p>\u0130la\u00e7 fabrikalar\u0131n\u0131n tasar\u0131m\u0131nda bir\u00e7ok fakt\u00f6r\u00fcn dikkate al\u0131nmas\u0131 gerekir. Bu konuda GMP tasar\u0131m konusunda yolumuzu ayd\u0131nlat\u0131r ve bize gerekli s\u0131n\u0131rlamalar\u0131 verir. \u0130yi bir tasar\u0131m\u0131n GMP gerekliliklerini kar\u015f\u0131laman\u0131n yan\u0131 s\u0131ra ayn\u0131 zamanda s\u00fcrd\u00fcr\u00fclebilir olmas\u0131 ve son kullan\u0131c\u0131ya bak\u0131m kolayl\u0131\u011f\u0131 sa\u011flamas\u0131 da gerekmektedir.<\/p>\n<\/div><\/section><\/p><\/div><\/div><\/div><\/div><!-- close content main div --><\/div><\/div><div id='av_section_2'  class='avia-section av-2jh4cm-2cb4aef9f58881cae672e55d94569794 main_color avia-section-small avia-no-border-styling  avia-builder-el-7  el_after_av_section  el_before_av_section  avia-bg-style-scroll  container_wrap sidebar_right'  ><div class='container av-section-cont-open' ><div class='template-page content  av-content-small alpha units'><div class='post-entry post-entry-type-page post-entry-1716'><div class='entry-content-wrapper clearfix'><\/p>\n<\/div><\/div><\/div><!-- close content main div --><\/div><\/div>\n<style type=\"text\/css\" id=\"style-css-av-lr8z3q6k-46240e51255da4c58b0f8430243de8d6\">\n.avia-section.av-lr8z3q6k-46240e51255da4c58b0f8430243de8d6{\nbackground-repeat:no-repeat;\nbackground-image:url(https:\/\/alptek.com.tr\/tr\/wp-content\/uploads\/2024\/01\/vivarium-establishment-2-alptek.jpg);\nbackground-position:top left;\nbackground-attachment:scroll;\n}\n<\/style>\n<div id='av_section_3'  class='avia-section av-lr8z3q6k-46240e51255da4c58b0f8430243de8d6 main_color avia-section-default avia-no-border-styling  avia-builder-el-8  el_after_av_section  el_before_av_section  avia-bg-style-scroll  container_wrap sidebar_right'  data-section-bg-repeat='no-repeat'><div class='container av-section-cont-open' ><div class='template-page content  av-content-small alpha units'><div class='post-entry post-entry-type-page post-entry-1716'><div class='entry-content-wrapper clearfix'>\n<div class='flex_column av-2vfagm-8a615ade80c57a1044d1eaec6d3ebb75 av_one_full  avia-builder-el-9  avia-builder-el-no-sibling  first flex_column_div '   ><section class=\"av_textblock_section \"  itemscope=\"itemscope\" itemtype=\"https:\/\/schema.org\/CreativeWork\" ><div class='avia_textblock  av_inherit_color '  style='font-size:30px; color:#000000; '  itemprop=\"text\" ><p style=\"text-align: center;\">ALPTEK olarak; Sizlere<strong> GMP&#8217;ye uygun ila\u00e7 fabrikas\u0131<\/strong> in\u015faatlar\u0131 sa\u011fl\u0131yoruz.<\/p>\n<\/div><\/section><\/div><\/div><\/div><\/div><!-- close content main div --><\/div><\/div><div id='av_section_4'  class='avia-section av-2f532e-b59e5dbc26dd8e977178fcfff6085f16 main_color avia-section-small avia-no-border-styling  avia-builder-el-11  el_after_av_section  el_before_av_section  avia-bg-style-scroll  container_wrap sidebar_right'  ><div class='container av-section-cont-open' ><div class='template-page content  av-content-small alpha units'><div class='post-entry post-entry-type-page post-entry-1716'><div class='entry-content-wrapper clearfix'><\/p>\n<\/div><\/div><\/div><!-- close content main div --><\/div><\/div><div id='av_section_5'  class='avia-section av-4xc1hy-a81f2adfc865a11ab4a2075d624260b4 main_color avia-section-default avia-no-border-styling  avia-builder-el-12  el_after_av_section  avia-builder-el-last  avia-bg-style-scroll  container_wrap sidebar_right'  ><div class='container av-section-cont-open' ><div class='template-page content  av-content-small alpha units'><div class='post-entry post-entry-type-page post-entry-1716'><div class='entry-content-wrapper clearfix'>\n<div class='flex_column av-2jzc7q-bbcfcfea6a40e05ec93134132328ad64 av_one_full  avia-builder-el-13  avia-builder-el-no-sibling  first flex_column_div '   ><style type=\"text\/css\" id=\"style-css-av-lr8zovya-079f84dde9a900e5452e744a6024c16c\">\n.avia-image-container.av-lr8zovya-079f84dde9a900e5452e744a6024c16c .av-image-caption-overlay-center{\ncolor:#ffffff;\n}\n<\/style>\n<div  class='avia-image-container av-lr8zovya-079f84dde9a900e5452e744a6024c16c av-styling- avia-align-center  avia-builder-el-14  avia-builder-el-no-sibling  '  itemprop=\"image\" itemscope=\"itemscope\" itemtype=\"https:\/\/schema.org\/ImageObject\" ><div class=\"avia-image-container-inner\"><div class=\"avia-image-overlay-wrap\"><img decoding=\"async\" class='wp-image-3873 avia-img-lazy-loading-not-3873 avia_image' src=\"https:\/\/alptek.com.tr\/tr\/wp-content\/uploads\/2024\/01\/pharmaceuticial-factory-construction-2-alptek.jpg\" alt='' title='pharmaceuticial-factory-construction-2-alptek'  height=\"498\" width=\"1235\"  itemprop=\"thumbnailUrl\" srcset=\"https:\/\/alptek.com.tr\/tr\/wp-content\/uploads\/2024\/01\/pharmaceuticial-factory-construction-2-alptek.jpg 1235w, https:\/\/alptek.com.tr\/tr\/wp-content\/uploads\/2024\/01\/pharmaceuticial-factory-construction-2-alptek-300x121.jpg 300w, https:\/\/alptek.com.tr\/tr\/wp-content\/uploads\/2024\/01\/pharmaceuticial-factory-construction-2-alptek-1030x415.jpg 1030w, https:\/\/alptek.com.tr\/tr\/wp-content\/uploads\/2024\/01\/pharmaceuticial-factory-construction-2-alptek-768x310.jpg 768w, https:\/\/alptek.com.tr\/tr\/wp-content\/uploads\/2024\/01\/pharmaceuticial-factory-construction-2-alptek-705x284.jpg 705w\" sizes=\"(max-width: 1235px) 100vw, 1235px\" \/><\/div><\/div><\/div><\/div>\n<\/div><\/div><\/div><!-- close content main div --><\/div><\/div><div id='after_section_5'  class='main_color av_default_container_wrap container_wrap sidebar_right'  ><div class='container av-section-cont-open' ><div class='template-page content  av-content-small alpha units'><div class='post-entry post-entry-type-page post-entry-1716'><div class='entry-content-wrapper clearfix'>\n","protected":false},"excerpt":{"rendered":"","protected":false},"author":1,"featured_media":0,"parent":1611,"menu_order":0,"comment_status":"closed","ping_status":"closed","template":"","meta":{"footnotes":""},"_links":{"self":[{"href":"https:\/\/alptek.com.tr\/tr\/wp-json\/wp\/v2\/pages\/1716"}],"collection":[{"href":"https:\/\/alptek.com.tr\/tr\/wp-json\/wp\/v2\/pages"}],"about":[{"href":"https:\/\/alptek.com.tr\/tr\/wp-json\/wp\/v2\/types\/page"}],"author":[{"embeddable":true,"href":"https:\/\/alptek.com.tr\/tr\/wp-json\/wp\/v2\/users\/1"}],"replies":[{"embeddable":true,"href":"https:\/\/alptek.com.tr\/tr\/wp-json\/wp\/v2\/comments?post=1716"}],"version-history":[{"count":10,"href":"https:\/\/alptek.com.tr\/tr\/wp-json\/wp\/v2\/pages\/1716\/revisions"}],"predecessor-version":[{"id":7071,"href":"https:\/\/alptek.com.tr\/tr\/wp-json\/wp\/v2\/pages\/1716\/revisions\/7071"}],"up":[{"embeddable":true,"href":"https:\/\/alptek.com.tr\/tr\/wp-json\/wp\/v2\/pages\/1611"}],"wp:attachment":[{"href":"https:\/\/alptek.com.tr\/tr\/wp-json\/wp\/v2\/media?parent=1716"}],"curies":[{"name":"wp","href":"https:\/\/api.w.org\/{rel}","templated":true}]}}