{"id":1699,"date":"2023-09-08T07:22:24","date_gmt":"2023-09-08T07:22:24","guid":{"rendered":"https:\/\/alptek.com.tr\/?page_id=1699"},"modified":"2024-03-06T09:28:21","modified_gmt":"2024-03-06T09:28:21","slug":"vivaryum-kurulumu","status":"publish","type":"page","link":"https:\/\/alptek.com.tr\/tr\/ne-yapiyoruz\/vivaryum-kurulumu\/","title":{"rendered":"V\u0130VARYUM KURULUMU"},"content":{"rendered":"<div id='layer_slider_1'  class='avia-layerslider main_color avia-shadow  avia-builder-el-0  el_before_av_section  avia-builder-el-first  container_wrap sidebar_right'  style='height: 651px; max-width: 1920px; margin: 0 auto;'  ><\/div>\n<div id='av_section_1'  class='avia-section av-1tzpz3-5f81d39ca650d9f85767e9ec44c78bbb main_color avia-section-default avia-no-border-styling  avia-builder-el-1  el_after_av_layerslider  el_before_av_section  avia-bg-style-scroll  container_wrap sidebar_right'  ><div class='container av-section-cont-open' ><div class='template-page content  av-content-small alpha units'><div class='post-entry post-entry-type-page post-entry-1699'><div class='entry-content-wrapper clearfix'>\n\n<style type=\"text\/css\" id=\"style-css-av-lr8vpfzu-45154896a4ca63fe6d05ba9866634f9c\">\n#top .av-special-heading.av-lr8vpfzu-45154896a4ca63fe6d05ba9866634f9c{\npadding-bottom:10px;\nfont-size:32px;\n}\n<\/style>\n<div  class='av-special-heading av-lr8vpfzu-45154896a4ca63fe6d05ba9866634f9c av-special-heading-h1 blockquote modern-quote modern-centered  avia-builder-el-2  el_before_av_hr  avia-builder-el-first  av-inherit-size '><h1 class='av-special-heading-tag '  itemprop=\"headline\"  >V\u0130VARYUM KURULUMU<\/h1><div class='special-heading-border'><div class='special-heading-inner-border'><\/div><\/div><\/div>\n\n<style type=\"text\/css\" id=\"style-css-av-lr8vq9nr-3c9e6ebe8ac8d8731fe9d8aa884c2598\">\n.hr.av-lr8vq9nr-3c9e6ebe8ac8d8731fe9d8aa884c2598{\nmargin-top:0px;\nmargin-bottom:30px;\n}\n.hr.av-lr8vq9nr-3c9e6ebe8ac8d8731fe9d8aa884c2598 .hr-inner{\nwidth:100px;\nborder-color:#9c9b9b;\n}\n<\/style>\n<div  class='hr av-lr8vq9nr-3c9e6ebe8ac8d8731fe9d8aa884c2598 hr-custom  avia-builder-el-3  el_after_av_heading  el_before_av_textblock  hr-center hr-icon-no '><span class='hr-inner inner-border-av-border-fat'><span class=\"hr-inner-style\"><\/span><\/span><\/div>\n<section class=\"av_textblock_section \"  itemscope=\"itemscope\" itemtype=\"https:\/\/schema.org\/CreativeWork\" ><div class='avia_textblock  av_inherit_color '  style='font-size:24px; color:#000000; '  itemprop=\"text\" ><p>Vivaryum, hayvanlar\u0131 veya bitkileri g\u00f6zlem veya ara\u015ft\u0131rma amac\u0131yla tutmak ve yeti\u015ftirmek i\u00e7in genellikle kapal\u0131 bir alan olarak tan\u0131mlanabilir. ALPTEK ekibi, ara\u015ft\u0131rma tesislerinin projelerini yeni ve iyile\u015ftirilmi\u015f bak\u0131\u015f a\u00e7\u0131lar\u0131ndan g\u00f6rselle\u015ftirmesine olanak tan\u0131yan etkile\u015fimli, 3 boyutlu oda konfig\u00fcrasyonlar\u0131 ve ayr\u0131nt\u0131l\u0131 ekipman ve hayvan kapasitesi projeksiyonlar\u0131 olu\u015fturmak i\u00e7in son teknoloji Bina Bilgi Modelleme (BIM) ara\u00e7lar\u0131n\u0131 kullan\u0131yor.<br \/>\nDeneyimli m\u00fchendislik ekibimiz, HVAC tasar\u0131m\u0131 yoluyla size en iyi \u00e7\u00f6z\u00fcm\u00fc sunacak ve hem hayvanlar hem de bilim adamlar\u0131 i\u00e7in s\u00fcrd\u00fcr\u00fclebilir ve hassas hava ak\u0131\u015f\u0131 \u00e7\u00f6z\u00fcmleri sa\u011flayacakt\u0131r.<\/p>\n<\/div><\/section>\n<\/div><\/div><\/div><!-- close content main div --><\/div><\/div>\n<style type=\"text\/css\" id=\"style-css-av-lm8wjh5b-c7cea815470d8870a455659f450f7857\">\n.avia-section.av-lm8wjh5b-c7cea815470d8870a455659f450f7857{\nbackground-repeat:no-repeat;\nbackground-image:url(https:\/\/alptek.com.tr\/tr\/wp-content\/uploads\/2024\/01\/alptek-dalga-bg.png);\nbackground-position:center center;\nbackground-attachment:scroll;\n}\n<\/style>\n<div id='av_section_2'  class='avia-section av-lm8wjh5b-c7cea815470d8870a455659f450f7857 main_color avia-section-small avia-no-border-styling  avia-builder-el-5  el_after_av_section  el_before_av_section  avia-bg-style-scroll  container_wrap sidebar_right'  data-section-bg-repeat='no-repeat'><div class='container av-section-cont-open' ><div class='template-page content  av-content-small alpha units'><div class='post-entry post-entry-type-page post-entry-1699'><div class='entry-content-wrapper clearfix'>\n<div class='flex_column_table av-lm8wjvc0-4408c6b7103c07f24952982146bac537 sc-av_one_full av-equal-height-column-flextable'><div class='flex_column av-lm8wjvc0-4408c6b7103c07f24952982146bac537 av_one_full  avia-builder-el-6  avia-builder-el-no-sibling  first flex_column_table_cell av-equal-height-column av-align-middle '   ><p>\n<style type=\"text\/css\" id=\"style-css-av-lr8xg574-1a6bc2bc5e7baf135e1447092b59d00d\">\n#top .hr.hr-invisible.av-lr8xg574-1a6bc2bc5e7baf135e1447092b59d00d{\nheight:50px;\n}\n<\/style>\n<div  class='hr av-lr8xg574-1a6bc2bc5e7baf135e1447092b59d00d hr-invisible  avia-builder-el-7  el_before_av_textblock  avia-builder-el-first  '><span class='hr-inner '><span class=\"hr-inner-style\"><\/span><\/span><\/div><br \/>\n<section class=\"av_textblock_section \"  itemscope=\"itemscope\" itemtype=\"https:\/\/schema.org\/CreativeWork\" ><div class='avia_textblock  av_inherit_color '  style='font-size:30px; color:#000000; '  itemprop=\"text\" ><p style=\"text-align: center;\">ALPTEK olarak; size<strong> anahtar teslimi vivaryum<\/strong> tasar\u0131mlar\u0131 sa\u011fl\u0131yoruz.<\/p>\n<\/div><\/section><br \/>\n\n<style type=\"text\/css\" id=\"style-css-av-lr8xg9il-ab806d8ee6acd7a8219bff57d0fdc861\">\n#top .hr.hr-invisible.av-lr8xg9il-ab806d8ee6acd7a8219bff57d0fdc861{\nheight:50px;\n}\n<\/style>\n<div  class='hr av-lr8xg9il-ab806d8ee6acd7a8219bff57d0fdc861 hr-invisible  avia-builder-el-9  el_after_av_textblock  avia-builder-el-last  '><span class='hr-inner '><span class=\"hr-inner-style\"><\/span><\/span><\/div><\/p><\/div><\/div><!--close column table wrapper. Autoclose: 1 --><\/div><\/div><\/div><!-- close content main div --><\/div><\/div><div id='av_section_3'  class='avia-section av-7mzk3h-2c88a4004c8c92848f365b6bbb43918a main_color avia-section-huge avia-no-border-styling  avia-builder-el-10  el_after_av_section  el_before_av_section  avia-bg-style-scroll  container_wrap sidebar_right'  ><div class='container av-section-cont-open' ><div class='template-page content  av-content-small alpha units'><div class='post-entry post-entry-type-page post-entry-1699'><div class='entry-content-wrapper clearfix'>\n<div class='flex_column av-4wtlvh-e08f85b7cae1e0f821329e5dbbc60c38 av_one_full  avia-builder-el-11  avia-builder-el-no-sibling  first flex_column_div '   ><style type=\"text\/css\" id=\"style-css-av-lr8vx3ab-df7594571526049b45d2fc007a3a52d7\">\n.avia-image-container.av-lr8vx3ab-df7594571526049b45d2fc007a3a52d7 .av-image-caption-overlay-center{\ncolor:#ffffff;\n}\n<\/style>\n<div  class='avia-image-container av-lr8vx3ab-df7594571526049b45d2fc007a3a52d7 av-styling- avia-align-center  avia-builder-el-12  avia-builder-el-no-sibling  '  itemprop=\"image\" itemscope=\"itemscope\" itemtype=\"https:\/\/schema.org\/ImageObject\" ><div class=\"avia-image-container-inner\"><div class=\"avia-image-overlay-wrap\"><img decoding=\"async\" class='wp-image-3800 avia-img-lazy-loading-not-3800 avia_image' src=\"https:\/\/alptek.com.tr\/tr\/wp-content\/uploads\/2024\/01\/CRL_052319_1032-R-1.jpg\" alt='' title='CRL_052319_1032-R 1'  height=\"514\" width=\"1049\"  itemprop=\"thumbnailUrl\" srcset=\"https:\/\/alptek.com.tr\/tr\/wp-content\/uploads\/2024\/01\/CRL_052319_1032-R-1.jpg 1049w, https:\/\/alptek.com.tr\/tr\/wp-content\/uploads\/2024\/01\/CRL_052319_1032-R-1-300x147.jpg 300w, https:\/\/alptek.com.tr\/tr\/wp-content\/uploads\/2024\/01\/CRL_052319_1032-R-1-1030x505.jpg 1030w, https:\/\/alptek.com.tr\/tr\/wp-content\/uploads\/2024\/01\/CRL_052319_1032-R-1-768x376.jpg 768w, https:\/\/alptek.com.tr\/tr\/wp-content\/uploads\/2024\/01\/CRL_052319_1032-R-1-705x345.jpg 705w\" sizes=\"(max-width: 1049px) 100vw, 1049px\" \/><\/div><\/div><\/div><\/div>\n<\/p>\n<\/div><\/div><\/div><!-- close content main div --><\/div><\/div><div id='av_section_4'  class='avia-section av-2c0rt9-e98b2e945bb21395bb15c253533356cc main_color avia-section-default avia-no-border-styling  avia-builder-el-13  el_after_av_section  el_before_av_section  avia-bg-style-scroll  container_wrap sidebar_right'  ><div class='container av-section-cont-open' ><div class='template-page content  av-content-small alpha units'><div class='post-entry post-entry-type-page post-entry-1699'><div class='entry-content-wrapper clearfix'>\n\n<style type=\"text\/css\" id=\"style-css-av-lr8w06jj-558d8009e896ca36474c4195a1c19e4a\">\n#top .av-special-heading.av-lr8w06jj-558d8009e896ca36474c4195a1c19e4a{\npadding-bottom:10px;\nfont-size:32px;\n}\n<\/style>\n<div  class='av-special-heading av-lr8w06jj-558d8009e896ca36474c4195a1c19e4a av-special-heading-h2 blockquote modern-quote  avia-builder-el-14  el_before_av_hr  avia-builder-el-first  av-inherit-size '><h2 class='av-special-heading-tag '  itemprop=\"headline\"  >Vivaryum Tasar\u0131m A\u015famas\u0131<\/h2><div class='special-heading-border'><div class='special-heading-inner-border'><\/div><\/div><\/div>\n\n<style type=\"text\/css\" id=\"style-css-av-lr8w0rp3-33b3baec1fc128910109c88878394bbf\">\n.hr.av-lr8w0rp3-33b3baec1fc128910109c88878394bbf{\nmargin-top:0px;\nmargin-bottom:30px;\n}\n.hr.av-lr8w0rp3-33b3baec1fc128910109c88878394bbf .hr-inner{\nwidth:100px;\nborder-color:#9c9b9b;\n}\n<\/style>\n<div  class='hr av-lr8w0rp3-33b3baec1fc128910109c88878394bbf hr-custom  avia-builder-el-15  el_after_av_heading  el_before_av_one_full  hr-left hr-icon-no '><span class='hr-inner inner-border-av-border-fat'><span class=\"hr-inner-style\"><\/span><\/span><\/div>\n\n<style type=\"text\/css\" id=\"style-css-av-lr8w9h8o-58939d115daa26ecf5809cce81a4bdce\">\n#top .flex_column.av-lr8w9h8o-58939d115daa26ecf5809cce81a4bdce{\nmargin-top:5px;\nmargin-bottom:5px;\n}\n.flex_column.av-lr8w9h8o-58939d115daa26ecf5809cce81a4bdce{\npadding:10px 10px 10px 10px;\nbox-shadow:0 0 2px 0 #9c9b9b;\n-webkit-box-shadow:0 0 2px 0 #9c9b9b;\n-moz-box-shadow:0 0 2px 0 #9c9b9b;\nbackground-color:#ebf2fa;\n}\n<\/style>\n<div class='flex_column av-lr8w9h8o-58939d115daa26ecf5809cce81a4bdce av_one_full  avia-builder-el-16  el_after_av_hr  el_before_av_one_full  first flex_column_div '   ><section class=\"av_textblock_section \"  itemscope=\"itemscope\" itemtype=\"https:\/\/schema.org\/CreativeWork\" ><div class='avia_textblock  av_inherit_color '  style='font-size:24px; color:#000000; '  itemprop=\"text\" ><p><strong>1- Gereksinim\/Konsept Analizi:<\/strong> Tasar\u0131m s\u00fcrecinin ba\u015f\u0131nda canl\u0131lar\u0131n ve canl\u0131lar\u0131n ihtiya\u00e7lar\u0131 belirlenir. Alan tasar\u0131m\u0131 kullan\u0131c\u0131n\u0131n ve organizman\u0131n kullan\u0131m senaryolar\u0131na g\u00f6re uyarlan\u0131r. \u00d6rne\u011fin kullan\u0131c\u0131n\u0131n giri\u015f-\u00e7\u0131k\u0131\u015f \u015femas\u0131, organizmalarla temas alanlar\u0131, deney ve ara\u015ft\u0131rma alanlar\u0131, temiz ve kirli alanlar projeye g\u00f6re de\u011fi\u015fiklik g\u00f6sterebilmektedir. Bu, tasar\u0131m\u0131n ayr\u0131nt\u0131lar\u0131n\u0131 \u015fekillendirir. Vivaryumun kullan\u0131c\u0131 dostu, i\u015flevsel ve organizmalar\u0131n ihtiya\u00e7lar\u0131n\u0131 kar\u015f\u0131layabilecek nitelikte olmas\u0131 i\u00e7in gereksinimler titizlikle belirlenir. T\u00fcm bu fakt\u00f6rler uzman mimar ve m\u00fchendislerimiz taraf\u0131ndan titizlikle de\u011ferlendirilerek tasar\u0131m s\u00fcrecine entegre edilmektedir.<\/p>\n<\/div><\/section><\/div>\n<style type=\"text\/css\" id=\"style-css-av-lr8wea3d-f23ac0e5ffa189733439eb020c24e57f\">\n#top .flex_column.av-lr8wea3d-f23ac0e5ffa189733439eb020c24e57f{\nmargin-top:5px;\nmargin-bottom:5px;\n}\n.flex_column.av-lr8wea3d-f23ac0e5ffa189733439eb020c24e57f{\npadding:10px 10px 10px 10px;\nbackground-color:#f7f7f7;\n}\n<\/style>\n<div class='flex_column av-lr8wea3d-f23ac0e5ffa189733439eb020c24e57f av_one_full  avia-builder-el-18  el_after_av_one_full  el_before_av_one_full  first flex_column_div column-top-margin'   ><section class=\"av_textblock_section \"  itemscope=\"itemscope\" itemtype=\"https:\/\/schema.org\/CreativeWork\" ><div class='avia_textblock  av_inherit_color '  style='font-size:24px; color:#000000; '  itemprop=\"text\" ><p><strong>2- Tasar\u0131m:<\/strong> Belirlenen ihtiya\u00e7lara dayanarak vivaryumun genel konsepti olu\u015fturulur. Bu a\u015famada tasar\u0131m\u0131n genel d\u00fczeni, b\u00fcy\u00fckl\u00fc\u011f\u00fc, i\u00e7 d\u00fczeni ve di\u011fer temel unsurlar\u0131 belirlenir. E\u015f zamanl\u0131 olarak i\u00e7 mekan uygulamalar\u0131na y\u00f6nelik teknik planlama, malzeme se\u00e7imi, hava kontrol\u00fc, iklimlendirme, ayd\u0131nlatma gibi ihtiya\u00e7 duyulan de\u011fer ve standartlar do\u011frultusunda tasar\u0131mlar olu\u015fturulmaktad\u0131r. Vivaryum alan\u0131 i\u00e7erisinde dengelerin sa\u011flanmas\u0131 i\u00e7in gerekli ISO standartlar\u0131 dikkate al\u0131narak tasar\u0131mlar yap\u0131lmaktad\u0131r.<\/p>\n<\/div><\/section><\/div>\n<style type=\"text\/css\" id=\"style-css-av-2ckx4d-32da1baf8416bc1fc3ee79d21e90950d\">\n#top .flex_column.av-2ckx4d-32da1baf8416bc1fc3ee79d21e90950d{\nmargin-top:5px;\nmargin-bottom:5px;\n}\n.flex_column.av-2ckx4d-32da1baf8416bc1fc3ee79d21e90950d{\npadding:10px 10px 10px 10px;\nbox-shadow:0 0 2px 0 #9c9b9b;\n-webkit-box-shadow:0 0 2px 0 #9c9b9b;\n-moz-box-shadow:0 0 2px 0 #9c9b9b;\nbackground-color:#ebf2fa;\n}\n<\/style>\n<div class='flex_column av-2ckx4d-32da1baf8416bc1fc3ee79d21e90950d av_one_full  avia-builder-el-20  el_after_av_one_full  el_before_av_one_full  first flex_column_div column-top-margin'   ><section class=\"av_textblock_section \"  itemscope=\"itemscope\" itemtype=\"https:\/\/schema.org\/CreativeWork\" ><div class='avia_textblock  av_inherit_color '  style='font-size:24px; color:#000000; '  itemprop=\"text\" ><p><strong>3- G\u00fcvenlik ve Etik \u0130lkelerin \u0130ncelenmesi:<\/strong> Vivaryum tasar\u0131m\u0131, organizmalar\u0131 ve kullan\u0131c\u0131lar\u0131 korumak ve etik standartlar\u0131 korumak i\u00e7in gerekli g\u00fcvenlik \u00f6nlemlerini i\u00e7erir.<\/p>\n<\/div><\/section><\/div>\n<style type=\"text\/css\" id=\"style-css-av-27xb65-36536137214922364852315f676145aa\">\n#top .flex_column.av-27xb65-36536137214922364852315f676145aa{\nmargin-top:5px;\nmargin-bottom:5px;\n}\n.flex_column.av-27xb65-36536137214922364852315f676145aa{\npadding:10px 10px 10px 10px;\nbackground-color:#f7f7f7;\n}\n<\/style>\n<div class='flex_column av-27xb65-36536137214922364852315f676145aa av_one_full  avia-builder-el-22  el_after_av_one_full  el_before_av_one_full  first flex_column_div column-top-margin'   ><section class=\"av_textblock_section \"  itemscope=\"itemscope\" itemtype=\"https:\/\/schema.org\/CreativeWork\" ><div class='avia_textblock  av_inherit_color '  style='font-size:24px; color:#000000; '  itemprop=\"text\" ><p><strong>4- Proje Planlama ve Maliyet Hesaplama:<\/strong> Tasar\u0131m a\u015famalar\u0131 tamamland\u0131ktan sonra \u00e7izimlere ge\u00e7ilir. Detayl\u0131 uygulama \u00e7izimlerinin yan\u0131 s\u0131ra mekanik ve elektrik projeleri de i\u015flenmektedir. \u00c7izimler, hayvan bar\u0131na\u011f\u0131nda kullan\u0131lacak cihazlar\u0131 ve gereksinimleri belirtir. Daha sonra \u00e7izilen projenin in\u015faat maliyeti hesaplan\u0131r.<\/p>\n<\/div><\/section><\/div>\n<style type=\"text\/css\" id=\"style-css-av-2pxo7x-271ef73ae15cfbde8c035d7b1ee72dfe\">\n#top .flex_column.av-2pxo7x-271ef73ae15cfbde8c035d7b1ee72dfe{\nmargin-top:5px;\nmargin-bottom:5px;\n}\n.flex_column.av-2pxo7x-271ef73ae15cfbde8c035d7b1ee72dfe{\npadding:10px 10px 10px 10px;\nbox-shadow:0 0 2px 0 #9c9b9b;\n-webkit-box-shadow:0 0 2px 0 #9c9b9b;\n-moz-box-shadow:0 0 2px 0 #9c9b9b;\nbackground-color:#ebf2fa;\n}\n<\/style>\n<div class='flex_column av-2pxo7x-271ef73ae15cfbde8c035d7b1ee72dfe av_one_full  avia-builder-el-24  el_after_av_one_full  el_before_av_one_full  first flex_column_div column-top-margin'   ><section class=\"av_textblock_section \"  itemscope=\"itemscope\" itemtype=\"https:\/\/schema.org\/CreativeWork\" ><div class='avia_textblock  av_inherit_color '  style='font-size:24px; color:#000000; '  itemprop=\"text\" ><p><strong>5- \u0130n\u015faat ve Uygulama:<\/strong> Tasar\u0131m a\u015famalar\u0131n\u0131n onaylanmas\u0131n\u0131n ard\u0131ndan hayvanat bah\u00e7esi alan\u0131nda uzman ekipler taraf\u0131ndan in\u015fa edilir ve tasarlanan sistemler uygulamaya al\u0131n\u0131r. Ayr\u0131ca kullan\u0131lacak cihazlar\u0131n kurulumu da yak\u0131ndan takip edilmektedir.<\/p>\n<\/div><\/section><\/div><div class='flex_column av-2q43p9-5b5bbc3eda0846ff3af8c6e8e9608a98 av_one_full  avia-builder-el-26  el_after_av_one_full  avia-builder-el-last  first flex_column_div column-top-margin'   ><section class=\"av_textblock_section \"  itemscope=\"itemscope\" itemtype=\"https:\/\/schema.org\/CreativeWork\" ><div class='avia_textblock  av_inherit_color '  style='font-size:24px; color:#000000; '  itemprop=\"text\" ><p>Vivaryumun istenen ihtiya\u00e7lar\u0131 g\u00fcvenli ve etik a\u00e7\u0131dan uygun bir \u015fekilde kar\u015f\u0131layacak \u015fekilde in\u015fa edilmesini sa\u011flamak i\u00e7in her ad\u0131m \u00e7ok \u00f6nemlidir. Ayr\u0131ca firmam\u0131z herhangi bir uygulama yap\u0131lmadan \u00f6nce t\u00fcm bu s\u00fcre\u00e7lere ili\u015fkin dan\u0131\u015fmanl\u0131k hizmeti vermektedir.<\/p>\n<\/div><\/section><\/div><\/div><\/div><\/div><!-- close content main div --><\/div><\/div>\n<style type=\"text\/css\" id=\"style-css-av-lr8x2vuc-7107abe64d0d66d76066b037f9e007bc\">\n.avia-section.av-lr8x2vuc-7107abe64d0d66d76066b037f9e007bc{\nbackground-repeat:no-repeat;\nbackground-image:url(https:\/\/alptek.com.tr\/tr\/wp-content\/uploads\/2024\/01\/vivarium-establishment-3-alptek.jpg);\nbackground-position:bottom center;\nbackground-attachment:scroll;\n}\n<\/style>\n<div id='av_section_5'  class='avia-section av-lr8x2vuc-7107abe64d0d66d76066b037f9e007bc main_color avia-section-default avia-no-border-styling  avia-builder-el-28  el_after_av_section  avia-builder-el-last  avia-bg-style-scroll  container_wrap sidebar_right'  data-section-bg-repeat='no-repeat'><div class='container av-section-cont-open' ><div class='template-page content  av-content-small alpha units'><div class='post-entry post-entry-type-page post-entry-1699'><div class='entry-content-wrapper clearfix'>\n\n<style type=\"text\/css\" id=\"style-css-av-lr8xd816-ea1f1ae167c8f519e6f3a7a981337ed1\">\n#top .hr.hr-invisible.av-lr8xd816-ea1f1ae167c8f519e6f3a7a981337ed1{\nheight:70px;\n}\n<\/style>\n<div  class='hr av-lr8xd816-ea1f1ae167c8f519e6f3a7a981337ed1 hr-invisible  avia-builder-el-29  el_before_av_one_full  avia-builder-el-first  '><span class='hr-inner '><span class=\"hr-inner-style\"><\/span><\/span><\/div>\n<div class='flex_column av-2rpjlp-b9a08eccd1c9b62c052280e7e3a17e87 av_one_full  avia-builder-el-30  el_after_av_hr  el_before_av_hr  first flex_column_div '   ><section class=\"av_textblock_section \"  itemscope=\"itemscope\" itemtype=\"https:\/\/schema.org\/CreativeWork\" ><div class='avia_textblock  '  style='font-size:30px; '  itemprop=\"text\" ><p style=\"text-align: center; color: #9c9b9b;\">\u2018\u2019<strong style=\"color: #9c9b9b;\">&#8221;M\u00fckemmel BMS sistemleri ile<\/strong> vivaryum sistemlerini ger\u00e7ek zamanl\u0131 olarak takip edebilirsiniz.&#8217;<\/p>\n<\/div><\/section><\/div>\n<style type=\"text\/css\" id=\"style-css-av-lr8xdvo1-cd555781cbd2b2c4701228c973c73399\">\n#top .hr.hr-invisible.av-lr8xdvo1-cd555781cbd2b2c4701228c973c73399{\nheight:70px;\n}\n<\/style>\n<div  class='hr av-lr8xdvo1-cd555781cbd2b2c4701228c973c73399 hr-invisible  avia-builder-el-32  el_after_av_one_full  avia-builder-el-last  '><span class='hr-inner '><span class=\"hr-inner-style\"><\/span><\/span><\/div>\n<\/div><\/div><\/div><!-- close content main div --><\/div><\/div><div id='after_section_5'  class='main_color av_default_container_wrap container_wrap sidebar_right'  ><div class='container av-section-cont-open' ><div class='template-page content  av-content-small alpha units'><div class='post-entry post-entry-type-page post-entry-1699'><div class='entry-content-wrapper clearfix'><\/p>\n","protected":false},"excerpt":{"rendered":"","protected":false},"author":1,"featured_media":0,"parent":1611,"menu_order":0,"comment_status":"closed","ping_status":"closed","template":"","meta":{"footnotes":""},"_links":{"self":[{"href":"https:\/\/alptek.com.tr\/tr\/wp-json\/wp\/v2\/pages\/1699"}],"collection":[{"href":"https:\/\/alptek.com.tr\/tr\/wp-json\/wp\/v2\/pages"}],"about":[{"href":"https:\/\/alptek.com.tr\/tr\/wp-json\/wp\/v2\/types\/page"}],"author":[{"embeddable":true,"href":"https:\/\/alptek.com.tr\/tr\/wp-json\/wp\/v2\/users\/1"}],"replies":[{"embeddable":true,"href":"https:\/\/alptek.com.tr\/tr\/wp-json\/wp\/v2\/comments?post=1699"}],"version-history":[{"count":8,"href":"https:\/\/alptek.com.tr\/tr\/wp-json\/wp\/v2\/pages\/1699\/revisions"}],"predecessor-version":[{"id":7069,"href":"https:\/\/alptek.com.tr\/tr\/wp-json\/wp\/v2\/pages\/1699\/revisions\/7069"}],"up":[{"embeddable":true,"href":"https:\/\/alptek.com.tr\/tr\/wp-json\/wp\/v2\/pages\/1611"}],"wp:attachment":[{"href":"https:\/\/alptek.com.tr\/tr\/wp-json\/wp\/v2\/media?parent=1699"}],"curies":[{"name":"wp","href":"https:\/\/api.w.org\/{rel}","templated":true}]}}