{"id":1636,"date":"2023-09-06T14:02:50","date_gmt":"2023-09-06T14:02:50","guid":{"rendered":"https:\/\/alptek.com.tr\/?page_id=1636"},"modified":"2024-03-14T10:38:37","modified_gmt":"2024-03-14T10:38:37","slug":"akademi","status":"publish","type":"page","link":"https:\/\/alptek.com.tr\/tr\/akademi\/","title":{"rendered":"AKADEM\u0130"},"content":{"rendered":"\n<style type=\"text\/css\" id=\"style-css-av-lm7sw56z-41048c191d4ec344d933a61a491380ee\">\n.avia-section.av-lm7sw56z-41048c191d4ec344d933a61a491380ee{\nbackground-repeat:no-repeat;\nbackground-image:url(https:\/\/alptek.com.tr\/tr\/wp-content\/uploads\/2023\/09\/under-construction-alptek.jpg);\nbackground-position:center center;\nbackground-attachment:scroll;\n}\n<\/style>\n<div id='av_section_1'  class='avia-section av-lm7sw56z-41048c191d4ec344d933a61a491380ee main_color avia-section-default avia-no-border-styling  avia-builder-el-0  avia-builder-el-no-sibling  avia-full-stretch avia-bg-style-scroll  av-minimum-height av-minimum-height-100  container_wrap sidebar_right'  data-section-bg-repeat='stretch' data-av_minimum_height_pc='100'><div class='container av-section-cont-open' ><main  role=\"main\" itemprop=\"mainContentOfPage\"  class='template-page content  av-content-small alpha units'><div class='post-entry post-entry-type-page post-entry-1636'><div class='entry-content-wrapper clearfix'>\n\n<style type=\"text\/css\" id=\"style-css-av-lm7svg5g-26c42ddab6e321af28a1254fcc1eb114\">\n#top .av-special-heading.av-lm7svg5g-26c42ddab6e321af28a1254fcc1eb114{\npadding-bottom:10px;\nfont-size:42px;\n}\n<\/style>\n<div  class='av-special-heading av-lm7svg5g-26c42ddab6e321af28a1254fcc1eb114 av-special-heading-h1 blockquote modern-quote modern-centered  avia-builder-el-1  el_before_av_hr  avia-builder-el-first  av-inherit-size '><h1 class='av-special-heading-tag '  itemprop=\"headline\"  ><span style=\"font-weight: bold; text-shadow: 3px 3px 10px #a3a3a3; color: #414141;\">Yap\u0131m A\u015famas\u0131nda<\/span><\/h1><div class='special-heading-border'><div class='special-heading-inner-border'><\/div><\/div><\/div>\n\n<style type=\"text\/css\" id=\"style-css-av-lm7t4q7d-bddb7e004dba976ee79228b05461622b\">\n.hr.av-lm7t4q7d-bddb7e004dba976ee79228b05461622b{\nmargin-top:0px !important;\nmargin-bottom:0px !important;\n}\n.hr.av-lm7t4q7d-bddb7e004dba976ee79228b05461622b .hr-inner{\nwidth:100px;\nborder-color:#d2141a;\n}\n<\/style>\n<div  class='hr av-lm7t4q7d-bddb7e004dba976ee79228b05461622b hr-custom  avia-builder-el-2  el_after_av_heading  avia-builder-el-last  hr-center hr-icon-no '><span class='hr-inner inner-border-av-border-fat'><span class=\"hr-inner-style\"><\/span><\/span><\/div>\n<\/div><\/div><\/main><!-- close content main element --><\/div><\/div><div id='after_section_1'  class='main_color av_default_container_wrap container_wrap sidebar_right'  ><div class='container av-section-cont-open' ><div class='template-page content  av-content-small alpha units'><div class='post-entry post-entry-type-page post-entry-1636'><div class='entry-content-wrapper clearfix'>\n","protected":false},"excerpt":{"rendered":"","protected":false},"author":1,"featured_media":0,"parent":0,"menu_order":0,"comment_status":"closed","ping_status":"closed","template":"","meta":{"footnotes":""},"_links":{"self":[{"href":"https:\/\/alptek.com.tr\/tr\/wp-json\/wp\/v2\/pages\/1636"}],"collection":[{"href":"https:\/\/alptek.com.tr\/tr\/wp-json\/wp\/v2\/pages"}],"about":[{"href":"https:\/\/alptek.com.tr\/tr\/wp-json\/wp\/v2\/types\/page"}],"author":[{"embeddable":true,"href":"https:\/\/alptek.com.tr\/tr\/wp-json\/wp\/v2\/users\/1"}],"replies":[{"embeddable":true,"href":"https:\/\/alptek.com.tr\/tr\/wp-json\/wp\/v2\/comments?post=1636"}],"version-history":[{"count":3,"href":"https:\/\/alptek.com.tr\/tr\/wp-json\/wp\/v2\/pages\/1636\/revisions"}],"predecessor-version":[{"id":7437,"href":"https:\/\/alptek.com.tr\/tr\/wp-json\/wp\/v2\/pages\/1636\/revisions\/7437"}],"wp:attachment":[{"href":"https:\/\/alptek.com.tr\/tr\/wp-json\/wp\/v2\/media?parent=1636"}],"curies":[{"name":"wp","href":"https:\/\/api.w.org\/{rel}","templated":true}]}}